{"id":47,"date":"2023-06-09T13:57:59","date_gmt":"2023-06-09T11:57:59","guid":{"rendered":"http:\/\/ioasis.eu\/?post_type=product&#038;p=47"},"modified":"2024-03-25T09:48:36","modified_gmt":"2024-03-25T08:48:36","slug":"apple-vision-pro","status":"publish","type":"product","link":"https:\/\/ioasis.eu\/fr\/produit\/apple-vision-pro\/","title":{"rendered":"Apple Vision Pro"},"content":{"rendered":"<h4><strong>Vue d'ensemble<\/strong><\/h4>\n<p>Bienvenue dans l'\u00e8re de l'informatique spatiale avec le Apple Vision Pro. Cet appareil r\u00e9volutionnaire associe de mani\u00e8re transparente le contenu num\u00e9rique \u00e0 votre espace physique, vous permettant de naviguer simplement en utilisant vos yeux, vos mains et votre voix. Le Apple Vision Pro transforme la fa\u00e7on dont vous utilisez les applications que vous aimez, faisant de l'espace de travail de vos r\u00eaves une r\u00e9alit\u00e9 - tout en restant pr\u00e9sent dans le monde qui vous entoure. C'est une exp\u00e9rience sans pr\u00e9c\u00e9dent qu'il faut voir pour y croire.<\/p>\n<h3><\/h3>\n<p>&nbsp;<\/p>\n<h4><strong>Points forts<\/strong><\/h4>\n<p><strong>Calcul spatial<\/strong>: Apple Vision Pro introduit une nouvelle \u00e8re d'informatique spatiale, o\u00f9 le contenu num\u00e9rique fusionne avec votre espace physique. Vous pouvez naviguer \u00e0 l'aide de vos yeux, de vos mains et de votre voix, ce qui vous permet de faire ce que vous aimez comme jamais auparavant.<\/p>\n<p><strong>Apps :<\/strong> Vos applications vivent dans votre espace. Avec Vision Pro, vous disposez d'une toile infinie qui transforme la fa\u00e7on dont vous utilisez vos applications pr\u00e9f\u00e9r\u00e9es. Vous pouvez disposer les applications n'importe o\u00f9 et les adapter \u00e0 la taille id\u00e9ale, cr\u00e9ant ainsi l'espace de travail de vos r\u00eaves tout en restant pr\u00e9sent dans le monde qui vous entoure.<\/p>\n<p><strong>Divertissement :<\/strong> Le Vision Pro peut transformer n'importe quelle pi\u00e8ce en salle de cin\u00e9ma personnelle. D\u00e9veloppez vos films, \u00e9missions et jeux jusqu'\u00e0 la taille parfaite tout en ayant l'impression de faire partie de l'action gr\u00e2ce \u00e0 Spatial Audio. Et avec plus de pixels qu'un t\u00e9l\u00e9viseur 4K pour chaque \u0153il, vous pouvez profiter de contenus \u00e9poustouflants o\u00f9 que vous soyez.<\/p>\n<p><strong>Photos et vid\u00e9os :<\/strong> Vision Pro est le premier appareil photo 3D de Apple. Vous pouvez capturer des photos et des vid\u00e9os spatiales magiques en 3D, puis revivre ces moments pr\u00e9cieux comme jamais auparavant gr\u00e2ce \u00e0 l'audio spatiale immersive. Votre biblioth\u00e8que existante de photos et de vid\u00e9os est incroyable \u00e0 une \u00e9chelle remarquable.<\/p>\n<p><strong>Connexion :<\/strong> Vision Pro facilite la collaboration et la connexion o\u00f9 que vous soyez. Les tuiles vid\u00e9o FaceTime sont de taille r\u00e9elle, et lorsque de nouvelles personnes se joignent \u00e0 l'appel, celui-ci s'\u00e9tend simplement dans votre pi\u00e8ce. Dans FaceTime, vous pouvez \u00e9galement utiliser des applications pour collaborer simultan\u00e9ment avec des coll\u00e8gues sur les m\u00eames documents.<\/p>\n<p><strong>Conception :<\/strong> Apple Vision Pro est le r\u00e9sultat de d\u00e9cennies d'exp\u00e9rience dans la conception d'appareils mobiles et portables de haute performance. Il int\u00e8gre une technologie incroyablement avanc\u00e9e dans une forme \u00e9l\u00e9gante et compacte, ce qui se traduit par une exp\u00e9rience \u00e9tonnante \u00e0 chaque fois que vous le portez.<\/p>\n<p><strong>VisionOS :<\/strong> Fond\u00e9e sur macOS, iOS et iPadOS, visionOS permet de vivre des exp\u00e9riences spatiales puissantes. Contr\u00f4lez Vision Pro avec vos yeux, vos mains et votre voix - les interactions sont intuitives et magiques.<\/p>\n<p><strong>Technologie :<\/strong> Les exp\u00e9riences spatiales sur Vision Pro ne sont possibles que gr\u00e2ce \u00e0 la technologie r\u00e9volutionnaire Apple. Des \u00e9crans de la taille d'un timbre-poste affichent plus de pixels qu'un t\u00e9l\u00e9viseur 4K pour chaque \u0153il. Des avanc\u00e9es incroyables en mati\u00e8re d'audio spatial. Une conception r\u00e9volutionnaire \u00e0 double puce utilisant du silicium Apple personnalis\u00e9. Un ensemble sophistiqu\u00e9 de cam\u00e9ras et de capteurs.<\/p>\n<p><strong>Vie priv\u00e9e et s\u00e9curit\u00e9 :<\/strong> Comme tous les produits et services Apple, Vision Pro a \u00e9t\u00e9 con\u00e7u pour prot\u00e9ger votre vie priv\u00e9e et vous permettre de garder le contr\u00f4le de vos donn\u00e9es. Il s'appuie sur les caract\u00e9ristiques de confidentialit\u00e9 et de s\u00e9curit\u00e9 existantes de Apple et sur de nouvelles technologies telles que Optic ID, un syst\u00e8me d'authentification s\u00e9curis\u00e9 qui utilise le caract\u00e8re unique de votre iris.<\/p>","protected":false},"excerpt":{"rendered":"<p>Le Apple Vision Pro est un appareil informatique spatial r\u00e9volutionnaire qui associe de mani\u00e8re transparente le contenu num\u00e9rique \u00e0 votre espace physique. Il offre une exp\u00e9rience de divertissement immersive, un appareil photo 3D pour des photos et des vid\u00e9os spatiales, et facilite les connexions significatives gr\u00e2ce \u00e0 des tuiles vid\u00e9o FaceTime grandeur nature. Sa conception int\u00e8gre une technologie avanc\u00e9e dans un format compact, et il est aliment\u00e9 par une conception unique \u00e0 double puce pour des graphiques \u00e9poustouflants et des vues en temps r\u00e9el.<\/p>","protected":false},"featured_media":221,"template":"","meta":[],"product_cat":[31],"product_tag":[18,27,25,29,17,26,28,19],"class_list":["post-47","product","type-product","status-publish","has-post-thumbnail","hentry","product_cat-apple-vision-pro","product_tag-apple","product_tag-apple-ar","product_tag-apple-headset","product_tag-apple-vision","product_tag-apple-vision-pro","product_tag-apple-vr","product_tag-vision","product_tag-vision-pro"],"jetpack_sharing_enabled":true,"_links":{"self":[{"href":"https:\/\/ioasis.eu\/fr\/wp-json\/wp\/v2\/product\/47","targetHints":{"allow":["GET"]}}],"collection":[{"href":"https:\/\/ioasis.eu\/fr\/wp-json\/wp\/v2\/product"}],"about":[{"href":"https:\/\/ioasis.eu\/fr\/wp-json\/wp\/v2\/types\/product"}],"wp:featuredmedia":[{"embeddable":true,"href":"https:\/\/ioasis.eu\/fr\/wp-json\/wp\/v2\/media\/221"}],"wp:attachment":[{"href":"https:\/\/ioasis.eu\/fr\/wp-json\/wp\/v2\/media?parent=47"}],"wp:term":[{"taxonomy":"product_cat","embeddable":true,"href":"https:\/\/ioasis.eu\/fr\/wp-json\/wp\/v2\/product_cat?post=47"},{"taxonomy":"product_tag","embeddable":true,"href":"https:\/\/ioasis.eu\/fr\/wp-json\/wp\/v2\/product_tag?post=47"}],"curies":[{"name":"wp","href":"https:\/\/api.w.org\/{rel}","templated":true}]}}