{"id":923,"date":"2024-02-03T01:20:32","date_gmt":"2024-02-03T00:20:32","guid":{"rendered":"https:\/\/ioasis.eu\/?post_type=product&#038;p=923"},"modified":"2024-02-03T01:20:33","modified_gmt":"2024-02-03T00:20:33","slug":"belkin-battery-holder-for-apple-vision-pro","status":"publish","type":"product","link":"https:\/\/ioasis.eu\/fr\/produit\/support-de-batterie-belkin-pour-apple-vision-pro\/","title":{"rendered":"Belkin Support de pile pour Apple Vision Pro"},"content":{"rendered":"<p>Con\u00e7u pour garder votre batterie Apple Vision Pro en s\u00e9curit\u00e9, le support de batterie permet une exp\u00e9rience mains libres pratique et polyvalente. Le support de batterie offre un moyen rapide et facile d'accrocher la batterie \u00e0 une ceinture ou \u00e0 un pantalon, tandis que la sangle transversale permet \u00e0 ceux qui n'ont pas acc\u00e8s \u00e0 un clip d'avoir les mains libres tout en faisant l'exp\u00e9rience de Apple Vision Pro.<\/p>\n<p>&nbsp;<\/p>\n<h3 class=\"rc-pdsection-title\" data-autom=\"sectionTitle\">Points forts<\/h3>\n<div class=\"para-list\">\n<p>La sangle transversale permet une utilisation polyvalente.<\/p>\n<\/div>\n<div class=\"para-list as-pdp-lastparalist\">\n<p>Clip de c\u00e2ble pour une gestion pratique des c\u00e2bles<\/p>\n<\/div>\n<p>&nbsp;<\/p>\n<div class=\"rc-pdsection-sidepanel column large-3 small-12\">\n<h3 class=\"rc-pdsection-title\" data-autom=\"sectionTitle\">Ce qu'il y a dans la bo\u00eete<\/h3>\n<\/div>\n<div class=\"rc-pdsection-mainpanel column large-9 small-12\">\n<div>\n<ul class=\"bulleted\">\n<li>Support de batterie pour Apple Vision Pro<\/li>\n<li>Bandouli\u00e8re pour le corps<\/li>\n<li>Clip de c\u00e2ble<\/li>\n<li>Guide d'installation rapide<\/li>\n<\/ul>\n<\/div>\n<\/div>","protected":false},"excerpt":{"rendered":"<p>Con\u00e7u pour garder votre batterie Apple Vision Pro en s\u00e9curit\u00e9, le support de batterie permet une exp\u00e9rience mains libres pratique et polyvalente. Le support de batterie offre un moyen rapide et facile d'accrocher la batterie \u00e0 une ceinture ou \u00e0 un pantalon, tandis que la sangle transversale permet \u00e0 ceux qui n'ont pas acc\u00e8s \u00e0 un clip d'avoir les mains libres tout en faisant l'exp\u00e9rience de Apple Vision Pro.<\/p>","protected":false},"featured_media":926,"template":"","meta":[],"product_cat":[43,31],"product_tag":[45,44],"class_list":["post-923","product","type-product","status-publish","has-post-thumbnail","hentry","product_cat-accessories","product_cat-apple-vision-pro","product_tag-battery-holder-for-apple-vision-pro","product_tag-belkin-battery-holder-for-apple-vision-pro"],"jetpack_sharing_enabled":true,"_links":{"self":[{"href":"https:\/\/ioasis.eu\/fr\/wp-json\/wp\/v2\/product\/923","targetHints":{"allow":["GET"]}}],"collection":[{"href":"https:\/\/ioasis.eu\/fr\/wp-json\/wp\/v2\/product"}],"about":[{"href":"https:\/\/ioasis.eu\/fr\/wp-json\/wp\/v2\/types\/product"}],"wp:featuredmedia":[{"embeddable":true,"href":"https:\/\/ioasis.eu\/fr\/wp-json\/wp\/v2\/media\/926"}],"wp:attachment":[{"href":"https:\/\/ioasis.eu\/fr\/wp-json\/wp\/v2\/media?parent=923"}],"wp:term":[{"taxonomy":"product_cat","embeddable":true,"href":"https:\/\/ioasis.eu\/fr\/wp-json\/wp\/v2\/product_cat?post=923"},{"taxonomy":"product_tag","embeddable":true,"href":"https:\/\/ioasis.eu\/fr\/wp-json\/wp\/v2\/product_tag?post=923"}],"curies":[{"name":"wp","href":"https:\/\/api.w.org\/{rel}","templated":true}]}}