{"id":927,"date":"2024-02-03T01:25:27","date_gmt":"2024-02-03T00:25:27","guid":{"rendered":"https:\/\/ioasis.eu\/?post_type=product&#038;p=927"},"modified":"2024-03-25T09:44:49","modified_gmt":"2024-03-25T08:44:49","slug":"apple-vision-pro-battery","status":"publish","type":"product","link":"https:\/\/ioasis.eu\/fr\/produit\/batterie-apple-vision-pro\/","title":{"rendered":"Apple Vision Pro Batterie"},"content":{"rendered":"<p>La batterie Apple Vision Pro haute performance est fabriqu\u00e9e en aluminium lisse et usin\u00e9 et se connecte \u00e0 votre Apple Vision Pro \u00e0 l'aide d'un c\u00e2ble USB-C tiss\u00e9. Elle peut se glisser dans votre poche pour une alimentation portable et prend en charge jusqu'\u00e0 deux heures d'utilisation g\u00e9n\u00e9rale, 2,5 heures de lecture vid\u00e9o et une utilisation toute la journ\u00e9e lorsqu'elle est branch\u00e9e.<\/p>\n<p>&nbsp;<\/p>\n<div class=\"rc-pdsection-sidepanel column large-3 small-12\">\n<h3 class=\"rc-pdsection-title\" data-autom=\"sectionTitle\">Points forts<\/h3>\n<\/div>\n<div class=\"rc-pdsection-mainpanel column large-9 small-12\">\n<div class=\"para-list\">\n<p>Port USB-C pour la recharge<\/p>\n<\/div>\n<div class=\"para-list as-pdp-lastparalist\">\n<p>Offre jusqu'\u00e0 deux heures d'utilisation g\u00e9n\u00e9rale<\/p>\n<div class=\"rc-pdsection-sidepanel column large-3 small-12\">\n<h3 class=\"rc-pdsection-title\" data-autom=\"sectionTitle\">Ce qu'il y a dans la bo\u00eete<\/h3>\n<\/div>\n<div class=\"rc-pdsection-mainpanel column large-9 small-12\">\n<div class=\"para-list as-pdp-lastparalist\">\n<p>Apple Vision Pro Batterie<\/p>\n<\/div>\n<\/div>\n<\/div>\n<\/div>","protected":false},"excerpt":{"rendered":"<p>La batterie Apple Vision Pro haute performance est fabriqu\u00e9e en aluminium lisse et usin\u00e9 et se connecte \u00e0 votre Apple Vision Pro \u00e0 l'aide d'un c\u00e2ble USB-C tiss\u00e9. Elle peut se glisser dans votre poche pour une alimentation portable et prend en charge jusqu'\u00e0 deux heures d'utilisation g\u00e9n\u00e9rale, 2,5 heures de lecture vid\u00e9o et une utilisation toute la journ\u00e9e lorsqu'elle est branch\u00e9e.<\/p>","protected":false},"featured_media":929,"template":"","meta":[],"product_cat":[43,31],"product_tag":[48,46,47,49],"class_list":["post-927","product","type-product","status-publish","has-post-thumbnail","hentry","product_cat-accessories","product_cat-apple-vision-pro","product_tag-apple-battery","product_tag-apple-vision-pro-battery","product_tag-battery","product_tag-vision-pro-battery"],"jetpack_sharing_enabled":true,"_links":{"self":[{"href":"https:\/\/ioasis.eu\/fr\/wp-json\/wp\/v2\/product\/927","targetHints":{"allow":["GET"]}}],"collection":[{"href":"https:\/\/ioasis.eu\/fr\/wp-json\/wp\/v2\/product"}],"about":[{"href":"https:\/\/ioasis.eu\/fr\/wp-json\/wp\/v2\/types\/product"}],"wp:featuredmedia":[{"embeddable":true,"href":"https:\/\/ioasis.eu\/fr\/wp-json\/wp\/v2\/media\/929"}],"wp:attachment":[{"href":"https:\/\/ioasis.eu\/fr\/wp-json\/wp\/v2\/media?parent=927"}],"wp:term":[{"taxonomy":"product_cat","embeddable":true,"href":"https:\/\/ioasis.eu\/fr\/wp-json\/wp\/v2\/product_cat?post=927"},{"taxonomy":"product_tag","embeddable":true,"href":"https:\/\/ioasis.eu\/fr\/wp-json\/wp\/v2\/product_tag?post=927"}],"curies":[{"name":"wp","href":"https:\/\/api.w.org\/{rel}","templated":true}]}}