{"id":938,"date":"2024-02-03T01:53:55","date_gmt":"2024-02-03T00:53:55","guid":{"rendered":"https:\/\/ioasis.eu\/?post_type=product&#038;p=938"},"modified":"2024-02-03T01:54:35","modified_gmt":"2024-02-03T00:54:35","slug":"apple-vision-pro-travel-case","status":"publish","type":"product","link":"https:\/\/ioasis.eu\/fr\/produit\/apple-vision-pro-travel-case\/","title":{"rendered":"Apple Vision Pro Mallette de voyage"},"content":{"rendered":"<p>Con\u00e7u par Apple pour prot\u00e9ger votre Apple Vision Pro lorsque vous \u00eates en d\u00e9placement. L'\u00e9tui de voyage Apple Vision Pro est dot\u00e9 d'une poign\u00e9e r\u00e9tractable et de compartiments sp\u00e9cialement con\u00e7us pour la batterie, les inserts optiques ZEISS, la housse Apple Vision Pro et d'autres accessoires.<\/p>\n<p>&nbsp;<\/p>\n<div class=\"rc-pdsection-sidepanel column large-3 small-12\">\n<h3 class=\"rc-pdsection-title\" data-autom=\"sectionTitle\">Points forts<\/h3>\n<\/div>\n<div class=\"rc-pdsection-mainpanel column large-9 small-12\">\n<div class=\"para-list\">\n<p>Coquille ext\u00e9rieure en Ripstop<\/p>\n<\/div>\n<div class=\"para-list\">\n<p>Structure de protection en polycarbonate<\/p>\n<\/div>\n<div class=\"para-list\">\n<p>Doublure int\u00e9rieure en microfibre<\/p>\n<\/div>\n<div class=\"para-list as-pdp-lastparalist\">\n<p>Poign\u00e9e r\u00e9tractable<\/p>\n<\/div>\n<\/div>","protected":false},"excerpt":{"rendered":"<p>Con\u00e7u par Apple pour prot\u00e9ger votre Apple Vision Pro lorsque vous \u00eates en d\u00e9placement. L'\u00e9tui de voyage Apple Vision Pro est dot\u00e9 d'une poign\u00e9e r\u00e9tractable et de compartiments sp\u00e9cialement con\u00e7us pour la batterie, les inserts optiques ZEISS, la housse Apple Vision Pro et d'autres accessoires.<\/p>","protected":false},"featured_media":941,"template":"","meta":[],"product_cat":[43,31],"product_tag":[58,55,56,57],"class_list":["post-938","product","type-product","status-publish","has-post-thumbnail","hentry","product_cat-accessories","product_cat-apple-vision-pro","product_tag-apple-travel-case","product_tag-apple-vision-pro-travel-case","product_tag-travel-case","product_tag-vision-pro-travel-case"],"jetpack_sharing_enabled":true,"_links":{"self":[{"href":"https:\/\/ioasis.eu\/fr\/wp-json\/wp\/v2\/product\/938","targetHints":{"allow":["GET"]}}],"collection":[{"href":"https:\/\/ioasis.eu\/fr\/wp-json\/wp\/v2\/product"}],"about":[{"href":"https:\/\/ioasis.eu\/fr\/wp-json\/wp\/v2\/types\/product"}],"wp:featuredmedia":[{"embeddable":true,"href":"https:\/\/ioasis.eu\/fr\/wp-json\/wp\/v2\/media\/941"}],"wp:attachment":[{"href":"https:\/\/ioasis.eu\/fr\/wp-json\/wp\/v2\/media?parent=938"}],"wp:term":[{"taxonomy":"product_cat","embeddable":true,"href":"https:\/\/ioasis.eu\/fr\/wp-json\/wp\/v2\/product_cat?post=938"},{"taxonomy":"product_tag","embeddable":true,"href":"https:\/\/ioasis.eu\/fr\/wp-json\/wp\/v2\/product_tag?post=938"}],"curies":[{"name":"wp","href":"https:\/\/api.w.org\/{rel}","templated":true}]}}