{"id":942,"date":"2024-02-03T02:06:25","date_gmt":"2024-02-03T01:06:25","guid":{"rendered":"https:\/\/ioasis.eu\/?post_type=product&#038;p=942"},"modified":"2024-02-03T02:06:26","modified_gmt":"2024-02-03T01:06:26","slug":"apple-vision-pro-solo-knit-band","status":"publish","type":"product","link":"https:\/\/ioasis.eu\/fr\/produit\/apple-vision-pro-solo-knit-band\/","title":{"rendered":"Apple Vision Pro Solo Knit Bande"},"content":{"rendered":"<p>Con\u00e7ue pour Apple Vision Pro, la bande Solo Knit est tricot\u00e9e en 3D en une seule pi\u00e8ce pour cr\u00e9er une structure nervur\u00e9e unique qui offre amorti, respirabilit\u00e9 et \u00e9lasticit\u00e9. Il est dot\u00e9 d'un cadran d'ajustement facile \u00e0 atteindre pour vous permettre d'ajuster le Apple Vision Pro \u00e0 votre t\u00eate et de proc\u00e9der \u00e0 des micro-ajustements pendant l'utilisation. La bande Solo Knit se fixe aux sangles audio \u00e0 l'aide d'un m\u00e9canisme simple et s\u00fbr, et les languettes de d\u00e9verrouillage vous permettent de la d\u00e9tacher en cas de besoin.<\/p>\n<p>&nbsp;<\/p>\n<div class=\"rc-pdsection-sidepanel column large-3 small-12\">\n<h3 class=\"rc-pdsection-title\" data-autom=\"sectionTitle\">Ce qu'il y a dans la bo\u00eete<\/h3>\n<\/div>\n<div class=\"rc-pdsection-mainpanel column large-9 small-12\">\n<div class=\"para-list as-pdp-lastparalist\">\n<p>Apple Vision Pro Solo Knit Bande<\/p>\n<\/div>\n<\/div>","protected":false},"excerpt":{"rendered":"<p>Con\u00e7ue pour Apple Vision Pro, la bande Solo Knit est tricot\u00e9e en 3D en une seule pi\u00e8ce pour cr\u00e9er une structure nervur\u00e9e unique qui offre amorti, respirabilit\u00e9 et \u00e9lasticit\u00e9.<\/p>","protected":false},"featured_media":945,"template":"","meta":[],"product_cat":[43,31],"product_tag":[59,62,63,61,60],"class_list":["post-942","product","type-product","status-publish","has-post-thumbnail","hentry","product_cat-accessories","product_cat-apple-vision-pro","product_tag-apple-vision-pro-solo-knit-band","product_tag-band","product_tag-headband","product_tag-knit-band","product_tag-solo-knit-band"],"jetpack_sharing_enabled":true,"_links":{"self":[{"href":"https:\/\/ioasis.eu\/fr\/wp-json\/wp\/v2\/product\/942","targetHints":{"allow":["GET"]}}],"collection":[{"href":"https:\/\/ioasis.eu\/fr\/wp-json\/wp\/v2\/product"}],"about":[{"href":"https:\/\/ioasis.eu\/fr\/wp-json\/wp\/v2\/types\/product"}],"wp:featuredmedia":[{"embeddable":true,"href":"https:\/\/ioasis.eu\/fr\/wp-json\/wp\/v2\/media\/945"}],"wp:attachment":[{"href":"https:\/\/ioasis.eu\/fr\/wp-json\/wp\/v2\/media?parent=942"}],"wp:term":[{"taxonomy":"product_cat","embeddable":true,"href":"https:\/\/ioasis.eu\/fr\/wp-json\/wp\/v2\/product_cat?post=942"},{"taxonomy":"product_tag","embeddable":true,"href":"https:\/\/ioasis.eu\/fr\/wp-json\/wp\/v2\/product_tag?post=942"}],"curies":[{"name":"wp","href":"https:\/\/api.w.org\/{rel}","templated":true}]}}