{"id":342,"date":"2023-06-10T18:25:04","date_gmt":"2023-06-10T16:25:04","guid":{"rendered":"http:\/\/ioasis.eu\/?page_id=342"},"modified":"2024-01-18T17:45:12","modified_gmt":"2024-01-18T16:45:12","slug":"privacy-policy","status":"publish","type":"page","link":"https:\/\/ioasis.eu\/it\/informativa-sulla-privacy\/","title":{"rendered":"Informativa sulla privacy"},"content":{"rendered":"<div data-elementor-type=\"wp-page\" data-elementor-id=\"342\" class=\"elementor elementor-342\">\n\t\t\t\t\t\t\t<div class=\"elementor-element elementor-element-98f76c5 e-con-boxed e-flex e-con\" data-id=\"98f76c5\" data-element_type=\"container\" data-settings=\"{&quot;content_width&quot;:&quot;boxed&quot;}\">\n\t\t\t\t\t<div class=\"e-con-inner\">\n\t\t\t\t<div class=\"elementor-element elementor-element-17fc843 elementor-widget elementor-widget-heading\" data-id=\"17fc843\" data-element_type=\"widget\" data-widget_type=\"heading.default\">\n\t\t\t\t<div class=\"elementor-widget-container\">\n\t\t\t<style>\/*! elementor - v3.13.3 - 28-05-2023 *\/\n.elementor-heading-title{padding:0;margin:0;line-height:1}.elementor-widget-heading .elementor-heading-title[class*=elementor-size-]>a{color:inherit;font-size:inherit;line-height:inherit}.elementor-widget-heading .elementor-heading-title.elementor-size-small{font-size:15px}.elementor-widget-heading .elementor-heading-title.elementor-size-medium{font-size:19px}.elementor-widget-heading .elementor-heading-title.elementor-size-large{font-size:29px}.elementor-widget-heading .elementor-heading-title.elementor-size-xl{font-size:39px}.elementor-widget-heading .elementor-heading-title.elementor-size-xxl{font-size:59px}<\/style><h1 class=\"elementor-heading-title elementor-size-default\">Informativa sulla privacy<\/h1>\t\t<\/div>\n\t\t\t\t<\/div>\n\t\t\t\t<div class=\"elementor-element elementor-element-7ed18c3 elementor-widget elementor-widget-text-editor\" data-id=\"7ed18c3\" data-element_type=\"widget\" data-widget_type=\"text-editor.default\">\n\t\t\t\t<div class=\"elementor-widget-container\">\n\t\t\t<style>\/*! elementor - v3.13.3 - 28-05-2023 *\/\n.elementor-widget-text-editor.elementor-drop-cap-view-stacked .elementor-drop-cap{background-color:#69727d;color:#fff}.elementor-widget-text-editor.elementor-drop-cap-view-framed .elementor-drop-cap{color:#69727d;border:3px solid;background-color:transparent}.elementor-widget-text-editor:not(.elementor-drop-cap-view-default) .elementor-drop-cap{margin-top:8px}.elementor-widget-text-editor:not(.elementor-drop-cap-view-default) .elementor-drop-cap-letter{width:1em;height:1em}.elementor-widget-text-editor .elementor-drop-cap{float:left;text-align:center;line-height:1;font-size:50px}.elementor-widget-text-editor .elementor-drop-cap-letter{display:inline-block}<\/style>\t\t\t\t<p><strong>Introduzione<\/strong><\/p><p>iOasis (\"noi\", \"ci\", \"nostro\") rispetta la vostra privacy e si impegna a proteggere i vostri dati personali. Questa informativa sulla privacy vi informer\u00e0 su come gestiamo i vostri dati personali, sui vostri diritti alla privacy e su come la legge vi protegge.<\/p><p><strong>Quali dati raccogliamo<\/strong><\/p><p>Possiamo raccogliere, utilizzare, conservare e trasferire diversi tipi di dati personali che vi riguardano, tra cui:<\/p><ul><li>Dati di identit\u00e0: Include nome, cognome, nome utente o un identificatore simile.<\/li><li>Dati di contatto: Include indirizzo di fatturazione, indirizzo di consegna, indirizzo e-mail e numeri di telefono.<\/li><li>Dati finanziari: Include i dati del conto bancario e della carta di pagamento.<\/li><li>Dati sulle transazioni: Comprendono i dettagli dei pagamenti da e verso l'utente e altri dettagli sui prodotti acquistati da noi.<\/li><\/ul><p><strong>Come utilizziamo i vostri dati<\/strong><\/p><p>Utilizzeremo i vostri dati personali solo quando la legge ce lo consentir\u00e0. Pi\u00f9 comunemente, utilizzeremo i vostri dati personali nelle seguenti circostanze:<\/p><ul><li>Per elaborare e consegnare l'ordine.<\/li><li>Per gestire il nostro rapporto con voi.<\/li><li>Per amministrare e proteggere la nostra attivit\u00e0 e il nostro sito.<\/li><\/ul><p><strong>Sicurezza dei dati<\/strong><\/p><p>Abbiamo adottato misure di sicurezza adeguate per evitare che i vostri dati personali vengano accidentalmente persi, utilizzati o consultati in modo non autorizzato, alterati o divulgati.<\/p><p><strong>Conservazione dei dati<\/strong><\/p><p>Conserveremo i vostri dati personali solo per il tempo necessario ad adempiere agli scopi per cui li abbiamo raccolti, anche per soddisfare eventuali requisiti legali, contabili o di rendicontazione.<\/p><p><strong>I vostri diritti legali<\/strong><\/p><p>In determinate circostanze, l'utente ha i diritti previsti dalle leggi sulla protezione dei dati in relazione ai propri dati personali, tra cui il diritto di richiedere l'accesso ai propri dati personali, la correzione dei propri dati personali, la cancellazione dei propri dati personali e altro ancora.<\/p><p><strong>Contatto<\/strong><\/p><p>In caso di domande sulla presente informativa sulla privacy o sulle nostre pratiche in materia di privacy, si prega di contattarci all'indirizzo <a href=\"mailto:shop@ioasis.eu\">shop@ioasis.eu<\/a>.<\/p><p><strong>Dichiarazione di non affiliazione<\/strong><\/p><p>iOasis \u00e8 un'entit\u00e0 di vendita al dettaglio indipendente e non \u00e8 affiliata, approvata o associata a Apple Inc.<\/p><p>Tutti i prodotti Apple venduti sul nostro sito sono 100% originali e autentici, acquistati attraverso canali legali.<\/p><p>Tutti i marchi di fabbrica, compresi, ma non solo, i marchi di fabbrica di Apple, sono di propriet\u00e0 dei rispettivi titolari e vengono utilizzati solo a scopo identificativo.<\/p><p>Le nostre attivit\u00e0 commerciali sono conformi alle leggi e ai regolamenti locali e regionali in materia di vendita di elettronica di consumo.<\/p><p>Non vi \u00e8 alcuna affiliazione, sponsorizzazione, approvazione o partnership implicita con Apple Inc.<\/p>\t\t\t\t\t\t<\/div>\n\t\t\t\t<\/div>\n\t\t\t\t\t<\/div>\n\t\t\t\t<\/div>\n\t\t\t\t\t\t\t<\/div>","protected":false},"excerpt":{"rendered":"<p>Informativa sulla privacy Introduzione iOasis (\"noi\", \"ci\", \"nostro\") rispetta la vostra privacy e si impegna a proteggere i vostri dati personali. Questa informativa sulla privacy vi informer\u00e0 su come gestiamo i vostri dati personali, sui vostri diritti alla privacy e su come la legge vi protegge. Quali dati raccogliamo Possiamo raccogliere, utilizzare, conservare e trasferire diversi tipi di dati personali [...]<\/p>","protected":false},"author":1,"featured_media":0,"parent":0,"menu_order":0,"comment_status":"closed","ping_status":"closed","template":"","meta":{"footnotes":""},"class_list":["post-342","page","type-page","status-publish","hentry"],"jetpack_sharing_enabled":true,"_links":{"self":[{"href":"https:\/\/ioasis.eu\/it\/wp-json\/wp\/v2\/pages\/342","targetHints":{"allow":["GET"]}}],"collection":[{"href":"https:\/\/ioasis.eu\/it\/wp-json\/wp\/v2\/pages"}],"about":[{"href":"https:\/\/ioasis.eu\/it\/wp-json\/wp\/v2\/types\/page"}],"author":[{"embeddable":true,"href":"https:\/\/ioasis.eu\/it\/wp-json\/wp\/v2\/users\/1"}],"replies":[{"embeddable":true,"href":"https:\/\/ioasis.eu\/it\/wp-json\/wp\/v2\/comments?post=342"}],"version-history":[{"count":13,"href":"https:\/\/ioasis.eu\/it\/wp-json\/wp\/v2\/pages\/342\/revisions"}],"predecessor-version":[{"id":540,"href":"https:\/\/ioasis.eu\/it\/wp-json\/wp\/v2\/pages\/342\/revisions\/540"}],"wp:attachment":[{"href":"https:\/\/ioasis.eu\/it\/wp-json\/wp\/v2\/media?parent=342"}],"curies":[{"name":"wp","href":"https:\/\/api.w.org\/{rel}","templated":true}]}}