{"id":350,"date":"2023-06-10T18:29:16","date_gmt":"2023-06-10T16:29:16","guid":{"rendered":"http:\/\/ioasis.eu\/?page_id=350"},"modified":"2024-02-06T01:29:59","modified_gmt":"2024-02-06T00:29:59","slug":"terms-and-conditions","status":"publish","type":"page","link":"https:\/\/ioasis.eu\/it\/termini-e-condizioni\/","title":{"rendered":"Termini e condizioni"},"content":{"rendered":"<div data-elementor-type=\"wp-page\" data-elementor-id=\"350\" class=\"elementor elementor-350\">\n\t\t\t\t\t\t\t<div class=\"elementor-element elementor-element-2d035d5f e-con-boxed e-flex e-con\" data-id=\"2d035d5f\" data-element_type=\"container\" data-settings=\"{&quot;content_width&quot;:&quot;boxed&quot;}\">\n\t\t\t\t\t<div class=\"e-con-inner\">\n\t\t\t\t<div class=\"elementor-element elementor-element-2f13b706 elementor-widget elementor-widget-heading\" data-id=\"2f13b706\" data-element_type=\"widget\" data-widget_type=\"heading.default\">\n\t\t\t\t<div class=\"elementor-widget-container\">\n\t\t\t<style>\/*! elementor - v3.13.3 - 28-05-2023 *\/\n.elementor-heading-title{padding:0;margin:0;line-height:1}.elementor-widget-heading .elementor-heading-title[class*=elementor-size-]>a{color:inherit;font-size:inherit;line-height:inherit}.elementor-widget-heading .elementor-heading-title.elementor-size-small{font-size:15px}.elementor-widget-heading .elementor-heading-title.elementor-size-medium{font-size:19px}.elementor-widget-heading .elementor-heading-title.elementor-size-large{font-size:29px}.elementor-widget-heading .elementor-heading-title.elementor-size-xl{font-size:39px}.elementor-widget-heading .elementor-heading-title.elementor-size-xxl{font-size:59px}<\/style><h1 class=\"elementor-heading-title elementor-size-default\">Termini e condizioni<\/h1>\t\t<\/div>\n\t\t\t\t<\/div>\n\t\t\t\t<div class=\"elementor-element elementor-element-6c040661 elementor-widget elementor-widget-text-editor\" data-id=\"6c040661\" data-element_type=\"widget\" data-widget_type=\"text-editor.default\">\n\t\t\t\t<div class=\"elementor-widget-container\">\n\t\t\t<style>\/*! elementor - v3.13.3 - 28-05-2023 *\/\n.elementor-widget-text-editor.elementor-drop-cap-view-stacked .elementor-drop-cap{background-color:#69727d;color:#fff}.elementor-widget-text-editor.elementor-drop-cap-view-framed .elementor-drop-cap{color:#69727d;border:3px solid;background-color:transparent}.elementor-widget-text-editor:not(.elementor-drop-cap-view-default) .elementor-drop-cap{margin-top:8px}.elementor-widget-text-editor:not(.elementor-drop-cap-view-default) .elementor-drop-cap-letter{width:1em;height:1em}.elementor-widget-text-editor .elementor-drop-cap{float:left;text-align:center;line-height:1;font-size:50px}.elementor-widget-text-editor .elementor-drop-cap-letter{display:inline-block}<\/style>\t\t\t\t<div class=\"min-h-[20px] text-message flex flex-col items-start gap-3 whitespace-pre-wrap break-words [.text-message+&amp;]:mt-5 overflow-x-auto\" data-message-author-role=\"assistant\" data-message-id=\"644c2756-10ae-4c58-8c65-c1dff9fb542c\"><div class=\"markdown prose w-full break-words dark:prose-invert light\"><p>Benvenuti su iOasis, la destinazione principale per i prodotti originali Apple. Il nostro negozio online, con sede ad Amburgo, in Germania, \u00e8 dedicato ad offrire un servizio clienti eccezionale. Utilizzando il nostro sito Web e effettuando acquisti, l'utente \u00e8 vincolato dai seguenti termini e condizioni dettagliati.<\/p><h6>1. Accettazione dei termini<\/h6><p>Accedendo e utilizzando il sito Web iOasis, l'utente riconosce e accetta di rispettare i presenti Termini e condizioni. Questi termini si applicano a tutti i visitatori, utenti e altri che accedono o utilizzano il servizio.<\/p><h6>2. Informazioni sul prodotto<\/h6><p>iOasis \u00e8 orgogliosa di offrire una vasta gamma di prodotti autentici Apple, compresi gli ultimi modelli e accessori. Ci impegniamo a fornire descrizioni e specifiche accurate dei prodotti. Tuttavia, ci riserviamo il diritto di apportare modifiche, tra cui alterazioni delle specifiche dei prodotti, del design e della disponibilit\u00e0, senza preavviso, per garantire informazioni aggiornate.<\/p><h6>3. Copertura geografica<\/h6><p>I nostri servizi e le nostre consegne di prodotti sono disponibili in tutti i Paesi dell'UE. I tempi e i costi di consegna possono variare a seconda dell'ubicazione specifica e delle opzioni di spedizione disponibili per quella regione.<\/p><h6>4. Costi di spedizione<\/h6><ul><li>Offriamo la spedizione gratuita per tutti gli ordini superiori a 300 euro all'interno dell'UE.<\/li><li>Per gli ordini inferiori a questa soglia, le spese di spedizione vengono calcolate e visualizzate nel carrello in base alla localit\u00e0 di consegna.<\/li><\/ul><h6>5. Tempi di consegna<\/h6><div class=\"min-h-[20px] text-message flex flex-col items-start gap-3 whitespace-pre-wrap break-words [.text-message+&amp;]:mt-5 overflow-x-auto\" data-message-author-role=\"assistant\" data-message-id=\"644c2756-10ae-4c58-8c65-c1dff9fb542c\"><div class=\"markdown prose w-full break-words dark:prose-invert light\"><p>a. Politica generale di consegna:<\/p><ul><li>Il nostro obiettivo \u00e8 quello di spedire gli articoli in stock entro 24 ore dalla conferma dell'ordine.<\/li><li>Utilizziamo servizi di corriere affidabili come DHL, UPS, GLS e FedEx per offrire consegne efficienti e rapide, su misura per la vostra sede.<\/li><li>Per i prodotti importati specificamente per ordine del cliente o durante i periodi di alta domanda (ad esempio, il lancio di un prodotto), i tempi di elaborazione possono essere prolungati.<\/li><li>I clienti riceveranno un'e-mail con un link di tracciamento non appena l'ordine sar\u00e0 spedito.<\/li><\/ul><p>b. Termini specifici per Apple Vision Pro:<\/p><ul><li>Una volta ricevuto l'Apple Vision Pro presso il nostro magazzino, ci impegniamo a spedirlo al cliente entro 48 ore lavorative, con l'obiettivo di accelerare il pi\u00f9 possibile questo processo.<\/li><\/ul><p>c. Stime dei tempi di consegna per Apple Vision Pro:<\/p><ul><li>Data l'elevata domanda e i processi di fornitura unici per l'Apple Vision Pro, i tempi di consegna possono variare in modo significativo.<\/li><li>Non siamo in grado di prevedere con precisione il tempo di spedizione di Apple, che potrebbe avvenire entro una settimana o un mese dall'ordine.<\/li><li>Pertanto, tutti i tempi di consegna indicati per l'Apple Vision Pro sono stime e non devono essere considerati come date di consegna garantite.<\/li><\/ul><p>d. Limitazione di responsabilit\u00e0 per ritardi nella consegna:<\/p><ul><li>L'iOasis non \u00e8 responsabile di eventuali danni diretti, indiretti, incidentali o consequenziali causati da ritardi nella consegna dell'Apple Vision Pro o di qualsiasi altro prodotto.<\/li><li>Questa limitazione di responsabilit\u00e0 si applica ai ritardi causati dai nostri fornitori, dai servizi di corriere, dal trattamento doganale o da qualsiasi altra circostanza al di fuori del nostro controllo diretto.<\/li><\/ul><p>e. Comunicazione e trasparenza:<\/p><ul><li>Ci impegniamo a tenere informati i nostri clienti sullo stato dei loro ordini, compreso l'Apple Vision Pro.<\/li><li>In caso di ritardi significativi, verranno forniti aggiornamenti tempestivi via e-mail o attraverso il nostro sito web.<\/li><li>Il nostro servizio clienti \u00e8 a disposizione per qualsiasi domanda sullo stato dell'ordine e sui tempi di consegna.<\/li><\/ul><p>f. Riconoscimento del cliente:<\/p><ul><li>Acquistando da iOasis, i clienti riconoscono e accettano la potenziale variabilit\u00e0 dei tempi di consegna, soprattutto per prodotti come l'Apple Vision Pro.<\/li><li>I clienti accettano che le date di consegna stimate non sono garantite e che iOasis non \u00e8 responsabile di ritardi al di fuori del nostro controllo.<\/li><\/ul><h6>6. Elaborazione e cancellazione dell'ordine<\/h6><\/div><\/div><div class=\"min-h-[20px] text-message flex flex-col items-start gap-3 whitespace-pre-wrap break-words [.text-message+&amp;]:mt-5 overflow-x-auto\" data-message-author-role=\"assistant\" data-message-id=\"537f0676-6c24-4768-9737-f707a8edac15\"><div class=\"markdown prose w-full break-words dark:prose-invert light\"><ul><li>Una volta effettuato, l'ordine viene immediatamente elaborato per garantire una consegna rapida. Di conseguenza, non \u00e8 possibile annullare un ordine una volta iniziata l'elaborazione. Consigliamo ai clienti di esaminare attentamente i loro ordini prima di confermarli.<\/li><li>Dopo aver effettuato un ordine, vi verr\u00e0 inviata un'e-mail di conferma della ricezione dell'ordine.<\/li><\/ul><\/div><\/div><\/div><\/div><div class=\"min-h-[20px] text-message flex flex-col items-start gap-3 whitespace-pre-wrap break-words [.text-message+&amp;]:mt-5 overflow-x-auto\" data-message-author-role=\"assistant\" data-message-id=\"537f0676-6c24-4768-9737-f707a8edac15\"><div class=\"markdown prose w-full break-words dark:prose-invert light\"><h6>7. Politica di restituzione<\/h6><ul><li>iOasis offre una politica di restituzione di 14 giorni per la maggior parte dei prodotti, a condizione che vengano restituiti nelle condizioni originali, non aperti e non danneggiati. Questa politica non si applica ai prodotti importati da paesi extra UE, compresi gli articoli su ordinazione speciale.<\/li><li>In caso di reso, le spese di spedizione per la restituzione dell'articolo sono a carico del cliente, a meno che il reso non sia dovuto a un difetto del prodotto o a un errore da parte nostra.<\/li><li>Per avviare una restituzione, si prega di <a href=\"https:\/\/ioasis.eu\/it\/contattateci\/\">contattate il nostro servizio clienti<\/a> per informazioni sulla procedura e l'indirizzo per le restituzioni.<\/li><\/ul><h6>8. Garanzia e responsabilit\u00e0<\/h6><ul><li>Tutti i prodotti venduti da iOasis sono coperti dalla garanzia standard del produttore. Questa garanzia copre i difetti di materiale e di fabbricazione in condizioni di uso normale.<\/li><li>iOasis non riconosce alcuna garanzia aggiuntiva, sia espressa che implicita, comprese le garanzie di commerciabilit\u00e0 o di idoneit\u00e0 per uno scopo particolare.<\/li><li>Non siamo responsabili per danni indiretti, incidentali o consequenziali derivanti dall'uso dei nostri servizi o prodotti, nella misura massima consentita dalla legge.<\/li><\/ul><h6>9. Privacy e protezione dei dati<\/h6><ul><li>Il nostro impegno per la vostra privacy \u00e8 fondamentale. L'iOasis <a href=\"https:\/\/ioasis.eu\/it\/informativa-sulla-privacy\/\">Informativa sulla privacy<\/a>, dettagliato sul nostro sito web, spiega come raccogliamo, utilizziamo, proteggiamo e gestiamo i vostri dati personali.<\/li><li>Garantiamo la conformit\u00e0 al GDPR e alle altre normative pertinenti in materia di protezione dei dati per salvaguardare i vostri dati personali.<\/li><\/ul><h6>10. Legge applicabile e giurisdizione<\/h6><ul><li>I presenti termini e condizioni sono regolati e interpretati secondo le leggi della Germania.<\/li><li>Qualsiasi controversia derivante da o in relazione ai presenti termini sar\u00e0 soggetta alla giurisdizione esclusiva dei tribunali competenti di Amburgo, Germania.<\/li><\/ul><h6>11. Modifiche ai termini e alle condizioni<\/h6><ul><li>iOasis si riserva il diritto di emendare, modificare o aggiornare i presenti Termini e condizioni in qualsiasi momento senza preavviso. Le modifiche entreranno in vigore immediatamente dopo la pubblicazione sul nostro sito web.<\/li><li>\u00c8 responsabilit\u00e0 dell'utente rivedere regolarmente i presenti Termini e condizioni per rimanere informato su eventuali modifiche.<\/li><\/ul><h6>12. Contatti e servizio clienti<\/h6><ul><li>Per qualsiasi richiesta, supporto o assistenza, il nostro servizio clienti \u00e8 a disposizione. Per favore <a href=\"https:\/\/ioasis.eu\/it\/contattateci\/\">contattateci attraverso il nostro sito web<\/a> per il servizio rapido e utile.<\/li><\/ul><h6>13. Prezzi, pagamenti e IVA<\/h6><ul><li>Tutti i prezzi dei prodotti di iOasis sono chiaramente indicati in euro (\u20ac) e includono l'IVA prevista dalla legge per i prodotti acquistati all'interno dell'UE.<\/li><li>Per i prodotti importati da paesi extra UE, come ad esempio alcuni articoli in edizione speciale, l'IVA potrebbe non essere inclusa e sar\u00e0 a carico del cliente al momento della consegna.<\/li><li>Le spese di spedizione sono aggiuntive e il loro calcolo si basa sul luogo di consegna e sulle dimensioni dell'ordine.<\/li><li>Accettiamo pagamenti tramite le principali carte di credito e di debito come Visa e MasterCard, garantendo transazioni sicure e convenienti.<\/li><\/ul><h6>14. Condizioni speciali per la cuffia Apple Vision Pro<\/h6><ul><li>Importazione e spedizione: Il modello Apple Vision Pro \u00e8 un articolo su ordinazione importato dagli Stati Uniti.<\/li><li>Tasse doganali e IVA: I clienti sono responsabili di tutte le tasse doganali e dell'IVA applicabili che possono essere sostenute alla consegna del prodotto.<\/li><li>Politica di restituzione: A causa della natura specialistica delle cuffie Apple Vision Pro, essendo un articolo di importazione, \u00e8 esente dalla nostra politica di restituzione standard e non pu\u00f2 essere restituito.<\/li><\/ul><h6>15. Consegne non andate a buon fine<\/h6><p>In caso di consegna non andata a buon fine, iOasis si impegna ad adottare le seguenti misure per garantire che il vostro ordine vi arrivi:<\/p><ul><li>Conferma dell'indirizzo: In caso di tentativo di consegna non riuscito, verificheremo innanzitutto l'indirizzo di spedizione fornito dall'utente al momento dell'ordine. \u00c8 fondamentale che l'indirizzo fornito sia accurato e completo per evitare problemi di consegna.<\/li><li>Coordinamento con la societ\u00e0 di spedizioni: Lavoreremo a stretto contatto con la societ\u00e0 di spedizioni per organizzare un secondo tentativo di consegna. Questo processo prevede il coordinamento con i servizi di corriere per accertare la migliore soluzione possibile per la riconsegna.<\/li><li>Spese di restituzione e stoccaggio: Nel caso in cui il tentativo di riconsegna non vada a buon fine o sia impossibile e il prodotto venga restituito, ci riserviamo il diritto di addebitare al cliente le spese di spedizione e di stoccaggio per la restituzione. Le spese di magazzinaggio sono determinate in base al prezzo dell'articolo e sono applicate come segue:<ul><li>Oggetti di valore inferiore a 1.000 euro: Una tassa di deposito di 20 euro al giorno.<\/li><li>Articoli con prezzi compresi tra 1.000 e 2.000 euro: Una tassa di deposito di 50 euro al giorno.<\/li><li>Oggetti di valore compreso tra 2.000 e 3.000 euro: Una tassa di deposito di 80 euro al giorno.<\/li><li>Oggetti di valore compreso tra 3.000 e 5.000 euro: Una tassa di deposito di 100 euro al giorno.<\/li><\/ul><\/li><\/ul><p>Queste spese sono sostenute per coprire i costi associati allo stoccaggio, alla sicurezza e alla gestione dei prodotti non consegnati. Si consiglia di assicurarsi che l'indirizzo di consegna sia accurato e che si sia disponibili a ricevere la consegna come previsto per evitare questi costi aggiuntivi.<\/p><p>Invitiamo i nostri clienti a essere prontamente disponibili o a prendere le disposizioni necessarie per ricevere i loro ordini nelle date di consegna previste. La vostra collaborazione in questo senso ci aiuta a fornire servizi di consegna efficienti e tempestivi.<\/p><h6><strong>16. Apple Vision Pro Termini specifici<\/strong><\/h6><p>a. Esclusione di responsabilit\u00e0 per le lenti con prescrizione:<\/p><ul><li>Il modello Apple Vision Pro \u00e8 attualmente venduto senza lenti da vista.<\/li><li>I clienti che necessitano di lenti da vista devono essere consapevoli che per un utilizzo ottimale saranno necessarie lenti aggiuntive.<\/li><li>Le lenti da vista compatibili con il modello Apple Vision Pro potranno essere acquistate separatamente nel nostro negozio in un secondo momento. Avviseremo i nostri clienti quando saranno disponibili.<\/li><\/ul><p>b. Informazioni sulle dimensioni delle guarnizioni leggere e delle fasce:<\/p><ul><li>Al momento non \u00e8 possibile scegliere dimensioni specifiche per le guarnizioni leggere e le fasce per la testa dell'Apple Vision Pro.<\/li><li>Per questo motivo, in alcuni casi l'adattamento di questi componenti potrebbe non essere ideale per ogni utente.<\/li><li>Nel nostro negozio sono disponibili per l'acquisto separato guarnizioni luminose e fasce per la testa di diverse misure, che consentono una vestibilit\u00e0 pi\u00f9 personalizzata e confortevole.<\/li><\/ul><p>c. Riconoscimento del cliente:<\/p><ul><li>Acquistando l'Apple Vision Pro o l'iOasis, i clienti accettano le condizioni sopra indicate relative alle lenti da vista e al dimensionamento delle Light Seals e degli Head Bands.<\/li><li>Consigliamo ai clienti di considerare questi fattori prima di prendere una decisione d'acquisto.<\/li><\/ul><h6><strong>17. <\/strong>Deposito anticipato e politica di cancellazione<\/h6><p>Per alcuni prodotti ad alta richiesta disponibili per il preordine, iOasis pu\u00f2 richiedere un deposito al momento dell'ordine. Le seguenti condizioni si applicano ai depositi per i preordini:<\/p><p>a. Cancellazione e rimborso: I clienti hanno il diritto di cancellare il loro pre-ordine e di richiedere il rimborso completo del deposito entro 7 giorni dall'effettuazione del pre-ordine.<\/p><p>b. Deposito non rimborsabile: se un cliente decide di annullare il proprio pre-ordine dopo il periodo di 7 giorni, il deposito diventa non rimborsabile. Tuttavia, al cliente non verr\u00e0 addebitato l'importo rimanente dell'ordine.<\/p><p>c. Fase di elaborazione: Una volta che un pre-ordine \u00e8 entrato nella fase di elaborazione, indicando che \u00e8 iniziata la preparazione per la spedizione o la personalizzazione, il deposito diventa non rimborsabile in qualsiasi circostanza.<\/p><p>Effettuando un pre-ordine e pagando un deposito presso iOasis, i clienti riconoscono e accettano questi termini. Questa politica garantisce la trasparenza e l'equit\u00e0 nella gestione dei prodotti ad alta richiesta, consentendo ai clienti di assicurarsi gli articoli desiderati e di comprendere gli impegni legati al pre-ordine.<\/p><h6><strong>18. <\/strong>Risoluzione delle controversie e sanzioni legali<\/h6><p>Utilizzando i servizi del nostro negozio online, il Cliente accetta i presenti termini e condizioni, che includono, tra l'altro, disposizioni relative alla risoluzione di eventuali controversie e sanzioni per azioni non conformi ai termini dell'accordo. La nostra azienda attribuisce grande importanza all'onest\u00e0 e alla trasparenza delle transazioni, pertanto introduce meccanismi volti a garantire la massima protezione contro le azioni disoneste.<\/p><p>Arbitrato<\/p><p>a. Arbitrato: In caso di controversia derivante dall'esecuzione degli accordi stipulati tra la nostra societ\u00e0 e un cliente che sia un'azienda, le parti concordano di tentare di risolvere amichevolmente la questione. Se tale risoluzione non \u00e8 possibile, le controversie saranno risolte tramite arbitrato.<\/p><p>b. Procedura di arbitrato: L'arbitrato sar\u00e0 condotto da un arbitro indipendente, nominato di comune accordo da entrambe le parti della controversia. In assenza di un accordo sulla scelta dell'arbitro, questi sar\u00e0 nominato dalla Camera di commercio competente o da un'altra istituzione arbitrale riconosciuta. Entrambe le parti si impegnano a rispettare ed eseguire il verdetto finale dell'arbitro.<\/p><p>c. Conformit\u00e0 alla legge: La presente clausola \u00e8 stata formulata in conformit\u00e0 ai principi applicabili del diritto dell'Unione europea, compresa la Direttiva 2013\/11\/UE sulla risoluzione alternativa delle controversie dei consumatori (ADR), che incoraggia l'uso di metodi di risoluzione extragiudiziale delle controversie, e tenendo conto delle disposizioni del Codice di procedura civile in materia di arbitrato.<\/p><p>d. Il cliente che \u00e8 un'azienda accetta che qualsiasi controversia derivante dall'esecuzione dell'ordine, dai prodotti ricevuti o dai pagamenti sar\u00e0 risolta tramite arbitrato, in conformit\u00e0 con le normative dell'Unione Europea applicabili.<br \/>e. L'arbitrato sar\u00e0 condotto da un arbitro indipendente nominato dalla nostra societ\u00e0, ed entrambe le parti si impegneranno a rispettare il suo verdetto finale.<\/p><p>Sanzioni per le richieste di addebito<br \/>a. Il cliente accetta che, in caso di richiesta di chargeback, la nostra azienda adotter\u00e0 tutte le misure appropriate per risolvere la situazione in conformit\u00e0 con le norme legali applicabili, compreso il contatto con il cliente e l'istituto finanziario per chiarire le circostanze.<br \/>b. Nel caso in cui si determini che una richiesta di chargeback sia stata avanzata senza un motivo giustificato e costituisca una violazione dei termini del contratto, ci riserviamo il diritto di intraprendere le opportune azioni legali per ottenere il risarcimento delle perdite subite, sempre in modo coerente con la legge applicabile e dopo aver esaurito la possibilit\u00e0 di una risoluzione amichevole.<\/p><p>Risarcimento e sanzioni<br \/>a. In caso di violazione dei termini del contratto da parte del Cliente, compresa la presentazione ingiustificata di una richiesta di addebito, la nostra azienda cercher\u00e0 di ottenere un risarcimento completo per tutti i danni derivanti da tali azioni, in conformit\u00e0 alla legge applicabile.<br \/>b. Inoltre, in situazioni estreme, la nostra azienda pu\u00f2 richiedere l'imposizione di sanzioni legali massime, compresa la reclusione, se l'azione del Cliente si qualifica come reato.<\/p><p>Disposizioni finali<br \/>a. Queste disposizioni mirano a proteggere sia i Clienti che la nostra azienda da azioni disoneste e si applicano a tutte le transazioni effettuate nel nostro negozio online.<br \/>b. Qualsiasi azione intrapresa dalla nostra azienda per ottenere un risarcimento o una sanzione sar\u00e0 condotta nel rispetto dei pi\u00f9 elevati standard etici e in conformit\u00e0 alla legge applicabile.<br \/>c. Invitiamo a contattare il nostro servizio clienti in caso di dubbi o problemi relativi all'esecuzione di un ordine. La nostra priorit\u00e0 \u00e8 quella di risolvere tutti i problemi in modo soddisfacente per entrambe le parti, sempre nel rispetto delle norme legali applicabili.<\/p><h6><strong>19. Separabilit\u00e0<\/strong><\/h6><p>a. Se una qualsiasi disposizione dei presenti Termini e condizioni \u00e8 ritenuta da un'autorit\u00e0 competente o da un tribunale non valida, non applicabile o non conforme alla legge applicabile, ci\u00f2 non pregiudica la validit\u00e0 e l'applicabilit\u00e0 delle restanti disposizioni dei Termini e condizioni.<br \/>b. In caso di invalidit\u00e0, inapplicabilit\u00e0 o non conformit\u00e0 alla legge di una qualsiasi disposizione dei presenti Termini e condizioni, le parti concordano di intraprendere immediatamente azioni per sostituire tale disposizione con una nuova, valida e applicabile che, nella massima misura possibile, rifletta le intenzioni originali delle parti e gli obiettivi economici che intendevano raggiungere con la disposizione adottata.<br \/>c. Ciascuna disposizione dei presenti Termini e condizioni \u00e8 considerata separata e indipendente dalle altre e la sua invalidit\u00e0 o inapplicabilit\u00e0 non pregiudica la validit\u00e0 o l'applicabilit\u00e0 delle altre disposizioni dei presenti Termini e condizioni.<\/p><h6><strong>20. Aggiornamenti e modifiche<\/strong>:<\/h6><ul><li>L'iOasis si riserva il diritto di aggiornare e modificare questi termini e condizioni specifici relativi all'Apple Vision Pro e ad altri prodotti senza preavviso.<\/li><\/ul><\/div><\/div>\t\t\t\t\t\t<\/div>\n\t\t\t\t<\/div>\n\t\t\t\t\t<\/div>\n\t\t\t\t<\/div>\n\t\t\t\t\t\t\t<\/div>","protected":false},"excerpt":{"rendered":"<p>Termini e condizioni Benvenuti su iOasis, la destinazione principale per i prodotti originali Apple. Il nostro negozio online, con sede ad Amburgo, in Germania, \u00e8 dedicato ad offrire un servizio clienti eccezionale. Utilizzando il nostro sito web e effettuando acquisti, l'utente \u00e8 vincolato dai seguenti termini e condizioni dettagliati. 1. Accettazione dei termini Accedendo e utilizzando il sito iOasis [...]<\/p>","protected":false},"author":1,"featured_media":0,"parent":0,"menu_order":0,"comment_status":"closed","ping_status":"closed","template":"","meta":{"footnotes":""},"class_list":["post-350","page","type-page","status-publish","hentry"],"jetpack_sharing_enabled":true,"_links":{"self":[{"href":"https:\/\/ioasis.eu\/it\/wp-json\/wp\/v2\/pages\/350","targetHints":{"allow":["GET"]}}],"collection":[{"href":"https:\/\/ioasis.eu\/it\/wp-json\/wp\/v2\/pages"}],"about":[{"href":"https:\/\/ioasis.eu\/it\/wp-json\/wp\/v2\/types\/page"}],"author":[{"embeddable":true,"href":"https:\/\/ioasis.eu\/it\/wp-json\/wp\/v2\/users\/1"}],"replies":[{"embeddable":true,"href":"https:\/\/ioasis.eu\/it\/wp-json\/wp\/v2\/comments?post=350"}],"version-history":[{"count":34,"href":"https:\/\/ioasis.eu\/it\/wp-json\/wp\/v2\/pages\/350\/revisions"}],"predecessor-version":[{"id":1219,"href":"https:\/\/ioasis.eu\/it\/wp-json\/wp\/v2\/pages\/350\/revisions\/1219"}],"wp:attachment":[{"href":"https:\/\/ioasis.eu\/it\/wp-json\/wp\/v2\/media?parent=350"}],"curies":[{"name":"wp","href":"https:\/\/api.w.org\/{rel}","templated":true}]}}