{"id":415,"date":"2023-06-11T01:14:12","date_gmt":"2023-06-10T23:14:12","guid":{"rendered":"https:\/\/ioasis.eu\/?page_id=415"},"modified":"2024-01-22T14:19:17","modified_gmt":"2024-01-22T13:19:17","slug":"blog","status":"publish","type":"page","link":"https:\/\/ioasis.eu\/it\/blog\/","title":{"rendered":"Blog"},"content":{"rendered":"<div data-elementor-type=\"wp-page\" data-elementor-id=\"415\" class=\"elementor elementor-415\">\n\t\t\t\t\t\t\t<div class=\"elementor-element elementor-element-c5f914f e-con-boxed e-flex e-con\" data-id=\"c5f914f\" data-element_type=\"container\" data-settings=\"{&quot;content_width&quot;:&quot;boxed&quot;}\">\n\t\t\t\t\t<div class=\"e-con-inner\">\n\t\t\t\t<div class=\"elementor-element elementor-element-a9c7d34 elementor-widget elementor-widget-heading\" data-id=\"a9c7d34\" data-element_type=\"widget\" data-widget_type=\"heading.default\">\n\t\t\t\t<div class=\"elementor-widget-container\">\n\t\t\t<style>\/*! elementor - v3.13.3 - 28-05-2023 *\/\n.elementor-heading-title{padding:0;margin:0;line-height:1}.elementor-widget-heading .elementor-heading-title[class*=elementor-size-]>a{color:inherit;font-size:inherit;line-height:inherit}.elementor-widget-heading .elementor-heading-title.elementor-size-small{font-size:15px}.elementor-widget-heading .elementor-heading-title.elementor-size-medium{font-size:19px}.elementor-widget-heading .elementor-heading-title.elementor-size-large{font-size:29px}.elementor-widget-heading .elementor-heading-title.elementor-size-xl{font-size:39px}.elementor-widget-heading .elementor-heading-title.elementor-size-xxl{font-size:59px}<\/style><h1 class=\"elementor-heading-title elementor-size-default\">Blog<\/h1>\t\t<\/div>\n\t\t\t\t<\/div>\n\t\t\t\t\t<\/div>\n\t\t\t\t<\/div>\n\t\t<div class=\"elementor-element elementor-element-72e31ca e-con-boxed e-flex e-con\" data-id=\"72e31ca\" data-element_type=\"container\" data-settings=\"{&quot;content_width&quot;:&quot;boxed&quot;}\">\n\t\t\t\t\t<div class=\"e-con-inner\">\n\t\t\t\t<div class=\"elementor-element elementor-element-41219eb elementor-widget elementor-widget-heading\" data-id=\"41219eb\" data-element_type=\"widget\" data-widget_type=\"heading.default\">\n\t\t\t\t<div class=\"elementor-widget-container\">\n\t\t\t<h2 class=\"elementor-heading-title elementor-size-default\">Applicazioni disponibili al lancio su Apple Vision Pro<\/h2>\t\t<\/div>\n\t\t\t\t<\/div>\n\t\t\t\t<div class=\"elementor-element elementor-element-9c643ab elementor-widget elementor-widget-text-editor\" data-id=\"9c643ab\" data-element_type=\"widget\" data-widget_type=\"text-editor.default\">\n\t\t\t\t<div class=\"elementor-widget-container\">\n\t\t\t<style>\/*! elementor - v3.13.3 - 28-05-2023 *\/\n.elementor-widget-text-editor.elementor-drop-cap-view-stacked .elementor-drop-cap{background-color:#69727d;color:#fff}.elementor-widget-text-editor.elementor-drop-cap-view-framed .elementor-drop-cap{color:#69727d;border:3px solid;background-color:transparent}.elementor-widget-text-editor:not(.elementor-drop-cap-view-default) .elementor-drop-cap{margin-top:8px}.elementor-widget-text-editor:not(.elementor-drop-cap-view-default) .elementor-drop-cap-letter{width:1em;height:1em}.elementor-widget-text-editor .elementor-drop-cap{float:left;text-align:center;line-height:1;font-size:50px}.elementor-widget-text-editor .elementor-drop-cap-letter{display:inline-block}<\/style>\t\t\t\t<p>Con l'ingresso nell'era dell'Apple Vision Pro, si apre un nuovo orizzonte di applicazioni ed esperienze di intrattenimento. Questo rivoluzionario auricolare per la realt\u00e0 mista, alimentato dall'VisionOS, \u00e8 destinato a trasformare la nostra interazione con il mondo digitale. In questo post esploreremo la vasta gamma di applicazioni ed esperienze che saranno disponibili al lancio dell'Apple Vision Pro.<\/p><p><a href=\"https:\/\/ioasis.eu\/it\/blog\/app-disponibili-al-lancio-su-apple-vision-pro\/\"><span style=\"text-decoration: underline;\">Continua a leggere<\/span><\/a><\/p>\t\t\t\t\t\t<\/div>\n\t\t\t\t<\/div>\n\t\t\t\t\t<\/div>\n\t\t\t\t<\/div>\n\t\t<div class=\"elementor-element elementor-element-d25ce20 e-con-boxed e-flex e-con\" data-id=\"d25ce20\" data-element_type=\"container\" data-settings=\"{&quot;content_width&quot;:&quot;boxed&quot;}\">\n\t\t\t\t\t<div class=\"e-con-inner\">\n\t\t\t\t<div class=\"elementor-element elementor-element-0300716 elementor-widget elementor-widget-heading\" data-id=\"0300716\" data-element_type=\"widget\" data-widget_type=\"heading.default\">\n\t\t\t\t<div class=\"elementor-widget-container\">\n\t\t\t<h2 class=\"elementor-heading-title elementor-size-default\">Scoprire VisionOS: rivoluzionare l'esperienza Apple Vision Pro<\/h2>\t\t<\/div>\n\t\t\t\t<\/div>\n\t\t\t\t<div class=\"elementor-element elementor-element-12670de elementor-widget elementor-widget-text-editor\" data-id=\"12670de\" data-element_type=\"widget\" data-widget_type=\"text-editor.default\">\n\t\t\t\t<div class=\"elementor-widget-container\">\n\t\t\t\t\t\t\t<p>Benvenuti nel mondo dell'VisionOS, l'innovativo sistema operativo che alimenta l'Apple Vision Pro. Come futuri proprietari o appassionati di questo innovativo dispositivo, state entrando in un regno in cui il mondo digitale e quello fisico si fondono senza soluzione di continuit\u00e0. L'VisionOS \u00e8 pi\u00f9 di un semplice sistema operativo: \u00e8 una porta d'accesso a esperienze e interazioni che ridefiniscono la nostra percezione della realt\u00e0. Scopriamo che cosa rende l'VisionOS un sistema che cambia le carte in tavola per gli utenti abituali.<\/p><p><a href=\"https:\/\/ioasis.eu\/it\/blog\/scoprite-visionos-che-rivoluziona-la-vostra-esperienza-apple-vision-pro\/\"><span style=\"text-decoration: underline;\">Continua a leggere<\/span><\/a><\/p>\t\t\t\t\t\t<\/div>\n\t\t\t\t<\/div>\n\t\t\t\t\t<\/div>\n\t\t\t\t<\/div>\n\t\t<div class=\"elementor-element elementor-element-55a549d e-con-boxed e-flex e-con\" data-id=\"55a549d\" data-element_type=\"container\" data-settings=\"{&quot;content_width&quot;:&quot;boxed&quot;}\">\n\t\t\t\t\t<div class=\"e-con-inner\">\n\t\t\t\t<div class=\"elementor-element elementor-element-5e8c879 elementor-widget elementor-widget-heading\" data-id=\"5e8c879\" data-element_type=\"widget\" data-widget_type=\"heading.default\">\n\t\t\t\t<div class=\"elementor-widget-container\">\n\t\t\t<h2 class=\"elementor-heading-title elementor-size-default\">Massimizzare l'esperienza Apple Vision Pro: Una guida completa<\/h2>\t\t<\/div>\n\t\t\t\t<\/div>\n\t\t\t\t<div class=\"elementor-element elementor-element-d7841a8 elementor-widget elementor-widget-text-editor\" data-id=\"d7841a8\" data-element_type=\"widget\" data-widget_type=\"text-editor.default\">\n\t\t\t\t<div class=\"elementor-widget-container\">\n\t\t\t\t\t\t\t<p>Benvenuti nella nostra guida approfondita su come ottenere il massimo dal vostro Apple Vision Pro. Questo dispositivo all'avanguardia offre un'infinit\u00e0 di funzioni e possibilit\u00e0 e noi siamo qui per aiutarvi ad orientarvi. Che siate nuovi utenti o vogliate approfondire le vostre conoscenze, questa guida vi fornir\u00e0 indicazioni preziose per un'esperienza pi\u00f9 sicura, piacevole e produttiva.<\/p><p><a href=\"https:\/\/ioasis.eu\/it\/blog\/massimizzare-lesperienza-di-apple-vision-pro-una-guida-completa\/\"><span style=\"text-decoration: underline;\">Continua a leggere<\/span><\/a><\/p>\t\t\t\t\t\t<\/div>\n\t\t\t\t<\/div>\n\t\t\t\t\t<\/div>\n\t\t\t\t<\/div>\n\t\t<div class=\"elementor-element elementor-element-9760114 e-con-boxed e-flex e-con\" data-id=\"9760114\" data-element_type=\"container\" data-settings=\"{&quot;content_width&quot;:&quot;boxed&quot;}\">\n\t\t\t\t\t<div class=\"e-con-inner\">\n\t\t\t\t<div class=\"elementor-element elementor-element-c5f48db elementor-widget elementor-widget-heading\" data-id=\"c5f48db\" data-element_type=\"widget\" data-widget_type=\"heading.default\">\n\t\t\t\t<div class=\"elementor-widget-container\">\n\t\t\t<h2 class=\"elementor-heading-title elementor-size-default\">\nApple Vision Pro: il futuro dell'elaborazione spaziale arriva in Europa con iOasis<\/h2>\t\t<\/div>\n\t\t\t\t<\/div>\n\t\t\t\t<div class=\"elementor-element elementor-element-1c7a04d elementor-widget elementor-widget-text-editor\" data-id=\"1c7a04d\" data-element_type=\"widget\" data-widget_type=\"text-editor.default\">\n\t\t\t\t<div class=\"elementor-widget-container\">\n\t\t\t\t\t\t\t<p>In uno sviluppo entusiasmante per gli appassionati di tecnologia e i professionisti di tutta Europa, Apple ha annunciato la prossima disponibilit\u00e0 del suo rivoluzionario Apple Vision Pro, a partire dal 2 febbraio 2024. In qualit\u00e0 di rivenditore esclusivo in Europa, iOasis Premier Reseller \u00e8 entusiasta di offrire ai propri clienti questo rivoluzionario computer spaziale.<\/p><p><a href=\"https:\/\/ioasis.eu\/it\/blog\/apple-vision-pro-ora-disponibile-in-europa-con-ioasis\/\"><span style=\"text-decoration: underline;\">Continua a leggere<\/span><\/a><\/p>\t\t\t\t\t\t<\/div>\n\t\t\t\t<\/div>\n\t\t\t\t\t<\/div>\n\t\t\t\t<\/div>\n\t\t<div class=\"elementor-element elementor-element-e7e5509 e-con-boxed e-flex e-con\" data-id=\"e7e5509\" data-element_type=\"container\" data-settings=\"{&quot;content_width&quot;:&quot;boxed&quot;}\">\n\t\t\t\t\t<div class=\"e-con-inner\">\n\t\t\t\t<div class=\"elementor-element elementor-element-bdc239c elementor-widget elementor-widget-heading\" data-id=\"bdc239c\" data-element_type=\"widget\" data-widget_type=\"heading.default\">\n\t\t\t\t<div class=\"elementor-widget-container\">\n\t\t\t<h2 class=\"elementor-heading-title elementor-size-default\">\nApple Vision Pro: un salto rivoluzionario nell'informatica spaziale<\/h2>\t\t<\/div>\n\t\t\t\t<\/div>\n\t\t\t\t<div class=\"elementor-element elementor-element-a8fffbb elementor-widget elementor-widget-text-editor\" data-id=\"a8fffbb\" data-element_type=\"widget\" data-widget_type=\"text-editor.default\">\n\t\t\t\t<div class=\"elementor-widget-container\">\n\t\t\t\t\t\t\t<p>Apple \u00e8 sempre stato all'avanguardia nell'innovazione tecnologica e il suo ultimo prodotto, l'Apple Vision Pro, non fa eccezione. Questo dispositivo innovativo \u00e8 destinato a ridefinire il modo in cui interagiamo con i contenuti digitali, offrendo una fusione perfetta tra il mondo digitale e quello fisico. In questo post del blog, approfondiamo le caratteristiche e le capacit\u00e0 dell'Apple Vision Pro, spiegando perch\u00e9 si tratta di un dispositivo rivoluzionario nel campo dell'elaborazione spaziale.<\/p><p><a href=\"https:\/\/ioasis.eu\/it\/blog\/apple-vision-pro-un-salto-rivoluzionario-nel-calcolo-spaziale\/\"><span style=\"text-decoration: underline;\">Continua a leggere<\/span><\/a><\/p>\t\t\t\t\t\t<\/div>\n\t\t\t\t<\/div>\n\t\t\t\t\t<\/div>\n\t\t\t\t<\/div>\n\t\t<div class=\"elementor-element elementor-element-b59809f e-con-boxed e-flex e-con\" data-id=\"b59809f\" data-element_type=\"container\" data-settings=\"{&quot;content_width&quot;:&quot;boxed&quot;}\">\n\t\t\t\t\t<div class=\"e-con-inner\">\n\t\t\t\t<div class=\"elementor-element elementor-element-b7ccb56 elementor-widget elementor-widget-heading\" data-id=\"b7ccb56\" data-element_type=\"widget\" data-widget_type=\"heading.default\">\n\t\t\t\t<div class=\"elementor-widget-container\">\n\t\t\t<h2 class=\"elementor-heading-title elementor-size-default\">Apple Vision Pro: Trasformare il mondo una vista alla volta<\/h2>\t\t<\/div>\n\t\t\t\t<\/div>\n\t\t\t\t<div class=\"elementor-element elementor-element-cc9cdec elementor-widget elementor-widget-text-editor\" data-id=\"cc9cdec\" data-element_type=\"widget\" data-widget_type=\"text-editor.default\">\n\t\t\t\t<div class=\"elementor-widget-container\">\n\t\t\t\t\t\t\t<p>Nel mondo della tecnologia in continua evoluzione, Apple \u00e8 sempre stato un pioniere, spingendo i confini del possibile e ridefinendo la nostra interazione con i contenuti digitali. L'ultima novit\u00e0 dell'azienda, l'Apple Vision Pro, \u00e8 destinata a rivoluzionare ancora una volta il panorama tecnologico. Questo post del blog approfondisce come l'Apple Vision Pro sia pronto a trasformare il mondo e come possiate essere tra i primi a sperimentare questo dispositivo rivoluzionario.<\/p><p><a href=\"https:\/\/ioasis.eu\/it\/blog\/apple-vision-pro-trasforma-il-mondo-una-vista-alla-volta\/\"><span style=\"text-decoration: underline;\">Continua a leggere<\/span><\/a><\/p>\t\t\t\t\t\t<\/div>\n\t\t\t\t<\/div>\n\t\t\t\t\t<\/div>\n\t\t\t\t<\/div>\n\t\t<div class=\"elementor-element elementor-element-d9f1a67 e-con-boxed e-flex e-con\" data-id=\"d9f1a67\" data-element_type=\"container\" data-settings=\"{&quot;content_width&quot;:&quot;boxed&quot;}\">\n\t\t\t\t\t<div class=\"e-con-inner\">\n\t\t\t\t<div class=\"elementor-element elementor-element-e19d2f2 elementor-widget elementor-widget-spacer\" data-id=\"e19d2f2\" data-element_type=\"widget\" data-widget_type=\"spacer.default\">\n\t\t\t\t<div class=\"elementor-widget-container\">\n\t\t\t<style>\/*! elementor - v3.13.3 - 28-05-2023 *\/\n.elementor-column .elementor-spacer-inner{height:var(--spacer-size)}.e-con{--container-widget-width:100%}.e-con-inner>.elementor-widget-spacer,.e-con>.elementor-widget-spacer{width:var(--container-widget-width,var(--spacer-size));--align-self:var(--container-widget-align-self,initial);--flex-shrink:0}.e-con-inner>.elementor-widget-spacer>.elementor-widget-container,.e-con-inner>.elementor-widget-spacer>.elementor-widget-container>.elementor-spacer,.e-con>.elementor-widget-spacer>.elementor-widget-container,.e-con>.elementor-widget-spacer>.elementor-widget-container>.elementor-spacer{height:100%}.e-con-inner>.elementor-widget-spacer>.elementor-widget-container>.elementor-spacer>.elementor-spacer-inner,.e-con>.elementor-widget-spacer>.elementor-widget-container>.elementor-spacer>.elementor-spacer-inner{height:var(--container-widget-height,var(--spacer-size))}<\/style>\t\t<div class=\"elementor-spacer\">\n\t\t\t<div class=\"elementor-spacer-inner\"><\/div>\n\t\t<\/div>\n\t\t\t\t<\/div>\n\t\t\t\t<\/div>\n\t\t\t\t\t<\/div>\n\t\t\t\t<\/div>\n\t\t\t\t\t\t\t<\/div>","protected":false},"excerpt":{"rendered":"<p>Blog Apps disponibili al lancio su Apple Vision Pro Con l'ingresso nell'era dell'Apple Vision Pro, si apre un nuovo orizzonte di applicazioni ed esperienze di intrattenimento. Questo rivoluzionario auricolare per la realt\u00e0 mista, alimentato dall'VisionOS, \u00e8 destinato a trasformare la nostra interazione con il mondo digitale. In questo post esploreremo [...]<\/p>","protected":false},"author":1,"featured_media":223,"parent":0,"menu_order":0,"comment_status":"closed","ping_status":"closed","template":"","meta":{"footnotes":""},"class_list":["post-415","page","type-page","status-publish","has-post-thumbnail","hentry"],"jetpack_sharing_enabled":true,"_links":{"self":[{"href":"https:\/\/ioasis.eu\/it\/wp-json\/wp\/v2\/pages\/415","targetHints":{"allow":["GET"]}}],"collection":[{"href":"https:\/\/ioasis.eu\/it\/wp-json\/wp\/v2\/pages"}],"about":[{"href":"https:\/\/ioasis.eu\/it\/wp-json\/wp\/v2\/types\/page"}],"author":[{"embeddable":true,"href":"https:\/\/ioasis.eu\/it\/wp-json\/wp\/v2\/users\/1"}],"replies":[{"embeddable":true,"href":"https:\/\/ioasis.eu\/it\/wp-json\/wp\/v2\/comments?post=415"}],"version-history":[{"count":16,"href":"https:\/\/ioasis.eu\/it\/wp-json\/wp\/v2\/pages\/415\/revisions"}],"predecessor-version":[{"id":748,"href":"https:\/\/ioasis.eu\/it\/wp-json\/wp\/v2\/pages\/415\/revisions\/748"}],"wp:featuredmedia":[{"embeddable":true,"href":"https:\/\/ioasis.eu\/it\/wp-json\/wp\/v2\/media\/223"}],"wp:attachment":[{"href":"https:\/\/ioasis.eu\/it\/wp-json\/wp\/v2\/media?parent=415"}],"curies":[{"name":"wp","href":"https:\/\/api.w.org\/{rel}","templated":true}]}}