{"id":423,"date":"2023-06-11T01:21:47","date_gmt":"2023-06-10T23:21:47","guid":{"rendered":"https:\/\/ioasis.eu\/?page_id=423"},"modified":"2023-06-11T01:29:19","modified_gmt":"2023-06-10T23:29:19","slug":"apple-vision-pro-a-revolutionary-leap-in-spatial-computing","status":"publish","type":"page","link":"https:\/\/ioasis.eu\/it\/blog\/apple-vision-pro-un-salto-rivoluzionario-nel-calcolo-spaziale\/","title":{"rendered":"Apple Vision Pro: un salto rivoluzionario nell'informatica spaziale"},"content":{"rendered":"<div data-elementor-type=\"wp-page\" data-elementor-id=\"423\" class=\"elementor elementor-423\">\n\t\t\t\t\t\t\t<div class=\"elementor-element elementor-element-ed8a82d e-con-boxed e-flex e-con\" data-id=\"ed8a82d\" data-element_type=\"container\" data-settings=\"{&quot;content_width&quot;:&quot;boxed&quot;}\">\n\t\t\t\t\t<div class=\"e-con-inner\">\n\t\t\t\t<div class=\"elementor-element elementor-element-12c54b24 elementor-widget elementor-widget-heading\" data-id=\"12c54b24\" data-element_type=\"widget\" data-widget_type=\"heading.default\">\n\t\t\t\t<div class=\"elementor-widget-container\">\n\t\t\t<style>\/*! elementor - v3.13.3 - 28-05-2023 *\/\n.elementor-heading-title{padding:0;margin:0;line-height:1}.elementor-widget-heading .elementor-heading-title[class*=elementor-size-]>a{color:inherit;font-size:inherit;line-height:inherit}.elementor-widget-heading .elementor-heading-title.elementor-size-small{font-size:15px}.elementor-widget-heading .elementor-heading-title.elementor-size-medium{font-size:19px}.elementor-widget-heading .elementor-heading-title.elementor-size-large{font-size:29px}.elementor-widget-heading .elementor-heading-title.elementor-size-xl{font-size:39px}.elementor-widget-heading .elementor-heading-title.elementor-size-xxl{font-size:59px}<\/style><h1 class=\"elementor-heading-title elementor-size-default\">Apple Vision Pro: un salto rivoluzionario nell'informatica spaziale<\/h1>\t\t<\/div>\n\t\t\t\t<\/div>\n\t\t\t\t\t<\/div>\n\t\t\t\t<\/div>\n\t\t<div class=\"elementor-element elementor-element-3aacda91 e-con-boxed e-flex e-con\" data-id=\"3aacda91\" data-element_type=\"container\" data-settings=\"{&quot;content_width&quot;:&quot;boxed&quot;}\">\n\t\t\t\t\t<div class=\"e-con-inner\">\n\t\t\t\t<div class=\"elementor-element elementor-element-25fe96a elementor-widget elementor-widget-text-editor\" data-id=\"25fe96a\" data-element_type=\"widget\" data-widget_type=\"text-editor.default\">\n\t\t\t\t<div class=\"elementor-widget-container\">\n\t\t\t<style>\/*! elementor - v3.13.3 - 28-05-2023 *\/\n.elementor-widget-text-editor.elementor-drop-cap-view-stacked .elementor-drop-cap{background-color:#69727d;color:#fff}.elementor-widget-text-editor.elementor-drop-cap-view-framed .elementor-drop-cap{color:#69727d;border:3px solid;background-color:transparent}.elementor-widget-text-editor:not(.elementor-drop-cap-view-default) .elementor-drop-cap{margin-top:8px}.elementor-widget-text-editor:not(.elementor-drop-cap-view-default) .elementor-drop-cap-letter{width:1em;height:1em}.elementor-widget-text-editor .elementor-drop-cap{float:left;text-align:center;line-height:1;font-size:50px}.elementor-widget-text-editor .elementor-drop-cap-letter{display:inline-block}<\/style>\t\t\t\t<p>Apple \u00e8 sempre stato all'avanguardia nell'innovazione tecnologica e il suo ultimo prodotto, l'Apple Vision Pro, non fa eccezione. Questo dispositivo innovativo \u00e8 destinato a ridefinire il modo in cui interagiamo con i contenuti digitali, offrendo una fusione perfetta tra il mondo digitale e quello fisico. In questo post del blog, approfondiamo le caratteristiche e le capacit\u00e0 dell'Apple Vision Pro, spiegando perch\u00e9 si tratta di un dispositivo rivoluzionario nel campo dell'elaborazione spaziale.<\/p><h6>L'elaborazione spaziale ridefinita<\/h6><p>L'Apple Vision Pro segna l'alba di una nuova era nell'informatica spaziale. Permette agli utenti di navigare nel mondo digitale semplicemente usando gli occhi, le mani e la voce. Questo sistema di interazione intuitiva trasforma il nostro modo di fare le cose, permettendoci di interagire con i contenuti digitali in modi mai visti prima.<\/p><h2>\u00a0<\/h2><h6>Esperienza di intrattenimento coinvolgente<\/h6><p>L'Apple Vision Pro non \u00e8 solo uno strumento, ma una vera e propria centrale di intrattenimento. Pu\u00f2 trasformare qualsiasi stanza in un cinema personale, espandendo i film, gli spettacoli e i giochi alla dimensione perfetta e facendovi sentire parte dell'azione con l'audio spaziale. Con un numero di pixel superiore a quello di un televisore 4K per ogni occhio, potrete godervi contenuti straordinari ovunque vi troviate.<\/p><h6>\u00a0<\/h6><h6>Catturare i ricordi in 3D<\/h6><p>L'Vision Pro \u00e8 il primo dispositivo dell'Apple dotato di fotocamera 3D. Ci\u00f2 consente di catturare foto e video spaziali in 3D e di rivivere i momenti pi\u00f9 belli con l'audio spaziale coinvolgente. La vostra libreria di foto e video esistenti apparir\u00e0 incredibile in una scala straordinaria e i panorami vi avvolgeranno, facendovi sentire come se foste proprio nel punto in cui li avete scattati.<\/p><h6>\u00a0<\/h6><h6>Connettersi nello stesso spazio<\/h6><p>L'Vision Pro migliora la capacit\u00e0 di collaborare e connettersi ovunque ci si trovi. I riquadri video FaceTime sono a grandezza naturale e, quando si aggiungono nuove persone, la chiamata si espande semplicemente nella stanza. All'interno di FaceTime, \u00e8 anche possibile utilizzare le applicazioni per collaborare con i colleghi sugli stessi documenti contemporaneamente.<\/p><h6>\u00a0<\/h6><h6>Design elegante e tecnologia avanzata<\/h6><p>L'Apple Vision Pro \u00e8 il risultato di decenni di esperienza nella progettazione di dispositivi mobili e indossabili ad alte prestazioni. Integra una tecnologia incredibilmente avanzata in una forma elegante e compatta, per un'esperienza straordinaria ogni volta che lo si indossa. Il dispositivo \u00e8 caratterizzato da un unico pezzo di vetro laminato tridimensionale che si inserisce in un telaio in lega di alluminio, curvandosi per avvolgere il viso.<\/p><h6>\u00a0<\/h6><h6>Alimentazione dell'Vision Pro<\/h6><p>L'Vision Pro \u00e8 alimentato da un esclusivo design a doppio chip. Il potente chip M2 gestisce simultaneamente l'visionOS, esegue algoritmi avanzati di visione computerizzata e offre una grafica straordinaria, il tutto con un'efficienza incredibile. Il nuovissimo chip R1 \u00e8 specificamente dedicato all'elaborazione degli input provenienti dalle telecamere, dai sensori e dai microfoni, e trasmette le immagini ai display entro 12 millisecondi, per una visione del mondo in tempo reale praticamente senza ritardi.<\/p><h6>\u00a0<\/h6><h6>Privacy e sicurezza<\/h6><p>Come tutti i prodotti e i servizi Apple, anche l'Vision Pro \u00e8 stato progettato per proteggere la privacy e mantenere il controllo dei dati. Si basa sulle caratteristiche di privacy e sicurezza dell'Apple con nuove tecnologie come Optic ID, un sistema di autenticazione sicuro che utilizza l'unicit\u00e0 dell'iride.<\/p><h6>\u00a0<\/h6><h6>Conclusione<\/h6><p>L'Apple Vision Pro \u00e8 pi\u00f9 di un semplice dispositivo: \u00e8 un salto rivoluzionario nel campo dell'elaborazione spaziale. Offre un'esperienza immersiva, intuitiva e interattiva che fonde perfettamente i contenuti digitali con lo spazio fisico. Se state cercando un nuovo modo di lavorare, giocare o connettervi, l'Apple Vision Pro \u00e8 destinato a trasformare la vostra vita digitale.<\/p><p>Con le sue caratteristiche e capacit\u00e0 all'avanguardia, non c'\u00e8 da stupirsi che l'Apple Vision Pro sia destinato a diventare la prossima grande novit\u00e0 nel mondo della tecnologia. Siete pronti a entrare nel futuro con l'Apple Vision Pro?<\/p><p><a href=\"https:\/\/ioasis.eu\/it\/blog\/\"><span style=\"text-decoration: underline;\">Indietro<\/span><\/a><\/p>\t\t\t\t\t\t<\/div>\n\t\t\t\t<\/div>\n\t\t\t\t\t<\/div>\n\t\t\t\t<\/div>\n\t\t\t\t\t\t\t<\/div>","protected":false},"excerpt":{"rendered":"<p>Apple \u00e8 sempre stato all'avanguardia nell'innovazione tecnologica e il suo ultimo prodotto, l'Apple Vision Pro, non fa eccezione. Questo dispositivo innovativo \u00e8 destinato a ridefinire il modo in cui interagiamo con i contenuti digitali, offrendo una fusione perfetta tra il mondo digitale e quello fisico. In questo post del blog, approfondiamo le caratteristiche e le capacit\u00e0 dell'Apple Vision Pro, spiegando perch\u00e9 si tratta di un dispositivo rivoluzionario nel campo dell'elaborazione spaziale.<\/p>","protected":false},"author":1,"featured_media":225,"parent":415,"menu_order":0,"comment_status":"closed","ping_status":"closed","template":"","meta":{"footnotes":""},"class_list":["post-423","page","type-page","status-publish","has-post-thumbnail","hentry"],"jetpack_sharing_enabled":true,"_links":{"self":[{"href":"https:\/\/ioasis.eu\/it\/wp-json\/wp\/v2\/pages\/423","targetHints":{"allow":["GET"]}}],"collection":[{"href":"https:\/\/ioasis.eu\/it\/wp-json\/wp\/v2\/pages"}],"about":[{"href":"https:\/\/ioasis.eu\/it\/wp-json\/wp\/v2\/types\/page"}],"author":[{"embeddable":true,"href":"https:\/\/ioasis.eu\/it\/wp-json\/wp\/v2\/users\/1"}],"replies":[{"embeddable":true,"href":"https:\/\/ioasis.eu\/it\/wp-json\/wp\/v2\/comments?post=423"}],"version-history":[{"count":4,"href":"https:\/\/ioasis.eu\/it\/wp-json\/wp\/v2\/pages\/423\/revisions"}],"predecessor-version":[{"id":427,"href":"https:\/\/ioasis.eu\/it\/wp-json\/wp\/v2\/pages\/423\/revisions\/427"}],"up":[{"embeddable":true,"href":"https:\/\/ioasis.eu\/it\/wp-json\/wp\/v2\/pages\/415"}],"wp:featuredmedia":[{"embeddable":true,"href":"https:\/\/ioasis.eu\/it\/wp-json\/wp\/v2\/media\/225"}],"wp:attachment":[{"href":"https:\/\/ioasis.eu\/it\/wp-json\/wp\/v2\/media?parent=423"}],"curies":[{"name":"wp","href":"https:\/\/api.w.org\/{rel}","templated":true}]}}