{"id":428,"date":"2023-06-11T12:24:25","date_gmt":"2023-06-11T10:24:25","guid":{"rendered":"https:\/\/ioasis.eu\/?page_id=428"},"modified":"2023-06-11T12:30:38","modified_gmt":"2023-06-11T10:30:38","slug":"about-us","status":"publish","type":"page","link":"https:\/\/ioasis.eu\/it\/chi-siamo\/","title":{"rendered":"Chi siamo"},"content":{"rendered":"<div data-elementor-type=\"wp-page\" data-elementor-id=\"428\" class=\"elementor elementor-428\">\n\t\t\t\t\t\t\t<div class=\"elementor-element elementor-element-1b91b5a9 e-con-boxed e-flex e-con\" data-id=\"1b91b5a9\" data-element_type=\"container\" data-settings=\"{&quot;background_background&quot;:&quot;classic&quot;,&quot;content_width&quot;:&quot;boxed&quot;}\">\n\t\t\t\t\t<div class=\"e-con-inner\">\n\t\t\t\t\t<\/div>\n\t\t\t\t<\/div>\n\t\t<div class=\"elementor-element elementor-element-af282b4 e-con-boxed e-flex e-con\" data-id=\"af282b4\" data-element_type=\"container\" data-settings=\"{&quot;background_background&quot;:&quot;classic&quot;,&quot;content_width&quot;:&quot;boxed&quot;}\">\n\t\t\t\t\t<div class=\"e-con-inner\">\n\t\t\t\t<div class=\"elementor-element elementor-element-2ee83fa elementor-widget elementor-widget-heading\" data-id=\"2ee83fa\" data-element_type=\"widget\" data-widget_type=\"heading.default\">\n\t\t\t\t<div class=\"elementor-widget-container\">\n\t\t\t<style>\/*! elementor - v3.13.3 - 28-05-2023 *\/\n.elementor-heading-title{padding:0;margin:0;line-height:1}.elementor-widget-heading .elementor-heading-title[class*=elementor-size-]>a{color:inherit;font-size:inherit;line-height:inherit}.elementor-widget-heading .elementor-heading-title.elementor-size-small{font-size:15px}.elementor-widget-heading .elementor-heading-title.elementor-size-medium{font-size:19px}.elementor-widget-heading .elementor-heading-title.elementor-size-large{font-size:29px}.elementor-widget-heading .elementor-heading-title.elementor-size-xl{font-size:39px}.elementor-widget-heading .elementor-heading-title.elementor-size-xxl{font-size:59px}<\/style><h1 class=\"elementor-heading-title elementor-size-default\">Chi siamo<\/h1>\t\t<\/div>\n\t\t\t\t<\/div>\n\t\t\t\t\t<\/div>\n\t\t\t\t<\/div>\n\t\t<div class=\"elementor-element elementor-element-7b79ea19 e-con-boxed e-flex e-con\" data-id=\"7b79ea19\" data-element_type=\"container\" data-settings=\"{&quot;content_width&quot;:&quot;boxed&quot;}\">\n\t\t\t\t\t<div class=\"e-con-inner\">\n\t\t\t\t<div class=\"elementor-element elementor-element-5f8cc052 elementor-widget elementor-widget-text-editor\" data-id=\"5f8cc052\" data-element_type=\"widget\" data-widget_type=\"text-editor.default\">\n\t\t\t\t<div class=\"elementor-widget-container\">\n\t\t\t<style>\/*! elementor - v3.13.3 - 28-05-2023 *\/\n.elementor-widget-text-editor.elementor-drop-cap-view-stacked .elementor-drop-cap{background-color:#69727d;color:#fff}.elementor-widget-text-editor.elementor-drop-cap-view-framed .elementor-drop-cap{color:#69727d;border:3px solid;background-color:transparent}.elementor-widget-text-editor:not(.elementor-drop-cap-view-default) .elementor-drop-cap{margin-top:8px}.elementor-widget-text-editor:not(.elementor-drop-cap-view-default) .elementor-drop-cap-letter{width:1em;height:1em}.elementor-widget-text-editor .elementor-drop-cap{float:left;text-align:center;line-height:1;font-size:50px}.elementor-widget-text-editor .elementor-drop-cap-letter{display:inline-block}<\/style>\t\t\t\t<p>Benvenuti a iOasis, la vostra destinazione principale per gli ultimi e pi\u00f9 grandi prodotti Apple. Siamo pi\u00f9 di un semplice rivenditore; siamo una comunit\u00e0 di appassionati di Apple che si impegnano a portarvi la tecnologia pi\u00f9 innovativa non appena viene immessa sul mercato.<\/p><p>Fondata nel 2007 ad Amburgo, in Germania, iOasis \u00e8 nata da una profonda passione per i prodotti rivoluzionari Apple e dal desiderio di renderli accessibili a tutti, ovunque. Il nostro fondatore, un appassionato di Apple di lunga data, ha visto un vuoto nel mercato per un rivenditore Apple dedicato e focalizzato sul cliente in Europa. Con l'obiettivo di colmare questa lacuna, \u00e8 stata lanciata iOasis.<\/p><p>Nel corso degli anni, siamo cresciuti da una piccola startup a un nome di fiducia nella comunit\u00e0 Apple. Il nostro impegno al servizio clienti, unito alla nostra capacit\u00e0 di consegnare i prodotti Apple prima del loro lancio locale, ci ha distinto dalla concorrenza. In passato abbiamo accelerato con successo la disponibilit\u00e0 dei prodotti Apple, tra cui l'iPhone, l'iPad e l'orologio Apple originali, e siamo entusiasti di fare lo stesso con il rivoluzionario Apple Vision Pro.<\/p><p>Noi di iOasis crediamo nel potere di trasformazione della tecnologia. Vediamo come i prodotti Apple cambiano il modo in cui le persone lavorano, imparano, creano e si connettono. La nostra missione \u00e8 portare a voi questi prodotti rivoluzionari non appena sono disponibili, in modo che possiate iniziare a sperimentare il futuro oggi.<\/p><p>Ma non ci limitiamo a vendere prodotti. Il nostro obiettivo \u00e8 creare un'esperienza cliente senza soluzione di continuit\u00e0. Dal momento in cui si preordina l'Apple Vision Pro a quello in cui arriva a casa, siamo con voi in ogni momento. Il nostro team di esperti Apple \u00e8 sempre pronto ad assistervi in caso di domande o problemi.<\/p><p>Il nostro obiettivo \u00e8 anche quello di costruire una comunit\u00e0. Ci piace entrare in contatto con i nostri clienti e ascoltare le loro storie. Che siate appassionati di tecnologia, professionisti della creativit\u00e0 o semplicemente amanti dei prodotti Apple, vi invitiamo a unirvi alla nostra comunit\u00e0 e a condividere le vostre esperienze.<\/p><p>Grazie per aver scelto iOasis. Siamo entusiasti di intraprendere questo viaggio tecnologico con voi.<\/p>\t\t\t\t\t\t<\/div>\n\t\t\t\t<\/div>\n\t\t\t\t\t<\/div>\n\t\t\t\t<\/div>\n\t\t<div class=\"elementor-element elementor-element-298bdba9 e-con-boxed e-flex e-con\" data-id=\"298bdba9\" data-element_type=\"container\" data-settings=\"{&quot;content_width&quot;:&quot;boxed&quot;}\">\n\t\t\t\t\t<div class=\"e-con-inner\">\n\t\t\t\t<div class=\"elementor-element elementor-element-3ffab340 elementor-widget elementor-widget-spacer\" data-id=\"3ffab340\" data-element_type=\"widget\" data-widget_type=\"spacer.default\">\n\t\t\t\t<div class=\"elementor-widget-container\">\n\t\t\t<style>\/*! elementor - v3.13.3 - 28-05-2023 *\/\n.elementor-column .elementor-spacer-inner{height:var(--spacer-size)}.e-con{--container-widget-width:100%}.e-con-inner>.elementor-widget-spacer,.e-con>.elementor-widget-spacer{width:var(--container-widget-width,var(--spacer-size));--align-self:var(--container-widget-align-self,initial);--flex-shrink:0}.e-con-inner>.elementor-widget-spacer>.elementor-widget-container,.e-con-inner>.elementor-widget-spacer>.elementor-widget-container>.elementor-spacer,.e-con>.elementor-widget-spacer>.elementor-widget-container,.e-con>.elementor-widget-spacer>.elementor-widget-container>.elementor-spacer{height:100%}.e-con-inner>.elementor-widget-spacer>.elementor-widget-container>.elementor-spacer>.elementor-spacer-inner,.e-con>.elementor-widget-spacer>.elementor-widget-container>.elementor-spacer>.elementor-spacer-inner{height:var(--container-widget-height,var(--spacer-size))}<\/style>\t\t<div class=\"elementor-spacer\">\n\t\t\t<div class=\"elementor-spacer-inner\"><\/div>\n\t\t<\/div>\n\t\t\t\t<\/div>\n\t\t\t\t<\/div>\n\t\t\t\t\t<\/div>\n\t\t\t\t<\/div>\n\t\t\t\t\t\t\t<\/div>","protected":false},"excerpt":{"rendered":"<p>Benvenuti a iOasis, la vostra destinazione principale per gli ultimi e pi\u00f9 grandi prodotti Apple. Siamo pi\u00f9 di un semplice rivenditore; siamo una comunit\u00e0 di appassionati di Apple che si impegnano a portarvi la tecnologia pi\u00f9 innovativa non appena viene immessa sul mercato.<\/p>","protected":false},"author":1,"featured_media":442,"parent":0,"menu_order":0,"comment_status":"closed","ping_status":"closed","template":"","meta":{"footnotes":""},"class_list":["post-428","page","type-page","status-publish","has-post-thumbnail","hentry"],"jetpack_sharing_enabled":true,"_links":{"self":[{"href":"https:\/\/ioasis.eu\/it\/wp-json\/wp\/v2\/pages\/428","targetHints":{"allow":["GET"]}}],"collection":[{"href":"https:\/\/ioasis.eu\/it\/wp-json\/wp\/v2\/pages"}],"about":[{"href":"https:\/\/ioasis.eu\/it\/wp-json\/wp\/v2\/types\/page"}],"author":[{"embeddable":true,"href":"https:\/\/ioasis.eu\/it\/wp-json\/wp\/v2\/users\/1"}],"replies":[{"embeddable":true,"href":"https:\/\/ioasis.eu\/it\/wp-json\/wp\/v2\/comments?post=428"}],"version-history":[{"count":4,"href":"https:\/\/ioasis.eu\/it\/wp-json\/wp\/v2\/pages\/428\/revisions"}],"predecessor-version":[{"id":445,"href":"https:\/\/ioasis.eu\/it\/wp-json\/wp\/v2\/pages\/428\/revisions\/445"}],"wp:featuredmedia":[{"embeddable":true,"href":"https:\/\/ioasis.eu\/it\/wp-json\/wp\/v2\/media\/442"}],"wp:attachment":[{"href":"https:\/\/ioasis.eu\/it\/wp-json\/wp\/v2\/media?parent=428"}],"curies":[{"name":"wp","href":"https:\/\/api.w.org\/{rel}","templated":true}]}}