{"id":433,"date":"2023-06-11T12:11:27","date_gmt":"2023-06-11T10:11:27","guid":{"rendered":"https:\/\/ioasis.eu\/?page_id=433"},"modified":"2023-06-11T12:16:07","modified_gmt":"2023-06-11T10:16:07","slug":"apple-vision-pro-transforming-the-world-one-view-at-a-time","status":"publish","type":"page","link":"https:\/\/ioasis.eu\/it\/blog\/apple-vision-pro-trasforma-il-mondo-una-vista-alla-volta\/","title":{"rendered":"Apple Vision Pro: Trasformare il mondo una vista alla volta"},"content":{"rendered":"<div data-elementor-type=\"wp-page\" data-elementor-id=\"433\" class=\"elementor elementor-433\">\n\t\t\t\t\t\t\t<div class=\"elementor-element elementor-element-31d2be9 e-con-boxed e-flex e-con\" data-id=\"31d2be9\" data-element_type=\"container\" data-settings=\"{&quot;content_width&quot;:&quot;boxed&quot;}\">\n\t\t\t\t\t<div class=\"e-con-inner\">\n\t\t\t\t<div class=\"elementor-element elementor-element-184e767b elementor-widget elementor-widget-heading\" data-id=\"184e767b\" data-element_type=\"widget\" data-widget_type=\"heading.default\">\n\t\t\t\t<div class=\"elementor-widget-container\">\n\t\t\t<style>\/*! elementor - v3.13.3 - 28-05-2023 *\/\n.elementor-heading-title{padding:0;margin:0;line-height:1}.elementor-widget-heading .elementor-heading-title[class*=elementor-size-]>a{color:inherit;font-size:inherit;line-height:inherit}.elementor-widget-heading .elementor-heading-title.elementor-size-small{font-size:15px}.elementor-widget-heading .elementor-heading-title.elementor-size-medium{font-size:19px}.elementor-widget-heading .elementor-heading-title.elementor-size-large{font-size:29px}.elementor-widget-heading .elementor-heading-title.elementor-size-xl{font-size:39px}.elementor-widget-heading .elementor-heading-title.elementor-size-xxl{font-size:59px}<\/style><h1 class=\"elementor-heading-title elementor-size-default\">Apple Vision Pro: Trasformare il mondo una vista alla volta<\/h1>\t\t<\/div>\n\t\t\t\t<\/div>\n\t\t\t\t\t<\/div>\n\t\t\t\t<\/div>\n\t\t<div class=\"elementor-element elementor-element-56c124cc e-con-boxed e-flex e-con\" data-id=\"56c124cc\" data-element_type=\"container\" data-settings=\"{&quot;content_width&quot;:&quot;boxed&quot;}\">\n\t\t\t\t\t<div class=\"e-con-inner\">\n\t\t\t\t<div class=\"elementor-element elementor-element-96bf314 elementor-widget elementor-widget-text-editor\" data-id=\"96bf314\" data-element_type=\"widget\" data-widget_type=\"text-editor.default\">\n\t\t\t\t<div class=\"elementor-widget-container\">\n\t\t\t<style>\/*! elementor - v3.13.3 - 28-05-2023 *\/\n.elementor-widget-text-editor.elementor-drop-cap-view-stacked .elementor-drop-cap{background-color:#69727d;color:#fff}.elementor-widget-text-editor.elementor-drop-cap-view-framed .elementor-drop-cap{color:#69727d;border:3px solid;background-color:transparent}.elementor-widget-text-editor:not(.elementor-drop-cap-view-default) .elementor-drop-cap{margin-top:8px}.elementor-widget-text-editor:not(.elementor-drop-cap-view-default) .elementor-drop-cap-letter{width:1em;height:1em}.elementor-widget-text-editor .elementor-drop-cap{float:left;text-align:center;line-height:1;font-size:50px}.elementor-widget-text-editor .elementor-drop-cap-letter{display:inline-block}<\/style>\t\t\t\t<p>Nel mondo della tecnologia in continua evoluzione, Apple \u00e8 sempre stato un pioniere, spingendo i confini del possibile e ridefinendo la nostra interazione con i contenuti digitali. L'ultima novit\u00e0 dell'azienda, l'Apple Vision Pro, \u00e8 destinata a rivoluzionare ancora una volta il panorama tecnologico. Questo post del blog approfondisce come l'Apple Vision Pro sia pronto a trasformare il mondo e come possiate essere tra i primi a sperimentare questo dispositivo rivoluzionario.<\/p><p>\u00a0<\/p><h6>Una nuova era dell'informatica spaziale<\/h6><p>L'Apple Vision Pro segna l'avvento di una nuova era nell'informatica spaziale. Questo dispositivo fonde perfettamente i contenuti digitali con lo spazio fisico, consentendo di navigare nel mondo digitale utilizzando gli occhi, le mani e la voce. Questo sistema di interazione intuitiva \u00e8 destinato a rivoluzionare il nostro modo di interagire con i contenuti digitali, permettendoci di fare cose mai viste prima.<\/p><p>\u00a0<\/p><p><strong>Trasformare l'intrattenimento<\/strong><\/p><p>L'Apple Vision Pro non \u00e8 solo uno strumento, ma una vera e propria centrale di intrattenimento. Pu\u00f2 trasformare qualsiasi stanza in un cinema personale, espandendo i film, gli spettacoli e i giochi alla dimensione perfetta e facendovi sentire parte dell'azione con l'audio spaziale. Con un numero di pixel superiore a quello di un televisore 4K per ogni occhio, potrete godere di contenuti straordinari ovunque vi troviate. Questa esperienza di intrattenimento coinvolgente \u00e8 destinata a ridefinire il modo in cui consumiamo i contenuti digitali.<\/p><p>\u00a0<\/p><h6>Catturare e rivivere i ricordi<\/h6><p>L'Vision Pro \u00e8 il primo dispositivo dell'Apple dotato di fotocamera 3D. Ci\u00f2 consente di catturare foto e video spaziali in 3D e di rivivere i momenti pi\u00f9 belli con l'audio spaziale coinvolgente. La vostra libreria di foto e video esistenti apparir\u00e0 incredibile in una scala straordinaria e i panorami vi avvolgeranno, facendovi sentire come se foste proprio nel punto in cui li avete scattati. Questa soluzione \u00e8 destinata a trasformare il modo in cui catturiamo e riviviamo i nostri ricordi.<\/p><p>\u00a0<\/p><h6>Migliorare la collaborazione e la connessione<\/h6><p>L'Vision Pro migliora la capacit\u00e0 di collaborare e connettersi ovunque ci si trovi. I riquadri video FaceTime sono a grandezza naturale e, quando si aggiungono nuove persone, la chiamata si espande semplicemente nella stanza. All'interno di FaceTime \u00e8 anche possibile utilizzare le applicazioni per collaborare con i colleghi sugli stessi documenti contemporaneamente. Questa soluzione \u00e8 destinata a rivoluzionare il lavoro a distanza e la collaborazione digitale.<\/p><p>\u00a0<\/p><h6>Un salto nel design e nella tecnologia<\/h6><p>L'Apple Vision Pro \u00e8 il risultato di decenni di esperienza nella progettazione di dispositivi mobili e indossabili ad alte prestazioni. Integra una tecnologia incredibilmente avanzata in una forma elegante e compatta, per un'esperienza straordinaria ogni volta che lo si indossa. Il dispositivo \u00e8 caratterizzato da un unico pezzo di vetro laminato tridimensionale che si inserisce in un telaio in lega di alluminio, curvandosi per avvolgere il viso. Questo salto nel design e nella tecnologia \u00e8 destinato a ridefinire gli standard della tecnologia indossabile.<\/p><p>\u00a0<\/p><h6>Conclusione<\/h6><p>L'Apple Vision Pro \u00e8 pi\u00f9 di un semplice dispositivo: \u00e8 una rivoluzione nel campo dell'elaborazione spaziale. Offre un'esperienza immersiva, intuitiva e interattiva che fonde perfettamente i contenuti digitali con lo spazio fisico. Se state cercando un nuovo modo di lavorare, giocare o connettervi, l'Apple Vision Pro \u00e8 destinato a trasformare la vostra vita digitale.<\/p><p>Con le sue caratteristiche e capacit\u00e0 innovative, l'Apple Vision Pro \u00e8 pronto a trasformare il mondo. Non si tratta solo di ci\u00f2 che il dispositivo pu\u00f2 fare, ma di ci\u00f2 che ci permette di fare. Si tratta di come cambia la nostra interazione con i contenuti digitali, di come migliora la nostra capacit\u00e0 di connetterci e collaborare e di come ridefinisce le nostre esperienze di intrattenimento.<\/p><p>\u00a0<\/p><h6>Preordine ora<\/h6><p>Il futuro \u00e8 qui, ed \u00e8 <a href=\"https:\/\/ioasis.eu\/it\/prodotto\/apple-vision-pro\/\">disponibile per il preordine<\/a>. L'Apple Vision Pro sar\u00e0 spedito in Europa contemporaneamente al lancio negli Stati Uniti, esclusivamente tramite iOasis. Non perdete l'occasione di essere tra i primi a provare questo dispositivo rivoluzionario. Preordinate oggi stesso il vostro Apple Vision Pro e fate un salto nel futuro con Apple.<\/p><p>\u00a0<\/p><p><a href=\"https:\/\/ioasis.eu\/it\/blog\/\"><span style=\"text-decoration: underline;\">Indietro<\/span><\/a><\/p>\t\t\t\t\t\t<\/div>\n\t\t\t\t<\/div>\n\t\t\t\t\t<\/div>\n\t\t\t\t<\/div>\n\t\t\t\t\t\t\t<\/div>","protected":false},"excerpt":{"rendered":"<p>Nel mondo della tecnologia in continua evoluzione, Apple \u00e8 sempre stato un pioniere, spingendo i confini del possibile e ridefinendo la nostra interazione con i contenuti digitali. L'ultimo nato della sua linea innovativa, l'Apple Vision Pro, \u00e8 destinato a rivoluzionare ancora una volta il panorama tecnologico.<\/p>","protected":false},"author":1,"featured_media":435,"parent":415,"menu_order":0,"comment_status":"closed","ping_status":"closed","template":"","meta":{"footnotes":""},"class_list":["post-433","page","type-page","status-publish","has-post-thumbnail","hentry"],"jetpack_sharing_enabled":true,"_links":{"self":[{"href":"https:\/\/ioasis.eu\/it\/wp-json\/wp\/v2\/pages\/433","targetHints":{"allow":["GET"]}}],"collection":[{"href":"https:\/\/ioasis.eu\/it\/wp-json\/wp\/v2\/pages"}],"about":[{"href":"https:\/\/ioasis.eu\/it\/wp-json\/wp\/v2\/types\/page"}],"author":[{"embeddable":true,"href":"https:\/\/ioasis.eu\/it\/wp-json\/wp\/v2\/users\/1"}],"replies":[{"embeddable":true,"href":"https:\/\/ioasis.eu\/it\/wp-json\/wp\/v2\/comments?post=433"}],"version-history":[{"count":4,"href":"https:\/\/ioasis.eu\/it\/wp-json\/wp\/v2\/pages\/433\/revisions"}],"predecessor-version":[{"id":438,"href":"https:\/\/ioasis.eu\/it\/wp-json\/wp\/v2\/pages\/433\/revisions\/438"}],"up":[{"embeddable":true,"href":"https:\/\/ioasis.eu\/it\/wp-json\/wp\/v2\/pages\/415"}],"wp:featuredmedia":[{"embeddable":true,"href":"https:\/\/ioasis.eu\/it\/wp-json\/wp\/v2\/media\/435"}],"wp:attachment":[{"href":"https:\/\/ioasis.eu\/it\/wp-json\/wp\/v2\/media?parent=433"}],"curies":[{"name":"wp","href":"https:\/\/api.w.org\/{rel}","templated":true}]}}