{"id":473,"date":"2024-01-08T22:36:36","date_gmt":"2024-01-08T21:36:36","guid":{"rendered":"https:\/\/ioasis.eu\/?page_id=473"},"modified":"2024-01-08T22:39:38","modified_gmt":"2024-01-08T21:39:38","slug":"apple-vision-pro-now-available-in-europe-with-ioasis","status":"publish","type":"page","link":"https:\/\/ioasis.eu\/it\/blog\/apple-vision-pro-ora-disponibile-in-europa-con-ioasis\/","title":{"rendered":"Apple Vision Pro: il futuro dell'elaborazione spaziale arriva in Europa con iOasis"},"content":{"rendered":"<div data-elementor-type=\"wp-page\" data-elementor-id=\"473\" class=\"elementor elementor-473\">\n\t\t\t\t\t\t\t<div class=\"elementor-element elementor-element-26544050 e-con-boxed e-flex e-con\" data-id=\"26544050\" data-element_type=\"container\" data-settings=\"{&quot;content_width&quot;:&quot;boxed&quot;}\">\n\t\t\t\t\t<div class=\"e-con-inner\">\n\t\t\t\t<div class=\"elementor-element elementor-element-1f4eafaf elementor-widget elementor-widget-heading\" data-id=\"1f4eafaf\" data-element_type=\"widget\" data-widget_type=\"heading.default\">\n\t\t\t\t<div class=\"elementor-widget-container\">\n\t\t\t<style>\/*! elementor - v3.13.3 - 28-05-2023 *\/\n.elementor-heading-title{padding:0;margin:0;line-height:1}.elementor-widget-heading .elementor-heading-title[class*=elementor-size-]>a{color:inherit;font-size:inherit;line-height:inherit}.elementor-widget-heading .elementor-heading-title.elementor-size-small{font-size:15px}.elementor-widget-heading .elementor-heading-title.elementor-size-medium{font-size:19px}.elementor-widget-heading .elementor-heading-title.elementor-size-large{font-size:29px}.elementor-widget-heading .elementor-heading-title.elementor-size-xl{font-size:39px}.elementor-widget-heading .elementor-heading-title.elementor-size-xxl{font-size:59px}<\/style><h1 class=\"elementor-heading-title elementor-size-default\">Apple Vision Pro: il futuro dell'elaborazione spaziale arriva in Europa con iOasis<\/h1>\t\t<\/div>\n\t\t\t\t<\/div>\n\t\t\t\t\t<\/div>\n\t\t\t\t<\/div>\n\t\t<div class=\"elementor-element elementor-element-4d86fff7 e-con-boxed e-flex e-con\" data-id=\"4d86fff7\" data-element_type=\"container\" data-settings=\"{&quot;content_width&quot;:&quot;boxed&quot;}\">\n\t\t\t\t\t<div class=\"e-con-inner\">\n\t\t\t\t<div class=\"elementor-element elementor-element-d12e1c9 elementor-widget elementor-widget-text-editor\" data-id=\"d12e1c9\" data-element_type=\"widget\" data-widget_type=\"text-editor.default\">\n\t\t\t\t<div class=\"elementor-widget-container\">\n\t\t\t<style>\/*! elementor - v3.13.3 - 28-05-2023 *\/\n.elementor-widget-text-editor.elementor-drop-cap-view-stacked .elementor-drop-cap{background-color:#69727d;color:#fff}.elementor-widget-text-editor.elementor-drop-cap-view-framed .elementor-drop-cap{color:#69727d;border:3px solid;background-color:transparent}.elementor-widget-text-editor:not(.elementor-drop-cap-view-default) .elementor-drop-cap{margin-top:8px}.elementor-widget-text-editor:not(.elementor-drop-cap-view-default) .elementor-drop-cap-letter{width:1em;height:1em}.elementor-widget-text-editor .elementor-drop-cap{float:left;text-align:center;line-height:1;font-size:50px}.elementor-widget-text-editor .elementor-drop-cap-letter{display:inline-block}<\/style>\t\t\t\t<p>8 gennaio 2024<\/p>\t\t\t\t\t\t<\/div>\n\t\t\t\t<\/div>\n\t\t\t\t<div class=\"elementor-element elementor-element-7563d79 elementor-widget elementor-widget-heading\" data-id=\"7563d79\" data-element_type=\"widget\" data-widget_type=\"heading.default\">\n\t\t\t\t<div class=\"elementor-widget-container\">\n\t\t\t<h2 class=\"elementor-heading-title elementor-size-default\">Una nuova era inizia il 2 febbraio 2024<\/h2>\t\t<\/div>\n\t\t\t\t<\/div>\n\t\t\t\t<div class=\"elementor-element elementor-element-fe7f68d elementor-widget elementor-widget-text-editor\" data-id=\"fe7f68d\" data-element_type=\"widget\" data-widget_type=\"text-editor.default\">\n\t\t\t\t<div class=\"elementor-widget-container\">\n\t\t\t\t\t\t\t<p>In uno sviluppo entusiasmante per gli appassionati di tecnologia e i professionisti di tutta Europa, Apple ha annunciato la prossima disponibilit\u00e0 del suo rivoluzionario Apple Vision Pro, a partire dal 2 febbraio 2024. In qualit\u00e0 di rivenditore esclusivo in Europa, iOasis Premier Reseller \u00e8 entusiasta di offrire ai propri clienti questo rivoluzionario computer spaziale.<\/p><h3 style=\"caret-color: #000000; color: #1d1d1f; white-space: pre-wrap; border: 0px solid #d9d9e3; font-size: 1.25em; font-weight: 600; margin: 1rem 0px 0.5rem; line-height: 1.6; font-family: S\u00f6hne, ui-sans-serif, system-ui, -apple-system, 'Segoe UI', Roboto, Ubuntu, Cantarell, 'Noto Sans', sans-serif, 'Helvetica Neue', Arial, 'Apple Color Emoji', 'Segoe UI Emoji', 'Segoe UI Symbol', 'Noto Color Emoji';\">Che cos'\u00e8 l'Apple Vision Pro?<\/h3><p style=\"white-space: pre-wrap; border: 0px solid #d9d9e3; margin-right: 0px; margin-bottom: 1.25em; margin-left: 0px; caret-color: #d1d5db; color: ##1d1d1f; font-family: S\u00f6hne, ui-sans-serif, system-ui, -apple-system, 'Segoe UI', Roboto, Ubuntu, Cantarell, 'Noto Sans', sans-serif, 'Helvetica Neue', Arial, 'Apple Color Emoji', 'Segoe UI Emoji', 'Segoe UI Symbol', 'Noto Color Emoji';\">Apple Vision Pro \u00e8 molto pi\u00f9 di un nuovo gadget: \u00e8 una ridefinizione completa del modo in cui interagiamo con i contenuti digitali. Fondendo il mondo fisico e quello digitale, l'Vision Pro offre un'esperienza immersiva che trasforma le attivit\u00e0 quotidiane, l'intrattenimento e la comunicazione. Grazie alle sue avanzate capacit\u00e0 di calcolo spaziale, alimentate dall'visionOS, gli utenti possono controllare il dispositivo usando gli occhi, le mani e la voce, rendendo le interazioni pi\u00f9 naturali e intuitive che mai.<\/p><h3 style=\"caret-color: #000000; color: #1d1d1f; white-space: pre-wrap; border: 0px solid #d9d9e3; font-size: 1.25em; font-weight: 600; margin: 1rem 0px 0.5rem; line-height: 1.6; font-family: S\u00f6hne, ui-sans-serif, system-ui, -apple-system, 'Segoe UI', Roboto, Ubuntu, Cantarell, 'Noto Sans', sans-serif, 'Helvetica Neue', Arial, 'Apple Color Emoji', 'Segoe UI Emoji', 'Segoe UI Symbol', 'Noto Color Emoji';\">Caratteristiche principali di Apple Vision Pro<\/h3><ul><li><strong>Sistema operativo rivoluzionario<\/strong>: Costruito sulle solide fondamenta di macOS, iOS e iPadOS, visionOS introduce una nuova dimensione alle interfacce utente e ai sistemi di input.<\/li><li><strong>Navigazione intuitiva<\/strong>: I controlli oculari, manuali e vocali rendono la navigazione magica e senza interruzioni.<\/li><li><strong>Ambienti dinamici<\/strong>: Gli utenti possono immergersi in paesaggi mozzafiato o addirittura sulla superficie della luna, migliorando la concentrazione e riducendo le distrazioni.<\/li><li><strong>Uno spazio di lavoro straordinario<\/strong>: L'interfaccia tridimensionale consente una tela infinita, perfetta per il multitasking e la collaborazione.<\/li><li><strong>Compatibilit\u00e0 e nuove applicazioni<\/strong>: Sono disponibili oltre 1 milione di applicazioni iOS e iPadOS gi\u00e0 note, oltre a nuove esperienze di spatial computing.<\/li><li><strong>Intrattenimento e gioco di ultima generazione<\/strong>: Schermi ad alta risoluzione, titoli 3D e nuove esperienze di gioco ridefiniscono l'intrattenimento domestico.<\/li><li><strong>Memorie spaziali e FaceTime<\/strong>: Rivivete i ricordi in un modo nuovo e godetevi le chiamate FaceTime a grandezza naturale.<\/li><li><strong>Design innovativo<\/strong>: Un sistema modulare con una vestibilit\u00e0 confortevole e personalizzata.<\/li><li><strong>Innovazione senza pari<\/strong>: Tracciamento oculare ad alte prestazioni e tecnologia di visualizzazione avanzata per un'esperienza senza precedenti.<\/li><li><strong>Privacy e sicurezza<\/strong>: Dotato di ID ottico per un uso sicuro e privato.<\/li><li><strong>Caratteristiche di accessibilit\u00e0<\/strong>: Design inclusivo con molteplici opzioni di input per tutti gli utenti.<\/li><li><strong>Impegno ambientale<\/strong>: Design ecologico in linea con gli obiettivi di sostenibilit\u00e0 di Apple.<\/li><\/ul><h3 style=\"caret-color: #000000; color: #1d1d1f; white-space: pre-wrap; border: 0px solid #d9d9e3; font-size: 1.25em; font-weight: 600; margin: 1rem 0px 0.5rem; line-height: 1.6; font-family: S\u00f6hne, ui-sans-serif, system-ui, -apple-system, 'Segoe UI', Roboto, Ubuntu, Cantarell, 'Noto Sans', sans-serif, 'Helvetica Neue', Arial, 'Apple Color Emoji', 'Segoe UI Emoji', 'Segoe UI Symbol', 'Noto Color Emoji';\">Prezzi e disponibilit\u00e0<\/h3><h3 style=\"caret-color: #000000; color: #1d1d1f; white-space: pre-wrap; border: 0px solid #d9d9e3; font-size: 1.25em; font-weight: 600; margin: 1rem 0px 0.5rem; line-height: 1.6; font-family: S\u00f6hne, ui-sans-serif, system-ui, -apple-system, 'Segoe UI', Roboto, Ubuntu, Cantarell, 'Noto Sans', sans-serif, 'Helvetica Neue', Arial, 'Apple Color Emoji', 'Segoe UI Emoji', 'Segoe UI Symbol', 'Noto Color Emoji';\"><span style=\"font-family: Roboto, sans-serif; font-weight: 400; text-align: var(--text-align); font-size: 1rem;\">In esclusiva per iOasis Premier Reseller, l'Apple Vision Pro sar\u00e0 venduto a 4.499 euro con 256 GB di memoria. I preordini sono iniziati con un deposito di 100 euro e le spedizioni inizieranno il 2 febbraio.<\/span><\/h3><div><h3 style=\"caret-color: #000000; color: #1d1d1f; white-space: pre-wrap; border: 0px solid #d9d9e3; font-size: 1.25em; font-weight: 600; margin: 1rem 0px 0.5rem; line-height: 1.6; font-family: S\u00f6hne, ui-sans-serif, system-ui, -apple-system, 'Segoe UI', Roboto, Ubuntu, Cantarell, 'Noto Sans', sans-serif, 'Helvetica Neue', Arial, 'Apple Color Emoji', 'Segoe UI Emoji', 'Segoe UI Symbol', 'Noto Color Emoji';\">Perch\u00e9 scegliere iOasis?<\/h3><\/div><p>In qualit\u00e0 di partner di fiducia, iOasis Premier Reseller si impegna a fornire ai propri clienti non solo prodotti rivoluzionari, ma anche un servizio e un'assistenza eccezionali. Il nostro team \u00e8 pronto ad assistervi nell'esplorazione del pieno potenziale dell'Apple Vision Pro e nell'integrazione di questa tecnologia all'avanguardia nella vostra vita.<\/p><h3 style=\"caret-color: #000000; color: #1d1d1f; white-space: pre-wrap; border: 0px solid #d9d9e3; font-size: 1.25em; font-weight: 600; margin: 1rem 0px 0.5rem; line-height: 1.6; font-family: S\u00f6hne, ui-sans-serif, system-ui, -apple-system, 'Segoe UI', Roboto, Ubuntu, Cantarell, 'Noto Sans', sans-serif, 'Helvetica Neue', Arial, 'Apple Color Emoji', 'Segoe UI Emoji', 'Segoe UI Symbol', 'Noto Color Emoji';\">Il futuro \u00e8 qui<\/h3><p>Unitevi a noi nel dare il benvenuto a una nuova era dell'informatica con Apple Vision Pro. Visitate il Premier Reseller iOasis per sperimentare il futuro in prima persona.<\/p><h3 style=\"caret-color: #000000; color: #1d1d1f; white-space: pre-wrap; border: 0px solid #d9d9e3; font-size: 1.25em; font-weight: 600; margin: 1rem 0px 0.5rem; line-height: 1.6; font-family: S\u00f6hne, ui-sans-serif, system-ui, -apple-system, 'Segoe UI', Roboto, Ubuntu, Cantarell, 'Noto Sans', sans-serif, 'Helvetica Neue', Arial, 'Apple Color Emoji', 'Segoe UI Emoji', 'Segoe UI Symbol', 'Noto Color Emoji';\">Informazioni su Apple<\/h3><p>Leader nell'innovazione, Apple continua a rivoluzionare la tecnologia personale sin dall'introduzione del Macintosh nel 1984. Con la sua gamma di prodotti e servizi, Apple si impegna a creare il meglio sulla terra e a lasciare il mondo migliore di come lo ha trovato.<\/p><p><span style=\"text-decoration: underline;\"><a href=\"https:\/\/ioasis.eu\/it\/blog\/\">Indietro<\/a><\/span><\/p>\t\t\t\t\t\t<\/div>\n\t\t\t\t<\/div>\n\t\t\t\t\t<\/div>\n\t\t\t\t<\/div>\n\t\t\t\t\t\t\t<\/div>","protected":false},"excerpt":{"rendered":"<p>In qualit\u00e0 di rivenditore esclusivo di Apple Vision Pro in Europa, iOasis Premier Reseller \u00e8 entusiasta di portare ai propri clienti questo rivoluzionario computer spaziale.<\/p>","protected":false},"author":1,"featured_media":221,"parent":415,"menu_order":0,"comment_status":"closed","ping_status":"closed","template":"","meta":{"footnotes":""},"class_list":["post-473","page","type-page","status-publish","has-post-thumbnail","hentry"],"jetpack_sharing_enabled":true,"_links":{"self":[{"href":"https:\/\/ioasis.eu\/it\/wp-json\/wp\/v2\/pages\/473","targetHints":{"allow":["GET"]}}],"collection":[{"href":"https:\/\/ioasis.eu\/it\/wp-json\/wp\/v2\/pages"}],"about":[{"href":"https:\/\/ioasis.eu\/it\/wp-json\/wp\/v2\/types\/page"}],"author":[{"embeddable":true,"href":"https:\/\/ioasis.eu\/it\/wp-json\/wp\/v2\/users\/1"}],"replies":[{"embeddable":true,"href":"https:\/\/ioasis.eu\/it\/wp-json\/wp\/v2\/comments?post=473"}],"version-history":[{"count":5,"href":"https:\/\/ioasis.eu\/it\/wp-json\/wp\/v2\/pages\/473\/revisions"}],"predecessor-version":[{"id":481,"href":"https:\/\/ioasis.eu\/it\/wp-json\/wp\/v2\/pages\/473\/revisions\/481"}],"up":[{"embeddable":true,"href":"https:\/\/ioasis.eu\/it\/wp-json\/wp\/v2\/pages\/415"}],"wp:featuredmedia":[{"embeddable":true,"href":"https:\/\/ioasis.eu\/it\/wp-json\/wp\/v2\/media\/221"}],"wp:attachment":[{"href":"https:\/\/ioasis.eu\/it\/wp-json\/wp\/v2\/media?parent=473"}],"curies":[{"name":"wp","href":"https:\/\/api.w.org\/{rel}","templated":true}]}}