{"id":715,"date":"2024-01-22T13:54:49","date_gmt":"2024-01-22T12:54:49","guid":{"rendered":"https:\/\/ioasis.eu\/?page_id=715"},"modified":"2024-01-22T13:57:08","modified_gmt":"2024-01-22T12:57:08","slug":"discover-visionos-revolutionizing-your-apple-vision-pro-experience","status":"publish","type":"page","link":"https:\/\/ioasis.eu\/it\/blog\/scoprite-visionos-che-rivoluziona-la-vostra-esperienza-apple-vision-pro\/","title":{"rendered":"Scoprire VisionOS: rivoluzionare l'esperienza Apple Vision Pro"},"content":{"rendered":"<div data-elementor-type=\"wp-page\" data-elementor-id=\"715\" class=\"elementor elementor-715\">\n\t\t\t\t\t\t\t<div class=\"elementor-element elementor-element-4ce6fdf1 e-con-boxed e-flex e-con\" data-id=\"4ce6fdf1\" data-element_type=\"container\" data-settings=\"{&quot;content_width&quot;:&quot;boxed&quot;}\">\n\t\t\t\t\t<div class=\"e-con-inner\">\n\t\t\t\t<div class=\"elementor-element elementor-element-77815985 elementor-widget elementor-widget-heading\" data-id=\"77815985\" data-element_type=\"widget\" data-widget_type=\"heading.default\">\n\t\t\t\t<div class=\"elementor-widget-container\">\n\t\t\t<style>\/*! elementor - v3.13.3 - 28-05-2023 *\/\n.elementor-heading-title{padding:0;margin:0;line-height:1}.elementor-widget-heading .elementor-heading-title[class*=elementor-size-]>a{color:inherit;font-size:inherit;line-height:inherit}.elementor-widget-heading .elementor-heading-title.elementor-size-small{font-size:15px}.elementor-widget-heading .elementor-heading-title.elementor-size-medium{font-size:19px}.elementor-widget-heading .elementor-heading-title.elementor-size-large{font-size:29px}.elementor-widget-heading .elementor-heading-title.elementor-size-xl{font-size:39px}.elementor-widget-heading .elementor-heading-title.elementor-size-xxl{font-size:59px}<\/style><h1 class=\"elementor-heading-title elementor-size-default\">\nScoprire VisionOS: rivoluzionare l'esperienza Apple Vision Pro<\/h1>\t\t<\/div>\n\t\t\t\t<\/div>\n\t\t\t\t<div class=\"elementor-element elementor-element-2c8475f elementor-skin-carousel elementor-arrows-yes elementor-pagination-type-bullets elementor-pagination-position-outside elementor-widget elementor-widget-media-carousel\" data-id=\"2c8475f\" data-element_type=\"widget\" data-settings=\"{&quot;skin&quot;:&quot;carousel&quot;,&quot;effect&quot;:&quot;slide&quot;,&quot;show_arrows&quot;:&quot;yes&quot;,&quot;pagination&quot;:&quot;bullets&quot;,&quot;speed&quot;:500,&quot;autoplay&quot;:&quot;yes&quot;,&quot;autoplay_speed&quot;:5000,&quot;loop&quot;:&quot;yes&quot;,&quot;pause_on_hover&quot;:&quot;yes&quot;,&quot;pause_on_interaction&quot;:&quot;yes&quot;,&quot;space_between&quot;:{&quot;unit&quot;:&quot;px&quot;,&quot;size&quot;:10,&quot;sizes&quot;:[]},&quot;space_between_tablet&quot;:{&quot;unit&quot;:&quot;px&quot;,&quot;size&quot;:10,&quot;sizes&quot;:[]},&quot;space_between_mobile&quot;:{&quot;unit&quot;:&quot;px&quot;,&quot;size&quot;:10,&quot;sizes&quot;:[]}}\" data-widget_type=\"media-carousel.default\">\n\t\t\t\t<div class=\"elementor-widget-container\">\n\t\t\t<link rel=\"stylesheet\" href=\"https:\/\/ioasis.eu\/wp-content\/plugins\/elementor-pro\/assets\/css\/widget-carousel.min.css\">\t\t<div class=\"elementor-swiper\">\n\t\t\t<div class=\"elementor-main-swiper swiper\">\n\t\t\t\t<div class=\"swiper-wrapper\">\n\t\t\t\t\t\t\t\t\t\t\t<div class=\"swiper-slide\">\n\t\t\t\t\t\t\t\t\t<div class=\"elementor-carousel-image\" role=\"img\" aria-label=\"Apple Vision Pro Europa - VisionOS - ciao\" style=\"background-image: url(&#039;https:\/\/ioasis.eu\/wp-content\/uploads\/2024\/01\/Apple-Vision-Pro-Europe-VisionOS-2.jpg&#039;)\">\n\n\t\t\t\n\t\t\t\t\t<\/div>\n\t\t\t\t\t\t\t\t<\/div>\n\t\t\t\t\t\t\t\t\t\t\t<div class=\"swiper-slide\">\n\t\t\t\t\t\t\t\t\t<div class=\"elementor-carousel-image\" role=\"img\" aria-label=\"Scoprire VisionOS - Apple Vision Pro in Europa\" style=\"background-image: url(&#039;https:\/\/ioasis.eu\/wp-content\/uploads\/2024\/01\/session3_2x.jpg&#039;)\">\n\n\t\t\t\n\t\t\t\t\t<\/div>\n\t\t\t\t\t\t\t\t<\/div>\n\t\t\t\t\t\t\t\t\t\t\t<div class=\"swiper-slide\">\n\t\t\t\t\t\t\t\t\t<div class=\"elementor-carousel-image\" role=\"img\" aria-label=\"Apple Vision Pro Europa - Centro di controllo VisionOS\" style=\"background-image: url(&#039;https:\/\/ioasis.eu\/wp-content\/uploads\/2024\/01\/Apple-Vision-Pro-Europe-VisionOS-4.jpg&#039;)\">\n\n\t\t\t\n\t\t\t\t\t<\/div>\n\t\t\t\t\t\t\t\t<\/div>\n\t\t\t\t\t\t\t\t\t\t\t<div class=\"swiper-slide\">\n\t\t\t\t\t\t\t\t\t<div class=\"elementor-carousel-image\" role=\"img\" aria-label=\"Apple Vision Pro Europa - demo spaziale VisionOS\" style=\"background-image: url(&#039;https:\/\/ioasis.eu\/wp-content\/uploads\/2024\/01\/Apple-Vision-Pro-Europe-VisionOS-3.jpg&#039;)\">\n\n\t\t\t\n\t\t\t\t\t<\/div>\n\t\t\t\t\t\t\t\t<\/div>\n\t\t\t\t\t\t\t\t\t\t\t<div class=\"swiper-slide\">\n\t\t\t\t\t\t\t\t\t<div class=\"elementor-carousel-image\" role=\"img\" aria-label=\"Apple Vision Pro Europa - VisionOS pizzica per ingrandire\" style=\"background-image: url(&#039;https:\/\/ioasis.eu\/wp-content\/uploads\/2024\/01\/Apple-Vision-Pro-Europe-VisionOS-5.jpg&#039;)\">\n\n\t\t\t\n\t\t\t\t\t<\/div>\n\t\t\t\t\t\t\t\t<\/div>\n\t\t\t\t\t\t\t\t\t<\/div>\n\t\t\t\t\t\t\t\t\t\t\t\t\t\t\t<div class=\"swiper-pagination\"><\/div>\n\t\t\t\t\t\t\t\t\t\t\t\t\t\t\t\t<div class=\"elementor-swiper-button elementor-swiper-button-prev\" role=\"button\" tabindex=\"0\">\n\t\t\t\t\t\t\t<i aria-hidden=\"true\" class=\"eicon-chevron-left\"><\/i>\t\t\t\t\t\t\t<span class=\"elementor-screen-only\">Precedente<\/span>\n\t\t\t\t\t\t<\/div>\n\t\t\t\t\t\t<div class=\"elementor-swiper-button elementor-swiper-button-next\" role=\"button\" tabindex=\"0\">\n\t\t\t\t\t\t\t<i aria-hidden=\"true\" class=\"eicon-chevron-right\"><\/i>\t\t\t\t\t\t\t<span class=\"elementor-screen-only\">Avanti<\/span>\n\t\t\t\t\t\t<\/div>\n\t\t\t\t\t\t\t\t\t\t\t\t<\/div>\n\t\t<\/div>\n\t\t\t\t<\/div>\n\t\t\t\t<\/div>\n\t\t\t\t\t<\/div>\n\t\t\t\t<\/div>\n\t\t<div class=\"elementor-element elementor-element-5e683ed1 e-con-boxed e-flex e-con\" data-id=\"5e683ed1\" data-element_type=\"container\" data-settings=\"{&quot;content_width&quot;:&quot;boxed&quot;}\">\n\t\t\t\t\t<div class=\"e-con-inner\">\n\t\t\t\t<div class=\"elementor-element elementor-element-5a81c8c4 elementor-widget elementor-widget-text-editor\" data-id=\"5a81c8c4\" data-element_type=\"widget\" data-widget_type=\"text-editor.default\">\n\t\t\t\t<div class=\"elementor-widget-container\">\n\t\t\t<style>\/*! elementor - v3.13.3 - 28-05-2023 *\/\n.elementor-widget-text-editor.elementor-drop-cap-view-stacked .elementor-drop-cap{background-color:#69727d;color:#fff}.elementor-widget-text-editor.elementor-drop-cap-view-framed .elementor-drop-cap{color:#69727d;border:3px solid;background-color:transparent}.elementor-widget-text-editor:not(.elementor-drop-cap-view-default) .elementor-drop-cap{margin-top:8px}.elementor-widget-text-editor:not(.elementor-drop-cap-view-default) .elementor-drop-cap-letter{width:1em;height:1em}.elementor-widget-text-editor .elementor-drop-cap{float:left;text-align:center;line-height:1;font-size:50px}.elementor-widget-text-editor .elementor-drop-cap-letter{display:inline-block}<\/style>\t\t\t\t<p>Benvenuti nel mondo dell'VisionOS, l'innovativo sistema operativo che alimenta l'Apple Vision Pro. Come futuri proprietari o appassionati di questo innovativo dispositivo, state entrando in un regno in cui il mondo digitale e quello fisico si fondono senza soluzione di continuit\u00e0. L'VisionOS \u00e8 pi\u00f9 di un semplice sistema operativo: \u00e8 una porta d'accesso a esperienze e interazioni che ridefiniscono la nostra percezione della realt\u00e0. Scopriamo che cosa rende l'VisionOS un sistema che cambia le carte in tavola per gli utenti abituali.<\/p><h2>Che cos'\u00e8 l'VisionOS?<\/h2><p>VisionOS \u00e8 il motore delle capacit\u00e0 di elaborazione spaziale di Apple Vision Pro. \u00c8 stato progettato per trasformare il modo in cui interagiamo con i contenuti digitali, integrandoli nel nostro ambiente fisico. Immaginate applicazioni e giochi che non si limitano a stare su uno schermo, ma che fanno parte del vostro salotto, dell'ufficio o degli spazi esterni. Questa \u00e8 la magia dell'VisionOS: creare una \"tela infinita\" dove i confini tra il mondo digitale e quello fisico si confondono.<\/p><h3>Una nuova dimensione dell'interattivit\u00e0<\/h3><p>Con VisionOS, le interazioni non sono limitate alle tradizionali interfacce 2D. Al contrario, le app e i contenuti vengono utilizzati in uno spazio 3D intorno a voi. Ci\u00f2 significa che le finestre e le applicazioni possono apparire come se fluttuassero nella vostra stanza, oppure potete camminare intorno a un oggetto digitale per vederlo da diverse angolazioni. Il livello di immersione e interazione \u00e8 impareggiabile.<\/p><h3>Spazio completo: L'esperienza immersiva definitiva<\/h3><p>Una delle caratteristiche pi\u00f9 interessanti di VisionOS \u00e8 l'esperienza \"Full Space\". Quando un'applicazione utilizza il Full Space, pu\u00f2 occupare l'intero ambiente, trasformandolo in un mondo completamente diverso. Che si tratti di un gioco che vi trasporta in un regno fantastico o di un'applicazione educativa che vi porta in un tour virtuale di citt\u00e0 antiche, Full Space rende queste esperienze totalizzanti e incredibilmente reali.<\/p><h2>L'esperienza dell'utente su VisionOS<\/h2><p>Come utente dell'Apple Vision Pro, l'VisionOS offre un'interfaccia facile e intuitiva. \u00c8 stata realizzata per garantire un'esperienza fluida e coinvolgente, sia che si tratti di giocare, di utilizzare applicazioni per la produttivit\u00e0 o di esplorare nuovi contenuti didattici.<\/p><h3>Interazioni intuitive<\/h3><p>L'interazione con VisionOS \u00e8 naturale e intuitiva. Che si tratti di ridimensionare le finestre nello spazio condiviso, di esplorare oggetti 3D o di navigare in ambienti immersivi, VisionOS \u00e8 stato progettato per essere facile da usare. Non \u00e8 necessario essere esperti di tecnologia per navigare e godere delle meraviglie dell'elaborazione spaziale.<\/p><h3>Accessibilit\u00e0 e inclusione<\/h3><p>VisionOS \u00e8 stato sviluppato tenendo conto dell'accessibilit\u00e0. Garantisce che le meraviglie dell'informatica spaziale siano disponibili a tutti, indipendentemente dalle loro capacit\u00e0 fisiche. Questo impegno per l'inclusivit\u00e0 significa che un maggior numero di persone pu\u00f2 godere, interagire e beneficiare delle esperienze immersive offerte da VisionOS.<\/p><h2>Pronti per il futuro<\/h2><p>Mentre ci troviamo sull'orlo di questa nuova era della tecnologia, l'VisionOS \u00e8 il vostro biglietto per un mondo in cui le esperienze digitali non sono pi\u00f9 confinate agli schermi. \u00c8 un momento emozionante per far parte di questa rivoluzione tecnologica e l'Apple Vision Pro, alimentato dall'VisionOS, \u00e8 in prima linea.<\/p><h2>Conclusione<\/h2><p>L'VisionOS sull'Apple Vision Pro non \u00e8 solo un progresso tecnologico, ma un nuovo modo di vivere il mondo che ci circonda. Promette di cambiare il modo in cui interagiamo con i contenuti digitali, rendendoli pi\u00f9 coinvolgenti, intuitivi e accessibili. Le possibilit\u00e0 sono infinite e non vediamo l'ora di vedere come l'VisionOS continuer\u00e0 a evolversi e a rivoluzionare le nostre esperienze digitali.<\/p><p>Restate sintonizzati per ulteriori aggiornamenti e approfondimenti sull'Apple Vision Pro e sull'VisionOS. Il futuro \u00e8 qui, ed \u00e8 pi\u00f9 eccitante che mai!<\/p><p>&#8212;<\/p><p>Che siate appassionati di tecnologia, giocatori, educatori o semplicemente curiosi del futuro della tecnologia, l'VisionOS \u00e8 qualcosa di entusiasmante. Tenete d'occhio questo spazio per ulteriori informazioni mentre continuiamo a esplorare le incredibili capacit\u00e0 dell'Apple Vision Pro e dell'VisionOS.<\/p><p><a href=\"https:\/\/ioasis.eu\/it\/blog\/\"><span style=\"text-decoration: underline;\">Indietro<\/span><\/a><\/p>\t\t\t\t\t\t<\/div>\n\t\t\t\t<\/div>\n\t\t\t\t\t<\/div>\n\t\t\t\t<\/div>\n\t\t\t\t\t\t\t<\/div>","protected":false},"excerpt":{"rendered":"<p>Benvenuti nel mondo dell'VisionOS, l'innovativo sistema operativo che alimenta l'Apple Vision Pro. I futuri possessori o appassionati di questo innovativo dispositivo entrano in un regno in cui il mondo digitale e quello fisico si fondono senza soluzione di continuit\u00e0.<\/p>","protected":false},"author":1,"featured_media":724,"parent":415,"menu_order":0,"comment_status":"closed","ping_status":"closed","template":"","meta":{"footnotes":""},"class_list":["post-715","page","type-page","status-publish","has-post-thumbnail","hentry"],"jetpack_sharing_enabled":true,"_links":{"self":[{"href":"https:\/\/ioasis.eu\/it\/wp-json\/wp\/v2\/pages\/715","targetHints":{"allow":["GET"]}}],"collection":[{"href":"https:\/\/ioasis.eu\/it\/wp-json\/wp\/v2\/pages"}],"about":[{"href":"https:\/\/ioasis.eu\/it\/wp-json\/wp\/v2\/types\/page"}],"author":[{"embeddable":true,"href":"https:\/\/ioasis.eu\/it\/wp-json\/wp\/v2\/users\/1"}],"replies":[{"embeddable":true,"href":"https:\/\/ioasis.eu\/it\/wp-json\/wp\/v2\/comments?post=715"}],"version-history":[{"count":13,"href":"https:\/\/ioasis.eu\/it\/wp-json\/wp\/v2\/pages\/715\/revisions"}],"predecessor-version":[{"id":734,"href":"https:\/\/ioasis.eu\/it\/wp-json\/wp\/v2\/pages\/715\/revisions\/734"}],"up":[{"embeddable":true,"href":"https:\/\/ioasis.eu\/it\/wp-json\/wp\/v2\/pages\/415"}],"wp:featuredmedia":[{"embeddable":true,"href":"https:\/\/ioasis.eu\/it\/wp-json\/wp\/v2\/media\/724"}],"wp:attachment":[{"href":"https:\/\/ioasis.eu\/it\/wp-json\/wp\/v2\/media?parent=715"}],"curies":[{"name":"wp","href":"https:\/\/api.w.org\/{rel}","templated":true}]}}