{"id":735,"date":"2024-01-22T14:09:22","date_gmt":"2024-01-22T13:09:22","guid":{"rendered":"https:\/\/ioasis.eu\/?page_id=735"},"modified":"2024-01-22T14:13:24","modified_gmt":"2024-01-22T13:13:24","slug":"apps-available-at-launch-on-apple-vision-pro","status":"publish","type":"page","link":"https:\/\/ioasis.eu\/it\/blog\/app-disponibili-al-lancio-su-apple-vision-pro\/","title":{"rendered":"Applicazioni disponibili al lancio su Apple Vision Pro"},"content":{"rendered":"<div data-elementor-type=\"wp-page\" data-elementor-id=\"735\" class=\"elementor elementor-735\">\n\t\t\t\t\t\t\t<div class=\"elementor-element elementor-element-6985dd02 e-con-boxed e-flex e-con\" data-id=\"6985dd02\" data-element_type=\"container\" data-settings=\"{&quot;content_width&quot;:&quot;boxed&quot;}\">\n\t\t\t\t\t<div class=\"e-con-inner\">\n\t\t\t\t<div class=\"elementor-element elementor-element-7a8b5baa elementor-widget elementor-widget-heading\" data-id=\"7a8b5baa\" data-element_type=\"widget\" data-widget_type=\"heading.default\">\n\t\t\t\t<div class=\"elementor-widget-container\">\n\t\t\t<style>\/*! elementor - v3.13.3 - 28-05-2023 *\/\n.elementor-heading-title{padding:0;margin:0;line-height:1}.elementor-widget-heading .elementor-heading-title[class*=elementor-size-]>a{color:inherit;font-size:inherit;line-height:inherit}.elementor-widget-heading .elementor-heading-title.elementor-size-small{font-size:15px}.elementor-widget-heading .elementor-heading-title.elementor-size-medium{font-size:19px}.elementor-widget-heading .elementor-heading-title.elementor-size-large{font-size:29px}.elementor-widget-heading .elementor-heading-title.elementor-size-xl{font-size:39px}.elementor-widget-heading .elementor-heading-title.elementor-size-xxl{font-size:59px}<\/style><h1 class=\"elementor-heading-title elementor-size-default\">\nApplicazioni disponibili al lancio su Apple Vision Pro<\/h1>\t\t<\/div>\n\t\t\t\t<\/div>\n\t\t\t\t<div class=\"elementor-element elementor-element-3def60d8 elementor-skin-carousel elementor-arrows-yes elementor-pagination-type-bullets elementor-pagination-position-outside elementor-widget elementor-widget-media-carousel\" data-id=\"3def60d8\" data-element_type=\"widget\" data-settings=\"{&quot;skin&quot;:&quot;carousel&quot;,&quot;effect&quot;:&quot;slide&quot;,&quot;show_arrows&quot;:&quot;yes&quot;,&quot;pagination&quot;:&quot;bullets&quot;,&quot;speed&quot;:500,&quot;autoplay&quot;:&quot;yes&quot;,&quot;autoplay_speed&quot;:5000,&quot;loop&quot;:&quot;yes&quot;,&quot;pause_on_hover&quot;:&quot;yes&quot;,&quot;pause_on_interaction&quot;:&quot;yes&quot;,&quot;space_between&quot;:{&quot;unit&quot;:&quot;px&quot;,&quot;size&quot;:10,&quot;sizes&quot;:[]},&quot;space_between_tablet&quot;:{&quot;unit&quot;:&quot;px&quot;,&quot;size&quot;:10,&quot;sizes&quot;:[]},&quot;space_between_mobile&quot;:{&quot;unit&quot;:&quot;px&quot;,&quot;size&quot;:10,&quot;sizes&quot;:[]}}\" data-widget_type=\"media-carousel.default\">\n\t\t\t\t<div class=\"elementor-widget-container\">\n\t\t\t<link rel=\"stylesheet\" href=\"https:\/\/ioasis.eu\/wp-content\/plugins\/elementor-pro\/assets\/css\/widget-carousel.min.css\">\t\t<div class=\"elementor-swiper\">\n\t\t\t<div class=\"elementor-main-swiper swiper\">\n\t\t\t\t<div class=\"swiper-wrapper\">\n\t\t\t\t\t\t\t\t\t\t\t<div class=\"swiper-slide\">\n\t\t\t\t\t\t\t\t\t<div class=\"elementor-carousel-image\" role=\"img\" aria-label=\"Apple-Vision-Pro-Europe-entertainment-App-Store-Environments-Mount-Hood_big.jpg.large_2x\" style=\"background-image: url(&#039;https:\/\/ioasis.eu\/wp-content\/uploads\/2024\/01\/Apple-Vision-Pro-Europe-entertainment-App-Store-Environments-Mount-Hood_big.jpg.large_2x.jpg&#039;)\">\n\n\t\t\t\n\t\t\t\t\t<\/div>\n\t\t\t\t\t\t\t\t<\/div>\n\t\t\t\t\t\t\t\t\t\t\t<div class=\"swiper-slide\">\n\t\t\t\t\t\t\t\t\t<div class=\"elementor-carousel-image\" role=\"img\" aria-label=\"Apple-Vision-Pro-Europa-entertainment-Apple-Immersive-Video-Adventure_big.jpg.large_2x\" style=\"background-image: url(&#039;https:\/\/ioasis.eu\/wp-content\/uploads\/2024\/01\/Apple-Vision-Pro-Europe-entertainment-Apple-Immersive-Video-Adventure_big.jpg.large_2x.jpg&#039;)\">\n\n\t\t\t\n\t\t\t\t\t<\/div>\n\t\t\t\t\t\t\t\t<\/div>\n\t\t\t\t\t\t\t\t\t\t\t<div class=\"swiper-slide\">\n\t\t\t\t\t\t\t\t\t<div class=\"elementor-carousel-image\" role=\"img\" aria-label=\"Apple-Vision-Pro-Europe-entertainment-3D-movies-Dune_big.jpg.large_2x\" style=\"background-image: url(&#039;https:\/\/ioasis.eu\/wp-content\/uploads\/2024\/01\/Apple-Vision-Pro-Europe-entertainment-3D-movies-Dune_big.jpg.large_2x.jpg&#039;)\">\n\n\t\t\t\n\t\t\t\t\t<\/div>\n\t\t\t\t\t\t\t\t<\/div>\n\t\t\t\t\t\t\t\t\t\t\t<div class=\"swiper-slide\">\n\t\t\t\t\t\t\t\t\t<div class=\"elementor-carousel-image\" role=\"img\" aria-label=\"Apple-Vision-Pro-Europe-entertainment-Disney-Plus_big.jpg.large_2x\" style=\"background-image: url(&#039;https:\/\/ioasis.eu\/wp-content\/uploads\/2024\/01\/Apple-Vision-Pro-Europe-entertainment-Disney-Plus_big.jpg.large_2x.jpg&#039;)\">\n\n\t\t\t\n\t\t\t\t\t<\/div>\n\t\t\t\t\t\t\t\t<\/div>\n\t\t\t\t\t\t\t\t\t\t\t<div class=\"swiper-slide\">\n\t\t\t\t\t\t\t\t\t<div class=\"elementor-carousel-image\" role=\"img\" aria-label=\"Apple-Vision-Pro-Europe-entertainment-Apple-TV-Plus-The-Morning-Show_big.jpg.large_2x\" style=\"background-image: url(&#039;https:\/\/ioasis.eu\/wp-content\/uploads\/2024\/01\/Apple-Vision-Pro-Europe-entertainment-Apple-TV-Plus-The-Morning-Show_big.jpg.large_2x.jpg&#039;)\">\n\n\t\t\t\n\t\t\t\t\t<\/div>\n\t\t\t\t\t\t\t\t<\/div>\n\t\t\t\t\t\t\t\t\t\t\t<div class=\"swiper-slide\">\n\t\t\t\t\t\t\t\t\t<div class=\"elementor-carousel-image\" role=\"img\" aria-label=\"Apple-Vision-Pro-Europe-entertainment-MLS-Season-Pass_big.jpg.large_2x\" style=\"background-image: url(&#039;https:\/\/ioasis.eu\/wp-content\/uploads\/2024\/01\/Apple-Vision-Pro-Europe-entertainment-MLS-Season-Pass_big.jpg.large_2x.jpg&#039;)\">\n\n\t\t\t\n\t\t\t\t\t<\/div>\n\t\t\t\t\t\t\t\t<\/div>\n\t\t\t\t\t\t\t\t\t<\/div>\n\t\t\t\t\t\t\t\t\t\t\t\t\t\t\t<div class=\"swiper-pagination\"><\/div>\n\t\t\t\t\t\t\t\t\t\t\t\t\t\t\t\t<div class=\"elementor-swiper-button elementor-swiper-button-prev\" role=\"button\" tabindex=\"0\">\n\t\t\t\t\t\t\t<i aria-hidden=\"true\" class=\"eicon-chevron-left\"><\/i>\t\t\t\t\t\t\t<span class=\"elementor-screen-only\">Precedente<\/span>\n\t\t\t\t\t\t<\/div>\n\t\t\t\t\t\t<div class=\"elementor-swiper-button elementor-swiper-button-next\" role=\"button\" tabindex=\"0\">\n\t\t\t\t\t\t\t<i aria-hidden=\"true\" class=\"eicon-chevron-right\"><\/i>\t\t\t\t\t\t\t<span class=\"elementor-screen-only\">Avanti<\/span>\n\t\t\t\t\t\t<\/div>\n\t\t\t\t\t\t\t\t\t\t\t\t<\/div>\n\t\t<\/div>\n\t\t\t\t<\/div>\n\t\t\t\t<\/div>\n\t\t\t\t\t<\/div>\n\t\t\t\t<\/div>\n\t\t<div class=\"elementor-element elementor-element-79660a15 e-con-boxed e-flex e-con\" data-id=\"79660a15\" data-element_type=\"container\" data-settings=\"{&quot;content_width&quot;:&quot;boxed&quot;}\">\n\t\t\t\t\t<div class=\"e-con-inner\">\n\t\t\t\t<div class=\"elementor-element elementor-element-13c8bc7d elementor-widget elementor-widget-text-editor\" data-id=\"13c8bc7d\" data-element_type=\"widget\" data-widget_type=\"text-editor.default\">\n\t\t\t\t<div class=\"elementor-widget-container\">\n\t\t\t<style>\/*! elementor - v3.13.3 - 28-05-2023 *\/\n.elementor-widget-text-editor.elementor-drop-cap-view-stacked .elementor-drop-cap{background-color:#69727d;color:#fff}.elementor-widget-text-editor.elementor-drop-cap-view-framed .elementor-drop-cap{color:#69727d;border:3px solid;background-color:transparent}.elementor-widget-text-editor:not(.elementor-drop-cap-view-default) .elementor-drop-cap{margin-top:8px}.elementor-widget-text-editor:not(.elementor-drop-cap-view-default) .elementor-drop-cap-letter{width:1em;height:1em}.elementor-widget-text-editor .elementor-drop-cap{float:left;text-align:center;line-height:1;font-size:50px}.elementor-widget-text-editor .elementor-drop-cap-letter{display:inline-block}<\/style>\t\t\t\t<p>Con l'ingresso nell'era dell'Apple Vision Pro, si apre un nuovo orizzonte di applicazioni ed esperienze di intrattenimento. Questo rivoluzionario auricolare per la realt\u00e0 mista, alimentato dall'VisionOS, \u00e8 destinato a trasformare la nostra interazione con il mondo digitale. In questo post esploreremo la vasta gamma di applicazioni ed esperienze che saranno disponibili al lancio dell'Apple Vision Pro.<\/p><h2>Esperienze di intrattenimento coinvolgenti<\/h2><h3>Apple Video immersivo<\/h3><p>Apple Vision Pro presenta un nuovo formato di intrattenimento chiamato Apple Immersive Video. Questo formato presenta registrazioni 3D 8K a 180 gradi con audio spaziale, trasportando gli spettatori nel cuore di storie ed esperienze. Al momento del lancio, gli utenti possono godersi una selezione curata di film e serie immersive sull'app Apple TV, come Alicia Keys: Rehearsal Room, Adventure, Wild Life e Prehistoric Planet Immersive.<\/p><h3>Disney+ in 3D<\/h3><p>Disney+ offrir\u00e0 il suo intero catalogo in uno straordinario 3D su Apple Vision Pro. Gli utenti potranno immergersi in ambienti ispirati a Disney, tra cui il Disney+ Theater, lo Scare Floor di Monsters Inc. della Pixar, la Avengers Tower della Marvel e la cabina di pilotaggio del landspeeder di Luke Skywalker di Star Wars. Questi ambienti saranno caratterizzati da animazioni, suoni e uova di Pasqua per migliorare l'esperienza di visione.<\/p><h3>Incontro con i dinosauri<\/h3><p>L'Apple Vision Pro sar\u00e0 fornito con l'applicazione Encounter Dinosaurs, che consente agli utenti di interagire con dinosauri giganti e tridimensionali. Questa applicazione, ispirata al film Prehistoric Planet di Jon Favreau, d\u00e0 vita a queste antiche creature nello spazio dell'utente.<\/p><h2>Film in 3D ed esperienze teatrali<\/h2><p>Gli utenti di Apple Vision Pro avranno accesso a oltre 150 film in 3D dei migliori studi cinematografici, compresi successi recenti come Avatar: The Way of Water, Dune e Spider-Man: Into the Spider-Verse. Questi film saranno disponibili per il noleggio o l'acquisto dall'applicazione Apple TV e gli utenti potranno guardarli con una profondit\u00e0 e una chiarezza notevoli grazie a Dolby Vision e Multiview High Efficiency Coding (MV-HEVC).<\/p><h2>Apple Arcade e App Store<\/h2><p>Il nuovissimo App Store dell'Apple Vision Pro conterr\u00e0 oltre 1 milione di applicazioni e pi\u00f9 di 250 giochi su Apple Arcade, offrendo una vasta gamma di intrattenimento interattivo e di esperienze spaziali costruite per l'VisionOS. Gli utenti possono aspettarsi un mondo di intrattenimento creato su misura per le capacit\u00e0 di calcolo spaziale dell'Apple Vision Pro.<\/p><h2>Conclusione<\/h2><p>Il lancio dell'Apple Vision Pro non \u00e8 solo una pietra miliare nell'innovazione dell'hardware; \u00e8 un salto in un futuro in cui l'intrattenimento e le applicazioni sono pi\u00f9 coinvolgenti, interattive e realistiche che mai. Dai film che vi circondano ai dinosauri che si aggirano nel vostro salotto, l'Apple Vision Pro \u00e8 destinato a ridefinire la nostra esperienza di intrattenimento. Man mano che ci avviciniamo alla data di lancio, l'eccitazione \u00e8 palpabile e le possibilit\u00e0 sembrano infinite.<\/p><p>Restate sintonizzati per ulteriori aggiornamenti sull'Apple Vision Pro e sull'entusiasmante mondo di applicazioni ed esperienze che porta con s\u00e9. Il futuro dell'intrattenimento immersivo \u00e8 dietro l'angolo, ed \u00e8 pi\u00f9 luminoso che mai!<\/p><p>&#8212;<\/p><p>Per ulteriori informazioni sulle app e sulle esperienze di lancio dell'Apple Vision Pro, visitate il sito web dell'Apple o seguite tech news per gli ultimi aggiornamenti e recensioni.<\/p><p>\u00a0<\/p><p><a href=\"https:\/\/ioasis.eu\/it\/blog\/\"><span style=\"text-decoration: underline;\">Indietro<\/span><\/a><\/p>\t\t\t\t\t\t<\/div>\n\t\t\t\t<\/div>\n\t\t\t\t\t<\/div>\n\t\t\t\t<\/div>\n\t\t\t\t\t\t\t<\/div>","protected":false},"excerpt":{"rendered":"<p>Con l'ingresso nell'era dell'Apple Vision Pro, si apre un nuovo orizzonte di applicazioni ed esperienze di intrattenimento. In questo post esploreremo la vasta gamma di applicazioni ed esperienze che saranno disponibili al lancio dell'Apple Vision Pro.<\/p>","protected":false},"author":1,"featured_media":737,"parent":415,"menu_order":0,"comment_status":"closed","ping_status":"closed","template":"","meta":{"footnotes":""},"class_list":["post-735","page","type-page","status-publish","has-post-thumbnail","hentry"],"jetpack_sharing_enabled":true,"_links":{"self":[{"href":"https:\/\/ioasis.eu\/it\/wp-json\/wp\/v2\/pages\/735","targetHints":{"allow":["GET"]}}],"collection":[{"href":"https:\/\/ioasis.eu\/it\/wp-json\/wp\/v2\/pages"}],"about":[{"href":"https:\/\/ioasis.eu\/it\/wp-json\/wp\/v2\/types\/page"}],"author":[{"embeddable":true,"href":"https:\/\/ioasis.eu\/it\/wp-json\/wp\/v2\/users\/1"}],"replies":[{"embeddable":true,"href":"https:\/\/ioasis.eu\/it\/wp-json\/wp\/v2\/comments?post=735"}],"version-history":[{"count":4,"href":"https:\/\/ioasis.eu\/it\/wp-json\/wp\/v2\/pages\/735\/revisions"}],"predecessor-version":[{"id":745,"href":"https:\/\/ioasis.eu\/it\/wp-json\/wp\/v2\/pages\/735\/revisions\/745"}],"up":[{"embeddable":true,"href":"https:\/\/ioasis.eu\/it\/wp-json\/wp\/v2\/pages\/415"}],"wp:featuredmedia":[{"embeddable":true,"href":"https:\/\/ioasis.eu\/it\/wp-json\/wp\/v2\/media\/737"}],"wp:attachment":[{"href":"https:\/\/ioasis.eu\/it\/wp-json\/wp\/v2\/media?parent=735"}],"curies":[{"name":"wp","href":"https:\/\/api.w.org\/{rel}","templated":true}]}}