{"id":47,"date":"2023-06-09T13:57:59","date_gmt":"2023-06-09T11:57:59","guid":{"rendered":"http:\/\/ioasis.eu\/?post_type=product&#038;p=47"},"modified":"2024-03-25T09:48:36","modified_gmt":"2024-03-25T08:48:36","slug":"apple-vision-pro","status":"publish","type":"product","link":"https:\/\/ioasis.eu\/it\/prodotto\/apple-vision-pro\/","title":{"rendered":"Apple Vision Pro"},"content":{"rendered":"<h4><strong>Panoramica<\/strong><\/h4>\n<p>Benvenuti nell'era dell'elaborazione spaziale con l'Apple Vision Pro. Questo rivoluzionario dispositivo fonde perfettamente i contenuti digitali con il vostro spazio fisico, permettendovi di navigare semplicemente usando gli occhi, le mani e la voce. L'Apple Vision Pro trasforma il modo in cui utilizzate le applicazioni che amate, trasformando in realt\u00e0 lo spazio di lavoro dei vostri sogni, il tutto rimanendo sempre presenti nel mondo che vi circonda. Un'esperienza senza precedenti, da vedere per credere.<\/p>\n<h3><\/h3>\n<p>&nbsp;<\/p>\n<h4><strong>Punti salienti<\/strong><\/h4>\n<p><strong>Informatica spaziale<\/strong>: Apple Vision Pro introduce una nuova era dell'informatica spaziale, in cui i contenuti digitali si fondono con lo spazio fisico. \u00c8 possibile navigare usando gli occhi, le mani e la voce, consentendo di fare le cose che si amano in modi mai possibili prima.<\/p>\n<p><strong>Applicazioni:<\/strong> Le vostre app vivono nel vostro spazio. Con Vision Pro, avete a disposizione una tela infinita che trasforma il modo in cui utilizzate le vostre app preferite. Potete disporre le app ovunque e ridimensionarle alla dimensione perfetta, creando il vostro spazio di lavoro da sogno e rimanendo sempre presenti nel mondo che vi circonda.<\/p>\n<p><strong>Intrattenimento:<\/strong> Vision Pro \u00e8 in grado di trasformare qualsiasi stanza nel vostro cinema personale. Espandete i vostri film, spettacoli e giochi fino alla dimensione perfetta, sentendovi parte dell'azione con l'audio spaziale. E con un numero di pixel superiore a quello di un televisore 4K per ogni occhio, potrete godervi contenuti straordinari ovunque vi troviate.<\/p>\n<p><strong>Foto e video:<\/strong> Vision Pro \u00e8 la prima fotocamera 3D di Apple. \u00c8 possibile catturare magiche foto spaziali e video spaziali in 3D, per poi rivivere i momenti pi\u00f9 cari come mai prima d'ora con l'audio spaziale coinvolgente. La vostra libreria di foto e video esistente avr\u00e0 un aspetto incredibile in una scala straordinaria.<\/p>\n<p><strong>Connessione:<\/strong> Vision Pro semplifica la collaborazione e la connessione ovunque ci si trovi. Le mattonelle video di FaceTime sono a grandezza naturale e, quando si aggiungono nuove persone, la chiamata si espande semplicemente nella stanza. All'interno di FaceTime, \u00e8 anche possibile utilizzare le app per collaborare con i colleghi sugli stessi documenti contemporaneamente.<\/p>\n<p><strong>Design:<\/strong> Apple Vision Pro \u00e8 il risultato di decenni di esperienza nella progettazione di dispositivi mobili e indossabili ad alte prestazioni. Integra una tecnologia incredibilmente avanzata in una forma elegante e compatta, per un'esperienza straordinaria ogni volta che lo si indossa.<\/p>\n<p><strong>VisionOS:<\/strong> Costruito sulle fondamenta di macOS, iOS e iPadOS, l'visionOS consente di vivere esperienze spaziali potenti. Controllate Vision Pro con gli occhi, le mani e la voce: le interazioni sono intuitive e magiche.<\/p>\n<p><strong>Tecnologia:<\/strong> Le esperienze spaziali su Vision Pro sono possibili solo grazie all'innovativa tecnologia Apple. I display grandi come un francobollo offrono a ogni occhio pi\u00f9 pixel di un televisore 4K. Incredibili progressi nell'audio spaziale. Un rivoluzionario design a doppio chip con silicio Apple personalizzato. Una sofisticata serie di fotocamere e sensori.<\/p>\n<p><strong>Privacy e sicurezza:<\/strong> Come tutti i prodotti e i servizi Apple, anche l'Vision Pro \u00e8 stato progettato per aiutarvi a proteggere la vostra privacy e a mantenere il controllo dei vostri dati. Si basa sulle caratteristiche di privacy e sicurezza esistenti dell'Apple con nuove tecnologie come Optic ID, un sistema di autenticazione sicuro che utilizza l'unicit\u00e0 dell'iride.<\/p>","protected":false},"excerpt":{"rendered":"<p>L'Apple Vision Pro \u00e8 un rivoluzionario dispositivo di elaborazione spaziale che fonde perfettamente i contenuti digitali con lo spazio fisico. Offre un'esperienza di intrattenimento coinvolgente, una fotocamera 3D per foto e video spaziali e facilita le connessioni significative attraverso le tessere video FaceTime a grandezza naturale. Il suo design integra tecnologie avanzate in una forma compatta ed \u00e8 alimentato da un esclusivo design a doppio chip per una grafica straordinaria e visualizzazioni in tempo reale.<\/p>","protected":false},"featured_media":221,"template":"","meta":[],"product_cat":[31],"product_tag":[18,27,25,29,17,26,28,19],"class_list":["post-47","product","type-product","status-publish","has-post-thumbnail","hentry","product_cat-apple-vision-pro","product_tag-apple","product_tag-apple-ar","product_tag-apple-headset","product_tag-apple-vision","product_tag-apple-vision-pro","product_tag-apple-vr","product_tag-vision","product_tag-vision-pro"],"jetpack_sharing_enabled":true,"_links":{"self":[{"href":"https:\/\/ioasis.eu\/it\/wp-json\/wp\/v2\/product\/47","targetHints":{"allow":["GET"]}}],"collection":[{"href":"https:\/\/ioasis.eu\/it\/wp-json\/wp\/v2\/product"}],"about":[{"href":"https:\/\/ioasis.eu\/it\/wp-json\/wp\/v2\/types\/product"}],"wp:featuredmedia":[{"embeddable":true,"href":"https:\/\/ioasis.eu\/it\/wp-json\/wp\/v2\/media\/221"}],"wp:attachment":[{"href":"https:\/\/ioasis.eu\/it\/wp-json\/wp\/v2\/media?parent=47"}],"wp:term":[{"taxonomy":"product_cat","embeddable":true,"href":"https:\/\/ioasis.eu\/it\/wp-json\/wp\/v2\/product_cat?post=47"},{"taxonomy":"product_tag","embeddable":true,"href":"https:\/\/ioasis.eu\/it\/wp-json\/wp\/v2\/product_tag?post=47"}],"curies":[{"name":"wp","href":"https:\/\/api.w.org\/{rel}","templated":true}]}}