{"id":942,"date":"2024-02-03T02:06:25","date_gmt":"2024-02-03T01:06:25","guid":{"rendered":"https:\/\/ioasis.eu\/?post_type=product&#038;p=942"},"modified":"2024-02-03T02:06:26","modified_gmt":"2024-02-03T01:06:26","slug":"apple-vision-pro-solo-knit-band","status":"publish","type":"product","link":"https:\/\/ioasis.eu\/nl\/product\/apple-vision-pro-solo-gebreide-band\/","title":{"rendered":"Apple Vision Pro Solo Knit Band"},"content":{"rendered":"<p>Ontworpen voor Apple Vision Pro, is de Solo Knit band 3D gebreid als een enkel stuk om een unieke ribstructuur te cre\u00ebren die demping, ademend vermogen en stretch biedt. Het heeft een gemakkelijk te bereiken Fit Dial om de Apple Vision Pro aan te passen aan je hoofd en maakt micro-aanpassingen mogelijk tijdens het gebruik. De Solo Knit band wordt bevestigd aan de Audio Straps met een eenvoudig en veilig mechanisme en met de lipjes kun je hem losmaken wanneer dat nodig is.<\/p>\n<p>&nbsp;<\/p>\n<div class=\"rc-pdsection-sidepanel column large-3 small-12\">\n<h3 class=\"rc-pdsection-title\" data-autom=\"sectionTitle\">Wat zit er in de doos<\/h3>\n<\/div>\n<div class=\"rc-pdsection-mainpanel column large-9 small-12\">\n<div class=\"para-list as-pdp-lastparalist\">\n<p>Apple Vision Pro Solo Knit Band<\/p>\n<\/div>\n<\/div>","protected":false},"excerpt":{"rendered":"<p>De Solo Knit band is ontworpen voor Apple Vision Pro en is 3D gebreid uit \u00e9\u00e9n stuk om een unieke ribstructuur te cre\u00ebren die demping, ademend vermogen en stretch biedt.<\/p>","protected":false},"featured_media":945,"template":"","meta":[],"product_cat":[43,31],"product_tag":[59,62,63,61,60],"class_list":["post-942","product","type-product","status-publish","has-post-thumbnail","hentry","product_cat-accessories","product_cat-apple-vision-pro","product_tag-apple-vision-pro-solo-knit-band","product_tag-band","product_tag-headband","product_tag-knit-band","product_tag-solo-knit-band"],"jetpack_sharing_enabled":true,"_links":{"self":[{"href":"https:\/\/ioasis.eu\/nl\/wp-json\/wp\/v2\/product\/942","targetHints":{"allow":["GET"]}}],"collection":[{"href":"https:\/\/ioasis.eu\/nl\/wp-json\/wp\/v2\/product"}],"about":[{"href":"https:\/\/ioasis.eu\/nl\/wp-json\/wp\/v2\/types\/product"}],"wp:featuredmedia":[{"embeddable":true,"href":"https:\/\/ioasis.eu\/nl\/wp-json\/wp\/v2\/media\/945"}],"wp:attachment":[{"href":"https:\/\/ioasis.eu\/nl\/wp-json\/wp\/v2\/media?parent=942"}],"wp:term":[{"taxonomy":"product_cat","embeddable":true,"href":"https:\/\/ioasis.eu\/nl\/wp-json\/wp\/v2\/product_cat?post=942"},{"taxonomy":"product_tag","embeddable":true,"href":"https:\/\/ioasis.eu\/nl\/wp-json\/wp\/v2\/product_tag?post=942"}],"curies":[{"name":"wp","href":"https:\/\/api.w.org\/{rel}","templated":true}]}}