{"id":342,"date":"2023-06-10T18:25:04","date_gmt":"2023-06-10T16:25:04","guid":{"rendered":"http:\/\/ioasis.eu\/?page_id=342"},"modified":"2024-01-18T17:45:12","modified_gmt":"2024-01-18T16:45:12","slug":"privacy-policy","status":"publish","type":"page","link":"https:\/\/ioasis.eu\/pl\/polityka-prywatnosci\/","title":{"rendered":"Polityka prywatno\u015bci"},"content":{"rendered":"<div data-elementor-type=\"wp-page\" data-elementor-id=\"342\" class=\"elementor elementor-342\">\n\t\t\t\t\t\t\t<div class=\"elementor-element elementor-element-98f76c5 e-con-boxed e-flex e-con\" data-id=\"98f76c5\" data-element_type=\"container\" data-settings=\"{&quot;content_width&quot;:&quot;boxed&quot;}\">\n\t\t\t\t\t<div class=\"e-con-inner\">\n\t\t\t\t<div class=\"elementor-element elementor-element-17fc843 elementor-widget elementor-widget-heading\" data-id=\"17fc843\" data-element_type=\"widget\" data-widget_type=\"heading.default\">\n\t\t\t\t<div class=\"elementor-widget-container\">\n\t\t\t<style>\/*! elementor - v3.13.3 - 28-05-2023 *\/\n.elementor-heading-title{padding:0;margin:0;line-height:1}.elementor-widget-heading .elementor-heading-title[class*=elementor-size-]>a{color:inherit;font-size:inherit;line-height:inherit}.elementor-widget-heading .elementor-heading-title.elementor-size-small{font-size:15px}.elementor-widget-heading .elementor-heading-title.elementor-size-medium{font-size:19px}.elementor-widget-heading .elementor-heading-title.elementor-size-large{font-size:29px}.elementor-widget-heading .elementor-heading-title.elementor-size-xl{font-size:39px}.elementor-widget-heading .elementor-heading-title.elementor-size-xxl{font-size:59px}<\/style><h1 class=\"elementor-heading-title elementor-size-default\">Polityka prywatno\u015bci<\/h1>\t\t<\/div>\n\t\t\t\t<\/div>\n\t\t\t\t<div class=\"elementor-element elementor-element-7ed18c3 elementor-widget elementor-widget-text-editor\" data-id=\"7ed18c3\" data-element_type=\"widget\" data-widget_type=\"text-editor.default\">\n\t\t\t\t<div class=\"elementor-widget-container\">\n\t\t\t<style>\/*! elementor - v3.13.3 - 28-05-2023 *\/\n.elementor-widget-text-editor.elementor-drop-cap-view-stacked .elementor-drop-cap{background-color:#69727d;color:#fff}.elementor-widget-text-editor.elementor-drop-cap-view-framed .elementor-drop-cap{color:#69727d;border:3px solid;background-color:transparent}.elementor-widget-text-editor:not(.elementor-drop-cap-view-default) .elementor-drop-cap{margin-top:8px}.elementor-widget-text-editor:not(.elementor-drop-cap-view-default) .elementor-drop-cap-letter{width:1em;height:1em}.elementor-widget-text-editor .elementor-drop-cap{float:left;text-align:center;line-height:1;font-size:50px}.elementor-widget-text-editor .elementor-drop-cap-letter{display:inline-block}<\/style>\t\t\t\t<p><strong>Wprowadzenie<\/strong><\/p><p>iOasis (\"my\", \"nas\", \"nasz\") szanuje prywatno\u015b\u0107 u\u017cytkownik\u00f3w i zobowi\u0105zuje si\u0119 do ochrony ich danych osobowych. Niniejsza polityka prywatno\u015bci zawiera informacje o tym, w jaki spos\u00f3b post\u0119pujemy z danymi osobowymi u\u017cytkownik\u00f3w, o ich prawach do prywatno\u015bci oraz o tym, w jaki spos\u00f3b chroni ich prawo.<\/p><p><strong>Jakie dane gromadzimy<\/strong><\/p><p>Mo\u017cemy gromadzi\u0107, wykorzystywa\u0107, przechowywa\u0107 i przekazywa\u0107 r\u00f3\u017cne rodzaje danych osobowych u\u017cytkownika, w tym:<\/p><ul><li>Dane identyfikacyjne: Obejmuje imi\u0119, nazwisko, nazw\u0119 u\u017cytkownika lub podobny identyfikator.<\/li><li>Dane kontaktowe: Obejmuj\u0105 adres rozliczeniowy, adres dostawy, adres e-mail i numery telefon\u00f3w.<\/li><li>Dane finansowe: Obejmuje dane konta bankowego i karty p\u0142atniczej.<\/li><li>Dane transakcji: Obejmuj\u0105 szczeg\u00f3\u0142y dotycz\u0105ce p\u0142atno\u015bci na rzecz u\u017cytkownika i od u\u017cytkownika oraz inne szczeg\u00f3\u0142y dotycz\u0105ce produkt\u00f3w zakupionych od nas przez u\u017cytkownika.<\/li><\/ul><p><strong>Jak wykorzystujemy dane u\u017cytkownika<\/strong><\/p><p>B\u0119dziemy wykorzystywa\u0107 dane osobowe u\u017cytkownika tylko wtedy, gdy zezwala nam na to prawo. Najcz\u0119\u015bciej b\u0119dziemy wykorzystywa\u0107 dane osobowe u\u017cytkownika w nast\u0119puj\u0105cych okoliczno\u015bciach:<\/p><ul><li>Przetwarzanie i dostarczanie zam\u00f3wie\u0144.<\/li><li>Zarz\u0105dzanie naszymi relacjami z u\u017cytkownikiem.<\/li><li>Administrowanie i ochrona naszej dzia\u0142alno\u015bci i naszej witryny.<\/li><\/ul><p><strong>Bezpiecze\u0144stwo danych<\/strong><\/p><p>Wdro\u017cyli\u015bmy odpowiednie \u015brodki bezpiecze\u0144stwa, aby zapobiec przypadkowej utracie, wykorzystaniu lub nieuprawnionemu dost\u0119powi do danych osobowych u\u017cytkownika, ich zmianie lub ujawnieniu.<\/p><p><strong>Przechowywanie danych<\/strong><\/p><p>B\u0119dziemy przechowywa\u0107 dane osobowe u\u017cytkownika wy\u0142\u0105cznie tak d\u0142ugo, jak b\u0119dzie to konieczne do realizacji cel\u00f3w, dla kt\u00f3rych je zgromadzili\u015bmy, w tym w celu spe\u0142nienia wszelkich wymog\u00f3w prawnych, ksi\u0119gowych lub sprawozdawczych.<\/p><p><strong>Prawa u\u017cytkownika<\/strong><\/p><p>W pewnych okoliczno\u015bciach u\u017cytkownikowi przys\u0142uguj\u0105 prawa wynikaj\u0105ce z przepis\u00f3w o ochronie danych w odniesieniu do jego danych osobowych, w tym prawo do \u017c\u0105dania dost\u0119pu do jego danych osobowych, \u017c\u0105dania poprawienia jego danych osobowych, \u017c\u0105dania usuni\u0119cia jego danych osobowych i inne.<\/p><p><strong>Kontakt<\/strong><\/p><p>W przypadku jakichkolwiek pyta\u0144 dotycz\u0105cych niniejszej polityki prywatno\u015bci lub naszych praktyk w zakresie prywatno\u015bci, prosimy o kontakt pod adresem <a href=\"mailto:shop@ioasis.eu\">shop@ioasis.eu<\/a>.<\/p><p><strong>Zastrze\u017cenie o braku powi\u0105za\u0144<\/strong><\/p><p>iOasis jest niezale\u017cnym podmiotem zajmuj\u0105cym si\u0119 sprzeda\u017c\u0105 detaliczn\u0105 i nie jest powi\u0105zany, wspierany ani stowarzyszony z Apple Inc.<\/p><p>Wszystkie produkty Apple sprzedawane na naszej stronie internetowej s\u0105 100% oryginalne i autentyczne, nabyte za po\u015brednictwem legalnych kana\u0142\u00f3w.<\/p><p>Wszystkie znaki towarowe, w tym mi\u0119dzy innymi znaki towarowe Apple, s\u0105 w\u0142asno\u015bci\u0105 odpowiednich w\u0142a\u015bcicieli i s\u0105 u\u017cywane wy\u0142\u0105cznie w celach identyfikacyjnych.<\/p><p>Nasza dzia\u0142alno\u015b\u0107 biznesowa jest zgodna z lokalnymi i regionalnymi przepisami i regulacjami dotycz\u0105cymi sprzeda\u017cy elektroniki u\u017cytkowej.<\/p><p>Firma Apple Inc. nie jest w \u017caden spos\u00f3b powi\u0105zana, sponsorowana, popierana ani partnerska.<\/p>\t\t\t\t\t\t<\/div>\n\t\t\t\t<\/div>\n\t\t\t\t\t<\/div>\n\t\t\t\t<\/div>\n\t\t\t\t\t\t\t<\/div>","protected":false},"excerpt":{"rendered":"<p>Polityka prywatno\u015bci Wprowadzenie iOasis (\"my\", \"nas\", \"nasz\") szanuje Twoj\u0105 prywatno\u015b\u0107 i zobowi\u0105zuje si\u0119 do ochrony Twoich danych osobowych. Niniejsza polityka prywatno\u015bci zawiera informacje o tym, jak post\u0119pujemy z danymi osobowymi u\u017cytkownik\u00f3w, o ich prawach do prywatno\u015bci oraz o tym, jak chroni ich prawo. Jakie dane gromadzimy Mo\u017cemy gromadzi\u0107, wykorzystywa\u0107, przechowywa\u0107 i przekazywa\u0107 r\u00f3\u017cne rodzaje danych osobowych [...]<\/p>","protected":false},"author":1,"featured_media":0,"parent":0,"menu_order":0,"comment_status":"closed","ping_status":"closed","template":"","meta":{"footnotes":""},"class_list":["post-342","page","type-page","status-publish","hentry"],"jetpack_sharing_enabled":true,"_links":{"self":[{"href":"https:\/\/ioasis.eu\/pl\/wp-json\/wp\/v2\/pages\/342","targetHints":{"allow":["GET"]}}],"collection":[{"href":"https:\/\/ioasis.eu\/pl\/wp-json\/wp\/v2\/pages"}],"about":[{"href":"https:\/\/ioasis.eu\/pl\/wp-json\/wp\/v2\/types\/page"}],"author":[{"embeddable":true,"href":"https:\/\/ioasis.eu\/pl\/wp-json\/wp\/v2\/users\/1"}],"replies":[{"embeddable":true,"href":"https:\/\/ioasis.eu\/pl\/wp-json\/wp\/v2\/comments?post=342"}],"version-history":[{"count":13,"href":"https:\/\/ioasis.eu\/pl\/wp-json\/wp\/v2\/pages\/342\/revisions"}],"predecessor-version":[{"id":540,"href":"https:\/\/ioasis.eu\/pl\/wp-json\/wp\/v2\/pages\/342\/revisions\/540"}],"wp:attachment":[{"href":"https:\/\/ioasis.eu\/pl\/wp-json\/wp\/v2\/media?parent=342"}],"curies":[{"name":"wp","href":"https:\/\/api.w.org\/{rel}","templated":true}]}}