{"id":415,"date":"2023-06-11T01:14:12","date_gmt":"2023-06-10T23:14:12","guid":{"rendered":"https:\/\/ioasis.eu\/?page_id=415"},"modified":"2024-01-22T14:19:17","modified_gmt":"2024-01-22T13:19:17","slug":"blog","status":"publish","type":"page","link":"https:\/\/ioasis.eu\/pl\/blog\/","title":{"rendered":"Blog"},"content":{"rendered":"<div data-elementor-type=\"wp-page\" data-elementor-id=\"415\" class=\"elementor elementor-415\">\n\t\t\t\t\t\t\t<div class=\"elementor-element elementor-element-c5f914f e-con-boxed e-flex e-con\" data-id=\"c5f914f\" data-element_type=\"container\" data-settings=\"{&quot;content_width&quot;:&quot;boxed&quot;}\">\n\t\t\t\t\t<div class=\"e-con-inner\">\n\t\t\t\t<div class=\"elementor-element elementor-element-a9c7d34 elementor-widget elementor-widget-heading\" data-id=\"a9c7d34\" data-element_type=\"widget\" data-widget_type=\"heading.default\">\n\t\t\t\t<div class=\"elementor-widget-container\">\n\t\t\t<style>\/*! elementor - v3.13.3 - 28-05-2023 *\/\n.elementor-heading-title{padding:0;margin:0;line-height:1}.elementor-widget-heading .elementor-heading-title[class*=elementor-size-]>a{color:inherit;font-size:inherit;line-height:inherit}.elementor-widget-heading .elementor-heading-title.elementor-size-small{font-size:15px}.elementor-widget-heading .elementor-heading-title.elementor-size-medium{font-size:19px}.elementor-widget-heading .elementor-heading-title.elementor-size-large{font-size:29px}.elementor-widget-heading .elementor-heading-title.elementor-size-xl{font-size:39px}.elementor-widget-heading .elementor-heading-title.elementor-size-xxl{font-size:59px}<\/style><h1 class=\"elementor-heading-title elementor-size-default\">Blog<\/h1>\t\t<\/div>\n\t\t\t\t<\/div>\n\t\t\t\t\t<\/div>\n\t\t\t\t<\/div>\n\t\t<div class=\"elementor-element elementor-element-72e31ca e-con-boxed e-flex e-con\" data-id=\"72e31ca\" data-element_type=\"container\" data-settings=\"{&quot;content_width&quot;:&quot;boxed&quot;}\">\n\t\t\t\t\t<div class=\"e-con-inner\">\n\t\t\t\t<div class=\"elementor-element elementor-element-41219eb elementor-widget elementor-widget-heading\" data-id=\"41219eb\" data-element_type=\"widget\" data-widget_type=\"heading.default\">\n\t\t\t\t<div class=\"elementor-widget-container\">\n\t\t\t<h2 class=\"elementor-heading-title elementor-size-default\">Aplikacje dost\u0119pne w momencie uruchomienia na Apple Vision Pro<\/h2>\t\t<\/div>\n\t\t\t\t<\/div>\n\t\t\t\t<div class=\"elementor-element elementor-element-9c643ab elementor-widget elementor-widget-text-editor\" data-id=\"9c643ab\" data-element_type=\"widget\" data-widget_type=\"text-editor.default\">\n\t\t\t\t<div class=\"elementor-widget-container\">\n\t\t\t<style>\/*! elementor - v3.13.3 - 28-05-2023 *\/\n.elementor-widget-text-editor.elementor-drop-cap-view-stacked .elementor-drop-cap{background-color:#69727d;color:#fff}.elementor-widget-text-editor.elementor-drop-cap-view-framed .elementor-drop-cap{color:#69727d;border:3px solid;background-color:transparent}.elementor-widget-text-editor:not(.elementor-drop-cap-view-default) .elementor-drop-cap{margin-top:8px}.elementor-widget-text-editor:not(.elementor-drop-cap-view-default) .elementor-drop-cap-letter{width:1em;height:1em}.elementor-widget-text-editor .elementor-drop-cap{float:left;text-align:center;line-height:1;font-size:50px}.elementor-widget-text-editor .elementor-drop-cap-letter{display:inline-block}<\/style>\t\t\t\t<p>Gdy wkraczamy w er\u0119 Apple Vision Pro, otwiera si\u0119 przed nami nowy horyzont aplikacji i rozrywki. Ten rewolucyjny zestaw s\u0142uchawkowy rzeczywisto\u015bci mieszanej, zasilany przez VisionOS, ma zmieni\u0107 nasz\u0105 interakcj\u0119 z cyfrowym \u015bwiatem. W tym wpisie na blogu zbadamy r\u00f3\u017cnorodn\u0105 gam\u0119 aplikacji i do\u015bwiadcze\u0144, kt\u00f3re b\u0119d\u0105 dost\u0119pne podczas premiery Apple Vision Pro.<\/p><p><a href=\"https:\/\/ioasis.eu\/pl\/blog\/aplikacje-dostepne-w-momencie-premiery-na-apple-vision-pro\/\"><span style=\"text-decoration: underline;\">Czytaj dalej<\/span><\/a><\/p>\t\t\t\t\t\t<\/div>\n\t\t\t\t<\/div>\n\t\t\t\t\t<\/div>\n\t\t\t\t<\/div>\n\t\t<div class=\"elementor-element elementor-element-d25ce20 e-con-boxed e-flex e-con\" data-id=\"d25ce20\" data-element_type=\"container\" data-settings=\"{&quot;content_width&quot;:&quot;boxed&quot;}\">\n\t\t\t\t\t<div class=\"e-con-inner\">\n\t\t\t\t<div class=\"elementor-element elementor-element-0300716 elementor-widget elementor-widget-heading\" data-id=\"0300716\" data-element_type=\"widget\" data-widget_type=\"heading.default\">\n\t\t\t\t<div class=\"elementor-widget-container\">\n\t\t\t<h2 class=\"elementor-heading-title elementor-size-default\">Odkryj VisionOS: Rewolucja w do\u015bwiadczeniach Apple Vision Pro<\/h2>\t\t<\/div>\n\t\t\t\t<\/div>\n\t\t\t\t<div class=\"elementor-element elementor-element-12670de elementor-widget elementor-widget-text-editor\" data-id=\"12670de\" data-element_type=\"widget\" data-widget_type=\"text-editor.default\">\n\t\t\t\t<div class=\"elementor-widget-container\">\n\t\t\t\t\t\t\t<p>Witamy w \u015bwiecie VisionOS, prze\u0142omowego systemu operacyjnego nap\u0119dzaj\u0105cego Apple Vision Pro. Jako przyszli w\u0142a\u015bciciele lub entuzja\u015bci tego innowacyjnego urz\u0105dzenia, wkraczasz do \u015bwiata, w kt\u00f3rym \u015bwiat cyfrowy i fizyczny p\u0142ynnie si\u0119 \u0142\u0105cz\u0105. VisionOS to co\u015b wi\u0119cej ni\u017c tylko system operacyjny; to brama do do\u015bwiadcze\u0144 i interakcji, kt\u00f3re redefiniuj\u0105 nasze postrzeganie rzeczywisto\u015bci. Zanurzmy si\u0119 w tym, co sprawia, \u017ce VisionOS zmienia zasady gry dla zwyk\u0142ych u\u017cytkownik\u00f3w.<\/p><p><a href=\"https:\/\/ioasis.eu\/pl\/blog\/odkryj-visionos-rewolucjonizujace-doswiadczenie-apple-vision-pro\/\"><span style=\"text-decoration: underline;\">Czytaj dalej<\/span><\/a><\/p>\t\t\t\t\t\t<\/div>\n\t\t\t\t<\/div>\n\t\t\t\t\t<\/div>\n\t\t\t\t<\/div>\n\t\t<div class=\"elementor-element elementor-element-55a549d e-con-boxed e-flex e-con\" data-id=\"55a549d\" data-element_type=\"container\" data-settings=\"{&quot;content_width&quot;:&quot;boxed&quot;}\">\n\t\t\t\t\t<div class=\"e-con-inner\">\n\t\t\t\t<div class=\"elementor-element elementor-element-5e8c879 elementor-widget elementor-widget-heading\" data-id=\"5e8c879\" data-element_type=\"widget\" data-widget_type=\"heading.default\">\n\t\t\t\t<div class=\"elementor-widget-container\">\n\t\t\t<h2 class=\"elementor-heading-title elementor-size-default\">Maksymalizacja do\u015bwiadczenia Apple Vision Pro: Kompleksowy przewodnik<\/h2>\t\t<\/div>\n\t\t\t\t<\/div>\n\t\t\t\t<div class=\"elementor-element elementor-element-d7841a8 elementor-widget elementor-widget-text-editor\" data-id=\"d7841a8\" data-element_type=\"widget\" data-widget_type=\"text-editor.default\">\n\t\t\t\t<div class=\"elementor-widget-container\">\n\t\t\t\t\t\t\t<p>Witamy w naszym szczeg\u00f3\u0142owym przewodniku na temat tego, jak najlepiej wykorzysta\u0107 Apple Vision Pro. To najnowocze\u015bniejsze urz\u0105dzenie oferuje bogactwo funkcji i mo\u017cliwo\u015bci, a my jeste\u015bmy tutaj, aby pom\u00f3c Ci si\u0119 po nich porusza\u0107. Niezale\u017cnie od tego, czy jeste\u015b nowym u\u017cytkownikiem, czy chcesz pog\u0142\u0119bi\u0107 swoj\u0105 wiedz\u0119, ten przewodnik dostarczy cennych informacji, kt\u00f3re zapewni\u0105 bezpieczniejsze, przyjemniejsze i bardziej produktywne do\u015bwiadczenie.<\/p><p><a href=\"https:\/\/ioasis.eu\/pl\/blog\/maksymalizacja-mozliwosci-apple-vision-pro-kompleksowy-przewodnik\/\"><span style=\"text-decoration: underline;\">Czytaj dalej<\/span><\/a><\/p>\t\t\t\t\t\t<\/div>\n\t\t\t\t<\/div>\n\t\t\t\t\t<\/div>\n\t\t\t\t<\/div>\n\t\t<div class=\"elementor-element elementor-element-9760114 e-con-boxed e-flex e-con\" data-id=\"9760114\" data-element_type=\"container\" data-settings=\"{&quot;content_width&quot;:&quot;boxed&quot;}\">\n\t\t\t\t\t<div class=\"e-con-inner\">\n\t\t\t\t<div class=\"elementor-element elementor-element-c5f48db elementor-widget elementor-widget-heading\" data-id=\"c5f48db\" data-element_type=\"widget\" data-widget_type=\"heading.default\">\n\t\t\t\t<div class=\"elementor-widget-container\">\n\t\t\t<h2 class=\"elementor-heading-title elementor-size-default\">\nApple Vision Pro: Przysz\u0142o\u015b\u0107 oblicze\u0144 przestrzennych przybywa do Europy wraz z iOasis<\/h2>\t\t<\/div>\n\t\t\t\t<\/div>\n\t\t\t\t<div class=\"elementor-element elementor-element-1c7a04d elementor-widget elementor-widget-text-editor\" data-id=\"1c7a04d\" data-element_type=\"widget\" data-widget_type=\"text-editor.default\">\n\t\t\t\t<div class=\"elementor-widget-container\">\n\t\t\t\t\t\t\t<p>W ekscytuj\u0105cym wydarzeniu dla entuzjast\u00f3w technologii i profesjonalist\u00f3w w ca\u0142ej Europie, Apple og\u0142osi\u0142 nadchodz\u0105c\u0105 dost\u0119pno\u015b\u0107 swojego prze\u0142omowego Apple Vision Pro, pocz\u0105wszy od 2 lutego 2024 roku. Jako wy\u0142\u0105czny sprzedawca w Europie, iOasis Premier Reseller jest podekscytowany mo\u017cliwo\u015bci\u0105 dostarczenia tego rewolucyjnego komputera przestrzennego naszym klientom.<\/p><p><a href=\"https:\/\/ioasis.eu\/pl\/blog\/apple-vision-pro-jest-juz-dostepny-w-europie-dzieki-ioasis\/\"><span style=\"text-decoration: underline;\">Czytaj dalej<\/span><\/a><\/p>\t\t\t\t\t\t<\/div>\n\t\t\t\t<\/div>\n\t\t\t\t\t<\/div>\n\t\t\t\t<\/div>\n\t\t<div class=\"elementor-element elementor-element-e7e5509 e-con-boxed e-flex e-con\" data-id=\"e7e5509\" data-element_type=\"container\" data-settings=\"{&quot;content_width&quot;:&quot;boxed&quot;}\">\n\t\t\t\t\t<div class=\"e-con-inner\">\n\t\t\t\t<div class=\"elementor-element elementor-element-bdc239c elementor-widget elementor-widget-heading\" data-id=\"bdc239c\" data-element_type=\"widget\" data-widget_type=\"heading.default\">\n\t\t\t\t<div class=\"elementor-widget-container\">\n\t\t\t<h2 class=\"elementor-heading-title elementor-size-default\">\nApple Vision Pro: Rewolucyjny skok w obliczeniach przestrzennych<\/h2>\t\t<\/div>\n\t\t\t\t<\/div>\n\t\t\t\t<div class=\"elementor-element elementor-element-a8fffbb elementor-widget elementor-widget-text-editor\" data-id=\"a8fffbb\" data-element_type=\"widget\" data-widget_type=\"text-editor.default\">\n\t\t\t\t<div class=\"elementor-widget-container\">\n\t\t\t\t\t\t\t<p>Apple zawsze by\u0142 liderem innowacji technologicznych, a ich najnowszy produkt, Apple Vision Pro, nie jest wyj\u0105tkiem. To prze\u0142omowe urz\u0105dzenie ma na celu przedefiniowanie sposobu interakcji z tre\u015bciami cyfrowymi, oferuj\u0105c p\u0142ynne po\u0142\u0105czenie \u015bwiata cyfrowego i fizycznego. W tym wpisie na blogu zag\u0142\u0119biamy si\u0119 w funkcje i mo\u017cliwo\u015bci Apple Vision Pro, badaj\u0105c, dlaczego jest to prze\u0142om w dziedzinie oblicze\u0144 przestrzennych.<\/p><p><a href=\"https:\/\/ioasis.eu\/pl\/blog\/apple-vision-pro-rewolucyjny-skok-w-dziedzinie-obliczen-przestrzennych\/\"><span style=\"text-decoration: underline;\">Czytaj dalej<\/span><\/a><\/p>\t\t\t\t\t\t<\/div>\n\t\t\t\t<\/div>\n\t\t\t\t\t<\/div>\n\t\t\t\t<\/div>\n\t\t<div class=\"elementor-element elementor-element-b59809f e-con-boxed e-flex e-con\" data-id=\"b59809f\" data-element_type=\"container\" data-settings=\"{&quot;content_width&quot;:&quot;boxed&quot;}\">\n\t\t\t\t\t<div class=\"e-con-inner\">\n\t\t\t\t<div class=\"elementor-element elementor-element-b7ccb56 elementor-widget elementor-widget-heading\" data-id=\"b7ccb56\" data-element_type=\"widget\" data-widget_type=\"heading.default\">\n\t\t\t\t<div class=\"elementor-widget-container\">\n\t\t\t<h2 class=\"elementor-heading-title elementor-size-default\">Apple Vision Pro: Przekszta\u0142canie \u015bwiata jednym spojrzeniem na raz<\/h2>\t\t<\/div>\n\t\t\t\t<\/div>\n\t\t\t\t<div class=\"elementor-element elementor-element-cc9cdec elementor-widget elementor-widget-text-editor\" data-id=\"cc9cdec\" data-element_type=\"widget\" data-widget_type=\"text-editor.default\">\n\t\t\t\t<div class=\"elementor-widget-container\">\n\t\t\t\t\t\t\t<p>W stale rozwijaj\u0105cym si\u0119 \u015bwiecie technologii, Apple konsekwentnie wyznacza nowe szlaki, przesuwaj\u0105c granice tego, co mo\u017cliwe i na nowo definiuj\u0105c nasz\u0105 interakcj\u0119 z tre\u015bciami cyfrowymi. Najnowszy dodatek do ich innowacyjnej linii, Apple Vision Pro, ma po raz kolejny zrewolucjonizowa\u0107 krajobraz technologiczny. W tym wpisie na blogu dowiesz si\u0119, w jaki spos\u00f3b Apple Vision Pro mo\u017ce zmieni\u0107 \u015bwiat i jak mo\u017cesz by\u0107 jednym z pierwszych, kt\u00f3rzy do\u015bwiadcz\u0105 tego prze\u0142omowego urz\u0105dzenia.<\/p><p><a href=\"https:\/\/ioasis.eu\/pl\/blog\/apple-vision-pro-przeksztalca-swiat-jednym-spojrzeniem-na-raz\/\"><span style=\"text-decoration: underline;\">Czytaj dalej<\/span><\/a><\/p>\t\t\t\t\t\t<\/div>\n\t\t\t\t<\/div>\n\t\t\t\t\t<\/div>\n\t\t\t\t<\/div>\n\t\t<div class=\"elementor-element elementor-element-d9f1a67 e-con-boxed e-flex e-con\" data-id=\"d9f1a67\" data-element_type=\"container\" data-settings=\"{&quot;content_width&quot;:&quot;boxed&quot;}\">\n\t\t\t\t\t<div class=\"e-con-inner\">\n\t\t\t\t<div class=\"elementor-element elementor-element-e19d2f2 elementor-widget elementor-widget-spacer\" data-id=\"e19d2f2\" data-element_type=\"widget\" data-widget_type=\"spacer.default\">\n\t\t\t\t<div class=\"elementor-widget-container\">\n\t\t\t<style>\/*! elementor - v3.13.3 - 28-05-2023 *\/\n.elementor-column .elementor-spacer-inner{height:var(--spacer-size)}.e-con{--container-widget-width:100%}.e-con-inner>.elementor-widget-spacer,.e-con>.elementor-widget-spacer{width:var(--container-widget-width,var(--spacer-size));--align-self:var(--container-widget-align-self,initial);--flex-shrink:0}.e-con-inner>.elementor-widget-spacer>.elementor-widget-container,.e-con-inner>.elementor-widget-spacer>.elementor-widget-container>.elementor-spacer,.e-con>.elementor-widget-spacer>.elementor-widget-container,.e-con>.elementor-widget-spacer>.elementor-widget-container>.elementor-spacer{height:100%}.e-con-inner>.elementor-widget-spacer>.elementor-widget-container>.elementor-spacer>.elementor-spacer-inner,.e-con>.elementor-widget-spacer>.elementor-widget-container>.elementor-spacer>.elementor-spacer-inner{height:var(--container-widget-height,var(--spacer-size))}<\/style>\t\t<div class=\"elementor-spacer\">\n\t\t\t<div class=\"elementor-spacer-inner\"><\/div>\n\t\t<\/div>\n\t\t\t\t<\/div>\n\t\t\t\t<\/div>\n\t\t\t\t\t<\/div>\n\t\t\t\t<\/div>\n\t\t\t\t\t\t\t<\/div>","protected":false},"excerpt":{"rendered":"<p>Blog Aplikacje dost\u0119pne w momencie premiery Apple Vision Pro Wkraczaj\u0105c w er\u0119 Apple Vision Pro, otwiera si\u0119 przed nami nowy horyzont aplikacji i rozrywki. Ten rewolucyjny zestaw s\u0142uchawkowy rzeczywisto\u015bci mieszanej, zasilany przez VisionOS, ma zmieni\u0107 nasz\u0105 interakcj\u0119 z cyfrowym \u015bwiatem. W tym wpisie na blogu zbadamy [...]<\/p>","protected":false},"author":1,"featured_media":223,"parent":0,"menu_order":0,"comment_status":"closed","ping_status":"closed","template":"","meta":{"footnotes":""},"class_list":["post-415","page","type-page","status-publish","has-post-thumbnail","hentry"],"jetpack_sharing_enabled":true,"_links":{"self":[{"href":"https:\/\/ioasis.eu\/pl\/wp-json\/wp\/v2\/pages\/415","targetHints":{"allow":["GET"]}}],"collection":[{"href":"https:\/\/ioasis.eu\/pl\/wp-json\/wp\/v2\/pages"}],"about":[{"href":"https:\/\/ioasis.eu\/pl\/wp-json\/wp\/v2\/types\/page"}],"author":[{"embeddable":true,"href":"https:\/\/ioasis.eu\/pl\/wp-json\/wp\/v2\/users\/1"}],"replies":[{"embeddable":true,"href":"https:\/\/ioasis.eu\/pl\/wp-json\/wp\/v2\/comments?post=415"}],"version-history":[{"count":16,"href":"https:\/\/ioasis.eu\/pl\/wp-json\/wp\/v2\/pages\/415\/revisions"}],"predecessor-version":[{"id":748,"href":"https:\/\/ioasis.eu\/pl\/wp-json\/wp\/v2\/pages\/415\/revisions\/748"}],"wp:featuredmedia":[{"embeddable":true,"href":"https:\/\/ioasis.eu\/pl\/wp-json\/wp\/v2\/media\/223"}],"wp:attachment":[{"href":"https:\/\/ioasis.eu\/pl\/wp-json\/wp\/v2\/media?parent=415"}],"curies":[{"name":"wp","href":"https:\/\/api.w.org\/{rel}","templated":true}]}}