{"id":423,"date":"2023-06-11T01:21:47","date_gmt":"2023-06-10T23:21:47","guid":{"rendered":"https:\/\/ioasis.eu\/?page_id=423"},"modified":"2023-06-11T01:29:19","modified_gmt":"2023-06-10T23:29:19","slug":"apple-vision-pro-a-revolutionary-leap-in-spatial-computing","status":"publish","type":"page","link":"https:\/\/ioasis.eu\/pl\/blog\/apple-vision-pro-rewolucyjny-skok-w-dziedzinie-obliczen-przestrzennych\/","title":{"rendered":"Apple Vision Pro: Rewolucyjny skok w obliczeniach przestrzennych"},"content":{"rendered":"<div data-elementor-type=\"wp-page\" data-elementor-id=\"423\" class=\"elementor elementor-423\">\n\t\t\t\t\t\t\t<div class=\"elementor-element elementor-element-ed8a82d e-con-boxed e-flex e-con\" data-id=\"ed8a82d\" data-element_type=\"container\" data-settings=\"{&quot;content_width&quot;:&quot;boxed&quot;}\">\n\t\t\t\t\t<div class=\"e-con-inner\">\n\t\t\t\t<div class=\"elementor-element elementor-element-12c54b24 elementor-widget elementor-widget-heading\" data-id=\"12c54b24\" data-element_type=\"widget\" data-widget_type=\"heading.default\">\n\t\t\t\t<div class=\"elementor-widget-container\">\n\t\t\t<style>\/*! elementor - v3.13.3 - 28-05-2023 *\/\n.elementor-heading-title{padding:0;margin:0;line-height:1}.elementor-widget-heading .elementor-heading-title[class*=elementor-size-]>a{color:inherit;font-size:inherit;line-height:inherit}.elementor-widget-heading .elementor-heading-title.elementor-size-small{font-size:15px}.elementor-widget-heading .elementor-heading-title.elementor-size-medium{font-size:19px}.elementor-widget-heading .elementor-heading-title.elementor-size-large{font-size:29px}.elementor-widget-heading .elementor-heading-title.elementor-size-xl{font-size:39px}.elementor-widget-heading .elementor-heading-title.elementor-size-xxl{font-size:59px}<\/style><h1 class=\"elementor-heading-title elementor-size-default\">Apple Vision Pro: Rewolucyjny skok w obliczeniach przestrzennych<\/h1>\t\t<\/div>\n\t\t\t\t<\/div>\n\t\t\t\t\t<\/div>\n\t\t\t\t<\/div>\n\t\t<div class=\"elementor-element elementor-element-3aacda91 e-con-boxed e-flex e-con\" data-id=\"3aacda91\" data-element_type=\"container\" data-settings=\"{&quot;content_width&quot;:&quot;boxed&quot;}\">\n\t\t\t\t\t<div class=\"e-con-inner\">\n\t\t\t\t<div class=\"elementor-element elementor-element-25fe96a elementor-widget elementor-widget-text-editor\" data-id=\"25fe96a\" data-element_type=\"widget\" data-widget_type=\"text-editor.default\">\n\t\t\t\t<div class=\"elementor-widget-container\">\n\t\t\t<style>\/*! elementor - v3.13.3 - 28-05-2023 *\/\n.elementor-widget-text-editor.elementor-drop-cap-view-stacked .elementor-drop-cap{background-color:#69727d;color:#fff}.elementor-widget-text-editor.elementor-drop-cap-view-framed .elementor-drop-cap{color:#69727d;border:3px solid;background-color:transparent}.elementor-widget-text-editor:not(.elementor-drop-cap-view-default) .elementor-drop-cap{margin-top:8px}.elementor-widget-text-editor:not(.elementor-drop-cap-view-default) .elementor-drop-cap-letter{width:1em;height:1em}.elementor-widget-text-editor .elementor-drop-cap{float:left;text-align:center;line-height:1;font-size:50px}.elementor-widget-text-editor .elementor-drop-cap-letter{display:inline-block}<\/style>\t\t\t\t<p>Apple zawsze by\u0142 liderem innowacji technologicznych, a ich najnowszy produkt, Apple Vision Pro, nie jest wyj\u0105tkiem. To prze\u0142omowe urz\u0105dzenie ma na celu przedefiniowanie sposobu interakcji z tre\u015bciami cyfrowymi, oferuj\u0105c p\u0142ynne po\u0142\u0105czenie \u015bwiata cyfrowego i fizycznego. W tym wpisie na blogu zag\u0142\u0119biamy si\u0119 w funkcje i mo\u017cliwo\u015bci Apple Vision Pro, badaj\u0105c, dlaczego jest to prze\u0142om w dziedzinie oblicze\u0144 przestrzennych.<\/p><h6>Obliczenia przestrzenne na nowo zdefiniowane<\/h6><p>Apple Vision Pro wyznacza pocz\u0105tek nowej ery w obliczeniach przestrzennych. Umo\u017cliwia u\u017cytkownikom poruszanie si\u0119 po cyfrowym \u015bwiecie za pomoc\u0105 oczu, r\u0105k i g\u0142osu. Ten intuicyjny system interakcji zmienia spos\u00f3b, w jaki robimy rzeczy, umo\u017cliwiaj\u0105c nam anga\u017cowanie si\u0119 w tre\u015bci cyfrowe w spos\u00f3b, kt\u00f3ry nigdy wcze\u015bniej nie by\u0142 mo\u017cliwy.<\/p><h2>\u00a0<\/h2><h6>Wci\u0105gaj\u0105ca rozrywka<\/h6><p>Apple Vision Pro to nie tylko narz\u0119dzie, to pot\u0119ga rozrywki. Mo\u017ce przekszta\u0142ci\u0107 ka\u017cde pomieszczenie w osobiste kino, rozszerzaj\u0105c filmy, programy i gry do idealnego rozmiaru, jednocze\u015bnie sprawiaj\u0105c, \u017ce poczujesz si\u0119 cz\u0119\u015bci\u0105 akcji dzi\u0119ki d\u017awi\u0119kowi przestrzennemu. Dzi\u0119ki wi\u0119kszej liczbie pikseli ni\u017c w telewizorze 4K na ka\u017cde oko, mo\u017cesz cieszy\u0107 si\u0119 osza\u0142amiaj\u0105cymi tre\u015bciami, gdziekolwiek jeste\u015b.<\/p><h6>\u00a0<\/h6><h6>Przechwytywanie wspomnie\u0144 w 3D<\/h6><p>Vision Pro to pierwsze urz\u0105dzenie Apple z kamer\u0105 3D. Umo\u017cliwia to robienie przestrzennych zdj\u0119\u0107 i film\u00f3w w 3D, a nast\u0119pnie ponowne prze\u017cywanie tych cennych chwil z wci\u0105gaj\u0105cym d\u017awi\u0119kiem przestrzennym. Istniej\u0105ca biblioteka zdj\u0119\u0107 i film\u00f3w b\u0119dzie wygl\u0105da\u0107 niesamowicie w niezwyk\u0142ej skali, a panoramy b\u0119d\u0105 owija\u0107 si\u0119 wok\u00f3\u0142 ciebie, dzi\u0119ki czemu poczujesz si\u0119, jakby\u015b sta\u0142 dok\u0142adnie tam, gdzie je zrobi\u0142e\u015b.<\/p><h6>\u00a0<\/h6><h6>\u0141\u0105czenie si\u0119 w tej samej przestrzeni<\/h6><p>Vision Pro zwi\u0119ksza mo\u017cliwo\u015bci wsp\u00f3\u0142pracy i \u0142\u0105czenia si\u0119, gdziekolwiek jeste\u015b. Kafelki wideo FaceTime s\u0105 naturalnej wielko\u015bci, a gdy do\u0142\u0105czaj\u0105 nowe osoby, rozmowa po prostu rozszerza si\u0119 w pokoju. W FaceTime mo\u017cna r\u00f3wnie\u017c korzysta\u0107 z aplikacji do jednoczesnej wsp\u00f3\u0142pracy ze wsp\u00f3\u0142pracownikami nad tymi samymi dokumentami.<\/p><h6>\u00a0<\/h6><h6>Elegancki wygl\u0105d i zaawansowana technologia<\/h6><p>Apple Vision Pro jest wynikiem dziesi\u0119cioleci do\u015bwiadczenia w projektowaniu wysokowydajnych, mobilnych i por\u0119cznych urz\u0105dze\u0144. Integruje on niezwykle zaawansowan\u0105 technologi\u0119 w eleganckiej, kompaktowej formie, zapewniaj\u0105c niesamowite wra\u017cenia za ka\u017cdym razem, gdy go za\u0142o\u017cysz. Urz\u0105dzenie posiada pojedynczy kawa\u0142ek tr\u00f3jwymiarowo uformowanego szk\u0142a laminowanego, kt\u00f3ry przechodzi w ram\u0119 ze stopu aluminium, zakrzywiaj\u0105c si\u0119, aby owin\u0105\u0107 si\u0119 wok\u00f3\u0142 twarzy.<\/p><h6>\u00a0<\/h6><h6>Zasilanie Vision Pro<\/h6><p>Vision Pro jest zasilany przez unikaln\u0105 konstrukcj\u0119 dwuprocesorow\u0105. Pot\u0119\u017cny uk\u0142ad M2 jednocze\u015bnie obs\u0142uguje visionOS, wykonuje zaawansowane algorytmy widzenia komputerowego i zapewnia osza\u0142amiaj\u0105c\u0105 grafik\u0119, a wszystko to z niesamowit\u0105 wydajno\u015bci\u0105. Zupe\u0142nie nowy uk\u0142ad R1 jest specjalnie dedykowany do przetwarzania danych wej\u015bciowych z kamer, czujnik\u00f3w i mikrofon\u00f3w, przesy\u0142aj\u0105c obrazy do wy\u015bwietlaczy w ci\u0105gu 12 milisekund, zapewniaj\u0105c praktycznie wolny od op\u00f3\u017anie\u0144 widok \u015bwiata w czasie rzeczywistym.<\/p><h6>\u00a0<\/h6><h6>Prywatno\u015b\u0107 i bezpiecze\u0144stwo<\/h6><p>Podobnie jak ka\u017cdy produkt i us\u0142uga Apple, Vision Pro zosta\u0142 zaprojektowany, aby pom\u00f3c chroni\u0107 prywatno\u015b\u0107 i zachowa\u0107 kontrol\u0119 nad danymi. Opiera si\u0119 na fundamencie istniej\u0105cych funkcji prywatno\u015bci i bezpiecze\u0144stwa Apple z nowymi technologiami, takimi jak Optic ID, bezpieczny system uwierzytelniania, kt\u00f3ry wykorzystuje unikalno\u015b\u0107 t\u0119cz\u00f3wki oka.<\/p><h6>\u00a0<\/h6><h6>Wnioski<\/h6><p>Apple Vision Pro to co\u015b wi\u0119cej ni\u017c tylko urz\u0105dzenie; to rewolucyjny skok w dziedzinie oblicze\u0144 przestrzennych. Oferuje wci\u0105gaj\u0105ce, intuicyjne i interaktywne wra\u017cenia, kt\u00f3re p\u0142ynnie \u0142\u0105cz\u0105 tre\u015bci cyfrowe z przestrzeni\u0105 fizyczn\u0105. Niezale\u017cnie od tego, czy szukasz nowego sposobu pracy, zabawy czy komunikacji, Apple Vision Pro zmieni Twoje cyfrowe \u017cycie.<\/p><p>Dzi\u0119ki prze\u0142omowym funkcjom i mo\u017cliwo\u015bciom, nic dziwnego, \u017ce Apple Vision Pro ma szans\u0119 sta\u0107 si\u0119 kolejn\u0105 wielk\u0105 rzecz\u0105 w \u015bwiecie technologii. Czy jeste\u015b gotowy, aby wkroczy\u0107 w przysz\u0142o\u015b\u0107 z Apple Vision Pro?<\/p><p><a href=\"https:\/\/ioasis.eu\/pl\/blog\/\"><span style=\"text-decoration: underline;\">Powr\u00f3t<\/span><\/a><\/p>\t\t\t\t\t\t<\/div>\n\t\t\t\t<\/div>\n\t\t\t\t\t<\/div>\n\t\t\t\t<\/div>\n\t\t\t\t\t\t\t<\/div>","protected":false},"excerpt":{"rendered":"<p>Apple zawsze by\u0142 liderem innowacji technologicznych, a ich najnowszy produkt, Apple Vision Pro, nie jest wyj\u0105tkiem. To prze\u0142omowe urz\u0105dzenie ma na celu przedefiniowanie sposobu interakcji z tre\u015bciami cyfrowymi, oferuj\u0105c p\u0142ynne po\u0142\u0105czenie \u015bwiata cyfrowego i fizycznego. W tym wpisie na blogu zag\u0142\u0119biamy si\u0119 w funkcje i mo\u017cliwo\u015bci Apple Vision Pro, badaj\u0105c, dlaczego jest to prze\u0142om w dziedzinie oblicze\u0144 przestrzennych.<\/p>","protected":false},"author":1,"featured_media":225,"parent":415,"menu_order":0,"comment_status":"closed","ping_status":"closed","template":"","meta":{"footnotes":""},"class_list":["post-423","page","type-page","status-publish","has-post-thumbnail","hentry"],"jetpack_sharing_enabled":true,"_links":{"self":[{"href":"https:\/\/ioasis.eu\/pl\/wp-json\/wp\/v2\/pages\/423","targetHints":{"allow":["GET"]}}],"collection":[{"href":"https:\/\/ioasis.eu\/pl\/wp-json\/wp\/v2\/pages"}],"about":[{"href":"https:\/\/ioasis.eu\/pl\/wp-json\/wp\/v2\/types\/page"}],"author":[{"embeddable":true,"href":"https:\/\/ioasis.eu\/pl\/wp-json\/wp\/v2\/users\/1"}],"replies":[{"embeddable":true,"href":"https:\/\/ioasis.eu\/pl\/wp-json\/wp\/v2\/comments?post=423"}],"version-history":[{"count":4,"href":"https:\/\/ioasis.eu\/pl\/wp-json\/wp\/v2\/pages\/423\/revisions"}],"predecessor-version":[{"id":427,"href":"https:\/\/ioasis.eu\/pl\/wp-json\/wp\/v2\/pages\/423\/revisions\/427"}],"up":[{"embeddable":true,"href":"https:\/\/ioasis.eu\/pl\/wp-json\/wp\/v2\/pages\/415"}],"wp:featuredmedia":[{"embeddable":true,"href":"https:\/\/ioasis.eu\/pl\/wp-json\/wp\/v2\/media\/225"}],"wp:attachment":[{"href":"https:\/\/ioasis.eu\/pl\/wp-json\/wp\/v2\/media?parent=423"}],"curies":[{"name":"wp","href":"https:\/\/api.w.org\/{rel}","templated":true}]}}