{"id":428,"date":"2023-06-11T12:24:25","date_gmt":"2023-06-11T10:24:25","guid":{"rendered":"https:\/\/ioasis.eu\/?page_id=428"},"modified":"2023-06-11T12:30:38","modified_gmt":"2023-06-11T10:30:38","slug":"about-us","status":"publish","type":"page","link":"https:\/\/ioasis.eu\/pl\/o-nas\/","title":{"rendered":"O nas"},"content":{"rendered":"<div data-elementor-type=\"wp-page\" data-elementor-id=\"428\" class=\"elementor elementor-428\">\n\t\t\t\t\t\t\t<div class=\"elementor-element elementor-element-1b91b5a9 e-con-boxed e-flex e-con\" data-id=\"1b91b5a9\" data-element_type=\"container\" data-settings=\"{&quot;background_background&quot;:&quot;classic&quot;,&quot;content_width&quot;:&quot;boxed&quot;}\">\n\t\t\t\t\t<div class=\"e-con-inner\">\n\t\t\t\t\t<\/div>\n\t\t\t\t<\/div>\n\t\t<div class=\"elementor-element elementor-element-af282b4 e-con-boxed e-flex e-con\" data-id=\"af282b4\" data-element_type=\"container\" data-settings=\"{&quot;background_background&quot;:&quot;classic&quot;,&quot;content_width&quot;:&quot;boxed&quot;}\">\n\t\t\t\t\t<div class=\"e-con-inner\">\n\t\t\t\t<div class=\"elementor-element elementor-element-2ee83fa elementor-widget elementor-widget-heading\" data-id=\"2ee83fa\" data-element_type=\"widget\" data-widget_type=\"heading.default\">\n\t\t\t\t<div class=\"elementor-widget-container\">\n\t\t\t<style>\/*! elementor - v3.13.3 - 28-05-2023 *\/\n.elementor-heading-title{padding:0;margin:0;line-height:1}.elementor-widget-heading .elementor-heading-title[class*=elementor-size-]>a{color:inherit;font-size:inherit;line-height:inherit}.elementor-widget-heading .elementor-heading-title.elementor-size-small{font-size:15px}.elementor-widget-heading .elementor-heading-title.elementor-size-medium{font-size:19px}.elementor-widget-heading .elementor-heading-title.elementor-size-large{font-size:29px}.elementor-widget-heading .elementor-heading-title.elementor-size-xl{font-size:39px}.elementor-widget-heading .elementor-heading-title.elementor-size-xxl{font-size:59px}<\/style><h1 class=\"elementor-heading-title elementor-size-default\">O nas<\/h1>\t\t<\/div>\n\t\t\t\t<\/div>\n\t\t\t\t\t<\/div>\n\t\t\t\t<\/div>\n\t\t<div class=\"elementor-element elementor-element-7b79ea19 e-con-boxed e-flex e-con\" data-id=\"7b79ea19\" data-element_type=\"container\" data-settings=\"{&quot;content_width&quot;:&quot;boxed&quot;}\">\n\t\t\t\t\t<div class=\"e-con-inner\">\n\t\t\t\t<div class=\"elementor-element elementor-element-5f8cc052 elementor-widget elementor-widget-text-editor\" data-id=\"5f8cc052\" data-element_type=\"widget\" data-widget_type=\"text-editor.default\">\n\t\t\t\t<div class=\"elementor-widget-container\">\n\t\t\t<style>\/*! elementor - v3.13.3 - 28-05-2023 *\/\n.elementor-widget-text-editor.elementor-drop-cap-view-stacked .elementor-drop-cap{background-color:#69727d;color:#fff}.elementor-widget-text-editor.elementor-drop-cap-view-framed .elementor-drop-cap{color:#69727d;border:3px solid;background-color:transparent}.elementor-widget-text-editor:not(.elementor-drop-cap-view-default) .elementor-drop-cap{margin-top:8px}.elementor-widget-text-editor:not(.elementor-drop-cap-view-default) .elementor-drop-cap-letter{width:1em;height:1em}.elementor-widget-text-editor .elementor-drop-cap{float:left;text-align:center;line-height:1;font-size:50px}.elementor-widget-text-editor .elementor-drop-cap-letter{display:inline-block}<\/style>\t\t\t\t<p>Witamy na stronie iOasis, gdzie mo\u017cna znale\u017a\u0107 najnowsze i najlepsze produkty Apple. Jeste\u015bmy czym\u015b wi\u0119cej ni\u017c tylko sprzedawc\u0105; jeste\u015bmy spo\u0142eczno\u015bci\u0105 entuzjast\u00f3w Apple zaanga\u017cowanych w dostarczanie najbardziej innowacyjnych technologii, gdy tylko pojawi\u0105 si\u0119 na rynku.<\/p><p>Za\u0142o\u017cona w 2007 roku w Hamburgu, w Niemczech, firma iOasis narodzi\u0142a si\u0119 z g\u0142\u0119bokiej pasji do prze\u0142omowych produkt\u00f3w Apple i ch\u0119ci udost\u0119pnienia ich ka\u017cdemu i wsz\u0119dzie. Nasz za\u0142o\u017cyciel, wieloletni mi\u0142o\u015bnik Apple, dostrzeg\u0142 luk\u0119 na rynku dedykowanych, zorientowanych na klienta sprzedawc\u00f3w Apple w Europie. Z wizj\u0105 wype\u0142nienia tej luki, iOasis zosta\u0142 uruchomiony.<\/p><p>Przez lata rozwin\u0119li\u015bmy si\u0119 z ma\u0142ego startupu do zaufanej marki w spo\u0142eczno\u015bci Apple. Nasze zaanga\u017cowanie w obs\u0142ug\u0119 klienta, w po\u0142\u0105czeniu z nasz\u0105 zdolno\u015bci\u0105 do dostarczania produkt\u00f3w Apple przed ich lokaln\u0105 premier\u0105, wyr\u00f3\u017cnia nas na tle konkurencji. W przesz\u0142o\u015bci z powodzeniem przyspieszyli\u015bmy dost\u0119pno\u015b\u0107 produkt\u00f3w Apple, w tym oryginalnego iPhone'a, iPada i zegarka Apple, i cieszymy si\u0119, \u017ce mo\u017cemy zrobi\u0107 to samo z rewolucyjnym Apple Vision Pro.<\/p><p>W iOasis wierzymy w transformacyjn\u0105 moc technologii. Widzimy, jak produkty Apple zmieniaj\u0105 spos\u00f3b, w jaki ludzie pracuj\u0105, ucz\u0105 si\u0119, tworz\u0105 i \u0142\u0105cz\u0105. Nasz\u0105 misj\u0105 jest dostarczanie tych prze\u0142omowych produkt\u00f3w, gdy tylko b\u0119d\u0105 dost\u0119pne, aby\u015b m\u00f3g\u0142 zacz\u0105\u0107 do\u015bwiadcza\u0107 przysz\u0142o\u015bci ju\u017c dzi\u015b.<\/p><p>Ale nie chodzi nam tylko o sprzeda\u017c produkt\u00f3w. Naszym celem jest zapewnienie klientom bezproblemowej obs\u0142ugi. Od momentu z\u0142o\u017cenia zam\u00f3wienia w przedsprzeda\u017cy na Apple Vision Pro do chwili, gdy dotrze on do Ciebie, jeste\u015bmy z Tob\u0105 na ka\u017cdym kroku. Nasz oddany zesp\u00f3\u0142 ekspert\u00f3w Apple jest zawsze gotowy do pomocy w przypadku jakichkolwiek pyta\u0144 lub problem\u00f3w.<\/p><p>Zale\u017cy nam r\u00f3wnie\u017c na budowaniu spo\u0142eczno\u015bci. Uwielbiamy kontaktowa\u0107 si\u0119 z naszymi klientami i s\u0142ucha\u0107 ich historii. Niezale\u017cnie od tego, czy jeste\u015b entuzjast\u0105 technologii, kreatywnym profesjonalist\u0105, czy kim\u015b, kto po prostu kocha produkty Apple, zapraszamy do do\u0142\u0105czenia do naszej spo\u0142eczno\u015bci i podzielenia si\u0119 swoimi do\u015bwiadczeniami.<\/p><p>Dzi\u0119kujemy za wybranie iOasis. Cieszymy si\u0119, \u017ce mo\u017cemy wyruszy\u0107 w t\u0119 technologiczn\u0105 podr\u00f3\u017c razem z Tob\u0105.<\/p>\t\t\t\t\t\t<\/div>\n\t\t\t\t<\/div>\n\t\t\t\t\t<\/div>\n\t\t\t\t<\/div>\n\t\t<div class=\"elementor-element elementor-element-298bdba9 e-con-boxed e-flex e-con\" data-id=\"298bdba9\" data-element_type=\"container\" data-settings=\"{&quot;content_width&quot;:&quot;boxed&quot;}\">\n\t\t\t\t\t<div class=\"e-con-inner\">\n\t\t\t\t<div class=\"elementor-element elementor-element-3ffab340 elementor-widget elementor-widget-spacer\" data-id=\"3ffab340\" data-element_type=\"widget\" data-widget_type=\"spacer.default\">\n\t\t\t\t<div class=\"elementor-widget-container\">\n\t\t\t<style>\/*! elementor - v3.13.3 - 28-05-2023 *\/\n.elementor-column .elementor-spacer-inner{height:var(--spacer-size)}.e-con{--container-widget-width:100%}.e-con-inner>.elementor-widget-spacer,.e-con>.elementor-widget-spacer{width:var(--container-widget-width,var(--spacer-size));--align-self:var(--container-widget-align-self,initial);--flex-shrink:0}.e-con-inner>.elementor-widget-spacer>.elementor-widget-container,.e-con-inner>.elementor-widget-spacer>.elementor-widget-container>.elementor-spacer,.e-con>.elementor-widget-spacer>.elementor-widget-container,.e-con>.elementor-widget-spacer>.elementor-widget-container>.elementor-spacer{height:100%}.e-con-inner>.elementor-widget-spacer>.elementor-widget-container>.elementor-spacer>.elementor-spacer-inner,.e-con>.elementor-widget-spacer>.elementor-widget-container>.elementor-spacer>.elementor-spacer-inner{height:var(--container-widget-height,var(--spacer-size))}<\/style>\t\t<div class=\"elementor-spacer\">\n\t\t\t<div class=\"elementor-spacer-inner\"><\/div>\n\t\t<\/div>\n\t\t\t\t<\/div>\n\t\t\t\t<\/div>\n\t\t\t\t\t<\/div>\n\t\t\t\t<\/div>\n\t\t\t\t\t\t\t<\/div>","protected":false},"excerpt":{"rendered":"<p>Witamy na stronie iOasis, gdzie mo\u017cna znale\u017a\u0107 najnowsze i najlepsze produkty Apple. Jeste\u015bmy czym\u015b wi\u0119cej ni\u017c tylko sprzedawc\u0105; jeste\u015bmy spo\u0142eczno\u015bci\u0105 entuzjast\u00f3w Apple zaanga\u017cowanych w dostarczanie najbardziej innowacyjnych technologii, gdy tylko pojawi\u0105 si\u0119 na rynku.<\/p>","protected":false},"author":1,"featured_media":442,"parent":0,"menu_order":0,"comment_status":"closed","ping_status":"closed","template":"","meta":{"footnotes":""},"class_list":["post-428","page","type-page","status-publish","has-post-thumbnail","hentry"],"jetpack_sharing_enabled":true,"_links":{"self":[{"href":"https:\/\/ioasis.eu\/pl\/wp-json\/wp\/v2\/pages\/428","targetHints":{"allow":["GET"]}}],"collection":[{"href":"https:\/\/ioasis.eu\/pl\/wp-json\/wp\/v2\/pages"}],"about":[{"href":"https:\/\/ioasis.eu\/pl\/wp-json\/wp\/v2\/types\/page"}],"author":[{"embeddable":true,"href":"https:\/\/ioasis.eu\/pl\/wp-json\/wp\/v2\/users\/1"}],"replies":[{"embeddable":true,"href":"https:\/\/ioasis.eu\/pl\/wp-json\/wp\/v2\/comments?post=428"}],"version-history":[{"count":4,"href":"https:\/\/ioasis.eu\/pl\/wp-json\/wp\/v2\/pages\/428\/revisions"}],"predecessor-version":[{"id":445,"href":"https:\/\/ioasis.eu\/pl\/wp-json\/wp\/v2\/pages\/428\/revisions\/445"}],"wp:featuredmedia":[{"embeddable":true,"href":"https:\/\/ioasis.eu\/pl\/wp-json\/wp\/v2\/media\/442"}],"wp:attachment":[{"href":"https:\/\/ioasis.eu\/pl\/wp-json\/wp\/v2\/media?parent=428"}],"curies":[{"name":"wp","href":"https:\/\/api.w.org\/{rel}","templated":true}]}}