{"id":433,"date":"2023-06-11T12:11:27","date_gmt":"2023-06-11T10:11:27","guid":{"rendered":"https:\/\/ioasis.eu\/?page_id=433"},"modified":"2023-06-11T12:16:07","modified_gmt":"2023-06-11T10:16:07","slug":"apple-vision-pro-transforming-the-world-one-view-at-a-time","status":"publish","type":"page","link":"https:\/\/ioasis.eu\/pl\/blog\/apple-vision-pro-przeksztalca-swiat-jednym-spojrzeniem-na-raz\/","title":{"rendered":"Apple Vision Pro: Przekszta\u0142canie \u015bwiata jednym spojrzeniem na raz"},"content":{"rendered":"<div data-elementor-type=\"wp-page\" data-elementor-id=\"433\" class=\"elementor elementor-433\">\n\t\t\t\t\t\t\t<div class=\"elementor-element elementor-element-31d2be9 e-con-boxed e-flex e-con\" data-id=\"31d2be9\" data-element_type=\"container\" data-settings=\"{&quot;content_width&quot;:&quot;boxed&quot;}\">\n\t\t\t\t\t<div class=\"e-con-inner\">\n\t\t\t\t<div class=\"elementor-element elementor-element-184e767b elementor-widget elementor-widget-heading\" data-id=\"184e767b\" data-element_type=\"widget\" data-widget_type=\"heading.default\">\n\t\t\t\t<div class=\"elementor-widget-container\">\n\t\t\t<style>\/*! elementor - v3.13.3 - 28-05-2023 *\/\n.elementor-heading-title{padding:0;margin:0;line-height:1}.elementor-widget-heading .elementor-heading-title[class*=elementor-size-]>a{color:inherit;font-size:inherit;line-height:inherit}.elementor-widget-heading .elementor-heading-title.elementor-size-small{font-size:15px}.elementor-widget-heading .elementor-heading-title.elementor-size-medium{font-size:19px}.elementor-widget-heading .elementor-heading-title.elementor-size-large{font-size:29px}.elementor-widget-heading .elementor-heading-title.elementor-size-xl{font-size:39px}.elementor-widget-heading .elementor-heading-title.elementor-size-xxl{font-size:59px}<\/style><h1 class=\"elementor-heading-title elementor-size-default\">Apple Vision Pro: Przekszta\u0142canie \u015bwiata jednym spojrzeniem na raz<\/h1>\t\t<\/div>\n\t\t\t\t<\/div>\n\t\t\t\t\t<\/div>\n\t\t\t\t<\/div>\n\t\t<div class=\"elementor-element elementor-element-56c124cc e-con-boxed e-flex e-con\" data-id=\"56c124cc\" data-element_type=\"container\" data-settings=\"{&quot;content_width&quot;:&quot;boxed&quot;}\">\n\t\t\t\t\t<div class=\"e-con-inner\">\n\t\t\t\t<div class=\"elementor-element elementor-element-96bf314 elementor-widget elementor-widget-text-editor\" data-id=\"96bf314\" data-element_type=\"widget\" data-widget_type=\"text-editor.default\">\n\t\t\t\t<div class=\"elementor-widget-container\">\n\t\t\t<style>\/*! elementor - v3.13.3 - 28-05-2023 *\/\n.elementor-widget-text-editor.elementor-drop-cap-view-stacked .elementor-drop-cap{background-color:#69727d;color:#fff}.elementor-widget-text-editor.elementor-drop-cap-view-framed .elementor-drop-cap{color:#69727d;border:3px solid;background-color:transparent}.elementor-widget-text-editor:not(.elementor-drop-cap-view-default) .elementor-drop-cap{margin-top:8px}.elementor-widget-text-editor:not(.elementor-drop-cap-view-default) .elementor-drop-cap-letter{width:1em;height:1em}.elementor-widget-text-editor .elementor-drop-cap{float:left;text-align:center;line-height:1;font-size:50px}.elementor-widget-text-editor .elementor-drop-cap-letter{display:inline-block}<\/style>\t\t\t\t<p>W stale rozwijaj\u0105cym si\u0119 \u015bwiecie technologii, Apple konsekwentnie wyznacza nowe szlaki, przesuwaj\u0105c granice tego, co mo\u017cliwe i na nowo definiuj\u0105c nasz\u0105 interakcj\u0119 z tre\u015bciami cyfrowymi. Najnowszy dodatek do ich innowacyjnej linii, Apple Vision Pro, ma po raz kolejny zrewolucjonizowa\u0107 krajobraz technologiczny. W tym wpisie na blogu dowiesz si\u0119, w jaki spos\u00f3b Apple Vision Pro mo\u017ce zmieni\u0107 \u015bwiat i jak mo\u017cesz by\u0107 jednym z pierwszych, kt\u00f3rzy do\u015bwiadcz\u0105 tego prze\u0142omowego urz\u0105dzenia.<\/p><p>\u00a0<\/p><h6>Nowa era oblicze\u0144 przestrzennych<\/h6><p>Apple Vision Pro oznacza nadej\u015bcie nowej ery w dziedzinie komputer\u00f3w przestrzennych. Urz\u0105dzenie to p\u0142ynnie \u0142\u0105czy tre\u015bci cyfrowe z przestrzeni\u0105 fizyczn\u0105, umo\u017cliwiaj\u0105c poruszanie si\u0119 po cyfrowym \u015bwiecie za pomoc\u0105 oczu, r\u0105k i g\u0142osu. Ten intuicyjny system interakcji ma zrewolucjonizowa\u0107 spos\u00f3b, w jaki anga\u017cujemy si\u0119 w tre\u015bci cyfrowe, umo\u017cliwiaj\u0105c nam robienie rzeczy w spos\u00f3b, kt\u00f3ry nigdy wcze\u015bniej nie by\u0142 mo\u017cliwy.<\/p><p>\u00a0<\/p><p><strong>Transformuj\u0105ca rozrywka<\/strong><\/p><p>Apple Vision Pro to nie tylko narz\u0119dzie, to pot\u0119ga rozrywki. Mo\u017ce przekszta\u0142ci\u0107 ka\u017cde pomieszczenie w osobiste kino, rozszerzaj\u0105c filmy, programy i gry do idealnego rozmiaru, jednocze\u015bnie sprawiaj\u0105c, \u017ce poczujesz si\u0119 cz\u0119\u015bci\u0105 akcji dzi\u0119ki d\u017awi\u0119kowi przestrzennemu. Dzi\u0119ki wi\u0119kszej liczbie pikseli ni\u017c w telewizorze 4K na ka\u017cde oko, mo\u017cesz cieszy\u0107 si\u0119 osza\u0142amiaj\u0105cymi tre\u015bciami, gdziekolwiek jeste\u015b. To wci\u0105gaj\u0105ce do\u015bwiadczenie rozrywkowe na nowo zdefiniuje spos\u00f3b, w jaki korzystamy z tre\u015bci cyfrowych.<\/p><p>\u00a0<\/p><h6>Przechwytywanie i odtwarzanie wspomnie\u0144<\/h6><p>Vision Pro to pierwsze urz\u0105dzenie Apple z kamer\u0105 3D. Umo\u017cliwia to robienie przestrzennych zdj\u0119\u0107 i film\u00f3w w 3D, a nast\u0119pnie ponowne prze\u017cywanie tych cennych chwil z wci\u0105gaj\u0105cym d\u017awi\u0119kiem przestrzennym. Istniej\u0105ca biblioteka zdj\u0119\u0107 i film\u00f3w b\u0119dzie wygl\u0105da\u0107 niesamowicie w niezwyk\u0142ej skali, a panoramy b\u0119d\u0105 owija\u0107 si\u0119 wok\u00f3\u0142 ciebie, dzi\u0119ki czemu poczujesz si\u0119, jakby\u015b sta\u0142 dok\u0142adnie tam, gdzie je zrobi\u0142e\u015b. Ma to zmieni\u0107 spos\u00f3b, w jaki rejestrujemy i prze\u017cywamy nasze wspomnienia.<\/p><p>\u00a0<\/p><h6>Poprawa wsp\u00f3\u0142pracy i po\u0142\u0105cze\u0144<\/h6><p>Vision Pro zwi\u0119ksza mo\u017cliwo\u015bci wsp\u00f3\u0142pracy i \u0142\u0105czenia si\u0119, gdziekolwiek jeste\u015b. Kafelki wideo FaceTime s\u0105 naturalnej wielko\u015bci, a gdy do\u0142\u0105czaj\u0105 nowe osoby, rozmowa po prostu rozszerza si\u0119 w pokoju. W FaceTime mo\u017cna r\u00f3wnie\u017c korzysta\u0107 z aplikacji do jednoczesnej wsp\u00f3\u0142pracy ze wsp\u00f3\u0142pracownikami nad tymi samymi dokumentami. Ma to zrewolucjonizowa\u0107 prac\u0119 zdaln\u0105 i cyfrow\u0105 wsp\u00f3\u0142prac\u0119.<\/p><p>\u00a0<\/p><h6>Skok w projektowaniu i technologii<\/h6><p>Apple Vision Pro jest wynikiem dziesi\u0119cioleci do\u015bwiadczenia w projektowaniu wysokowydajnych, mobilnych i por\u0119cznych urz\u0105dze\u0144. Integruje on niezwykle zaawansowan\u0105 technologi\u0119 w eleganckiej, kompaktowej formie, zapewniaj\u0105c niesamowite wra\u017cenia za ka\u017cdym razem, gdy go za\u0142o\u017cysz. Urz\u0105dzenie posiada pojedynczy kawa\u0142ek tr\u00f3jwymiarowo uformowanego szk\u0142a laminowanego, kt\u00f3ry wpada w ram\u0119 ze stopu aluminium, zakrzywiaj\u0105c si\u0119, aby owin\u0105\u0107 si\u0119 wok\u00f3\u0142 twarzy. Ten skok w projektowaniu i technologii ma na celu przedefiniowanie standard\u00f3w technologii do noszenia.<\/p><p>\u00a0<\/p><h6>Wnioski<\/h6><p>Apple Vision Pro to co\u015b wi\u0119cej ni\u017c tylko urz\u0105dzenie; to rewolucja w obliczeniach przestrzennych. Oferuje wci\u0105gaj\u0105ce, intuicyjne i interaktywne wra\u017cenia, kt\u00f3re p\u0142ynnie \u0142\u0105cz\u0105 tre\u015bci cyfrowe z przestrzeni\u0105 fizyczn\u0105. Niezale\u017cnie od tego, czy szukasz nowego sposobu pracy, zabawy czy komunikacji, Apple Vision Pro zmieni Twoje cyfrowe \u017cycie.<\/p><p>Dzi\u0119ki swoim prze\u0142omowym funkcjom i mo\u017cliwo\u015bciom, Apple Vision Pro ma szans\u0119 zmieni\u0107 \u015bwiat. Nie chodzi tylko o to, co urz\u0105dzenie mo\u017ce zrobi\u0107; chodzi o to, co nam umo\u017cliwia. Chodzi o to, jak zmienia nasz\u0105 interakcj\u0119 z tre\u015bciami cyfrowymi, jak zwi\u0119ksza nasz\u0105 zdolno\u015b\u0107 do \u0142\u0105czenia si\u0119 i wsp\u00f3\u0142pracy oraz jak na nowo definiuje nasze do\u015bwiadczenia rozrywkowe.<\/p><p>\u00a0<\/p><h6>Zam\u00f3w teraz w przedsprzeda\u017cy<\/h6><p>Przysz\u0142o\u015b\u0107 ju\u017c nadesz\u0142a <a href=\"https:\/\/ioasis.eu\/pl\/produkt\/apple-vision-pro\/\">dost\u0119pny w przedsprzeda\u017cy<\/a>. Wysy\u0142ka Apple Vision Pro rozpocznie si\u0119 w Europie w tym samym czasie, co jego premiera w USA, wy\u0142\u0105cznie za po\u015brednictwem iOasis. Nie przegap okazji, aby by\u0107 jednym z pierwszych, kt\u00f3rzy do\u015bwiadcz\u0105 tego rewolucyjnego urz\u0105dzenia. Zam\u00f3w Apple Vision Pro w przedsprzeda\u017cy ju\u017c dzi\u015b i wkrocz w przysz\u0142o\u015b\u0107 z Apple.<\/p><p>\u00a0<\/p><p><a href=\"https:\/\/ioasis.eu\/pl\/blog\/\"><span style=\"text-decoration: underline;\">Powr\u00f3t<\/span><\/a><\/p>\t\t\t\t\t\t<\/div>\n\t\t\t\t<\/div>\n\t\t\t\t\t<\/div>\n\t\t\t\t<\/div>\n\t\t\t\t\t\t\t<\/div>","protected":false},"excerpt":{"rendered":"<p>W stale rozwijaj\u0105cym si\u0119 \u015bwiecie technologii, Apple konsekwentnie wyznacza nowe szlaki, przesuwaj\u0105c granice tego, co mo\u017cliwe i na nowo definiuj\u0105c nasz\u0105 interakcj\u0119 z tre\u015bciami cyfrowymi. Najnowszy dodatek do ich innowacyjnej linii, Apple Vision Pro, ma po raz kolejny zrewolucjonizowa\u0107 krajobraz technologiczny.<\/p>","protected":false},"author":1,"featured_media":435,"parent":415,"menu_order":0,"comment_status":"closed","ping_status":"closed","template":"","meta":{"footnotes":""},"class_list":["post-433","page","type-page","status-publish","has-post-thumbnail","hentry"],"jetpack_sharing_enabled":true,"_links":{"self":[{"href":"https:\/\/ioasis.eu\/pl\/wp-json\/wp\/v2\/pages\/433","targetHints":{"allow":["GET"]}}],"collection":[{"href":"https:\/\/ioasis.eu\/pl\/wp-json\/wp\/v2\/pages"}],"about":[{"href":"https:\/\/ioasis.eu\/pl\/wp-json\/wp\/v2\/types\/page"}],"author":[{"embeddable":true,"href":"https:\/\/ioasis.eu\/pl\/wp-json\/wp\/v2\/users\/1"}],"replies":[{"embeddable":true,"href":"https:\/\/ioasis.eu\/pl\/wp-json\/wp\/v2\/comments?post=433"}],"version-history":[{"count":4,"href":"https:\/\/ioasis.eu\/pl\/wp-json\/wp\/v2\/pages\/433\/revisions"}],"predecessor-version":[{"id":438,"href":"https:\/\/ioasis.eu\/pl\/wp-json\/wp\/v2\/pages\/433\/revisions\/438"}],"up":[{"embeddable":true,"href":"https:\/\/ioasis.eu\/pl\/wp-json\/wp\/v2\/pages\/415"}],"wp:featuredmedia":[{"embeddable":true,"href":"https:\/\/ioasis.eu\/pl\/wp-json\/wp\/v2\/media\/435"}],"wp:attachment":[{"href":"https:\/\/ioasis.eu\/pl\/wp-json\/wp\/v2\/media?parent=433"}],"curies":[{"name":"wp","href":"https:\/\/api.w.org\/{rel}","templated":true}]}}