{"id":473,"date":"2024-01-08T22:36:36","date_gmt":"2024-01-08T21:36:36","guid":{"rendered":"https:\/\/ioasis.eu\/?page_id=473"},"modified":"2024-01-08T22:39:38","modified_gmt":"2024-01-08T21:39:38","slug":"apple-vision-pro-now-available-in-europe-with-ioasis","status":"publish","type":"page","link":"https:\/\/ioasis.eu\/pl\/blog\/apple-vision-pro-jest-juz-dostepny-w-europie-dzieki-ioasis\/","title":{"rendered":"Apple Vision Pro: Przysz\u0142o\u015b\u0107 oblicze\u0144 przestrzennych przybywa do Europy wraz z iOasis"},"content":{"rendered":"<div data-elementor-type=\"wp-page\" data-elementor-id=\"473\" class=\"elementor elementor-473\">\n\t\t\t\t\t\t\t<div class=\"elementor-element elementor-element-26544050 e-con-boxed e-flex e-con\" data-id=\"26544050\" data-element_type=\"container\" data-settings=\"{&quot;content_width&quot;:&quot;boxed&quot;}\">\n\t\t\t\t\t<div class=\"e-con-inner\">\n\t\t\t\t<div class=\"elementor-element elementor-element-1f4eafaf elementor-widget elementor-widget-heading\" data-id=\"1f4eafaf\" data-element_type=\"widget\" data-widget_type=\"heading.default\">\n\t\t\t\t<div class=\"elementor-widget-container\">\n\t\t\t<style>\/*! elementor - v3.13.3 - 28-05-2023 *\/\n.elementor-heading-title{padding:0;margin:0;line-height:1}.elementor-widget-heading .elementor-heading-title[class*=elementor-size-]>a{color:inherit;font-size:inherit;line-height:inherit}.elementor-widget-heading .elementor-heading-title.elementor-size-small{font-size:15px}.elementor-widget-heading .elementor-heading-title.elementor-size-medium{font-size:19px}.elementor-widget-heading .elementor-heading-title.elementor-size-large{font-size:29px}.elementor-widget-heading .elementor-heading-title.elementor-size-xl{font-size:39px}.elementor-widget-heading .elementor-heading-title.elementor-size-xxl{font-size:59px}<\/style><h1 class=\"elementor-heading-title elementor-size-default\">Apple Vision Pro: Przysz\u0142o\u015b\u0107 oblicze\u0144 przestrzennych przybywa do Europy wraz z iOasis<\/h1>\t\t<\/div>\n\t\t\t\t<\/div>\n\t\t\t\t\t<\/div>\n\t\t\t\t<\/div>\n\t\t<div class=\"elementor-element elementor-element-4d86fff7 e-con-boxed e-flex e-con\" data-id=\"4d86fff7\" data-element_type=\"container\" data-settings=\"{&quot;content_width&quot;:&quot;boxed&quot;}\">\n\t\t\t\t\t<div class=\"e-con-inner\">\n\t\t\t\t<div class=\"elementor-element elementor-element-d12e1c9 elementor-widget elementor-widget-text-editor\" data-id=\"d12e1c9\" data-element_type=\"widget\" data-widget_type=\"text-editor.default\">\n\t\t\t\t<div class=\"elementor-widget-container\">\n\t\t\t<style>\/*! elementor - v3.13.3 - 28-05-2023 *\/\n.elementor-widget-text-editor.elementor-drop-cap-view-stacked .elementor-drop-cap{background-color:#69727d;color:#fff}.elementor-widget-text-editor.elementor-drop-cap-view-framed .elementor-drop-cap{color:#69727d;border:3px solid;background-color:transparent}.elementor-widget-text-editor:not(.elementor-drop-cap-view-default) .elementor-drop-cap{margin-top:8px}.elementor-widget-text-editor:not(.elementor-drop-cap-view-default) .elementor-drop-cap-letter{width:1em;height:1em}.elementor-widget-text-editor .elementor-drop-cap{float:left;text-align:center;line-height:1;font-size:50px}.elementor-widget-text-editor .elementor-drop-cap-letter{display:inline-block}<\/style>\t\t\t\t<p>8 stycznia 2024 r.<\/p>\t\t\t\t\t\t<\/div>\n\t\t\t\t<\/div>\n\t\t\t\t<div class=\"elementor-element elementor-element-7563d79 elementor-widget elementor-widget-heading\" data-id=\"7563d79\" data-element_type=\"widget\" data-widget_type=\"heading.default\">\n\t\t\t\t<div class=\"elementor-widget-container\">\n\t\t\t<h2 class=\"elementor-heading-title elementor-size-default\">Nowa era rozpoczyna si\u0119 2 lutego 2024 r.<\/h2>\t\t<\/div>\n\t\t\t\t<\/div>\n\t\t\t\t<div class=\"elementor-element elementor-element-fe7f68d elementor-widget elementor-widget-text-editor\" data-id=\"fe7f68d\" data-element_type=\"widget\" data-widget_type=\"text-editor.default\">\n\t\t\t\t<div class=\"elementor-widget-container\">\n\t\t\t\t\t\t\t<p>W ekscytuj\u0105cym wydarzeniu dla entuzjast\u00f3w technologii i profesjonalist\u00f3w w ca\u0142ej Europie, Apple og\u0142osi\u0142 nadchodz\u0105c\u0105 dost\u0119pno\u015b\u0107 swojego prze\u0142omowego Apple Vision Pro, pocz\u0105wszy od 2 lutego 2024 roku. Jako wy\u0142\u0105czny sprzedawca w Europie, iOasis Premier Reseller jest podekscytowany mo\u017cliwo\u015bci\u0105 dostarczenia tego rewolucyjnego komputera przestrzennego naszym klientom.<\/p><h3 style=\"caret-color: #000000; color: #1d1d1f; white-space: pre-wrap; border: 0px solid #d9d9e3; font-size: 1.25em; font-weight: 600; margin: 1rem 0px 0.5rem; line-height: 1.6; font-family: S\u00f6hne, ui-sans-serif, system-ui, -apple-system, 'Segoe UI', Roboto, Ubuntu, Cantarell, 'Noto Sans', sans-serif, 'Helvetica Neue', Arial, 'Apple Color Emoji', 'Segoe UI Emoji', 'Segoe UI Symbol', 'Noto Color Emoji';\">Co to jest Apple Vision Pro?<\/h3><p style=\"white-space: pre-wrap; border: 0px solid #d9d9e3; margin-right: 0px; margin-bottom: 1.25em; margin-left: 0px; caret-color: #d1d5db; color: ##1d1d1f; font-family: S\u00f6hne, ui-sans-serif, system-ui, -apple-system, 'Segoe UI', Roboto, Ubuntu, Cantarell, 'Noto Sans', sans-serif, 'Helvetica Neue', Arial, 'Apple Color Emoji', 'Segoe UI Emoji', 'Segoe UI Symbol', 'Noto Color Emoji';\">Apple Vision Pro to co\u015b wi\u0119cej ni\u017c tylko nowy gad\u017cet; to ca\u0142kowita redefinicja sposobu interakcji z tre\u015bciami cyfrowymi. \u0141\u0105cz\u0105c \u015bwiat fizyczny i cyfrowy, Vision Pro oferuje wci\u0105gaj\u0105ce do\u015bwiadczenie, kt\u00f3re przekszta\u0142ca codzienne zadania, rozrywk\u0119 i komunikacj\u0119. Dzi\u0119ki zaawansowanym mo\u017cliwo\u015bciom przetwarzania przestrzennego, zasilanym przez visionOS, u\u017cytkownicy mog\u0105 kontrolowa\u0107 urz\u0105dzenie za pomoc\u0105 oczu, r\u0105k i g\u0142osu, dzi\u0119ki czemu interakcje s\u0105 bardziej naturalne i intuicyjne ni\u017c kiedykolwiek wcze\u015bniej.<\/p><h3 style=\"caret-color: #000000; color: #1d1d1f; white-space: pre-wrap; border: 0px solid #d9d9e3; font-size: 1.25em; font-weight: 600; margin: 1rem 0px 0.5rem; line-height: 1.6; font-family: S\u00f6hne, ui-sans-serif, system-ui, -apple-system, 'Segoe UI', Roboto, Ubuntu, Cantarell, 'Noto Sans', sans-serif, 'Helvetica Neue', Arial, 'Apple Color Emoji', 'Segoe UI Emoji', 'Segoe UI Symbol', 'Noto Color Emoji';\">Kluczowe cechy Apple Vision Pro<\/h3><ul><li><strong>Rewolucyjny system operacyjny<\/strong>: Zbudowany na solidnych podstawach macOS, iOS i iPadOS, visionOS wprowadza nowy wymiar do interfejs\u00f3w u\u017cytkownika i system\u00f3w wprowadzania danych.<\/li><li><strong>Intuicyjna nawigacja<\/strong>: Sterowanie wzrokiem, d\u0142oni\u0105 i g\u0142osem sprawia, \u017ce nawigacja jest p\u0142ynna i magiczna.<\/li><li><strong>Dynamiczne \u015brodowiska<\/strong>: U\u017cytkownicy mog\u0105 zanurzy\u0107 si\u0119 w osza\u0142amiaj\u0105cych krajobrazach, a nawet na powierzchni ksi\u0119\u017cyca, zwi\u0119kszaj\u0105c koncentracj\u0119 i ograniczaj\u0105c rozpraszanie uwagi.<\/li><li><strong>Niezwyk\u0142a przestrze\u0144 robocza<\/strong>: Tr\u00f3jwymiarowy interfejs pozwala na niesko\u0144czon\u0105 przestrze\u0144 robocz\u0105, idealn\u0105 do wielozadaniowo\u015bci i wsp\u00f3\u0142pracy.<\/li><li><strong>Kompatybilno\u015b\u0107 i nowe aplikacje<\/strong>: Dost\u0119pnych jest ponad 1 milion znanych aplikacji iOS i iPadOS, a tak\u017ce nowe mo\u017cliwo\u015bci oblicze\u0144 przestrzennych.<\/li><li><strong>Najlepsza rozrywka i gry<\/strong>: Wy\u015bwietlacze o wysokiej rozdzielczo\u015bci, tytu\u0142y 3D i nowe do\u015bwiadczenia w grach na nowo definiuj\u0105 domow\u0105 rozrywk\u0119.<\/li><li><strong>Pami\u0119\u0107 przestrzenna i FaceTime<\/strong>: Prze\u017cyj wspomnienia w nowy spos\u00f3b i ciesz si\u0119 rozmowami FaceTime w naturalnej wielko\u015bci.<\/li><li><strong>Prze\u0142omowy projekt<\/strong>: Modu\u0142owy system z wygodnym, spersonalizowanym dopasowaniem.<\/li><li><strong>Bezkonkurencyjna innowacyjno\u015b\u0107<\/strong>: Wysokowydajne \u015bledzenie wzroku i zaawansowana technologia wy\u015bwietlania zapewniaj\u0105 niezr\u00f3wnane wra\u017cenia.<\/li><li><strong>Prywatno\u015b\u0107 i bezpiecze\u0144stwo<\/strong>: Wyposa\u017cony w Optic ID do bezpiecznego, prywatnego u\u017cytku.<\/li><li><strong>Funkcje dost\u0119pno\u015bci<\/strong>: Integracyjna konstrukcja z wieloma opcjami wprowadzania danych dla wszystkich u\u017cytkownik\u00f3w.<\/li><li><strong>Zaanga\u017cowanie w ochron\u0119 \u015brodowiska<\/strong>: Ekologiczna konstrukcja zgodna z celami zr\u00f3wnowa\u017conego rozwoju Apple.<\/li><\/ul><h3 style=\"caret-color: #000000; color: #1d1d1f; white-space: pre-wrap; border: 0px solid #d9d9e3; font-size: 1.25em; font-weight: 600; margin: 1rem 0px 0.5rem; line-height: 1.6; font-family: S\u00f6hne, ui-sans-serif, system-ui, -apple-system, 'Segoe UI', Roboto, Ubuntu, Cantarell, 'Noto Sans', sans-serif, 'Helvetica Neue', Arial, 'Apple Color Emoji', 'Segoe UI Emoji', 'Segoe UI Symbol', 'Noto Color Emoji';\">Ceny i dost\u0119pno\u015b\u0107<\/h3><h3 style=\"caret-color: #000000; color: #1d1d1f; white-space: pre-wrap; border: 0px solid #d9d9e3; font-size: 1.25em; font-weight: 600; margin: 1rem 0px 0.5rem; line-height: 1.6; font-family: S\u00f6hne, ui-sans-serif, system-ui, -apple-system, 'Segoe UI', Roboto, Ubuntu, Cantarell, 'Noto Sans', sans-serif, 'Helvetica Neue', Arial, 'Apple Color Emoji', 'Segoe UI Emoji', 'Segoe UI Symbol', 'Noto Color Emoji';\"><span style=\"font-family: Roboto, sans-serif; font-weight: 400; text-align: var(--text-align); font-size: 1rem;\">Wy\u0142\u0105cznie za po\u015brednictwem iOasis Premier Reseller, Apple Vision Pro b\u0119dzie sprzedawany w cenie 4,499 euro z 256 GB pami\u0119ci. Zam\u00f3wienia przedpremierowe rozpocz\u0119\u0142y si\u0119 od wp\u0142aty 100 euro, a wysy\u0142ka rozpocznie si\u0119 2 lutego.<\/span><\/h3><div><h3 style=\"caret-color: #000000; color: #1d1d1f; white-space: pre-wrap; border: 0px solid #d9d9e3; font-size: 1.25em; font-weight: 600; margin: 1rem 0px 0.5rem; line-height: 1.6; font-family: S\u00f6hne, ui-sans-serif, system-ui, -apple-system, 'Segoe UI', Roboto, Ubuntu, Cantarell, 'Noto Sans', sans-serif, 'Helvetica Neue', Arial, 'Apple Color Emoji', 'Segoe UI Emoji', 'Segoe UI Symbol', 'Noto Color Emoji';\">Dlaczego warto wybra\u0107 iOasis?<\/h3><\/div><p>Jako zaufany partner, iOasis Premier Reseller jest zaanga\u017cowany w dostarczanie naszym klientom nie tylko rewolucyjnych produkt\u00f3w, ale tak\u017ce wyj\u0105tkowej obs\u0142ugi i wsparcia. Nasz zesp\u00f3\u0142 jest gotowy do pomocy w odkrywaniu pe\u0142nego potencja\u0142u Apple Vision Pro i integracji tej najnowocze\u015bniejszej technologii z Twoim \u017cyciem.<\/p><h3 style=\"caret-color: #000000; color: #1d1d1f; white-space: pre-wrap; border: 0px solid #d9d9e3; font-size: 1.25em; font-weight: 600; margin: 1rem 0px 0.5rem; line-height: 1.6; font-family: S\u00f6hne, ui-sans-serif, system-ui, -apple-system, 'Segoe UI', Roboto, Ubuntu, Cantarell, 'Noto Sans', sans-serif, 'Helvetica Neue', Arial, 'Apple Color Emoji', 'Segoe UI Emoji', 'Segoe UI Symbol', 'Noto Color Emoji';\">Przysz\u0142o\u015b\u0107 jest tutaj<\/h3><p>Do\u0142\u0105cz do nas, witaj\u0105c now\u0105 er\u0119 komputer\u00f3w z Apple Vision Pro. Odwied\u017a iOasis Premier Reseller, aby do\u015bwiadczy\u0107 przysz\u0142o\u015bci z pierwszej r\u0119ki.<\/p><h3 style=\"caret-color: #000000; color: #1d1d1f; white-space: pre-wrap; border: 0px solid #d9d9e3; font-size: 1.25em; font-weight: 600; margin: 1rem 0px 0.5rem; line-height: 1.6; font-family: S\u00f6hne, ui-sans-serif, system-ui, -apple-system, 'Segoe UI', Roboto, Ubuntu, Cantarell, 'Noto Sans', sans-serif, 'Helvetica Neue', Arial, 'Apple Color Emoji', 'Segoe UI Emoji', 'Segoe UI Symbol', 'Noto Color Emoji';\">O Apple<\/h3><p>Jako lider innowacji, Apple nadal rewolucjonizuje technologi\u0119 osobist\u0105 od czasu wprowadzenia Macintosha w 1984 roku. Dzi\u0119ki szerokiej gamie produkt\u00f3w i us\u0142ug, Apple d\u0105\u017cy do stworzenia tego, co najlepsze na \u015bwiecie i pozostawienia \u015bwiata lepszym, ni\u017c go zasta\u0142.<\/p><p><span style=\"text-decoration: underline;\"><a href=\"https:\/\/ioasis.eu\/pl\/blog\/\">Powr\u00f3t<\/a><\/span><\/p>\t\t\t\t\t\t<\/div>\n\t\t\t\t<\/div>\n\t\t\t\t\t<\/div>\n\t\t\t\t<\/div>\n\t\t\t\t\t\t\t<\/div>","protected":false},"excerpt":{"rendered":"<p>Jako wy\u0142\u0105czny sprzedawca Apple Vision Pro w Europie, iOasis Premier Reseller jest podekscytowany mo\u017cliwo\u015bci\u0105 dostarczenia tego rewolucyjnego komputera przestrzennego naszym klientom.<\/p>","protected":false},"author":1,"featured_media":221,"parent":415,"menu_order":0,"comment_status":"closed","ping_status":"closed","template":"","meta":{"footnotes":""},"class_list":["post-473","page","type-page","status-publish","has-post-thumbnail","hentry"],"jetpack_sharing_enabled":true,"_links":{"self":[{"href":"https:\/\/ioasis.eu\/pl\/wp-json\/wp\/v2\/pages\/473","targetHints":{"allow":["GET"]}}],"collection":[{"href":"https:\/\/ioasis.eu\/pl\/wp-json\/wp\/v2\/pages"}],"about":[{"href":"https:\/\/ioasis.eu\/pl\/wp-json\/wp\/v2\/types\/page"}],"author":[{"embeddable":true,"href":"https:\/\/ioasis.eu\/pl\/wp-json\/wp\/v2\/users\/1"}],"replies":[{"embeddable":true,"href":"https:\/\/ioasis.eu\/pl\/wp-json\/wp\/v2\/comments?post=473"}],"version-history":[{"count":5,"href":"https:\/\/ioasis.eu\/pl\/wp-json\/wp\/v2\/pages\/473\/revisions"}],"predecessor-version":[{"id":481,"href":"https:\/\/ioasis.eu\/pl\/wp-json\/wp\/v2\/pages\/473\/revisions\/481"}],"up":[{"embeddable":true,"href":"https:\/\/ioasis.eu\/pl\/wp-json\/wp\/v2\/pages\/415"}],"wp:featuredmedia":[{"embeddable":true,"href":"https:\/\/ioasis.eu\/pl\/wp-json\/wp\/v2\/media\/221"}],"wp:attachment":[{"href":"https:\/\/ioasis.eu\/pl\/wp-json\/wp\/v2\/media?parent=473"}],"curies":[{"name":"wp","href":"https:\/\/api.w.org\/{rel}","templated":true}]}}