{"id":715,"date":"2024-01-22T13:54:49","date_gmt":"2024-01-22T12:54:49","guid":{"rendered":"https:\/\/ioasis.eu\/?page_id=715"},"modified":"2024-01-22T13:57:08","modified_gmt":"2024-01-22T12:57:08","slug":"discover-visionos-revolutionizing-your-apple-vision-pro-experience","status":"publish","type":"page","link":"https:\/\/ioasis.eu\/pl\/blog\/odkryj-visionos-rewolucjonizujace-doswiadczenie-apple-vision-pro\/","title":{"rendered":"Odkryj VisionOS: Rewolucja w do\u015bwiadczeniach Apple Vision Pro"},"content":{"rendered":"<div data-elementor-type=\"wp-page\" data-elementor-id=\"715\" class=\"elementor elementor-715\">\n\t\t\t\t\t\t\t<div class=\"elementor-element elementor-element-4ce6fdf1 e-con-boxed e-flex e-con\" data-id=\"4ce6fdf1\" data-element_type=\"container\" data-settings=\"{&quot;content_width&quot;:&quot;boxed&quot;}\">\n\t\t\t\t\t<div class=\"e-con-inner\">\n\t\t\t\t<div class=\"elementor-element elementor-element-77815985 elementor-widget elementor-widget-heading\" data-id=\"77815985\" data-element_type=\"widget\" data-widget_type=\"heading.default\">\n\t\t\t\t<div class=\"elementor-widget-container\">\n\t\t\t<style>\/*! elementor - v3.13.3 - 28-05-2023 *\/\n.elementor-heading-title{padding:0;margin:0;line-height:1}.elementor-widget-heading .elementor-heading-title[class*=elementor-size-]>a{color:inherit;font-size:inherit;line-height:inherit}.elementor-widget-heading .elementor-heading-title.elementor-size-small{font-size:15px}.elementor-widget-heading .elementor-heading-title.elementor-size-medium{font-size:19px}.elementor-widget-heading .elementor-heading-title.elementor-size-large{font-size:29px}.elementor-widget-heading .elementor-heading-title.elementor-size-xl{font-size:39px}.elementor-widget-heading .elementor-heading-title.elementor-size-xxl{font-size:59px}<\/style><h1 class=\"elementor-heading-title elementor-size-default\">\nOdkryj VisionOS: Rewolucja w do\u015bwiadczeniach Apple Vision Pro<\/h1>\t\t<\/div>\n\t\t\t\t<\/div>\n\t\t\t\t<div class=\"elementor-element elementor-element-2c8475f elementor-skin-carousel elementor-arrows-yes elementor-pagination-type-bullets elementor-pagination-position-outside elementor-widget elementor-widget-media-carousel\" data-id=\"2c8475f\" data-element_type=\"widget\" data-settings=\"{&quot;skin&quot;:&quot;carousel&quot;,&quot;effect&quot;:&quot;slide&quot;,&quot;show_arrows&quot;:&quot;yes&quot;,&quot;pagination&quot;:&quot;bullets&quot;,&quot;speed&quot;:500,&quot;autoplay&quot;:&quot;yes&quot;,&quot;autoplay_speed&quot;:5000,&quot;loop&quot;:&quot;yes&quot;,&quot;pause_on_hover&quot;:&quot;yes&quot;,&quot;pause_on_interaction&quot;:&quot;yes&quot;,&quot;space_between&quot;:{&quot;unit&quot;:&quot;px&quot;,&quot;size&quot;:10,&quot;sizes&quot;:[]},&quot;space_between_tablet&quot;:{&quot;unit&quot;:&quot;px&quot;,&quot;size&quot;:10,&quot;sizes&quot;:[]},&quot;space_between_mobile&quot;:{&quot;unit&quot;:&quot;px&quot;,&quot;size&quot;:10,&quot;sizes&quot;:[]}}\" data-widget_type=\"media-carousel.default\">\n\t\t\t\t<div class=\"elementor-widget-container\">\n\t\t\t<link rel=\"stylesheet\" href=\"https:\/\/ioasis.eu\/wp-content\/plugins\/elementor-pro\/assets\/css\/widget-carousel.min.css\">\t\t<div class=\"elementor-swiper\">\n\t\t\t<div class=\"elementor-main-swiper swiper\">\n\t\t\t\t<div class=\"swiper-wrapper\">\n\t\t\t\t\t\t\t\t\t\t\t<div class=\"swiper-slide\">\n\t\t\t\t\t\t\t\t\t<div class=\"elementor-carousel-image\" role=\"img\" aria-label=\"Apple Vision Pro Europe - VisionOS - cze\u015b\u0107\" style=\"background-image: url(&#039;https:\/\/ioasis.eu\/wp-content\/uploads\/2024\/01\/Apple-Vision-Pro-Europe-VisionOS-2.jpg&#039;)\">\n\n\t\t\t\n\t\t\t\t\t<\/div>\n\t\t\t\t\t\t\t\t<\/div>\n\t\t\t\t\t\t\t\t\t\t\t<div class=\"swiper-slide\">\n\t\t\t\t\t\t\t\t\t<div class=\"elementor-carousel-image\" role=\"img\" aria-label=\"Odkryj VisionOS - Apple Vision Pro w Europie\" style=\"background-image: url(&#039;https:\/\/ioasis.eu\/wp-content\/uploads\/2024\/01\/session3_2x.jpg&#039;)\">\n\n\t\t\t\n\t\t\t\t\t<\/div>\n\t\t\t\t\t\t\t\t<\/div>\n\t\t\t\t\t\t\t\t\t\t\t<div class=\"swiper-slide\">\n\t\t\t\t\t\t\t\t\t<div class=\"elementor-carousel-image\" role=\"img\" aria-label=\"Apple Vision Pro Europe - centrum sterowania VisionOS\" style=\"background-image: url(&#039;https:\/\/ioasis.eu\/wp-content\/uploads\/2024\/01\/Apple-Vision-Pro-Europe-VisionOS-4.jpg&#039;)\">\n\n\t\t\t\n\t\t\t\t\t<\/div>\n\t\t\t\t\t\t\t\t<\/div>\n\t\t\t\t\t\t\t\t\t\t\t<div class=\"swiper-slide\">\n\t\t\t\t\t\t\t\t\t<div class=\"elementor-carousel-image\" role=\"img\" aria-label=\"Apple Vision Pro Europe - demo przestrzenne VisionOS\" style=\"background-image: url(&#039;https:\/\/ioasis.eu\/wp-content\/uploads\/2024\/01\/Apple-Vision-Pro-Europe-VisionOS-3.jpg&#039;)\">\n\n\t\t\t\n\t\t\t\t\t<\/div>\n\t\t\t\t\t\t\t\t<\/div>\n\t\t\t\t\t\t\t\t\t\t\t<div class=\"swiper-slide\">\n\t\t\t\t\t\t\t\t\t<div class=\"elementor-carousel-image\" role=\"img\" aria-label=\"Apple Vision Pro Europe - VisionOS uszczypnij, aby powi\u0119kszy\u0107\" style=\"background-image: url(&#039;https:\/\/ioasis.eu\/wp-content\/uploads\/2024\/01\/Apple-Vision-Pro-Europe-VisionOS-5.jpg&#039;)\">\n\n\t\t\t\n\t\t\t\t\t<\/div>\n\t\t\t\t\t\t\t\t<\/div>\n\t\t\t\t\t\t\t\t\t<\/div>\n\t\t\t\t\t\t\t\t\t\t\t\t\t\t\t<div class=\"swiper-pagination\"><\/div>\n\t\t\t\t\t\t\t\t\t\t\t\t\t\t\t\t<div class=\"elementor-swiper-button elementor-swiper-button-prev\" role=\"button\" tabindex=\"0\">\n\t\t\t\t\t\t\t<i aria-hidden=\"true\" class=\"eicon-chevron-left\"><\/i>\t\t\t\t\t\t\t<span class=\"elementor-screen-only\">Poprzedni<\/span>\n\t\t\t\t\t\t<\/div>\n\t\t\t\t\t\t<div class=\"elementor-swiper-button elementor-swiper-button-next\" role=\"button\" tabindex=\"0\">\n\t\t\t\t\t\t\t<i aria-hidden=\"true\" class=\"eicon-chevron-right\"><\/i>\t\t\t\t\t\t\t<span class=\"elementor-screen-only\">Nast\u0119pny<\/span>\n\t\t\t\t\t\t<\/div>\n\t\t\t\t\t\t\t\t\t\t\t\t<\/div>\n\t\t<\/div>\n\t\t\t\t<\/div>\n\t\t\t\t<\/div>\n\t\t\t\t\t<\/div>\n\t\t\t\t<\/div>\n\t\t<div class=\"elementor-element elementor-element-5e683ed1 e-con-boxed e-flex e-con\" data-id=\"5e683ed1\" data-element_type=\"container\" data-settings=\"{&quot;content_width&quot;:&quot;boxed&quot;}\">\n\t\t\t\t\t<div class=\"e-con-inner\">\n\t\t\t\t<div class=\"elementor-element elementor-element-5a81c8c4 elementor-widget elementor-widget-text-editor\" data-id=\"5a81c8c4\" data-element_type=\"widget\" data-widget_type=\"text-editor.default\">\n\t\t\t\t<div class=\"elementor-widget-container\">\n\t\t\t<style>\/*! elementor - v3.13.3 - 28-05-2023 *\/\n.elementor-widget-text-editor.elementor-drop-cap-view-stacked .elementor-drop-cap{background-color:#69727d;color:#fff}.elementor-widget-text-editor.elementor-drop-cap-view-framed .elementor-drop-cap{color:#69727d;border:3px solid;background-color:transparent}.elementor-widget-text-editor:not(.elementor-drop-cap-view-default) .elementor-drop-cap{margin-top:8px}.elementor-widget-text-editor:not(.elementor-drop-cap-view-default) .elementor-drop-cap-letter{width:1em;height:1em}.elementor-widget-text-editor .elementor-drop-cap{float:left;text-align:center;line-height:1;font-size:50px}.elementor-widget-text-editor .elementor-drop-cap-letter{display:inline-block}<\/style>\t\t\t\t<p>Witamy w \u015bwiecie VisionOS, prze\u0142omowego systemu operacyjnego nap\u0119dzaj\u0105cego Apple Vision Pro. Jako przyszli w\u0142a\u015bciciele lub entuzja\u015bci tego innowacyjnego urz\u0105dzenia, wkraczasz do \u015bwiata, w kt\u00f3rym \u015bwiat cyfrowy i fizyczny p\u0142ynnie si\u0119 \u0142\u0105cz\u0105. VisionOS to co\u015b wi\u0119cej ni\u017c tylko system operacyjny; to brama do do\u015bwiadcze\u0144 i interakcji, kt\u00f3re redefiniuj\u0105 nasze postrzeganie rzeczywisto\u015bci. Zanurzmy si\u0119 w tym, co sprawia, \u017ce VisionOS zmienia zasady gry dla zwyk\u0142ych u\u017cytkownik\u00f3w.<\/p><h2>Co to jest VisionOS?<\/h2><p>VisionOS to silnik stoj\u0105cy za przestrzennymi mo\u017cliwo\u015bciami obliczeniowymi Apple Vision Pro. Zosta\u0142 zaprojektowany, aby zmieni\u0107 spos\u00f3b interakcji z tre\u015bciami cyfrowymi, \u0142\u0105cz\u0105c je z naszym fizycznym otoczeniem. Wyobra\u017a sobie aplikacje i gry, kt\u00f3re nie siedz\u0105 tylko na ekranie, ale s\u0105 cz\u0119\u015bci\u0105 Twojego salonu, biura lub przestrzeni na zewn\u0105trz. To w\u0142a\u015bnie magia VisionOS - tworzenie \"niesko\u0144czonego p\u0142\u00f3tna\", na kt\u00f3rym zacieraj\u0105 si\u0119 granice mi\u0119dzy \u015bwiatem cyfrowym i fizycznym.<\/p><h3>Nowy wymiar interaktywno\u015bci<\/h3><p>Dzi\u0119ki VisionOS interakcje nie ograniczaj\u0105 si\u0119 do tradycyjnych interfejs\u00f3w 2D. Zamiast tego b\u0119dziesz anga\u017cowa\u0107 si\u0119 w aplikacje i tre\u015bci w przestrzeni 3D wok\u00f3\u0142 siebie. Oznacza to, \u017ce okna i aplikacje mog\u0105 wygl\u0105da\u0107 tak, jakby unosi\u0142y si\u0119 w Twoim pokoju, lub mo\u017cesz chodzi\u0107 wok\u00f3\u0142 cyfrowego obiektu, aby zobaczy\u0107 go pod r\u00f3\u017cnymi k\u0105tami. Poziom zanurzenia i interakcji jest niezr\u00f3wnany.<\/p><h3>Full Space: Najbardziej wci\u0105gaj\u0105ce do\u015bwiadczenie<\/h3><p>Jedn\u0105 z najbardziej ekscytuj\u0105cych funkcji VisionOS jest do\u015bwiadczenie \"Full Space\". Gdy aplikacja korzysta z Full Space, mo\u017ce przej\u0105\u0107 ca\u0142e \u015brodowisko, przekszta\u0142caj\u0105c je w zupe\u0142nie inny \u015bwiat. Niezale\u017cnie od tego, czy jest to gra, kt\u00f3ra przenosi u\u017cytkownika do krainy fantasy, czy aplikacja edukacyjna, kt\u00f3ra zabiera go na wirtualn\u0105 wycieczk\u0119 po staro\u017cytnych miastach, Full Space sprawia, \u017ce te do\u015bwiadczenia s\u0105 wszechogarniaj\u0105ce i niezwykle realne.<\/p><h2>Do\u015bwiadczenie u\u017cytkownika na VisionOS<\/h2><p>Jako u\u017cytkownik Apple Vision Pro, VisionOS oferuje przyjazny dla u\u017cytkownika i intuicyjny interfejs. Zosta\u0142 zbudowany tak, aby zapewni\u0107, \u017ce niezale\u017cnie od tego, czy grasz w gry, korzystasz z aplikacji zwi\u0119kszaj\u0105cych produktywno\u015b\u0107, czy odkrywasz nowe tre\u015bci edukacyjne, do\u015bwiadczenie jest p\u0142ynne i wci\u0105gaj\u0105ce.<\/p><h3>Intuicyjne interakcje<\/h3><p>Interakcja z VisionOS jest naturalna i intuicyjna. Niezale\u017cnie od tego, czy zmieniasz rozmiar okien we wsp\u00f3\u0142dzielonej przestrzeni, eksplorujesz obiekty 3D, czy poruszasz si\u0119 po wci\u0105gaj\u0105cych \u015brodowiskach, VisionOS zosta\u0142 zaprojektowany tak, aby by\u0142 przyjazny dla u\u017cytkownika. Nie musisz by\u0107 ekspertem technicznym, aby nawigowa\u0107 i cieszy\u0107 si\u0119 cudami oblicze\u0144 przestrzennych.<\/p><h3>Dost\u0119pno\u015b\u0107 i inkluzywno\u015b\u0107<\/h3><p>VisionOS zosta\u0142 opracowany z my\u015bl\u0105 o dost\u0119pno\u015bci. Zapewnia to, \u017ce cuda oblicze\u0144 przestrzennych s\u0105 dost\u0119pne dla wszystkich, niezale\u017cnie od ich mo\u017cliwo\u015bci fizycznych. To zaanga\u017cowanie w integracj\u0119 oznacza, \u017ce wi\u0119cej os\u00f3b mo\u017ce cieszy\u0107 si\u0119, wchodzi\u0107 w interakcje i czerpa\u0107 korzy\u015bci z wci\u0105gaj\u0105cych do\u015bwiadcze\u0144 oferowanych przez VisionOS.<\/p><h2>Gotowi na przysz\u0142o\u015b\u0107<\/h2><p>Stoj\u0105c u progu nowej ery technologii, VisionOS jest przepustk\u0105 do \u015bwiata, w kt\u00f3rym cyfrowe do\u015bwiadczenia nie s\u0105 ju\u017c ograniczone do ekran\u00f3w. To ekscytuj\u0105cy czas, aby by\u0107 cz\u0119\u015bci\u0105 tej rewolucji technologicznej, a Apple Vision Pro, zasilany przez VisionOS, jest na jej czele.<\/p><h2>Wnioski<\/h2><p>VisionOS na Apple Vision Pro to nie tylko post\u0119p technologiczny; to nowy spos\u00f3b do\u015bwiadczania otaczaj\u0105cego nas \u015bwiata. Obiecuje zmian\u0119 w sposobie interakcji z tre\u015bciami cyfrowymi, czyni\u0105c je bardziej wci\u0105gaj\u0105cymi, intuicyjnymi i dost\u0119pnymi. W miar\u0119 post\u0119p\u00f3w, mo\u017cliwo\u015bci s\u0105 nieograniczone i nie mo\u017cemy si\u0119 doczeka\u0107, aby zobaczy\u0107, jak VisionOS b\u0119dzie nadal ewoluowa\u0107 i rewolucjonizowa\u0107 nasze cyfrowe do\u015bwiadczenia.<\/p><p>B\u0105d\u017a na bie\u017c\u0105co z kolejnymi aktualizacjami i spostrze\u017ceniami na temat Apple Vision Pro i VisionOS. Przysz\u0142o\u015b\u0107 jest tutaj i jest bardziej ekscytuj\u0105ca ni\u017c kiedykolwiek!<\/p><p>&#8212;<\/p><p>Niezale\u017cnie od tego, czy jeste\u015b entuzjast\u0105 technologii, graczem, nauczycielem, czy po prostu jeste\u015b ciekawy przysz\u0142o\u015bci technologii, VisionOS jest czym\u015b, czym warto si\u0119 ekscytowa\u0107. Miej oko na t\u0119 przestrze\u0144, aby uzyska\u0107 wi\u0119cej informacji, gdy b\u0119dziemy nadal odkrywa\u0107 niesamowite mo\u017cliwo\u015bci Apple Vision Pro i VisionOS.<\/p><p><a href=\"https:\/\/ioasis.eu\/pl\/blog\/\"><span style=\"text-decoration: underline;\">Powr\u00f3t<\/span><\/a><\/p>\t\t\t\t\t\t<\/div>\n\t\t\t\t<\/div>\n\t\t\t\t\t<\/div>\n\t\t\t\t<\/div>\n\t\t\t\t\t\t\t<\/div>","protected":false},"excerpt":{"rendered":"<p>Witamy w \u015bwiecie VisionOS, prze\u0142omowego systemu operacyjnego nap\u0119dzaj\u0105cego Apple Vision Pro. Jako przyszli w\u0142a\u015bciciele lub entuzja\u015bci tego innowacyjnego urz\u0105dzenia, wkraczasz do \u015bwiata, w kt\u00f3rym \u015bwiat cyfrowy i fizyczny p\u0142ynnie si\u0119 \u0142\u0105cz\u0105.<\/p>","protected":false},"author":1,"featured_media":724,"parent":415,"menu_order":0,"comment_status":"closed","ping_status":"closed","template":"","meta":{"footnotes":""},"class_list":["post-715","page","type-page","status-publish","has-post-thumbnail","hentry"],"jetpack_sharing_enabled":true,"_links":{"self":[{"href":"https:\/\/ioasis.eu\/pl\/wp-json\/wp\/v2\/pages\/715","targetHints":{"allow":["GET"]}}],"collection":[{"href":"https:\/\/ioasis.eu\/pl\/wp-json\/wp\/v2\/pages"}],"about":[{"href":"https:\/\/ioasis.eu\/pl\/wp-json\/wp\/v2\/types\/page"}],"author":[{"embeddable":true,"href":"https:\/\/ioasis.eu\/pl\/wp-json\/wp\/v2\/users\/1"}],"replies":[{"embeddable":true,"href":"https:\/\/ioasis.eu\/pl\/wp-json\/wp\/v2\/comments?post=715"}],"version-history":[{"count":13,"href":"https:\/\/ioasis.eu\/pl\/wp-json\/wp\/v2\/pages\/715\/revisions"}],"predecessor-version":[{"id":734,"href":"https:\/\/ioasis.eu\/pl\/wp-json\/wp\/v2\/pages\/715\/revisions\/734"}],"up":[{"embeddable":true,"href":"https:\/\/ioasis.eu\/pl\/wp-json\/wp\/v2\/pages\/415"}],"wp:featuredmedia":[{"embeddable":true,"href":"https:\/\/ioasis.eu\/pl\/wp-json\/wp\/v2\/media\/724"}],"wp:attachment":[{"href":"https:\/\/ioasis.eu\/pl\/wp-json\/wp\/v2\/media?parent=715"}],"curies":[{"name":"wp","href":"https:\/\/api.w.org\/{rel}","templated":true}]}}