{"id":735,"date":"2024-01-22T14:09:22","date_gmt":"2024-01-22T13:09:22","guid":{"rendered":"https:\/\/ioasis.eu\/?page_id=735"},"modified":"2024-01-22T14:13:24","modified_gmt":"2024-01-22T13:13:24","slug":"apps-available-at-launch-on-apple-vision-pro","status":"publish","type":"page","link":"https:\/\/ioasis.eu\/pl\/blog\/aplikacje-dostepne-w-momencie-premiery-na-apple-vision-pro\/","title":{"rendered":"Aplikacje dost\u0119pne w momencie uruchomienia na Apple Vision Pro"},"content":{"rendered":"<div data-elementor-type=\"wp-page\" data-elementor-id=\"735\" class=\"elementor elementor-735\">\n\t\t\t\t\t\t\t<div class=\"elementor-element elementor-element-6985dd02 e-con-boxed e-flex e-con\" data-id=\"6985dd02\" data-element_type=\"container\" data-settings=\"{&quot;content_width&quot;:&quot;boxed&quot;}\">\n\t\t\t\t\t<div class=\"e-con-inner\">\n\t\t\t\t<div class=\"elementor-element elementor-element-7a8b5baa elementor-widget elementor-widget-heading\" data-id=\"7a8b5baa\" data-element_type=\"widget\" data-widget_type=\"heading.default\">\n\t\t\t\t<div class=\"elementor-widget-container\">\n\t\t\t<style>\/*! elementor - v3.13.3 - 28-05-2023 *\/\n.elementor-heading-title{padding:0;margin:0;line-height:1}.elementor-widget-heading .elementor-heading-title[class*=elementor-size-]>a{color:inherit;font-size:inherit;line-height:inherit}.elementor-widget-heading .elementor-heading-title.elementor-size-small{font-size:15px}.elementor-widget-heading .elementor-heading-title.elementor-size-medium{font-size:19px}.elementor-widget-heading .elementor-heading-title.elementor-size-large{font-size:29px}.elementor-widget-heading .elementor-heading-title.elementor-size-xl{font-size:39px}.elementor-widget-heading .elementor-heading-title.elementor-size-xxl{font-size:59px}<\/style><h1 class=\"elementor-heading-title elementor-size-default\">\nAplikacje dost\u0119pne w momencie uruchomienia na Apple Vision Pro<\/h1>\t\t<\/div>\n\t\t\t\t<\/div>\n\t\t\t\t<div class=\"elementor-element elementor-element-3def60d8 elementor-skin-carousel elementor-arrows-yes elementor-pagination-type-bullets elementor-pagination-position-outside elementor-widget elementor-widget-media-carousel\" data-id=\"3def60d8\" data-element_type=\"widget\" data-settings=\"{&quot;skin&quot;:&quot;carousel&quot;,&quot;effect&quot;:&quot;slide&quot;,&quot;show_arrows&quot;:&quot;yes&quot;,&quot;pagination&quot;:&quot;bullets&quot;,&quot;speed&quot;:500,&quot;autoplay&quot;:&quot;yes&quot;,&quot;autoplay_speed&quot;:5000,&quot;loop&quot;:&quot;yes&quot;,&quot;pause_on_hover&quot;:&quot;yes&quot;,&quot;pause_on_interaction&quot;:&quot;yes&quot;,&quot;space_between&quot;:{&quot;unit&quot;:&quot;px&quot;,&quot;size&quot;:10,&quot;sizes&quot;:[]},&quot;space_between_tablet&quot;:{&quot;unit&quot;:&quot;px&quot;,&quot;size&quot;:10,&quot;sizes&quot;:[]},&quot;space_between_mobile&quot;:{&quot;unit&quot;:&quot;px&quot;,&quot;size&quot;:10,&quot;sizes&quot;:[]}}\" data-widget_type=\"media-carousel.default\">\n\t\t\t\t<div class=\"elementor-widget-container\">\n\t\t\t<link rel=\"stylesheet\" href=\"https:\/\/ioasis.eu\/wp-content\/plugins\/elementor-pro\/assets\/css\/widget-carousel.min.css\">\t\t<div class=\"elementor-swiper\">\n\t\t\t<div class=\"elementor-main-swiper swiper\">\n\t\t\t\t<div class=\"swiper-wrapper\">\n\t\t\t\t\t\t\t\t\t\t\t<div class=\"swiper-slide\">\n\t\t\t\t\t\t\t\t\t<div class=\"elementor-carousel-image\" role=\"img\" aria-label=\"Apple-Vision-Pro-Europe-entertainment-App-Store-Environments-Mount-Hood_big.jpg.large_2x\" style=\"background-image: url(&#039;https:\/\/ioasis.eu\/wp-content\/uploads\/2024\/01\/Apple-Vision-Pro-Europe-entertainment-App-Store-Environments-Mount-Hood_big.jpg.large_2x.jpg&#039;)\">\n\n\t\t\t\n\t\t\t\t\t<\/div>\n\t\t\t\t\t\t\t\t<\/div>\n\t\t\t\t\t\t\t\t\t\t\t<div class=\"swiper-slide\">\n\t\t\t\t\t\t\t\t\t<div class=\"elementor-carousel-image\" role=\"img\" aria-label=\"Apple-Vision-Pro-Europe-entertainment-Apple-Immersive-Video-Adventure_big.jpg.large_2x\" style=\"background-image: url(&#039;https:\/\/ioasis.eu\/wp-content\/uploads\/2024\/01\/Apple-Vision-Pro-Europe-entertainment-Apple-Immersive-Video-Adventure_big.jpg.large_2x.jpg&#039;)\">\n\n\t\t\t\n\t\t\t\t\t<\/div>\n\t\t\t\t\t\t\t\t<\/div>\n\t\t\t\t\t\t\t\t\t\t\t<div class=\"swiper-slide\">\n\t\t\t\t\t\t\t\t\t<div class=\"elementor-carousel-image\" role=\"img\" aria-label=\"Apple-Vision-Pro-Europe-entertainment-3D-movies-Dune_big.jpg.large_2x\" style=\"background-image: url(&#039;https:\/\/ioasis.eu\/wp-content\/uploads\/2024\/01\/Apple-Vision-Pro-Europe-entertainment-3D-movies-Dune_big.jpg.large_2x.jpg&#039;)\">\n\n\t\t\t\n\t\t\t\t\t<\/div>\n\t\t\t\t\t\t\t\t<\/div>\n\t\t\t\t\t\t\t\t\t\t\t<div class=\"swiper-slide\">\n\t\t\t\t\t\t\t\t\t<div class=\"elementor-carousel-image\" role=\"img\" aria-label=\"Apple-Vision-Pro-Europe-entertainment-Disney-Plus_big.jpg.large_2x\" style=\"background-image: url(&#039;https:\/\/ioasis.eu\/wp-content\/uploads\/2024\/01\/Apple-Vision-Pro-Europe-entertainment-Disney-Plus_big.jpg.large_2x.jpg&#039;)\">\n\n\t\t\t\n\t\t\t\t\t<\/div>\n\t\t\t\t\t\t\t\t<\/div>\n\t\t\t\t\t\t\t\t\t\t\t<div class=\"swiper-slide\">\n\t\t\t\t\t\t\t\t\t<div class=\"elementor-carousel-image\" role=\"img\" aria-label=\"Apple-Vision-Pro-Europe-entertainment-Apple-TV-Plus-The-Morning-Show_big.jpg.large_2x\" style=\"background-image: url(&#039;https:\/\/ioasis.eu\/wp-content\/uploads\/2024\/01\/Apple-Vision-Pro-Europe-entertainment-Apple-TV-Plus-The-Morning-Show_big.jpg.large_2x.jpg&#039;)\">\n\n\t\t\t\n\t\t\t\t\t<\/div>\n\t\t\t\t\t\t\t\t<\/div>\n\t\t\t\t\t\t\t\t\t\t\t<div class=\"swiper-slide\">\n\t\t\t\t\t\t\t\t\t<div class=\"elementor-carousel-image\" role=\"img\" aria-label=\"Apple-Vision-Pro-Europe-entertainment-MLS-Season-Pass_big.jpg.large_2x\" style=\"background-image: url(&#039;https:\/\/ioasis.eu\/wp-content\/uploads\/2024\/01\/Apple-Vision-Pro-Europe-entertainment-MLS-Season-Pass_big.jpg.large_2x.jpg&#039;)\">\n\n\t\t\t\n\t\t\t\t\t<\/div>\n\t\t\t\t\t\t\t\t<\/div>\n\t\t\t\t\t\t\t\t\t<\/div>\n\t\t\t\t\t\t\t\t\t\t\t\t\t\t\t<div class=\"swiper-pagination\"><\/div>\n\t\t\t\t\t\t\t\t\t\t\t\t\t\t\t\t<div class=\"elementor-swiper-button elementor-swiper-button-prev\" role=\"button\" tabindex=\"0\">\n\t\t\t\t\t\t\t<i aria-hidden=\"true\" class=\"eicon-chevron-left\"><\/i>\t\t\t\t\t\t\t<span class=\"elementor-screen-only\">Poprzedni<\/span>\n\t\t\t\t\t\t<\/div>\n\t\t\t\t\t\t<div class=\"elementor-swiper-button elementor-swiper-button-next\" role=\"button\" tabindex=\"0\">\n\t\t\t\t\t\t\t<i aria-hidden=\"true\" class=\"eicon-chevron-right\"><\/i>\t\t\t\t\t\t\t<span class=\"elementor-screen-only\">Nast\u0119pny<\/span>\n\t\t\t\t\t\t<\/div>\n\t\t\t\t\t\t\t\t\t\t\t\t<\/div>\n\t\t<\/div>\n\t\t\t\t<\/div>\n\t\t\t\t<\/div>\n\t\t\t\t\t<\/div>\n\t\t\t\t<\/div>\n\t\t<div class=\"elementor-element elementor-element-79660a15 e-con-boxed e-flex e-con\" data-id=\"79660a15\" data-element_type=\"container\" data-settings=\"{&quot;content_width&quot;:&quot;boxed&quot;}\">\n\t\t\t\t\t<div class=\"e-con-inner\">\n\t\t\t\t<div class=\"elementor-element elementor-element-13c8bc7d elementor-widget elementor-widget-text-editor\" data-id=\"13c8bc7d\" data-element_type=\"widget\" data-widget_type=\"text-editor.default\">\n\t\t\t\t<div class=\"elementor-widget-container\">\n\t\t\t<style>\/*! elementor - v3.13.3 - 28-05-2023 *\/\n.elementor-widget-text-editor.elementor-drop-cap-view-stacked .elementor-drop-cap{background-color:#69727d;color:#fff}.elementor-widget-text-editor.elementor-drop-cap-view-framed .elementor-drop-cap{color:#69727d;border:3px solid;background-color:transparent}.elementor-widget-text-editor:not(.elementor-drop-cap-view-default) .elementor-drop-cap{margin-top:8px}.elementor-widget-text-editor:not(.elementor-drop-cap-view-default) .elementor-drop-cap-letter{width:1em;height:1em}.elementor-widget-text-editor .elementor-drop-cap{float:left;text-align:center;line-height:1;font-size:50px}.elementor-widget-text-editor .elementor-drop-cap-letter{display:inline-block}<\/style>\t\t\t\t<p>Gdy wkraczamy w er\u0119 Apple Vision Pro, otwiera si\u0119 przed nami nowy horyzont aplikacji i rozrywki. Ten rewolucyjny zestaw s\u0142uchawkowy rzeczywisto\u015bci mieszanej, zasilany przez VisionOS, ma zmieni\u0107 nasz\u0105 interakcj\u0119 z cyfrowym \u015bwiatem. W tym wpisie na blogu zbadamy r\u00f3\u017cnorodn\u0105 gam\u0119 aplikacji i do\u015bwiadcze\u0144, kt\u00f3re b\u0119d\u0105 dost\u0119pne podczas premiery Apple Vision Pro.<\/p><h2>Wci\u0105gaj\u0105ce do\u015bwiadczenia rozrywkowe<\/h2><h3>Apple Immersive Video<\/h3><p>Apple Vision Pro wprowadza nowy format rozrywki o nazwie Apple Immersive Video. Format ten obejmuje 180-stopniowe nagrania 3D 8K z d\u017awi\u0119kiem przestrzennym, przenosz\u0105c widz\u00f3w w samo serce historii i do\u015bwiadcze\u0144. W momencie premiery u\u017cytkownicy mog\u0105 cieszy\u0107 si\u0119 wyselekcjonowanym wyborem wci\u0105gaj\u0105cych film\u00f3w i seriali w aplikacji Apple TV, takich jak Alicia Keys: Rehearsal Room, Adventure, Wild Life i Prehistoric Planet Immersive.<\/p><h3>Disney+ w 3D<\/h3><p>Disney+ zaoferuje ca\u0142y sw\u00f3j katalog w osza\u0142amiaj\u0105cym 3D na Apple Vision Pro. U\u017cytkownicy mog\u0105 zanurzy\u0107 si\u0119 w \u015brodowiskach inspirowanych Disneyem, w tym w Disney+ Theater, Scare Floor z Pixar's Monsters Inc., Marvel's Avengers Tower i kokpicie Luke'a Skywalkera z Gwiezdnych Wojen. \u015arodowiska te b\u0119d\u0105 zawiera\u0107 animacje, d\u017awi\u0119ki i pisanki, aby poprawi\u0107 wra\u017cenia z ogl\u0105dania.<\/p><h3>Spotkanie z dinozaurami<\/h3><p>Apple Vision Pro b\u0119dzie dostarczany z aplikacj\u0105 Encounter Dinosaurs, umo\u017cliwiaj\u0105c\u0105 u\u017cytkownikom interakcj\u0119 z gigantycznymi, tr\u00f3jwymiarowymi dinozaurami. Aplikacja ta, zainspirowana filmem Jona Favreau Prehistoryczna planeta, o\u017cywia te staro\u017cytne stworzenia w przestrzeni u\u017cytkownika.<\/p><h2>Filmy 3D i do\u015bwiadczenia kinowe<\/h2><p>U\u017cytkownicy Apple Vision Pro b\u0119d\u0105 mieli dost\u0119p do ponad 150 film\u00f3w 3D z najlepszych wytw\u00f3rni, w tym najnowszych hit\u00f3w, takich jak Avatar: Droga wody, Dune i Spider-Man: Into the Spider-Verse. Filmy te b\u0119d\u0105 dost\u0119pne do wypo\u017cyczenia lub zakupu w aplikacji Apple TV, a u\u017cytkownicy b\u0119d\u0105 mogli ogl\u0105da\u0107 je z niezwyk\u0142\u0105 g\u0142\u0119bi\u0105 i wyrazisto\u015bci\u0105 dzi\u0119ki Dolby Vision i Multiview High Efficiency Coding (MV-HEVC).<\/p><h2>Apple Arcade i App Store<\/h2><p>Zupe\u0142nie nowy App Store na Apple Vision Pro b\u0119dzie zawiera\u0142 ponad 1 milion aplikacji i ponad 250 gier na Apple Arcade, oferuj\u0105c szerok\u0105 gam\u0119 interaktywnej rozrywki i do\u015bwiadcze\u0144 przestrzennych stworzonych dla VisionOS. U\u017cytkownicy mog\u0105 spodziewa\u0107 si\u0119 \u015bwiata rozrywki dostosowanego do mo\u017cliwo\u015bci oblicze\u0144 przestrzennych Apple Vision Pro.<\/p><h2>Wnioski<\/h2><p>Premiera Apple Vision Pro to nie tylko kamie\u0144 milowy w dziedzinie innowacji sprz\u0119towych; to skok w przysz\u0142o\u015b\u0107, w kt\u00f3rej rozrywka i aplikacje s\u0105 bardziej wci\u0105gaj\u0105ce, interaktywne i realistyczne ni\u017c kiedykolwiek wcze\u015bniej. Od film\u00f3w, kt\u00f3re ci\u0119 otaczaj\u0105, po dinozaury, kt\u00f3re w\u0119druj\u0105 po twoim salonie, Apple Vision Pro na nowo zdefiniuje nasze wra\u017cenia z rozrywki. Zbli\u017caj\u0105c si\u0119 do daty premiery, podekscytowanie jest namacalne, a mo\u017cliwo\u015bci wydaj\u0105 si\u0119 nieograniczone.<\/p><p>B\u0105d\u017a na bie\u017c\u0105co, aby uzyska\u0107 wi\u0119cej informacji na temat Apple Vision Pro i ekscytuj\u0105cego \u015bwiata aplikacji i do\u015bwiadcze\u0144, kt\u00f3re oferuje. Przysz\u0142o\u015b\u0107 wci\u0105gaj\u0105cej rozrywki jest tu\u017c za rogiem i jest ja\u015bniejsza ni\u017c kiedykolwiek!<\/p><p>&#8212;<\/p><p>Aby uzyska\u0107 wi\u0119cej informacji na temat aplikacji i do\u015bwiadcze\u0144 zwi\u0105zanych z uruchomieniem Apple Vision Pro, odwied\u017a stron\u0119 internetow\u0105 Apple lub \u015bled\u017a wiadomo\u015bci techniczne, aby uzyska\u0107 najnowsze aktualizacje i recenzje.<\/p><p>\u00a0<\/p><p><a href=\"https:\/\/ioasis.eu\/pl\/blog\/\"><span style=\"text-decoration: underline;\">Powr\u00f3t<\/span><\/a><\/p>\t\t\t\t\t\t<\/div>\n\t\t\t\t<\/div>\n\t\t\t\t\t<\/div>\n\t\t\t\t<\/div>\n\t\t\t\t\t\t\t<\/div>","protected":false},"excerpt":{"rendered":"<p>Gdy wkraczamy w er\u0119 Apple Vision Pro, pojawia si\u0119 nowy horyzont aplikacji i do\u015bwiadcze\u0144 rozrywkowych. W tym wpisie na blogu zbadamy r\u00f3\u017cnorodn\u0105 gam\u0119 aplikacji i do\u015bwiadcze\u0144, kt\u00f3re b\u0119d\u0105 dost\u0119pne po uruchomieniu Apple Vision Pro.<\/p>","protected":false},"author":1,"featured_media":737,"parent":415,"menu_order":0,"comment_status":"closed","ping_status":"closed","template":"","meta":{"footnotes":""},"class_list":["post-735","page","type-page","status-publish","has-post-thumbnail","hentry"],"jetpack_sharing_enabled":true,"_links":{"self":[{"href":"https:\/\/ioasis.eu\/pl\/wp-json\/wp\/v2\/pages\/735","targetHints":{"allow":["GET"]}}],"collection":[{"href":"https:\/\/ioasis.eu\/pl\/wp-json\/wp\/v2\/pages"}],"about":[{"href":"https:\/\/ioasis.eu\/pl\/wp-json\/wp\/v2\/types\/page"}],"author":[{"embeddable":true,"href":"https:\/\/ioasis.eu\/pl\/wp-json\/wp\/v2\/users\/1"}],"replies":[{"embeddable":true,"href":"https:\/\/ioasis.eu\/pl\/wp-json\/wp\/v2\/comments?post=735"}],"version-history":[{"count":4,"href":"https:\/\/ioasis.eu\/pl\/wp-json\/wp\/v2\/pages\/735\/revisions"}],"predecessor-version":[{"id":745,"href":"https:\/\/ioasis.eu\/pl\/wp-json\/wp\/v2\/pages\/735\/revisions\/745"}],"up":[{"embeddable":true,"href":"https:\/\/ioasis.eu\/pl\/wp-json\/wp\/v2\/pages\/415"}],"wp:featuredmedia":[{"embeddable":true,"href":"https:\/\/ioasis.eu\/pl\/wp-json\/wp\/v2\/media\/737"}],"wp:attachment":[{"href":"https:\/\/ioasis.eu\/pl\/wp-json\/wp\/v2\/media?parent=735"}],"curies":[{"name":"wp","href":"https:\/\/api.w.org\/{rel}","templated":true}]}}