{"id":47,"date":"2023-06-09T13:57:59","date_gmt":"2023-06-09T11:57:59","guid":{"rendered":"http:\/\/ioasis.eu\/?post_type=product&#038;p=47"},"modified":"2024-03-25T09:48:36","modified_gmt":"2024-03-25T08:48:36","slug":"apple-vision-pro","status":"publish","type":"product","link":"https:\/\/ioasis.eu\/pl\/produkt\/apple-vision-pro\/","title":{"rendered":"Apple Vision Pro"},"content":{"rendered":"<h4><strong>Przegl\u0105d<\/strong><\/h4>\n<p>Witamy w erze komputer\u00f3w przestrzennych z Apple Vision Pro. To rewolucyjne urz\u0105dzenie p\u0142ynnie \u0142\u0105czy tre\u015bci cyfrowe z przestrzeni\u0105 fizyczn\u0105, umo\u017cliwiaj\u0105c nawigacj\u0119 za pomoc\u0105 oczu, r\u0105k i g\u0142osu. Apple Vision Pro zmienia spos\u00f3b, w jaki korzystasz z ulubionych aplikacji, urzeczywistniaj\u0105c przestrze\u0144 robocz\u0105 swoich marze\u0144 - a wszystko to przy zachowaniu obecno\u015bci w otaczaj\u0105cym Ci\u0119 \u015bwiecie. To bezprecedensowe do\u015bwiadczenie, kt\u00f3re trzeba zobaczy\u0107, aby uwierzy\u0107.<\/p>\n<h3><\/h3>\n<p>&nbsp;<\/p>\n<h4><strong>Najwa\u017cniejsze wydarzenia<\/strong><\/h4>\n<p><strong>Obliczenia przestrzenne<\/strong>: Apple Vision Pro wprowadza now\u0105 er\u0119 oblicze\u0144 przestrzennych, w kt\u00f3rej tre\u015bci cyfrowe \u0142\u0105cz\u0105 si\u0119 z przestrzeni\u0105 fizyczn\u0105. Mo\u017cesz nawigowa\u0107 za pomoc\u0105 oczu, r\u0105k i g\u0142osu, umo\u017cliwiaj\u0105c robienie rzeczy, kt\u00f3re kochasz, w spos\u00f3b, kt\u00f3ry nigdy wcze\u015bniej nie by\u0142 mo\u017cliwy.<\/p>\n<p><strong>Aplikacje:<\/strong> Twoje aplikacje \u017cyj\u0105 w Twojej przestrzeni. Dzi\u0119ki Vision Pro masz niesko\u0144czone p\u0142\u00f3tno, kt\u00f3re zmienia spos\u00f3b korzystania z ulubionych aplikacji. Mo\u017cesz rozmieszcza\u0107 aplikacje w dowolnym miejscu i skalowa\u0107 je do idealnego rozmiaru, tworz\u0105c wymarzon\u0105 przestrze\u0144 robocz\u0105, pozostaj\u0105c obecnym w otaczaj\u0105cym Ci\u0119 \u015bwiecie.<\/p>\n<p><strong>Rozrywka:<\/strong> Vision Pro mo\u017ce przekszta\u0142ci\u0107 ka\u017cde pomieszczenie w osobiste kino. Rozszerz swoje filmy, programy i gry do idealnego rozmiaru, czuj\u0105c si\u0119 cz\u0119\u015bci\u0105 akcji dzi\u0119ki Spatial Audio. A dzi\u0119ki wi\u0119kszej liczbie pikseli ni\u017c w telewizorze 4K dla ka\u017cdego oka, mo\u017cesz cieszy\u0107 si\u0119 osza\u0142amiaj\u0105cymi tre\u015bciami, gdziekolwiek jeste\u015b.<\/p>\n<p><strong>Zdj\u0119cia i materia\u0142y wideo:<\/strong> Vision Pro to pierwsza kamera 3D firmy Apple. Umo\u017cliwia ona robienie magicznych zdj\u0119\u0107 przestrzennych i film\u00f3w przestrzennych w 3D, a nast\u0119pnie prze\u017cywanie tych cennych chwil jak nigdy dot\u0105d dzi\u0119ki wci\u0105gaj\u0105cemu d\u017awi\u0119kowi przestrzennemu. Istniej\u0105ca biblioteka zdj\u0119\u0107 i film\u00f3w wygl\u0105da niesamowicie w niezwyk\u0142ej skali.<\/p>\n<p><strong>Po\u0142\u0105czenie:<\/strong> Vision Pro u\u0142atwia wsp\u00f3\u0142prac\u0119 i \u0142\u0105czenie si\u0119, gdziekolwiek jeste\u015b. Kafelki wideo FaceTime s\u0105 naturalnej wielko\u015bci, a gdy do\u0142\u0105czaj\u0105 nowe osoby, rozmowa po prostu rozszerza si\u0119 w pokoju. W FaceTime mo\u017cna r\u00f3wnie\u017c korzysta\u0107 z aplikacji do jednoczesnej wsp\u00f3\u0142pracy ze wsp\u00f3\u0142pracownikami nad tymi samymi dokumentami.<\/p>\n<p><strong>Projekt:<\/strong> Apple Vision Pro jest wynikiem dziesi\u0119cioleci do\u015bwiadczenia w projektowaniu wysokowydajnych, mobilnych i por\u0119cznych urz\u0105dze\u0144. Integruje niesamowicie zaawansowan\u0105 technologi\u0119 w eleganckiej, kompaktowej formie, zapewniaj\u0105c niesamowite wra\u017cenia za ka\u017cdym razem, gdy go za\u0142o\u017cysz.<\/p>\n<p><strong>VisionOS:<\/strong> Zbudowany na fundamencie macOS, iOS i iPadOS, visionOS zapewnia pot\u0119\u017cne wra\u017cenia przestrzenne. Kontroluj Vision Pro za pomoc\u0105 oczu, r\u0105k i g\u0142osu - interakcje s\u0105 intuicyjne i magiczne.<\/p>\n<p><strong>Technologia:<\/strong> Wra\u017cenia przestrzenne na Vision Pro s\u0105 mo\u017cliwe tylko dzi\u0119ki prze\u0142omowej technologii Apple. Wy\u015bwietlacze wielko\u015bci znaczka pocztowego dostarczaj\u0105 do ka\u017cdego oka wi\u0119cej pikseli ni\u017c telewizor 4K. Niesamowite post\u0119py w dziedzinie d\u017awi\u0119ku przestrzennego. Rewolucyjna konstrukcja dwuprocesorowa z niestandardowym uk\u0142adem krzemowym Apple. Zaawansowany zestaw kamer i czujnik\u00f3w.<\/p>\n<p><strong>Prywatno\u015b\u0107 i bezpiecze\u0144stwo:<\/strong> Podobnie jak ka\u017cdy produkt i us\u0142uga Apple, Vision Pro zosta\u0142 zaprojektowany, aby pom\u00f3c chroni\u0107 prywatno\u015b\u0107 i zachowa\u0107 kontrol\u0119 nad danymi. Opiera si\u0119 na fundamencie istniej\u0105cych funkcji prywatno\u015bci i bezpiecze\u0144stwa Apple z nowymi technologiami, takimi jak Optic ID, bezpieczny system uwierzytelniania, kt\u00f3ry wykorzystuje unikalno\u015b\u0107 t\u0119cz\u00f3wki oka.<\/p>","protected":false},"excerpt":{"rendered":"<p>Apple Vision Pro to rewolucyjne urz\u0105dzenie do przetwarzania przestrzennego, kt\u00f3re p\u0142ynnie \u0142\u0105czy tre\u015bci cyfrowe z przestrzeni\u0105 fizyczn\u0105. Oferuje wci\u0105gaj\u0105c\u0105 rozrywk\u0119, kamer\u0119 3D do przestrzennych zdj\u0119\u0107 i film\u00f3w oraz u\u0142atwia nawi\u0105zywanie znacz\u0105cych kontakt\u00f3w dzi\u0119ki naturalnej wielko\u015bci kafelkom wideo FaceTime. Jego konstrukcja integruje zaawansowan\u0105 technologi\u0119 w kompaktowej formie i jest zasilana przez unikalny dwuprocesorowy uk\u0142ad zapewniaj\u0105cy osza\u0142amiaj\u0105c\u0105 grafik\u0119 i widoki w czasie rzeczywistym.<\/p>","protected":false},"featured_media":221,"template":"","meta":[],"product_cat":[31],"product_tag":[18,27,25,29,17,26,28,19],"class_list":["post-47","product","type-product","status-publish","has-post-thumbnail","hentry","product_cat-apple-vision-pro","product_tag-apple","product_tag-apple-ar","product_tag-apple-headset","product_tag-apple-vision","product_tag-apple-vision-pro","product_tag-apple-vr","product_tag-vision","product_tag-vision-pro"],"jetpack_sharing_enabled":true,"_links":{"self":[{"href":"https:\/\/ioasis.eu\/pl\/wp-json\/wp\/v2\/product\/47","targetHints":{"allow":["GET"]}}],"collection":[{"href":"https:\/\/ioasis.eu\/pl\/wp-json\/wp\/v2\/product"}],"about":[{"href":"https:\/\/ioasis.eu\/pl\/wp-json\/wp\/v2\/types\/product"}],"wp:featuredmedia":[{"embeddable":true,"href":"https:\/\/ioasis.eu\/pl\/wp-json\/wp\/v2\/media\/221"}],"wp:attachment":[{"href":"https:\/\/ioasis.eu\/pl\/wp-json\/wp\/v2\/media?parent=47"}],"wp:term":[{"taxonomy":"product_cat","embeddable":true,"href":"https:\/\/ioasis.eu\/pl\/wp-json\/wp\/v2\/product_cat?post=47"},{"taxonomy":"product_tag","embeddable":true,"href":"https:\/\/ioasis.eu\/pl\/wp-json\/wp\/v2\/product_tag?post=47"}],"curies":[{"name":"wp","href":"https:\/\/api.w.org\/{rel}","templated":true}]}}