{"id":923,"date":"2024-02-03T01:20:32","date_gmt":"2024-02-03T00:20:32","guid":{"rendered":"https:\/\/ioasis.eu\/?post_type=product&#038;p=923"},"modified":"2024-02-03T01:20:33","modified_gmt":"2024-02-03T00:20:33","slug":"belkin-battery-holder-for-apple-vision-pro","status":"publish","type":"product","link":"https:\/\/ioasis.eu\/pl\/produkt\/uchwyt-baterii-belkin-do-apple-vision-pro\/","title":{"rendered":"Uchwyt baterii Belkin dla Apple Vision Pro"},"content":{"rendered":"<p>Zaprojektowany z my\u015bl\u0105 o bezpiecznym przechowywaniu baterii Apple Vision Pro, uchwyt na bateri\u0119 umo\u017cliwia wygodne i wszechstronne korzystanie z urz\u0105dzenia bez u\u017cycia r\u0105k. Battery Holder oferuje szybki i \u0142atwy spos\u00f3b na przypi\u0119cie baterii do paska lub spodni, podczas gdy pasek na krzy\u017c daje osobom bez dost\u0119pu do klipsa \u015bwietny spos\u00f3b na korzystanie z Apple Vision Pro bez u\u017cycia r\u0105k.<\/p>\n<p>&nbsp;<\/p>\n<h3 class=\"rc-pdsection-title\" data-autom=\"sectionTitle\">Najwa\u017cniejsze wydarzenia<\/h3>\n<div class=\"para-list\">\n<p>Pasek na rami\u0119 dla wszechstronnych opcji noszenia<\/p>\n<\/div>\n<div class=\"para-list as-pdp-lastparalist\">\n<p>Zacisk kablowy do wygodnego zarz\u0105dzania kablami<\/p>\n<\/div>\n<p>&nbsp;<\/p>\n<div class=\"rc-pdsection-sidepanel column large-3 small-12\">\n<h3 class=\"rc-pdsection-title\" data-autom=\"sectionTitle\">Co znajduje si\u0119 w opakowaniu<\/h3>\n<\/div>\n<div class=\"rc-pdsection-mainpanel column large-9 small-12\">\n<div>\n<ul class=\"bulleted\">\n<li>Uchwyt baterii dla Apple Vision Pro<\/li>\n<li>Pasek na rami\u0119<\/li>\n<li>Zacisk kablowy<\/li>\n<li>Skr\u00f3cona instrukcja instalacji<\/li>\n<\/ul>\n<\/div>\n<\/div>","protected":false},"excerpt":{"rendered":"<p>Zaprojektowany z my\u015bl\u0105 o bezpiecznym przechowywaniu baterii Apple Vision Pro, uchwyt na bateri\u0119 umo\u017cliwia wygodne i wszechstronne korzystanie z urz\u0105dzenia bez u\u017cycia r\u0105k. Battery Holder oferuje szybki i \u0142atwy spos\u00f3b na przypi\u0119cie baterii do paska lub spodni, podczas gdy pasek na krzy\u017c daje osobom bez dost\u0119pu do klipsa \u015bwietny spos\u00f3b na korzystanie z Apple Vision Pro bez u\u017cycia r\u0105k.<\/p>","protected":false},"featured_media":926,"template":"","meta":[],"product_cat":[43,31],"product_tag":[45,44],"class_list":["post-923","product","type-product","status-publish","has-post-thumbnail","hentry","product_cat-accessories","product_cat-apple-vision-pro","product_tag-battery-holder-for-apple-vision-pro","product_tag-belkin-battery-holder-for-apple-vision-pro"],"jetpack_sharing_enabled":true,"_links":{"self":[{"href":"https:\/\/ioasis.eu\/pl\/wp-json\/wp\/v2\/product\/923","targetHints":{"allow":["GET"]}}],"collection":[{"href":"https:\/\/ioasis.eu\/pl\/wp-json\/wp\/v2\/product"}],"about":[{"href":"https:\/\/ioasis.eu\/pl\/wp-json\/wp\/v2\/types\/product"}],"wp:featuredmedia":[{"embeddable":true,"href":"https:\/\/ioasis.eu\/pl\/wp-json\/wp\/v2\/media\/926"}],"wp:attachment":[{"href":"https:\/\/ioasis.eu\/pl\/wp-json\/wp\/v2\/media?parent=923"}],"wp:term":[{"taxonomy":"product_cat","embeddable":true,"href":"https:\/\/ioasis.eu\/pl\/wp-json\/wp\/v2\/product_cat?post=923"},{"taxonomy":"product_tag","embeddable":true,"href":"https:\/\/ioasis.eu\/pl\/wp-json\/wp\/v2\/product_tag?post=923"}],"curies":[{"name":"wp","href":"https:\/\/api.w.org\/{rel}","templated":true}]}}