{"id":927,"date":"2024-02-03T01:25:27","date_gmt":"2024-02-03T00:25:27","guid":{"rendered":"https:\/\/ioasis.eu\/?post_type=product&#038;p=927"},"modified":"2024-03-25T09:44:49","modified_gmt":"2024-03-25T08:44:49","slug":"apple-vision-pro-battery","status":"publish","type":"product","link":"https:\/\/ioasis.eu\/pl\/produkt\/bateria-apple-vision-pro\/","title":{"rendered":"Bateria Apple Vision Pro"},"content":{"rendered":"<p>Wysokowydajna bateria Apple Vision Pro jest wykonana z g\u0142adkiego, obrabianego maszynowo aluminium i \u0142\u0105czy si\u0119 z Apple Vision Pro za pomoc\u0105 plecionego kabla USB-C. Mo\u017cna go wsun\u0105\u0107 do kieszeni, aby uzyska\u0107 przeno\u015bne zasilanie i obs\u0142uguje do dw\u00f3ch godzin og\u00f3lnego u\u017cytkowania, 2,5 godziny odtwarzania wideo i ca\u0142odzienne u\u017cytkowanie po pod\u0142\u0105czeniu.<\/p>\n<p>&nbsp;<\/p>\n<div class=\"rc-pdsection-sidepanel column large-3 small-12\">\n<h3 class=\"rc-pdsection-title\" data-autom=\"sectionTitle\">Najwa\u017cniejsze wydarzenia<\/h3>\n<\/div>\n<div class=\"rc-pdsection-mainpanel column large-9 small-12\">\n<div class=\"para-list\">\n<p>Port USB-C do \u0142adowania<\/p>\n<\/div>\n<div class=\"para-list as-pdp-lastparalist\">\n<p>Zapewnia do dw\u00f3ch godzin og\u00f3lnego u\u017cytkowania<\/p>\n<div class=\"rc-pdsection-sidepanel column large-3 small-12\">\n<h3 class=\"rc-pdsection-title\" data-autom=\"sectionTitle\">Co znajduje si\u0119 w opakowaniu<\/h3>\n<\/div>\n<div class=\"rc-pdsection-mainpanel column large-9 small-12\">\n<div class=\"para-list as-pdp-lastparalist\">\n<p>Bateria Apple Vision Pro<\/p>\n<\/div>\n<\/div>\n<\/div>\n<\/div>","protected":false},"excerpt":{"rendered":"<p>Wysokowydajna bateria Apple Vision Pro jest wykonana z g\u0142adkiego, obrabianego maszynowo aluminium i \u0142\u0105czy si\u0119 z Apple Vision Pro za pomoc\u0105 plecionego kabla USB-C. Mo\u017cna go wsun\u0105\u0107 do kieszeni, aby uzyska\u0107 przeno\u015bne zasilanie i obs\u0142uguje do dw\u00f3ch godzin og\u00f3lnego u\u017cytkowania, 2,5 godziny odtwarzania wideo i ca\u0142odzienne u\u017cytkowanie po pod\u0142\u0105czeniu.<\/p>","protected":false},"featured_media":929,"template":"","meta":[],"product_cat":[43,31],"product_tag":[48,46,47,49],"class_list":["post-927","product","type-product","status-publish","has-post-thumbnail","hentry","product_cat-accessories","product_cat-apple-vision-pro","product_tag-apple-battery","product_tag-apple-vision-pro-battery","product_tag-battery","product_tag-vision-pro-battery"],"jetpack_sharing_enabled":true,"_links":{"self":[{"href":"https:\/\/ioasis.eu\/pl\/wp-json\/wp\/v2\/product\/927","targetHints":{"allow":["GET"]}}],"collection":[{"href":"https:\/\/ioasis.eu\/pl\/wp-json\/wp\/v2\/product"}],"about":[{"href":"https:\/\/ioasis.eu\/pl\/wp-json\/wp\/v2\/types\/product"}],"wp:featuredmedia":[{"embeddable":true,"href":"https:\/\/ioasis.eu\/pl\/wp-json\/wp\/v2\/media\/929"}],"wp:attachment":[{"href":"https:\/\/ioasis.eu\/pl\/wp-json\/wp\/v2\/media?parent=927"}],"wp:term":[{"taxonomy":"product_cat","embeddable":true,"href":"https:\/\/ioasis.eu\/pl\/wp-json\/wp\/v2\/product_cat?post=927"},{"taxonomy":"product_tag","embeddable":true,"href":"https:\/\/ioasis.eu\/pl\/wp-json\/wp\/v2\/product_tag?post=927"}],"curies":[{"name":"wp","href":"https:\/\/api.w.org\/{rel}","templated":true}]}}