{"id":930,"date":"2024-02-03T01:48:12","date_gmt":"2024-02-03T00:48:12","guid":{"rendered":"https:\/\/ioasis.eu\/?post_type=product&#038;p=930"},"modified":"2024-02-18T22:32:07","modified_gmt":"2024-02-18T21:32:07","slug":"zeiss-optical-inserts-apple-vision-pro","status":"publish","type":"product","link":"https:\/\/ioasis.eu\/pl\/produkt\/wkladki-optyczne-zeiss-apple-vision-pro\/","title":{"rendered":"Wk\u0142adki optyczne ZEISS do Apple Vision Pro"},"content":{"rendered":"<div class=\"para-list as-pdp-lastparalist\">\n<p>Istniej\u0105 dwa rodzaje wk\u0142adek optycznych ZEISS: Prescription i Readers. Ka\u017cdy typ jest sprzedawany jako para przeznaczona do wsp\u00f3\u0142pracy z Apple Vision Pro.<\/p>\n<\/div>\n<h4 class=\"h4-para-title\">Wk\u0142adki optyczne ZEISS i uszczelnienie Apple Vision Pro Light Seal zosta\u0142y zaprojektowane do wsp\u00f3\u0142pracy.<\/h4>\n<div class=\"rc-pdsection-sidepanel column large-3 small-12\">\n<h3 data-autom=\"sectionTitle\"><\/h3>\n<h3 class=\"rc-pdsection-title\" data-autom=\"sectionTitle\">Najwa\u017cniejsze wydarzenia<\/h3>\n<\/div>\n<div class=\"rc-pdsection-mainpanel column large-9 small-12\">\n<div class=\"para-list\">\n<p><strong>Wk\u0142adki optyczne ZEISS - okulary korekcyjne<\/strong><\/p>\n<\/div>\n<div class=\"para-list\">\n<p>Wykonane na zam\u00f3wienie zgodnie z recept\u0105. Wystarczy poda\u0107 nam szczeg\u00f3\u0142y recepty przy zakupie.<\/p>\n<\/div>\n<div class=\"para-list\">\n<p>Unikalne dla ka\u017cdego oka<\/p>\n<\/div>\n<div class=\"para-list\">\n<p>Magnetyczny mechanizm mocuj\u0105cy<\/p>\n<\/div>\n<div class=\"para-list\">\n<p>Opcjonalne grawerowanie<\/p>\n<\/div>\n<div class=\"para-list\">\n<p>&nbsp;<\/p>\n<\/div>\n<div class=\"para-list\">\n<p><strong>Wk\u0142adki optyczne ZEISS - okulary do czytania<\/strong><\/p>\n<\/div>\n<div class=\"para-list\">\n<p>Trzy dost\u0119pne mocne strony czytnik\u00f3w<\/p>\n<\/div>\n<div class=\"para-list as-pdp-lastparalist\">\n<p>Magnetyczny mechanizm mocuj\u0105cy<\/p>\n<p>&nbsp;<\/p>\n<\/div>\n<div class=\"rc-pdsection-sidepanel column large-3 small-12\">\n<h3 class=\"rc-pdsection-title\" data-autom=\"sectionTitle\">Co znajduje si\u0119 w opakowaniu<\/h3>\n<\/div>\n<div class=\"rc-pdsection-mainpanel column large-9 small-12\">\n<div class=\"para-list as-pdp-lastparalist\">\n<p>Wk\u0142adki optyczne ZEISS (na recept\u0119 lub do czytnik\u00f3w)<\/p>\n<\/div>\n<\/div>\n<\/div>","protected":false},"excerpt":{"rendered":"<p>Istniej\u0105 dwa rodzaje wk\u0142adek optycznych ZEISS: Prescription i Readers. Ka\u017cdy typ jest sprzedawany jako para przeznaczona do wsp\u00f3\u0142pracy z Apple Vision Pro.<\/p>","protected":false},"featured_media":937,"template":"","meta":[],"product_cat":[43,31],"product_tag":[53,51,52,54,50],"class_list":["post-930","product","type-product","status-publish","has-post-thumbnail","hentry","product_cat-accessories","product_cat-apple-vision-pro","product_tag-apple-vision-pro-glasses","product_tag-apple-vision-pro-inserts","product_tag-apple-vision-pro-optical-inserts","product_tag-glasses","product_tag-zeiss-optical-inserts"],"jetpack_sharing_enabled":true,"_links":{"self":[{"href":"https:\/\/ioasis.eu\/pl\/wp-json\/wp\/v2\/product\/930","targetHints":{"allow":["GET"]}}],"collection":[{"href":"https:\/\/ioasis.eu\/pl\/wp-json\/wp\/v2\/product"}],"about":[{"href":"https:\/\/ioasis.eu\/pl\/wp-json\/wp\/v2\/types\/product"}],"wp:featuredmedia":[{"embeddable":true,"href":"https:\/\/ioasis.eu\/pl\/wp-json\/wp\/v2\/media\/937"}],"wp:attachment":[{"href":"https:\/\/ioasis.eu\/pl\/wp-json\/wp\/v2\/media?parent=930"}],"wp:term":[{"taxonomy":"product_cat","embeddable":true,"href":"https:\/\/ioasis.eu\/pl\/wp-json\/wp\/v2\/product_cat?post=930"},{"taxonomy":"product_tag","embeddable":true,"href":"https:\/\/ioasis.eu\/pl\/wp-json\/wp\/v2\/product_tag?post=930"}],"curies":[{"name":"wp","href":"https:\/\/api.w.org\/{rel}","templated":true}]}}