{"id":942,"date":"2024-02-03T02:06:25","date_gmt":"2024-02-03T01:06:25","guid":{"rendered":"https:\/\/ioasis.eu\/?post_type=product&#038;p=942"},"modified":"2024-02-03T02:06:26","modified_gmt":"2024-02-03T01:06:26","slug":"apple-vision-pro-solo-knit-band","status":"publish","type":"product","link":"https:\/\/ioasis.eu\/pl\/produkt\/opaska-dzianinowa-apple-vision-pro-solo\/","title":{"rendered":"Apple Vision Pro Solo Knit Pasmo"},"content":{"rendered":"<p>Zaprojektowana dla Apple Vision Pro, opaska Solo Knit jest dziana w 3D jako pojedynczy element, tworz\u0105c unikaln\u0105 struktur\u0119 \u017ceber, kt\u00f3ra zapewnia amortyzacj\u0119, oddychalno\u015b\u0107 i rozci\u0105gliwo\u015b\u0107. Posiada \u0142atwo dost\u0119pne pokr\u0119t\u0142o Fit Dial, kt\u00f3re pozwala dopasowa\u0107 Apple Vision Pro do g\u0142owy i umo\u017cliwia mikroregulacj\u0119 podczas u\u017cytkowania. Opaska Solo Knit mocuje si\u0119 do pask\u00f3w audio za pomoc\u0105 prostego i bezpiecznego mechanizmu, a wypustki zwalniaj\u0105ce umo\u017cliwiaj\u0105 jej od\u0142\u0105czenie w razie potrzeby.<\/p>\n<p>&nbsp;<\/p>\n<div class=\"rc-pdsection-sidepanel column large-3 small-12\">\n<h3 class=\"rc-pdsection-title\" data-autom=\"sectionTitle\">Co znajduje si\u0119 w opakowaniu<\/h3>\n<\/div>\n<div class=\"rc-pdsection-mainpanel column large-9 small-12\">\n<div class=\"para-list as-pdp-lastparalist\">\n<p>Apple Vision Pro Solo Knit Pasmo<\/p>\n<\/div>\n<\/div>","protected":false},"excerpt":{"rendered":"<p>Zaprojektowana dla Apple Vision Pro, opaska Solo Knit jest wykonana z dzianiny 3D jako pojedynczy element, tworz\u0105c unikaln\u0105 struktur\u0119 \u017ceber, kt\u00f3ra zapewnia amortyzacj\u0119, oddychalno\u015b\u0107 i rozci\u0105gliwo\u015b\u0107.<\/p>","protected":false},"featured_media":945,"template":"","meta":[],"product_cat":[43,31],"product_tag":[59,62,63,61,60],"class_list":["post-942","product","type-product","status-publish","has-post-thumbnail","hentry","product_cat-accessories","product_cat-apple-vision-pro","product_tag-apple-vision-pro-solo-knit-band","product_tag-band","product_tag-headband","product_tag-knit-band","product_tag-solo-knit-band"],"jetpack_sharing_enabled":true,"_links":{"self":[{"href":"https:\/\/ioasis.eu\/pl\/wp-json\/wp\/v2\/product\/942","targetHints":{"allow":["GET"]}}],"collection":[{"href":"https:\/\/ioasis.eu\/pl\/wp-json\/wp\/v2\/product"}],"about":[{"href":"https:\/\/ioasis.eu\/pl\/wp-json\/wp\/v2\/types\/product"}],"wp:featuredmedia":[{"embeddable":true,"href":"https:\/\/ioasis.eu\/pl\/wp-json\/wp\/v2\/media\/945"}],"wp:attachment":[{"href":"https:\/\/ioasis.eu\/pl\/wp-json\/wp\/v2\/media?parent=942"}],"wp:term":[{"taxonomy":"product_cat","embeddable":true,"href":"https:\/\/ioasis.eu\/pl\/wp-json\/wp\/v2\/product_cat?post=942"},{"taxonomy":"product_tag","embeddable":true,"href":"https:\/\/ioasis.eu\/pl\/wp-json\/wp\/v2\/product_tag?post=942"}],"curies":[{"name":"wp","href":"https:\/\/api.w.org\/{rel}","templated":true}]}}