{"id":342,"date":"2023-06-10T18:25:04","date_gmt":"2023-06-10T16:25:04","guid":{"rendered":"http:\/\/ioasis.eu\/?page_id=342"},"modified":"2024-01-18T17:45:12","modified_gmt":"2024-01-18T16:45:12","slug":"privacy-policy","status":"publish","type":"page","link":"https:\/\/ioasis.eu\/pt\/politica-de-privacidade\/","title":{"rendered":"Pol\u00edtica de privacidade"},"content":{"rendered":"<div data-elementor-type=\"wp-page\" data-elementor-id=\"342\" class=\"elementor elementor-342\">\n\t\t\t\t\t\t\t<div class=\"elementor-element elementor-element-98f76c5 e-con-boxed e-flex e-con\" data-id=\"98f76c5\" data-element_type=\"container\" data-settings=\"{&quot;content_width&quot;:&quot;boxed&quot;}\">\n\t\t\t\t\t<div class=\"e-con-inner\">\n\t\t\t\t<div class=\"elementor-element elementor-element-17fc843 elementor-widget elementor-widget-heading\" data-id=\"17fc843\" data-element_type=\"widget\" data-widget_type=\"heading.default\">\n\t\t\t\t<div class=\"elementor-widget-container\">\n\t\t\t<style>\/*! elementor - v3.13.3 - 28-05-2023 *\/\n.elementor-heading-title{padding:0;margin:0;line-height:1}.elementor-widget-heading .elementor-heading-title[class*=elementor-size-]>a{color:inherit;font-size:inherit;line-height:inherit}.elementor-widget-heading .elementor-heading-title.elementor-size-small{font-size:15px}.elementor-widget-heading .elementor-heading-title.elementor-size-medium{font-size:19px}.elementor-widget-heading .elementor-heading-title.elementor-size-large{font-size:29px}.elementor-widget-heading .elementor-heading-title.elementor-size-xl{font-size:39px}.elementor-widget-heading .elementor-heading-title.elementor-size-xxl{font-size:59px}<\/style><h1 class=\"elementor-heading-title elementor-size-default\">Pol\u00edtica de privacidade<\/h1>\t\t<\/div>\n\t\t\t\t<\/div>\n\t\t\t\t<div class=\"elementor-element elementor-element-7ed18c3 elementor-widget elementor-widget-text-editor\" data-id=\"7ed18c3\" data-element_type=\"widget\" data-widget_type=\"text-editor.default\">\n\t\t\t\t<div class=\"elementor-widget-container\">\n\t\t\t<style>\/*! elementor - v3.13.3 - 28-05-2023 *\/\n.elementor-widget-text-editor.elementor-drop-cap-view-stacked .elementor-drop-cap{background-color:#69727d;color:#fff}.elementor-widget-text-editor.elementor-drop-cap-view-framed .elementor-drop-cap{color:#69727d;border:3px solid;background-color:transparent}.elementor-widget-text-editor:not(.elementor-drop-cap-view-default) .elementor-drop-cap{margin-top:8px}.elementor-widget-text-editor:not(.elementor-drop-cap-view-default) .elementor-drop-cap-letter{width:1em;height:1em}.elementor-widget-text-editor .elementor-drop-cap{float:left;text-align:center;line-height:1;font-size:50px}.elementor-widget-text-editor .elementor-drop-cap-letter{display:inline-block}<\/style>\t\t\t\t<p><strong>Introdu\u00e7\u00e3o<\/strong><\/p><p>iOasis (\"n\u00f3s\", \"nos\", \"nosso\") respeita a sua privacidade e est\u00e1 empenhada em proteger os seus dados pessoais. Esta pol\u00edtica de privacidade ir\u00e1 inform\u00e1-lo sobre a forma como tratamos os seus dados pessoais, os seus direitos de privacidade e a forma como a lei o protege.<\/p><p><strong>Que dados recolhemos<\/strong><\/p><p>Podemos recolher, utilizar, armazenar e transferir diferentes tipos de dados pessoais sobre o utilizador, incluindo:<\/p><ul><li>Dados de identidade: Inclui nome pr\u00f3prio, apelido, nome de utilizador ou identificador semelhante.<\/li><li>Dados de contacto: Inclui o endere\u00e7o de fatura\u00e7\u00e3o, o endere\u00e7o de entrega, o endere\u00e7o de correio eletr\u00f3nico e os n\u00fameros de telefone.<\/li><li>Dados financeiros: Inclui dados da conta banc\u00e1ria e do cart\u00e3o de pagamento.<\/li><li>Dados de transa\u00e7\u00e3o: Inclui detalhes sobre pagamentos de e para o utilizador e outros detalhes sobre os produtos que o utilizador nos comprou.<\/li><\/ul><p><strong>Como utilizamos os seus dados<\/strong><\/p><p>S\u00f3 utilizaremos os seus dados pessoais quando a lei o permitir. Normalmente, utilizaremos os seus dados pessoais nas seguintes circunst\u00e2ncias<\/p><ul><li>Para processar e entregar a sua encomenda.<\/li><li>Para gerir a nossa rela\u00e7\u00e3o com o utilizador.<\/li><li>Para administrar e proteger a nossa atividade e o nosso s\u00edtio.<\/li><\/ul><p><strong>Seguran\u00e7a dos dados<\/strong><\/p><p>Implement\u00e1mos medidas de seguran\u00e7a adequadas para evitar que os seus dados pessoais sejam acidentalmente perdidos, utilizados ou acedidos de forma n\u00e3o autorizada, alterados ou divulgados.<\/p><p><strong>Conserva\u00e7\u00e3o de dados<\/strong><\/p><p>Apenas conservaremos os seus dados pessoais durante o tempo necess\u00e1rio para cumprir as finalidades para as quais os recolhemos, incluindo para efeitos de cumprimento de quaisquer requisitos legais, contabil\u00edsticos ou de apresenta\u00e7\u00e3o de relat\u00f3rios.<\/p><p><strong>Os seus direitos legais<\/strong><\/p><p>Em determinadas circunst\u00e2ncias, o utilizador tem direitos ao abrigo da legisla\u00e7\u00e3o de prote\u00e7\u00e3o de dados em rela\u00e7\u00e3o aos seus dados pessoais, incluindo o direito de solicitar o acesso aos seus dados pessoais, solicitar a corre\u00e7\u00e3o dos seus dados pessoais, solicitar a elimina\u00e7\u00e3o dos seus dados pessoais, entre outros.<\/p><p><strong>Contactar-nos<\/strong><\/p><p>Se tiver alguma d\u00favida sobre esta pol\u00edtica de privacidade ou sobre as nossas pr\u00e1ticas de privacidade, contacte-nos atrav\u00e9s de <a href=\"mailto:shop@ioasis.eu\">shop@ioasis.eu<\/a>.<\/p><p><strong>Declara\u00e7\u00e3o de n\u00e3o filia\u00e7\u00e3o<\/strong><\/p><p>A iOasis \u00e9 uma entidade retalhista independente e n\u00e3o \u00e9 afiliada, apoiada ou associada \u00e0 Apple Inc.<\/p><p>Todos os produtos Apple vendidos no nosso s\u00edtio Web s\u00e3o 100% originais e aut\u00eanticos, adquiridos atrav\u00e9s de canais legais.<\/p><p>Todas as marcas comerciais, incluindo mas n\u00e3o se limitando \u00e0s marcas comerciais do Apple, s\u00e3o propriedade dos respectivos propriet\u00e1rios e s\u00e3o utilizadas apenas para fins de identifica\u00e7\u00e3o.<\/p><p>As nossas opera\u00e7\u00f5es comerciais est\u00e3o em conformidade com as leis e regulamentos locais e regionais relativos \u00e0 venda de produtos electr\u00f3nicos de consumo.<\/p><p>N\u00e3o existe qualquer afilia\u00e7\u00e3o, patroc\u00ednio, aprova\u00e7\u00e3o ou parceria impl\u00edcita com a Apple Inc.<\/p>\t\t\t\t\t\t<\/div>\n\t\t\t\t<\/div>\n\t\t\t\t\t<\/div>\n\t\t\t\t<\/div>\n\t\t\t\t\t\t\t<\/div>","protected":false},"excerpt":{"rendered":"<p>Pol\u00edtica de Privacidade Introdu\u00e7\u00e3o O iOasis (\"n\u00f3s\", \"nos\", \"nosso\") respeita a sua privacidade e est\u00e1 empenhado em proteger os seus dados pessoais. Esta pol\u00edtica de privacidade ir\u00e1 inform\u00e1-lo sobre a forma como tratamos os seus dados pessoais, os seus direitos de privacidade e a forma como a lei o protege. Que dados recolhemos Podemos recolher, utilizar, armazenar e transferir diferentes tipos de dados pessoais [...]<\/p>","protected":false},"author":1,"featured_media":0,"parent":0,"menu_order":0,"comment_status":"closed","ping_status":"closed","template":"","meta":{"footnotes":""},"class_list":["post-342","page","type-page","status-publish","hentry"],"jetpack_sharing_enabled":true,"_links":{"self":[{"href":"https:\/\/ioasis.eu\/pt\/wp-json\/wp\/v2\/pages\/342","targetHints":{"allow":["GET"]}}],"collection":[{"href":"https:\/\/ioasis.eu\/pt\/wp-json\/wp\/v2\/pages"}],"about":[{"href":"https:\/\/ioasis.eu\/pt\/wp-json\/wp\/v2\/types\/page"}],"author":[{"embeddable":true,"href":"https:\/\/ioasis.eu\/pt\/wp-json\/wp\/v2\/users\/1"}],"replies":[{"embeddable":true,"href":"https:\/\/ioasis.eu\/pt\/wp-json\/wp\/v2\/comments?post=342"}],"version-history":[{"count":13,"href":"https:\/\/ioasis.eu\/pt\/wp-json\/wp\/v2\/pages\/342\/revisions"}],"predecessor-version":[{"id":540,"href":"https:\/\/ioasis.eu\/pt\/wp-json\/wp\/v2\/pages\/342\/revisions\/540"}],"wp:attachment":[{"href":"https:\/\/ioasis.eu\/pt\/wp-json\/wp\/v2\/media?parent=342"}],"curies":[{"name":"wp","href":"https:\/\/api.w.org\/{rel}","templated":true}]}}