{"id":415,"date":"2023-06-11T01:14:12","date_gmt":"2023-06-10T23:14:12","guid":{"rendered":"https:\/\/ioasis.eu\/?page_id=415"},"modified":"2024-01-22T14:19:17","modified_gmt":"2024-01-22T13:19:17","slug":"blog","status":"publish","type":"page","link":"https:\/\/ioasis.eu\/pt\/blogue\/","title":{"rendered":"Blogue"},"content":{"rendered":"<div data-elementor-type=\"wp-page\" data-elementor-id=\"415\" class=\"elementor elementor-415\">\n\t\t\t\t\t\t\t<div class=\"elementor-element elementor-element-c5f914f e-con-boxed e-flex e-con\" data-id=\"c5f914f\" data-element_type=\"container\" data-settings=\"{&quot;content_width&quot;:&quot;boxed&quot;}\">\n\t\t\t\t\t<div class=\"e-con-inner\">\n\t\t\t\t<div class=\"elementor-element elementor-element-a9c7d34 elementor-widget elementor-widget-heading\" data-id=\"a9c7d34\" data-element_type=\"widget\" data-widget_type=\"heading.default\">\n\t\t\t\t<div class=\"elementor-widget-container\">\n\t\t\t<style>\/*! elementor - v3.13.3 - 28-05-2023 *\/\n.elementor-heading-title{padding:0;margin:0;line-height:1}.elementor-widget-heading .elementor-heading-title[class*=elementor-size-]>a{color:inherit;font-size:inherit;line-height:inherit}.elementor-widget-heading .elementor-heading-title.elementor-size-small{font-size:15px}.elementor-widget-heading .elementor-heading-title.elementor-size-medium{font-size:19px}.elementor-widget-heading .elementor-heading-title.elementor-size-large{font-size:29px}.elementor-widget-heading .elementor-heading-title.elementor-size-xl{font-size:39px}.elementor-widget-heading .elementor-heading-title.elementor-size-xxl{font-size:59px}<\/style><h1 class=\"elementor-heading-title elementor-size-default\">Blogue<\/h1>\t\t<\/div>\n\t\t\t\t<\/div>\n\t\t\t\t\t<\/div>\n\t\t\t\t<\/div>\n\t\t<div class=\"elementor-element elementor-element-72e31ca e-con-boxed e-flex e-con\" data-id=\"72e31ca\" data-element_type=\"container\" data-settings=\"{&quot;content_width&quot;:&quot;boxed&quot;}\">\n\t\t\t\t\t<div class=\"e-con-inner\">\n\t\t\t\t<div class=\"elementor-element elementor-element-41219eb elementor-widget elementor-widget-heading\" data-id=\"41219eb\" data-element_type=\"widget\" data-widget_type=\"heading.default\">\n\t\t\t\t<div class=\"elementor-widget-container\">\n\t\t\t<h2 class=\"elementor-heading-title elementor-size-default\">Aplica\u00e7\u00f5es dispon\u00edveis no lan\u00e7amento do Apple Vision Pro<\/h2>\t\t<\/div>\n\t\t\t\t<\/div>\n\t\t\t\t<div class=\"elementor-element elementor-element-9c643ab elementor-widget elementor-widget-text-editor\" data-id=\"9c643ab\" data-element_type=\"widget\" data-widget_type=\"text-editor.default\">\n\t\t\t\t<div class=\"elementor-widget-container\">\n\t\t\t<style>\/*! elementor - v3.13.3 - 28-05-2023 *\/\n.elementor-widget-text-editor.elementor-drop-cap-view-stacked .elementor-drop-cap{background-color:#69727d;color:#fff}.elementor-widget-text-editor.elementor-drop-cap-view-framed .elementor-drop-cap{color:#69727d;border:3px solid;background-color:transparent}.elementor-widget-text-editor:not(.elementor-drop-cap-view-default) .elementor-drop-cap{margin-top:8px}.elementor-widget-text-editor:not(.elementor-drop-cap-view-default) .elementor-drop-cap-letter{width:1em;height:1em}.elementor-widget-text-editor .elementor-drop-cap{float:left;text-align:center;line-height:1;font-size:50px}.elementor-widget-text-editor .elementor-drop-cap-letter{display:inline-block}<\/style>\t\t\t\t<p>\u00c0 medida que entramos na era do Apple Vision Pro, abre-se um novo horizonte de aplica\u00e7\u00f5es e experi\u00eancias de entretenimento. Este revolucion\u00e1rio auricular de realidade mista, equipado com o VisionOS, est\u00e1 pronto a transformar a nossa intera\u00e7\u00e3o com o mundo digital. Nesta publica\u00e7\u00e3o do blogue, vamos explorar a gama diversificada de aplica\u00e7\u00f5es e experi\u00eancias que estar\u00e3o dispon\u00edveis no lan\u00e7amento do Apple Vision Pro.<\/p><p><a href=\"https:\/\/ioasis.eu\/pt\/blogue\/aplicacoes-disponiveis-no-lancamento-no-apple-vision-pro\/\"><span style=\"text-decoration: underline;\">Continuar a ler<\/span><\/a><\/p>\t\t\t\t\t\t<\/div>\n\t\t\t\t<\/div>\n\t\t\t\t\t<\/div>\n\t\t\t\t<\/div>\n\t\t<div class=\"elementor-element elementor-element-d25ce20 e-con-boxed e-flex e-con\" data-id=\"d25ce20\" data-element_type=\"container\" data-settings=\"{&quot;content_width&quot;:&quot;boxed&quot;}\">\n\t\t\t\t\t<div class=\"e-con-inner\">\n\t\t\t\t<div class=\"elementor-element elementor-element-0300716 elementor-widget elementor-widget-heading\" data-id=\"0300716\" data-element_type=\"widget\" data-widget_type=\"heading.default\">\n\t\t\t\t<div class=\"elementor-widget-container\">\n\t\t\t<h2 class=\"elementor-heading-title elementor-size-default\">Descubra o VisionOS: Revolucionando sua experi\u00eancia Apple Vision Pro<\/h2>\t\t<\/div>\n\t\t\t\t<\/div>\n\t\t\t\t<div class=\"elementor-element elementor-element-12670de elementor-widget elementor-widget-text-editor\" data-id=\"12670de\" data-element_type=\"widget\" data-widget_type=\"text-editor.default\">\n\t\t\t\t<div class=\"elementor-widget-container\">\n\t\t\t\t\t\t\t<p>Bem-vindo ao mundo do VisionOS, o sistema operativo inovador que alimenta o Apple Vision Pro. Como futuros propriet\u00e1rios ou entusiastas deste dispositivo inovador, est\u00e3o a entrar num reino onde os mundos digital e f\u00edsico se fundem perfeitamente. O VisionOS \u00e9 mais do que apenas um sistema operativo; \u00e9 uma porta de entrada para experi\u00eancias e interac\u00e7\u00f5es que redefinem a nossa perce\u00e7\u00e3o da realidade. Vamos ver o que faz do VisionOS um elemento de mudan\u00e7a para os utilizadores regulares.<\/p><p><a href=\"https:\/\/ioasis.eu\/pt\/blogue\/descubra-o-visionos-que-revoluciona-a-sua-experiencia-apple-vision-pro\/\"><span style=\"text-decoration: underline;\">Continuar a ler<\/span><\/a><\/p>\t\t\t\t\t\t<\/div>\n\t\t\t\t<\/div>\n\t\t\t\t\t<\/div>\n\t\t\t\t<\/div>\n\t\t<div class=\"elementor-element elementor-element-55a549d e-con-boxed e-flex e-con\" data-id=\"55a549d\" data-element_type=\"container\" data-settings=\"{&quot;content_width&quot;:&quot;boxed&quot;}\">\n\t\t\t\t\t<div class=\"e-con-inner\">\n\t\t\t\t<div class=\"elementor-element elementor-element-5e8c879 elementor-widget elementor-widget-heading\" data-id=\"5e8c879\" data-element_type=\"widget\" data-widget_type=\"heading.default\">\n\t\t\t\t<div class=\"elementor-widget-container\">\n\t\t\t<h2 class=\"elementor-heading-title elementor-size-default\">Maximizar a sua experi\u00eancia Apple Vision Pro: Um guia completo<\/h2>\t\t<\/div>\n\t\t\t\t<\/div>\n\t\t\t\t<div class=\"elementor-element elementor-element-d7841a8 elementor-widget elementor-widget-text-editor\" data-id=\"d7841a8\" data-element_type=\"widget\" data-widget_type=\"text-editor.default\">\n\t\t\t\t<div class=\"elementor-widget-container\">\n\t\t\t\t\t\t\t<p>Bem-vindo ao nosso guia pormenorizado sobre como tirar o m\u00e1ximo partido do seu Apple Vision Pro. Este dispositivo de vanguarda oferece uma grande variedade de funcionalidades e possibilidades, e n\u00f3s estamos aqui para o ajudar a navegar por elas. Quer seja um novo utilizador ou esteja \u00e0 procura de aprofundar os seus conhecimentos, este guia fornecer\u00e1 informa\u00e7\u00f5es valiosas para uma experi\u00eancia mais segura, agrad\u00e1vel e produtiva.<\/p><p><a href=\"https:\/\/ioasis.eu\/pt\/blogue\/maximizar-a-sua-experiencia-apple-vision-pro-um-guia-completo\/\"><span style=\"text-decoration: underline;\">Continuar a ler<\/span><\/a><\/p>\t\t\t\t\t\t<\/div>\n\t\t\t\t<\/div>\n\t\t\t\t\t<\/div>\n\t\t\t\t<\/div>\n\t\t<div class=\"elementor-element elementor-element-9760114 e-con-boxed e-flex e-con\" data-id=\"9760114\" data-element_type=\"container\" data-settings=\"{&quot;content_width&quot;:&quot;boxed&quot;}\">\n\t\t\t\t\t<div class=\"e-con-inner\">\n\t\t\t\t<div class=\"elementor-element elementor-element-c5f48db elementor-widget elementor-widget-heading\" data-id=\"c5f48db\" data-element_type=\"widget\" data-widget_type=\"heading.default\">\n\t\t\t\t<div class=\"elementor-widget-container\">\n\t\t\t<h2 class=\"elementor-heading-title elementor-size-default\">\nApple Vision Pro: O futuro da computa\u00e7\u00e3o espacial chega \u00e0 Europa com o iOasis<\/h2>\t\t<\/div>\n\t\t\t\t<\/div>\n\t\t\t\t<div class=\"elementor-element elementor-element-1c7a04d elementor-widget elementor-widget-text-editor\" data-id=\"1c7a04d\" data-element_type=\"widget\" data-widget_type=\"text-editor.default\">\n\t\t\t\t<div class=\"elementor-widget-container\">\n\t\t\t\t\t\t\t<p>Em um desenvolvimento empolgante para entusiastas e profissionais de tecnologia em toda a Europa, a Apple anunciou a disponibilidade futura de seu inovador Apple Vision Pro, a partir de 2 de fevereiro de 2024. Como revendedor exclusivo na Europa, o iOasis Premier Reseller est\u00e1 entusiasmado em trazer este revolucion\u00e1rio computador espacial para nossos clientes.<\/p><p><a href=\"https:\/\/ioasis.eu\/pt\/blogue\/apple-vision-pro-ja-disponivel-na-europa-com-a-ioasis\/\"><span style=\"text-decoration: underline;\">Continuar a ler<\/span><\/a><\/p>\t\t\t\t\t\t<\/div>\n\t\t\t\t<\/div>\n\t\t\t\t\t<\/div>\n\t\t\t\t<\/div>\n\t\t<div class=\"elementor-element elementor-element-e7e5509 e-con-boxed e-flex e-con\" data-id=\"e7e5509\" data-element_type=\"container\" data-settings=\"{&quot;content_width&quot;:&quot;boxed&quot;}\">\n\t\t\t\t\t<div class=\"e-con-inner\">\n\t\t\t\t<div class=\"elementor-element elementor-element-bdc239c elementor-widget elementor-widget-heading\" data-id=\"bdc239c\" data-element_type=\"widget\" data-widget_type=\"heading.default\">\n\t\t\t\t<div class=\"elementor-widget-container\">\n\t\t\t<h2 class=\"elementor-heading-title elementor-size-default\">\nApple Vision Pro: Um salto revolucion\u00e1rio na computa\u00e7\u00e3o espacial<\/h2>\t\t<\/div>\n\t\t\t\t<\/div>\n\t\t\t\t<div class=\"elementor-element elementor-element-a8fffbb elementor-widget elementor-widget-text-editor\" data-id=\"a8fffbb\" data-element_type=\"widget\" data-widget_type=\"text-editor.default\">\n\t\t\t\t<div class=\"elementor-widget-container\">\n\t\t\t\t\t\t\t<p>O Apple tem estado sempre na vanguarda da inova\u00e7\u00e3o tecnol\u00f3gica e o seu mais recente produto, o Apple Vision Pro, n\u00e3o \u00e9 exce\u00e7\u00e3o. Este dispositivo inovador est\u00e1 preparado para redefinir a forma como interagimos com o conte\u00fado digital, oferecendo uma mistura perfeita dos mundos digital e f\u00edsico. Nesta publica\u00e7\u00e3o do blogue, analisamos as caracter\u00edsticas e capacidades do Apple Vision Pro, explorando a raz\u00e3o pela qual \u00e9 um divisor de \u00e1guas no dom\u00ednio da computa\u00e7\u00e3o espacial.<\/p><p><a href=\"https:\/\/ioasis.eu\/pt\/blogue\/apple-vision-pro-um-salto-revolucionario-na-computacao-espacial\/\"><span style=\"text-decoration: underline;\">Continuar a ler<\/span><\/a><\/p>\t\t\t\t\t\t<\/div>\n\t\t\t\t<\/div>\n\t\t\t\t\t<\/div>\n\t\t\t\t<\/div>\n\t\t<div class=\"elementor-element elementor-element-b59809f e-con-boxed e-flex e-con\" data-id=\"b59809f\" data-element_type=\"container\" data-settings=\"{&quot;content_width&quot;:&quot;boxed&quot;}\">\n\t\t\t\t\t<div class=\"e-con-inner\">\n\t\t\t\t<div class=\"elementor-element elementor-element-b7ccb56 elementor-widget elementor-widget-heading\" data-id=\"b7ccb56\" data-element_type=\"widget\" data-widget_type=\"heading.default\">\n\t\t\t\t<div class=\"elementor-widget-container\">\n\t\t\t<h2 class=\"elementor-heading-title elementor-size-default\">Apple Vision Pro: Transformar o mundo com uma vis\u00e3o de cada vez<\/h2>\t\t<\/div>\n\t\t\t\t<\/div>\n\t\t\t\t<div class=\"elementor-element elementor-element-cc9cdec elementor-widget elementor-widget-text-editor\" data-id=\"cc9cdec\" data-element_type=\"widget\" data-widget_type=\"text-editor.default\">\n\t\t\t\t<div class=\"elementor-widget-container\">\n\t\t\t\t\t\t\t<p>No mundo da tecnologia em constante evolu\u00e7\u00e3o, o Apple tem sido sempre um pioneiro, ultrapassando os limites do que \u00e9 poss\u00edvel e redefinindo a nossa intera\u00e7\u00e3o com o conte\u00fado digital. A mais recente adi\u00e7\u00e3o \u00e0 sua linha inovadora, o Apple Vision Pro, est\u00e1 pronta para revolucionar o cen\u00e1rio tecnol\u00f3gico mais uma vez. Esta publica\u00e7\u00e3o do blogue ir\u00e1 analisar a forma como o Apple Vision Pro est\u00e1 preparado para transformar o mundo e como pode ser um dos primeiros a experimentar este dispositivo inovador.<\/p><p><a href=\"https:\/\/ioasis.eu\/pt\/blogue\/apple-vision-pro-transformar-o-mundo-uma-vista-de-cada-vez\/\"><span style=\"text-decoration: underline;\">Continuar a ler<\/span><\/a><\/p>\t\t\t\t\t\t<\/div>\n\t\t\t\t<\/div>\n\t\t\t\t\t<\/div>\n\t\t\t\t<\/div>\n\t\t<div class=\"elementor-element elementor-element-d9f1a67 e-con-boxed e-flex e-con\" data-id=\"d9f1a67\" data-element_type=\"container\" data-settings=\"{&quot;content_width&quot;:&quot;boxed&quot;}\">\n\t\t\t\t\t<div class=\"e-con-inner\">\n\t\t\t\t<div class=\"elementor-element elementor-element-e19d2f2 elementor-widget elementor-widget-spacer\" data-id=\"e19d2f2\" data-element_type=\"widget\" data-widget_type=\"spacer.default\">\n\t\t\t\t<div class=\"elementor-widget-container\">\n\t\t\t<style>\/*! elementor - v3.13.3 - 28-05-2023 *\/\n.elementor-column .elementor-spacer-inner{height:var(--spacer-size)}.e-con{--container-widget-width:100%}.e-con-inner>.elementor-widget-spacer,.e-con>.elementor-widget-spacer{width:var(--container-widget-width,var(--spacer-size));--align-self:var(--container-widget-align-self,initial);--flex-shrink:0}.e-con-inner>.elementor-widget-spacer>.elementor-widget-container,.e-con-inner>.elementor-widget-spacer>.elementor-widget-container>.elementor-spacer,.e-con>.elementor-widget-spacer>.elementor-widget-container,.e-con>.elementor-widget-spacer>.elementor-widget-container>.elementor-spacer{height:100%}.e-con-inner>.elementor-widget-spacer>.elementor-widget-container>.elementor-spacer>.elementor-spacer-inner,.e-con>.elementor-widget-spacer>.elementor-widget-container>.elementor-spacer>.elementor-spacer-inner{height:var(--container-widget-height,var(--spacer-size))}<\/style>\t\t<div class=\"elementor-spacer\">\n\t\t\t<div class=\"elementor-spacer-inner\"><\/div>\n\t\t<\/div>\n\t\t\t\t<\/div>\n\t\t\t\t<\/div>\n\t\t\t\t\t<\/div>\n\t\t\t\t<\/div>\n\t\t\t\t\t\t\t<\/div>","protected":false},"excerpt":{"rendered":"<p>Blogue Aplica\u00e7\u00f5es dispon\u00edveis no lan\u00e7amento do Apple Vision Pro \u00c0 medida que entramos na era do Apple Vision Pro, est\u00e1 a surgir um novo horizonte de aplica\u00e7\u00f5es e experi\u00eancias de entretenimento. Este revolucion\u00e1rio headset de realidade mista, equipado com o VisionOS, est\u00e1 pronto para transformar nossa intera\u00e7\u00e3o com o mundo digital. Nesta publica\u00e7\u00e3o do blogue, vamos explorar [...]<\/p>","protected":false},"author":1,"featured_media":223,"parent":0,"menu_order":0,"comment_status":"closed","ping_status":"closed","template":"","meta":{"footnotes":""},"class_list":["post-415","page","type-page","status-publish","has-post-thumbnail","hentry"],"jetpack_sharing_enabled":true,"_links":{"self":[{"href":"https:\/\/ioasis.eu\/pt\/wp-json\/wp\/v2\/pages\/415","targetHints":{"allow":["GET"]}}],"collection":[{"href":"https:\/\/ioasis.eu\/pt\/wp-json\/wp\/v2\/pages"}],"about":[{"href":"https:\/\/ioasis.eu\/pt\/wp-json\/wp\/v2\/types\/page"}],"author":[{"embeddable":true,"href":"https:\/\/ioasis.eu\/pt\/wp-json\/wp\/v2\/users\/1"}],"replies":[{"embeddable":true,"href":"https:\/\/ioasis.eu\/pt\/wp-json\/wp\/v2\/comments?post=415"}],"version-history":[{"count":16,"href":"https:\/\/ioasis.eu\/pt\/wp-json\/wp\/v2\/pages\/415\/revisions"}],"predecessor-version":[{"id":748,"href":"https:\/\/ioasis.eu\/pt\/wp-json\/wp\/v2\/pages\/415\/revisions\/748"}],"wp:featuredmedia":[{"embeddable":true,"href":"https:\/\/ioasis.eu\/pt\/wp-json\/wp\/v2\/media\/223"}],"wp:attachment":[{"href":"https:\/\/ioasis.eu\/pt\/wp-json\/wp\/v2\/media?parent=415"}],"curies":[{"name":"wp","href":"https:\/\/api.w.org\/{rel}","templated":true}]}}