{"id":423,"date":"2023-06-11T01:21:47","date_gmt":"2023-06-10T23:21:47","guid":{"rendered":"https:\/\/ioasis.eu\/?page_id=423"},"modified":"2023-06-11T01:29:19","modified_gmt":"2023-06-10T23:29:19","slug":"apple-vision-pro-a-revolutionary-leap-in-spatial-computing","status":"publish","type":"page","link":"https:\/\/ioasis.eu\/pt\/blogue\/apple-vision-pro-um-salto-revolucionario-na-computacao-espacial\/","title":{"rendered":"Apple Vision Pro: Um salto revolucion\u00e1rio na computa\u00e7\u00e3o espacial"},"content":{"rendered":"<div data-elementor-type=\"wp-page\" data-elementor-id=\"423\" class=\"elementor elementor-423\">\n\t\t\t\t\t\t\t<div class=\"elementor-element elementor-element-ed8a82d e-con-boxed e-flex e-con\" data-id=\"ed8a82d\" data-element_type=\"container\" data-settings=\"{&quot;content_width&quot;:&quot;boxed&quot;}\">\n\t\t\t\t\t<div class=\"e-con-inner\">\n\t\t\t\t<div class=\"elementor-element elementor-element-12c54b24 elementor-widget elementor-widget-heading\" data-id=\"12c54b24\" data-element_type=\"widget\" data-widget_type=\"heading.default\">\n\t\t\t\t<div class=\"elementor-widget-container\">\n\t\t\t<style>\/*! elementor - v3.13.3 - 28-05-2023 *\/\n.elementor-heading-title{padding:0;margin:0;line-height:1}.elementor-widget-heading .elementor-heading-title[class*=elementor-size-]>a{color:inherit;font-size:inherit;line-height:inherit}.elementor-widget-heading .elementor-heading-title.elementor-size-small{font-size:15px}.elementor-widget-heading .elementor-heading-title.elementor-size-medium{font-size:19px}.elementor-widget-heading .elementor-heading-title.elementor-size-large{font-size:29px}.elementor-widget-heading .elementor-heading-title.elementor-size-xl{font-size:39px}.elementor-widget-heading .elementor-heading-title.elementor-size-xxl{font-size:59px}<\/style><h1 class=\"elementor-heading-title elementor-size-default\">Apple Vision Pro: Um salto revolucion\u00e1rio na computa\u00e7\u00e3o espacial<\/h1>\t\t<\/div>\n\t\t\t\t<\/div>\n\t\t\t\t\t<\/div>\n\t\t\t\t<\/div>\n\t\t<div class=\"elementor-element elementor-element-3aacda91 e-con-boxed e-flex e-con\" data-id=\"3aacda91\" data-element_type=\"container\" data-settings=\"{&quot;content_width&quot;:&quot;boxed&quot;}\">\n\t\t\t\t\t<div class=\"e-con-inner\">\n\t\t\t\t<div class=\"elementor-element elementor-element-25fe96a elementor-widget elementor-widget-text-editor\" data-id=\"25fe96a\" data-element_type=\"widget\" data-widget_type=\"text-editor.default\">\n\t\t\t\t<div class=\"elementor-widget-container\">\n\t\t\t<style>\/*! elementor - v3.13.3 - 28-05-2023 *\/\n.elementor-widget-text-editor.elementor-drop-cap-view-stacked .elementor-drop-cap{background-color:#69727d;color:#fff}.elementor-widget-text-editor.elementor-drop-cap-view-framed .elementor-drop-cap{color:#69727d;border:3px solid;background-color:transparent}.elementor-widget-text-editor:not(.elementor-drop-cap-view-default) .elementor-drop-cap{margin-top:8px}.elementor-widget-text-editor:not(.elementor-drop-cap-view-default) .elementor-drop-cap-letter{width:1em;height:1em}.elementor-widget-text-editor .elementor-drop-cap{float:left;text-align:center;line-height:1;font-size:50px}.elementor-widget-text-editor .elementor-drop-cap-letter{display:inline-block}<\/style>\t\t\t\t<p>O Apple tem estado sempre na vanguarda da inova\u00e7\u00e3o tecnol\u00f3gica e o seu mais recente produto, o Apple Vision Pro, n\u00e3o \u00e9 exce\u00e7\u00e3o. Este dispositivo inovador est\u00e1 preparado para redefinir a forma como interagimos com o conte\u00fado digital, oferecendo uma mistura perfeita dos mundos digital e f\u00edsico. Nesta publica\u00e7\u00e3o do blogue, analisamos as caracter\u00edsticas e capacidades do Apple Vision Pro, explorando a raz\u00e3o pela qual \u00e9 um divisor de \u00e1guas no dom\u00ednio da computa\u00e7\u00e3o espacial.<\/p><h6>Computa\u00e7\u00e3o espacial redefinida<\/h6><p>O Apple Vision Pro marca o in\u00edcio de uma nova era na computa\u00e7\u00e3o espacial. Permite aos utilizadores navegar no mundo digital utilizando simplesmente os olhos, as m\u00e3os e a voz. Este sistema de intera\u00e7\u00e3o intuitivo transforma a forma como fazemos as coisas, permitindo-nos interagir com conte\u00fados digitais de formas nunca antes poss\u00edveis.<\/p><h2>\u00a0<\/h2><h6>Experi\u00eancia de entretenimento imersiva<\/h6><p>O Apple Vision Pro n\u00e3o \u00e9 apenas uma ferramenta, \u00e9 uma pot\u00eancia de entretenimento. Pode transformar qualquer divis\u00e3o no seu cinema pessoal, expandindo os seus filmes, programas e jogos para o tamanho perfeito, fazendo-o sentir-se parte da a\u00e7\u00e3o com o Spatial Audio. Com mais p\u00edxeis do que uma TV 4K para cada olho, pode desfrutar de conte\u00fados fant\u00e1sticos onde quer que esteja.<\/p><h6>\u00a0<\/h6><h6>Capturar mem\u00f3rias em 3D<\/h6><p>O Vision Pro \u00e9 o primeiro dispositivo do Apple com uma c\u00e2mara 3D. Isto permite-lhe captar fotografias e v\u00eddeos espaciais em 3D e, em seguida, reviver esses momentos queridos com \u00e1udio espacial envolvente. A sua biblioteca existente de fotografias e v\u00eddeos ter\u00e1 um aspeto incr\u00edvel a uma escala not\u00e1vel e os panoramas envolver-se-\u00e3o \u00e0 sua volta, fazendo-o sentir como se estivesse no local onde os tirou.<\/p><h6>\u00a0<\/h6><h6>Liga\u00e7\u00f5es no mesmo espa\u00e7o<\/h6><p>O Vision Pro melhora a sua capacidade de colabora\u00e7\u00e3o e liga\u00e7\u00e3o onde quer que esteja. Os mosaicos de v\u00eddeo FaceTime s\u00e3o de tamanho real e, \u00e0 medida que novas pessoas se juntam, a chamada expande-se simplesmente na sua sala. No FaceTime, tamb\u00e9m pode utilizar aplica\u00e7\u00f5es para colaborar com colegas nos mesmos documentos em simult\u00e2neo.<\/p><h6>\u00a0<\/h6><h6>Design elegante e tecnologia avan\u00e7ada<\/h6><p>O Apple Vision Pro \u00e9 o resultado de d\u00e9cadas de experi\u00eancia na conce\u00e7\u00e3o de dispositivos de alto desempenho, m\u00f3veis e port\u00e1teis. Integra uma tecnologia incrivelmente avan\u00e7ada numa forma elegante e compacta, resultando numa experi\u00eancia fant\u00e1stica sempre que o coloca. O dispositivo apresenta uma pe\u00e7a \u00fanica de vidro laminado formado tridimensionalmente que flui para uma estrutura de liga de alum\u00ednio, curvando-se para envolver o seu rosto.<\/p><h6>\u00a0<\/h6><h6>Alimenta\u00e7\u00e3o do Vision Pro<\/h6><p>O Vision Pro \u00e9 alimentado por um design exclusivo de chip duplo. O potente chip M2 executa simultaneamente o visionOS, executa algoritmos avan\u00e7ados de vis\u00e3o por computador e fornece gr\u00e1ficos impressionantes, tudo com uma efici\u00eancia incr\u00edvel. O nov\u00edssimo chip R1 \u00e9 especificamente dedicado ao processamento de dados das c\u00e2maras, sensores e microfones, transmitindo imagens para os ecr\u00e3s em 12 milissegundos, para uma vis\u00e3o do mundo em tempo real, praticamente sem atrasos.<\/p><h6>\u00a0<\/h6><h6>Privacidade e seguran\u00e7a<\/h6><p>Tal como todos os produtos e servi\u00e7os Apple, o Vision Pro foi concebido para ajudar a proteger a sua privacidade e mant\u00ea-lo no controlo dos seus dados. Ele se baseia nos recursos existentes de privacidade e seguran\u00e7a do Apple com novas tecnologias, como o Optic ID, um sistema de autentica\u00e7\u00e3o seguro que usa a exclusividade da sua \u00edris.<\/p><h6>\u00a0<\/h6><h6>Conclus\u00e3o<\/h6><p>O Apple Vision Pro \u00e9 mais do que um simples dispositivo; \u00e9 um salto revolucion\u00e1rio na computa\u00e7\u00e3o espacial. Oferece uma experi\u00eancia imersiva, intuitiva e interactiva que combina na perfei\u00e7\u00e3o o conte\u00fado digital com o seu espa\u00e7o f\u00edsico. Quer esteja \u00e0 procura de uma nova forma de trabalhar, divertir-se ou ligar-se, o Apple Vision Pro est\u00e1 preparado para transformar a sua vida digital.<\/p><p>Com as suas caracter\u00edsticas e capacidades inovadoras, n\u00e3o \u00e9 de admirar que o Apple Vision Pro esteja preparado para ser a pr\u00f3xima grande novidade no mundo da tecnologia. Ent\u00e3o, est\u00e1 pronto para entrar no futuro com o Apple Vision Pro?<\/p><p><a href=\"https:\/\/ioasis.eu\/pt\/blogue\/\"><span style=\"text-decoration: underline;\">Voltar<\/span><\/a><\/p>\t\t\t\t\t\t<\/div>\n\t\t\t\t<\/div>\n\t\t\t\t\t<\/div>\n\t\t\t\t<\/div>\n\t\t\t\t\t\t\t<\/div>","protected":false},"excerpt":{"rendered":"<p>O Apple tem estado sempre na vanguarda da inova\u00e7\u00e3o tecnol\u00f3gica e o seu mais recente produto, o Apple Vision Pro, n\u00e3o \u00e9 exce\u00e7\u00e3o. Este dispositivo inovador est\u00e1 preparado para redefinir a forma como interagimos com o conte\u00fado digital, oferecendo uma mistura perfeita dos mundos digital e f\u00edsico. Nesta publica\u00e7\u00e3o do blogue, analisamos as caracter\u00edsticas e capacidades do Apple Vision Pro, explorando a raz\u00e3o pela qual \u00e9 um divisor de \u00e1guas no dom\u00ednio da computa\u00e7\u00e3o espacial.<\/p>","protected":false},"author":1,"featured_media":225,"parent":415,"menu_order":0,"comment_status":"closed","ping_status":"closed","template":"","meta":{"footnotes":""},"class_list":["post-423","page","type-page","status-publish","has-post-thumbnail","hentry"],"jetpack_sharing_enabled":true,"_links":{"self":[{"href":"https:\/\/ioasis.eu\/pt\/wp-json\/wp\/v2\/pages\/423","targetHints":{"allow":["GET"]}}],"collection":[{"href":"https:\/\/ioasis.eu\/pt\/wp-json\/wp\/v2\/pages"}],"about":[{"href":"https:\/\/ioasis.eu\/pt\/wp-json\/wp\/v2\/types\/page"}],"author":[{"embeddable":true,"href":"https:\/\/ioasis.eu\/pt\/wp-json\/wp\/v2\/users\/1"}],"replies":[{"embeddable":true,"href":"https:\/\/ioasis.eu\/pt\/wp-json\/wp\/v2\/comments?post=423"}],"version-history":[{"count":4,"href":"https:\/\/ioasis.eu\/pt\/wp-json\/wp\/v2\/pages\/423\/revisions"}],"predecessor-version":[{"id":427,"href":"https:\/\/ioasis.eu\/pt\/wp-json\/wp\/v2\/pages\/423\/revisions\/427"}],"up":[{"embeddable":true,"href":"https:\/\/ioasis.eu\/pt\/wp-json\/wp\/v2\/pages\/415"}],"wp:featuredmedia":[{"embeddable":true,"href":"https:\/\/ioasis.eu\/pt\/wp-json\/wp\/v2\/media\/225"}],"wp:attachment":[{"href":"https:\/\/ioasis.eu\/pt\/wp-json\/wp\/v2\/media?parent=423"}],"curies":[{"name":"wp","href":"https:\/\/api.w.org\/{rel}","templated":true}]}}