{"id":428,"date":"2023-06-11T12:24:25","date_gmt":"2023-06-11T10:24:25","guid":{"rendered":"https:\/\/ioasis.eu\/?page_id=428"},"modified":"2023-06-11T12:30:38","modified_gmt":"2023-06-11T10:30:38","slug":"about-us","status":"publish","type":"page","link":"https:\/\/ioasis.eu\/pt\/sobre-nos\/","title":{"rendered":"Sobre n\u00f3s"},"content":{"rendered":"<div data-elementor-type=\"wp-page\" data-elementor-id=\"428\" class=\"elementor elementor-428\">\n\t\t\t\t\t\t\t<div class=\"elementor-element elementor-element-1b91b5a9 e-con-boxed e-flex e-con\" data-id=\"1b91b5a9\" data-element_type=\"container\" data-settings=\"{&quot;background_background&quot;:&quot;classic&quot;,&quot;content_width&quot;:&quot;boxed&quot;}\">\n\t\t\t\t\t<div class=\"e-con-inner\">\n\t\t\t\t\t<\/div>\n\t\t\t\t<\/div>\n\t\t<div class=\"elementor-element elementor-element-af282b4 e-con-boxed e-flex e-con\" data-id=\"af282b4\" data-element_type=\"container\" data-settings=\"{&quot;background_background&quot;:&quot;classic&quot;,&quot;content_width&quot;:&quot;boxed&quot;}\">\n\t\t\t\t\t<div class=\"e-con-inner\">\n\t\t\t\t<div class=\"elementor-element elementor-element-2ee83fa elementor-widget elementor-widget-heading\" data-id=\"2ee83fa\" data-element_type=\"widget\" data-widget_type=\"heading.default\">\n\t\t\t\t<div class=\"elementor-widget-container\">\n\t\t\t<style>\/*! elementor - v3.13.3 - 28-05-2023 *\/\n.elementor-heading-title{padding:0;margin:0;line-height:1}.elementor-widget-heading .elementor-heading-title[class*=elementor-size-]>a{color:inherit;font-size:inherit;line-height:inherit}.elementor-widget-heading .elementor-heading-title.elementor-size-small{font-size:15px}.elementor-widget-heading .elementor-heading-title.elementor-size-medium{font-size:19px}.elementor-widget-heading .elementor-heading-title.elementor-size-large{font-size:29px}.elementor-widget-heading .elementor-heading-title.elementor-size-xl{font-size:39px}.elementor-widget-heading .elementor-heading-title.elementor-size-xxl{font-size:59px}<\/style><h1 class=\"elementor-heading-title elementor-size-default\">Sobre n\u00f3s<\/h1>\t\t<\/div>\n\t\t\t\t<\/div>\n\t\t\t\t\t<\/div>\n\t\t\t\t<\/div>\n\t\t<div class=\"elementor-element elementor-element-7b79ea19 e-con-boxed e-flex e-con\" data-id=\"7b79ea19\" data-element_type=\"container\" data-settings=\"{&quot;content_width&quot;:&quot;boxed&quot;}\">\n\t\t\t\t\t<div class=\"e-con-inner\">\n\t\t\t\t<div class=\"elementor-element elementor-element-5f8cc052 elementor-widget elementor-widget-text-editor\" data-id=\"5f8cc052\" data-element_type=\"widget\" data-widget_type=\"text-editor.default\">\n\t\t\t\t<div class=\"elementor-widget-container\">\n\t\t\t<style>\/*! elementor - v3.13.3 - 28-05-2023 *\/\n.elementor-widget-text-editor.elementor-drop-cap-view-stacked .elementor-drop-cap{background-color:#69727d;color:#fff}.elementor-widget-text-editor.elementor-drop-cap-view-framed .elementor-drop-cap{color:#69727d;border:3px solid;background-color:transparent}.elementor-widget-text-editor:not(.elementor-drop-cap-view-default) .elementor-drop-cap{margin-top:8px}.elementor-widget-text-editor:not(.elementor-drop-cap-view-default) .elementor-drop-cap-letter{width:1em;height:1em}.elementor-widget-text-editor .elementor-drop-cap{float:left;text-align:center;line-height:1;font-size:50px}.elementor-widget-text-editor .elementor-drop-cap-letter{display:inline-block}<\/style>\t\t\t\t<p>Bem-vindo ao iOasis, seu principal destino para os melhores e mais recentes produtos Apple. Somos mais do que apenas um revendedor; somos uma comunidade de entusiastas do Apple empenhados em trazer-lhe a tecnologia mais inovadora assim que ela chega ao mercado.<\/p><p>Fundada em 2007 em Hamburgo, Alemanha, a iOasis nasceu de uma profunda paix\u00e3o pelos produtos inovadores da Apple e do desejo de os tornar acess\u00edveis a todos, em todo o lado. Nosso fundador, um aficionado de longa data do Apple, viu uma lacuna no mercado para um revendedor dedicado e focado no cliente do Apple na Europa. Com o objetivo de colmatar essa lacuna, foi lan\u00e7ado o iOasis.<\/p><p>Ao longo dos anos, pass\u00e1mos de uma pequena empresa em fase de arranque para um nome de confian\u00e7a na comunidade Apple. O nosso compromisso com o servi\u00e7o ao cliente, aliado \u00e0 nossa capacidade de fornecer produtos Apple antes do seu lan\u00e7amento local, distinguiu-nos da concorr\u00eancia. No passado, aceler\u00e1mos com sucesso a disponibilidade de produtos Apple, incluindo o iPhone original, o iPad e o rel\u00f3gio Apple, e estamos entusiasmados por fazer o mesmo com o revolucion\u00e1rio Apple Vision Pro.<\/p><p>No iOasis, acreditamos no poder transformador da tecnologia. Vemos como os produtos Apple mudam a forma como as pessoas trabalham, aprendem, criam e se conectam. A nossa miss\u00e3o \u00e9 levar at\u00e9 si estes produtos revolucion\u00e1rios assim que estiverem dispon\u00edveis, para que possa come\u00e7ar a experimentar o futuro hoje.<\/p><p>Mas n\u00e3o nos limitamos a vender produtos. O nosso objetivo \u00e9 criar uma experi\u00eancia de cliente sem falhas. Desde o momento em que faz a pr\u00e9-encomenda do seu Apple Vision Pro at\u00e9 ao momento em que este chega \u00e0 sua porta, estamos consigo em todas as fases do processo. A nossa equipa dedicada de especialistas em Apple est\u00e1 sempre pronta para o ajudar com quaisquer quest\u00f5es ou problemas que possa encontrar.<\/p><p>O nosso objetivo \u00e9 tamb\u00e9m criar uma comunidade. Gostamos de nos relacionar com os nossos clientes e ouvir as suas hist\u00f3rias. Quer seja um entusiasta da tecnologia, um profissional criativo ou algu\u00e9m que simplesmente adora os produtos Apple, convidamo-lo a juntar-se \u00e0 nossa comunidade e a partilhar as suas experi\u00eancias.<\/p><p>Obrigado por ter escolhido o iOasis. Estamos entusiasmados por embarcar nesta viagem tecnol\u00f3gica consigo.<\/p>\t\t\t\t\t\t<\/div>\n\t\t\t\t<\/div>\n\t\t\t\t\t<\/div>\n\t\t\t\t<\/div>\n\t\t<div class=\"elementor-element elementor-element-298bdba9 e-con-boxed e-flex e-con\" data-id=\"298bdba9\" data-element_type=\"container\" data-settings=\"{&quot;content_width&quot;:&quot;boxed&quot;}\">\n\t\t\t\t\t<div class=\"e-con-inner\">\n\t\t\t\t<div class=\"elementor-element elementor-element-3ffab340 elementor-widget elementor-widget-spacer\" data-id=\"3ffab340\" data-element_type=\"widget\" data-widget_type=\"spacer.default\">\n\t\t\t\t<div class=\"elementor-widget-container\">\n\t\t\t<style>\/*! elementor - v3.13.3 - 28-05-2023 *\/\n.elementor-column .elementor-spacer-inner{height:var(--spacer-size)}.e-con{--container-widget-width:100%}.e-con-inner>.elementor-widget-spacer,.e-con>.elementor-widget-spacer{width:var(--container-widget-width,var(--spacer-size));--align-self:var(--container-widget-align-self,initial);--flex-shrink:0}.e-con-inner>.elementor-widget-spacer>.elementor-widget-container,.e-con-inner>.elementor-widget-spacer>.elementor-widget-container>.elementor-spacer,.e-con>.elementor-widget-spacer>.elementor-widget-container,.e-con>.elementor-widget-spacer>.elementor-widget-container>.elementor-spacer{height:100%}.e-con-inner>.elementor-widget-spacer>.elementor-widget-container>.elementor-spacer>.elementor-spacer-inner,.e-con>.elementor-widget-spacer>.elementor-widget-container>.elementor-spacer>.elementor-spacer-inner{height:var(--container-widget-height,var(--spacer-size))}<\/style>\t\t<div class=\"elementor-spacer\">\n\t\t\t<div class=\"elementor-spacer-inner\"><\/div>\n\t\t<\/div>\n\t\t\t\t<\/div>\n\t\t\t\t<\/div>\n\t\t\t\t\t<\/div>\n\t\t\t\t<\/div>\n\t\t\t\t\t\t\t<\/div>","protected":false},"excerpt":{"rendered":"<p>Bem-vindo ao iOasis, seu principal destino para os melhores e mais recentes produtos Apple. Somos mais do que apenas um revendedor; somos uma comunidade de entusiastas do Apple empenhados em trazer-lhe a tecnologia mais inovadora assim que ela chega ao mercado.<\/p>","protected":false},"author":1,"featured_media":442,"parent":0,"menu_order":0,"comment_status":"closed","ping_status":"closed","template":"","meta":{"footnotes":""},"class_list":["post-428","page","type-page","status-publish","has-post-thumbnail","hentry"],"jetpack_sharing_enabled":true,"_links":{"self":[{"href":"https:\/\/ioasis.eu\/pt\/wp-json\/wp\/v2\/pages\/428","targetHints":{"allow":["GET"]}}],"collection":[{"href":"https:\/\/ioasis.eu\/pt\/wp-json\/wp\/v2\/pages"}],"about":[{"href":"https:\/\/ioasis.eu\/pt\/wp-json\/wp\/v2\/types\/page"}],"author":[{"embeddable":true,"href":"https:\/\/ioasis.eu\/pt\/wp-json\/wp\/v2\/users\/1"}],"replies":[{"embeddable":true,"href":"https:\/\/ioasis.eu\/pt\/wp-json\/wp\/v2\/comments?post=428"}],"version-history":[{"count":4,"href":"https:\/\/ioasis.eu\/pt\/wp-json\/wp\/v2\/pages\/428\/revisions"}],"predecessor-version":[{"id":445,"href":"https:\/\/ioasis.eu\/pt\/wp-json\/wp\/v2\/pages\/428\/revisions\/445"}],"wp:featuredmedia":[{"embeddable":true,"href":"https:\/\/ioasis.eu\/pt\/wp-json\/wp\/v2\/media\/442"}],"wp:attachment":[{"href":"https:\/\/ioasis.eu\/pt\/wp-json\/wp\/v2\/media?parent=428"}],"curies":[{"name":"wp","href":"https:\/\/api.w.org\/{rel}","templated":true}]}}