{"id":433,"date":"2023-06-11T12:11:27","date_gmt":"2023-06-11T10:11:27","guid":{"rendered":"https:\/\/ioasis.eu\/?page_id=433"},"modified":"2023-06-11T12:16:07","modified_gmt":"2023-06-11T10:16:07","slug":"apple-vision-pro-transforming-the-world-one-view-at-a-time","status":"publish","type":"page","link":"https:\/\/ioasis.eu\/pt\/blogue\/apple-vision-pro-transformar-o-mundo-uma-vista-de-cada-vez\/","title":{"rendered":"Apple Vision Pro: Transformar o mundo com uma vis\u00e3o de cada vez"},"content":{"rendered":"<div data-elementor-type=\"wp-page\" data-elementor-id=\"433\" class=\"elementor elementor-433\">\n\t\t\t\t\t\t\t<div class=\"elementor-element elementor-element-31d2be9 e-con-boxed e-flex e-con\" data-id=\"31d2be9\" data-element_type=\"container\" data-settings=\"{&quot;content_width&quot;:&quot;boxed&quot;}\">\n\t\t\t\t\t<div class=\"e-con-inner\">\n\t\t\t\t<div class=\"elementor-element elementor-element-184e767b elementor-widget elementor-widget-heading\" data-id=\"184e767b\" data-element_type=\"widget\" data-widget_type=\"heading.default\">\n\t\t\t\t<div class=\"elementor-widget-container\">\n\t\t\t<style>\/*! elementor - v3.13.3 - 28-05-2023 *\/\n.elementor-heading-title{padding:0;margin:0;line-height:1}.elementor-widget-heading .elementor-heading-title[class*=elementor-size-]>a{color:inherit;font-size:inherit;line-height:inherit}.elementor-widget-heading .elementor-heading-title.elementor-size-small{font-size:15px}.elementor-widget-heading .elementor-heading-title.elementor-size-medium{font-size:19px}.elementor-widget-heading .elementor-heading-title.elementor-size-large{font-size:29px}.elementor-widget-heading .elementor-heading-title.elementor-size-xl{font-size:39px}.elementor-widget-heading .elementor-heading-title.elementor-size-xxl{font-size:59px}<\/style><h1 class=\"elementor-heading-title elementor-size-default\">Apple Vision Pro: Transformar o mundo com uma vis\u00e3o de cada vez<\/h1>\t\t<\/div>\n\t\t\t\t<\/div>\n\t\t\t\t\t<\/div>\n\t\t\t\t<\/div>\n\t\t<div class=\"elementor-element elementor-element-56c124cc e-con-boxed e-flex e-con\" data-id=\"56c124cc\" data-element_type=\"container\" data-settings=\"{&quot;content_width&quot;:&quot;boxed&quot;}\">\n\t\t\t\t\t<div class=\"e-con-inner\">\n\t\t\t\t<div class=\"elementor-element elementor-element-96bf314 elementor-widget elementor-widget-text-editor\" data-id=\"96bf314\" data-element_type=\"widget\" data-widget_type=\"text-editor.default\">\n\t\t\t\t<div class=\"elementor-widget-container\">\n\t\t\t<style>\/*! elementor - v3.13.3 - 28-05-2023 *\/\n.elementor-widget-text-editor.elementor-drop-cap-view-stacked .elementor-drop-cap{background-color:#69727d;color:#fff}.elementor-widget-text-editor.elementor-drop-cap-view-framed .elementor-drop-cap{color:#69727d;border:3px solid;background-color:transparent}.elementor-widget-text-editor:not(.elementor-drop-cap-view-default) .elementor-drop-cap{margin-top:8px}.elementor-widget-text-editor:not(.elementor-drop-cap-view-default) .elementor-drop-cap-letter{width:1em;height:1em}.elementor-widget-text-editor .elementor-drop-cap{float:left;text-align:center;line-height:1;font-size:50px}.elementor-widget-text-editor .elementor-drop-cap-letter{display:inline-block}<\/style>\t\t\t\t<p>No mundo da tecnologia em constante evolu\u00e7\u00e3o, o Apple tem sido sempre um pioneiro, ultrapassando os limites do que \u00e9 poss\u00edvel e redefinindo a nossa intera\u00e7\u00e3o com o conte\u00fado digital. A mais recente adi\u00e7\u00e3o \u00e0 sua linha inovadora, o Apple Vision Pro, est\u00e1 pronta para revolucionar o cen\u00e1rio tecnol\u00f3gico mais uma vez. Esta publica\u00e7\u00e3o do blogue ir\u00e1 analisar a forma como o Apple Vision Pro est\u00e1 preparado para transformar o mundo e como pode ser um dos primeiros a experimentar este dispositivo inovador.<\/p><p>\u00a0<\/p><h6>Uma nova era de computa\u00e7\u00e3o espacial<\/h6><p>O Apple Vision Pro marca o advento de uma nova era na computa\u00e7\u00e3o espacial. Este dispositivo combina na perfei\u00e7\u00e3o o conte\u00fado digital com o seu espa\u00e7o f\u00edsico, permitindo-lhe navegar no mundo digital utilizando os seus olhos, m\u00e3os e voz. Este sistema de intera\u00e7\u00e3o intuitivo vai revolucionar a forma como interagimos com o conte\u00fado digital, permitindo-nos fazer coisas de formas nunca antes poss\u00edveis.<\/p><p>\u00a0<\/p><p><strong>Transformar o entretenimento<\/strong><\/p><p>O Apple Vision Pro n\u00e3o \u00e9 apenas uma ferramenta, \u00e9 uma pot\u00eancia de entretenimento. Pode transformar qualquer divis\u00e3o no seu cinema pessoal, expandindo os seus filmes, programas e jogos para o tamanho perfeito, fazendo-o sentir-se parte da a\u00e7\u00e3o com o Spatial Audio. Com mais p\u00edxeis do que uma TV 4K para cada olho, pode desfrutar de conte\u00fados fant\u00e1sticos onde quer que esteja. Esta experi\u00eancia de entretenimento imersiva est\u00e1 preparada para redefinir a forma como consumimos conte\u00fado digital.<\/p><p>\u00a0<\/p><h6>Capturar e reviver mem\u00f3rias<\/h6><p>O Vision Pro \u00e9 o primeiro dispositivo do Apple com uma c\u00e2mara 3D. Isto permite-lhe captar fotografias e v\u00eddeos espaciais em 3D e, em seguida, reviver esses momentos queridos com \u00e1udio espacial envolvente. A sua biblioteca existente de fotografias e v\u00eddeos ter\u00e1 um aspeto incr\u00edvel a uma escala not\u00e1vel e os panoramas envolver-se-\u00e3o \u00e0 sua volta, fazendo-o sentir como se estivesse no local onde os tirou. Isto vai transformar a forma como capturamos e revivemos as nossas mem\u00f3rias.<\/p><p>\u00a0<\/p><h6>Melhorar a colabora\u00e7\u00e3o e a liga\u00e7\u00e3o<\/h6><p>O Vision Pro melhora a sua capacidade de colabora\u00e7\u00e3o e liga\u00e7\u00e3o onde quer que esteja. Os mosaicos de v\u00eddeo FaceTime s\u00e3o de tamanho real e, \u00e0 medida que novas pessoas se juntam, a chamada expande-se simplesmente na sua sala. No FaceTime, tamb\u00e9m \u00e9 poss\u00edvel utilizar aplica\u00e7\u00f5es para colaborar com colegas nos mesmos documentos em simult\u00e2neo. Isto est\u00e1 destinado a revolucionar o trabalho remoto e a colabora\u00e7\u00e3o digital.<\/p><p>\u00a0<\/p><h6>Um salto no design e na tecnologia<\/h6><p>O Apple Vision Pro \u00e9 o resultado de d\u00e9cadas de experi\u00eancia na conce\u00e7\u00e3o de dispositivos de alto desempenho, m\u00f3veis e port\u00e1teis. Integra uma tecnologia incrivelmente avan\u00e7ada numa forma elegante e compacta, resultando numa experi\u00eancia fant\u00e1stica sempre que o coloca. O dispositivo apresenta uma pe\u00e7a \u00fanica de vidro laminado formado tridimensionalmente que flui para uma estrutura de liga de alum\u00ednio, curvando-se para envolver o seu rosto. Este salto em termos de design e tecnologia est\u00e1 destinado a redefinir os padr\u00f5es da tecnologia de vestir.<\/p><p>\u00a0<\/p><h6>Conclus\u00e3o<\/h6><p>O Apple Vision Pro \u00e9 mais do que apenas um dispositivo; \u00e9 uma revolu\u00e7\u00e3o na computa\u00e7\u00e3o espacial. Oferece uma experi\u00eancia imersiva, intuitiva e interactiva que combina na perfei\u00e7\u00e3o o conte\u00fado digital com o seu espa\u00e7o f\u00edsico. Quer esteja \u00e0 procura de uma nova forma de trabalhar, divertir-se ou ligar-se, o Apple Vision Pro est\u00e1 preparado para transformar a sua vida digital.<\/p><p>Com as suas caracter\u00edsticas e capacidades inovadoras, o Apple Vision Pro est\u00e1 preparado para transformar o mundo. N\u00e3o se trata apenas do que o dispositivo pode fazer; trata-se do que ele nos permite fazer. Trata-se da forma como altera a nossa intera\u00e7\u00e3o com o conte\u00fado digital, como melhora a nossa capacidade de liga\u00e7\u00e3o e colabora\u00e7\u00e3o e como redefine as nossas experi\u00eancias de entretenimento.<\/p><p>\u00a0<\/p><h6>Pr\u00e9-encomendar agora<\/h6><p>O futuro est\u00e1 aqui, e \u00e9 <a href=\"https:\/\/ioasis.eu\/pt\/produto\/apple-vision-pro\/\">dispon\u00edvel para pr\u00e9-encomenda<\/a>. O Apple Vision Pro come\u00e7ar\u00e1 a ser enviado para a Europa ao mesmo tempo que o seu lan\u00e7amento nos EUA, exclusivamente atrav\u00e9s do iOasis. N\u00e3o perca a oportunidade de ser um dos primeiros a experimentar este dispositivo revolucion\u00e1rio. Encomende hoje mesmo o seu Apple Vision Pro e entre no futuro com o Apple.<\/p><p>\u00a0<\/p><p><a href=\"https:\/\/ioasis.eu\/pt\/blogue\/\"><span style=\"text-decoration: underline;\">Voltar<\/span><\/a><\/p>\t\t\t\t\t\t<\/div>\n\t\t\t\t<\/div>\n\t\t\t\t\t<\/div>\n\t\t\t\t<\/div>\n\t\t\t\t\t\t\t<\/div>","protected":false},"excerpt":{"rendered":"<p>No mundo da tecnologia em constante evolu\u00e7\u00e3o, o Apple tem sido sempre um pioneiro, ultrapassando os limites do que \u00e9 poss\u00edvel e redefinindo a nossa intera\u00e7\u00e3o com o conte\u00fado digital. A mais recente adi\u00e7\u00e3o \u00e0 sua linha inovadora, o Apple Vision Pro, est\u00e1 pronta para revolucionar o cen\u00e1rio tecnol\u00f3gico mais uma vez.<\/p>","protected":false},"author":1,"featured_media":435,"parent":415,"menu_order":0,"comment_status":"closed","ping_status":"closed","template":"","meta":{"footnotes":""},"class_list":["post-433","page","type-page","status-publish","has-post-thumbnail","hentry"],"jetpack_sharing_enabled":true,"_links":{"self":[{"href":"https:\/\/ioasis.eu\/pt\/wp-json\/wp\/v2\/pages\/433","targetHints":{"allow":["GET"]}}],"collection":[{"href":"https:\/\/ioasis.eu\/pt\/wp-json\/wp\/v2\/pages"}],"about":[{"href":"https:\/\/ioasis.eu\/pt\/wp-json\/wp\/v2\/types\/page"}],"author":[{"embeddable":true,"href":"https:\/\/ioasis.eu\/pt\/wp-json\/wp\/v2\/users\/1"}],"replies":[{"embeddable":true,"href":"https:\/\/ioasis.eu\/pt\/wp-json\/wp\/v2\/comments?post=433"}],"version-history":[{"count":4,"href":"https:\/\/ioasis.eu\/pt\/wp-json\/wp\/v2\/pages\/433\/revisions"}],"predecessor-version":[{"id":438,"href":"https:\/\/ioasis.eu\/pt\/wp-json\/wp\/v2\/pages\/433\/revisions\/438"}],"up":[{"embeddable":true,"href":"https:\/\/ioasis.eu\/pt\/wp-json\/wp\/v2\/pages\/415"}],"wp:featuredmedia":[{"embeddable":true,"href":"https:\/\/ioasis.eu\/pt\/wp-json\/wp\/v2\/media\/435"}],"wp:attachment":[{"href":"https:\/\/ioasis.eu\/pt\/wp-json\/wp\/v2\/media?parent=433"}],"curies":[{"name":"wp","href":"https:\/\/api.w.org\/{rel}","templated":true}]}}