{"id":473,"date":"2024-01-08T22:36:36","date_gmt":"2024-01-08T21:36:36","guid":{"rendered":"https:\/\/ioasis.eu\/?page_id=473"},"modified":"2024-01-08T22:39:38","modified_gmt":"2024-01-08T21:39:38","slug":"apple-vision-pro-now-available-in-europe-with-ioasis","status":"publish","type":"page","link":"https:\/\/ioasis.eu\/pt\/blogue\/apple-vision-pro-ja-disponivel-na-europa-com-a-ioasis\/","title":{"rendered":"Apple Vision Pro: O futuro da computa\u00e7\u00e3o espacial chega \u00e0 Europa com o iOasis"},"content":{"rendered":"<div data-elementor-type=\"wp-page\" data-elementor-id=\"473\" class=\"elementor elementor-473\">\n\t\t\t\t\t\t\t<div class=\"elementor-element elementor-element-26544050 e-con-boxed e-flex e-con\" data-id=\"26544050\" data-element_type=\"container\" data-settings=\"{&quot;content_width&quot;:&quot;boxed&quot;}\">\n\t\t\t\t\t<div class=\"e-con-inner\">\n\t\t\t\t<div class=\"elementor-element elementor-element-1f4eafaf elementor-widget elementor-widget-heading\" data-id=\"1f4eafaf\" data-element_type=\"widget\" data-widget_type=\"heading.default\">\n\t\t\t\t<div class=\"elementor-widget-container\">\n\t\t\t<style>\/*! elementor - v3.13.3 - 28-05-2023 *\/\n.elementor-heading-title{padding:0;margin:0;line-height:1}.elementor-widget-heading .elementor-heading-title[class*=elementor-size-]>a{color:inherit;font-size:inherit;line-height:inherit}.elementor-widget-heading .elementor-heading-title.elementor-size-small{font-size:15px}.elementor-widget-heading .elementor-heading-title.elementor-size-medium{font-size:19px}.elementor-widget-heading .elementor-heading-title.elementor-size-large{font-size:29px}.elementor-widget-heading .elementor-heading-title.elementor-size-xl{font-size:39px}.elementor-widget-heading .elementor-heading-title.elementor-size-xxl{font-size:59px}<\/style><h1 class=\"elementor-heading-title elementor-size-default\">Apple Vision Pro: O futuro da computa\u00e7\u00e3o espacial chega \u00e0 Europa com o iOasis<\/h1>\t\t<\/div>\n\t\t\t\t<\/div>\n\t\t\t\t\t<\/div>\n\t\t\t\t<\/div>\n\t\t<div class=\"elementor-element elementor-element-4d86fff7 e-con-boxed e-flex e-con\" data-id=\"4d86fff7\" data-element_type=\"container\" data-settings=\"{&quot;content_width&quot;:&quot;boxed&quot;}\">\n\t\t\t\t\t<div class=\"e-con-inner\">\n\t\t\t\t<div class=\"elementor-element elementor-element-d12e1c9 elementor-widget elementor-widget-text-editor\" data-id=\"d12e1c9\" data-element_type=\"widget\" data-widget_type=\"text-editor.default\">\n\t\t\t\t<div class=\"elementor-widget-container\">\n\t\t\t<style>\/*! elementor - v3.13.3 - 28-05-2023 *\/\n.elementor-widget-text-editor.elementor-drop-cap-view-stacked .elementor-drop-cap{background-color:#69727d;color:#fff}.elementor-widget-text-editor.elementor-drop-cap-view-framed .elementor-drop-cap{color:#69727d;border:3px solid;background-color:transparent}.elementor-widget-text-editor:not(.elementor-drop-cap-view-default) .elementor-drop-cap{margin-top:8px}.elementor-widget-text-editor:not(.elementor-drop-cap-view-default) .elementor-drop-cap-letter{width:1em;height:1em}.elementor-widget-text-editor .elementor-drop-cap{float:left;text-align:center;line-height:1;font-size:50px}.elementor-widget-text-editor .elementor-drop-cap-letter{display:inline-block}<\/style>\t\t\t\t<p>8 de janeiro de 2024<\/p>\t\t\t\t\t\t<\/div>\n\t\t\t\t<\/div>\n\t\t\t\t<div class=\"elementor-element elementor-element-7563d79 elementor-widget elementor-widget-heading\" data-id=\"7563d79\" data-element_type=\"widget\" data-widget_type=\"heading.default\">\n\t\t\t\t<div class=\"elementor-widget-container\">\n\t\t\t<h2 class=\"elementor-heading-title elementor-size-default\">Uma nova era come\u00e7a a 2 de fevereiro de 2024<\/h2>\t\t<\/div>\n\t\t\t\t<\/div>\n\t\t\t\t<div class=\"elementor-element elementor-element-fe7f68d elementor-widget elementor-widget-text-editor\" data-id=\"fe7f68d\" data-element_type=\"widget\" data-widget_type=\"text-editor.default\">\n\t\t\t\t<div class=\"elementor-widget-container\">\n\t\t\t\t\t\t\t<p>Em um desenvolvimento empolgante para entusiastas e profissionais de tecnologia em toda a Europa, a Apple anunciou a disponibilidade futura de seu inovador Apple Vision Pro, a partir de 2 de fevereiro de 2024. Como revendedor exclusivo na Europa, o iOasis Premier Reseller est\u00e1 entusiasmado em trazer este revolucion\u00e1rio computador espacial para nossos clientes.<\/p><h3 style=\"caret-color: #000000; color: #1d1d1f; white-space: pre-wrap; border: 0px solid #d9d9e3; font-size: 1.25em; font-weight: 600; margin: 1rem 0px 0.5rem; line-height: 1.6; font-family: S\u00f6hne, ui-sans-serif, system-ui, -apple-system, 'Segoe UI', Roboto, Ubuntu, Cantarell, 'Noto Sans', sans-serif, 'Helvetica Neue', Arial, 'Apple Color Emoji', 'Segoe UI Emoji', 'Segoe UI Symbol', 'Noto Color Emoji';\">O que \u00e9 o Apple Vision Pro?<\/h3><p style=\"white-space: pre-wrap; border: 0px solid #d9d9e3; margin-right: 0px; margin-bottom: 1.25em; margin-left: 0px; caret-color: #d1d5db; color: ##1d1d1f; font-family: S\u00f6hne, ui-sans-serif, system-ui, -apple-system, 'Segoe UI', Roboto, Ubuntu, Cantarell, 'Noto Sans', sans-serif, 'Helvetica Neue', Arial, 'Apple Color Emoji', 'Segoe UI Emoji', 'Segoe UI Symbol', 'Noto Color Emoji';\">O Apple Vision Pro \u00e9 mais do que apenas um novo gadget; \u00e9 uma redefini\u00e7\u00e3o completa da forma como interagimos com o conte\u00fado digital. Fundindo os mundos f\u00edsico e digital, o Vision Pro oferece uma experi\u00eancia imersiva que transforma as tarefas di\u00e1rias, o entretenimento e a comunica\u00e7\u00e3o. Com as suas capacidades avan\u00e7adas de computa\u00e7\u00e3o espacial, alimentadas pelo visionOS, os utilizadores podem controlar o dispositivo utilizando os olhos, as m\u00e3os e a voz, tornando as interac\u00e7\u00f5es mais naturais e intuitivas do que nunca.<\/p><h3 style=\"caret-color: #000000; color: #1d1d1f; white-space: pre-wrap; border: 0px solid #d9d9e3; font-size: 1.25em; font-weight: 600; margin: 1rem 0px 0.5rem; line-height: 1.6; font-family: S\u00f6hne, ui-sans-serif, system-ui, -apple-system, 'Segoe UI', Roboto, Ubuntu, Cantarell, 'Noto Sans', sans-serif, 'Helvetica Neue', Arial, 'Apple Color Emoji', 'Segoe UI Emoji', 'Segoe UI Symbol', 'Noto Color Emoji';\">Principais caracter\u00edsticas do Apple Vision Pro<\/h3><ul><li><strong>Sistema operativo revolucion\u00e1rio<\/strong>: Constru\u00eddo sobre a base robusta do macOS, iOS e iPadOS, o visionOS introduz uma nova dimens\u00e3o nas interfaces de utilizador e nos sistemas de entrada.<\/li><li><strong>Navega\u00e7\u00e3o intuitiva<\/strong>: Os controlos visuais, manuais e por voz tornam a navega\u00e7\u00e3o perfeita e m\u00e1gica.<\/li><li><strong>Ambientes din\u00e2micos<\/strong>: Os utilizadores podem mergulhar em paisagens deslumbrantes ou mesmo na superf\u00edcie da lua, melhorando a concentra\u00e7\u00e3o e reduzindo as distrac\u00e7\u00f5es.<\/li><li><strong>Espa\u00e7o de trabalho extraordin\u00e1rio<\/strong>: A interface tridimensional permite uma tela infinita, perfeita para multitarefas e colabora\u00e7\u00e3o.<\/li><li><strong>Compatibilidade e novas aplica\u00e7\u00f5es<\/strong>: Est\u00e3o dispon\u00edveis mais de 1 milh\u00e3o de aplica\u00e7\u00f5es familiares para iOS e iPadOS, bem como novas experi\u00eancias de computa\u00e7\u00e3o espacial.<\/li><li><strong>Entretenimento e jogos de \u00faltima gera\u00e7\u00e3o<\/strong>: Ecr\u00e3s de alta resolu\u00e7\u00e3o, t\u00edtulos 3D e novas experi\u00eancias de jogo redefinem o entretenimento dom\u00e9stico.<\/li><li><strong>Mem\u00f3rias espaciais e FaceTime<\/strong>: Revive mem\u00f3rias de uma nova forma e desfruta de chamadas FaceTime em tamanho real.<\/li><li><strong>Conce\u00e7\u00e3o inovadora<\/strong>: Um sistema modular com um ajuste confort\u00e1vel e personalizado.<\/li><li><strong>Inova\u00e7\u00e3o sem igual<\/strong>: Rastreio ocular de alto desempenho e tecnologia de ecr\u00e3 avan\u00e7ada para uma experi\u00eancia inigual\u00e1vel.<\/li><li><strong>Privacidade e seguran\u00e7a<\/strong>: Com Optic ID para uma utiliza\u00e7\u00e3o segura e privada.<\/li><li><strong>Caracter\u00edsticas de acessibilidade<\/strong>: Conce\u00e7\u00e3o inclusiva com m\u00faltiplas op\u00e7\u00f5es de entrada para todos os utilizadores.<\/li><li><strong>Compromisso ambiental<\/strong>: Conce\u00e7\u00e3o ecol\u00f3gica em conformidade com os objectivos de sustentabilidade do Apple.<\/li><\/ul><h3 style=\"caret-color: #000000; color: #1d1d1f; white-space: pre-wrap; border: 0px solid #d9d9e3; font-size: 1.25em; font-weight: 600; margin: 1rem 0px 0.5rem; line-height: 1.6; font-family: S\u00f6hne, ui-sans-serif, system-ui, -apple-system, 'Segoe UI', Roboto, Ubuntu, Cantarell, 'Noto Sans', sans-serif, 'Helvetica Neue', Arial, 'Apple Color Emoji', 'Segoe UI Emoji', 'Segoe UI Symbol', 'Noto Color Emoji';\">Pre\u00e7os e disponibilidade<\/h3><h3 style=\"caret-color: #000000; color: #1d1d1f; white-space: pre-wrap; border: 0px solid #d9d9e3; font-size: 1.25em; font-weight: 600; margin: 1rem 0px 0.5rem; line-height: 1.6; font-family: S\u00f6hne, ui-sans-serif, system-ui, -apple-system, 'Segoe UI', Roboto, Ubuntu, Cantarell, 'Noto Sans', sans-serif, 'Helvetica Neue', Arial, 'Apple Color Emoji', 'Segoe UI Emoji', 'Segoe UI Symbol', 'Noto Color Emoji';\"><span style=\"font-family: Roboto, sans-serif; font-weight: 400; text-align: var(--text-align); font-size: 1rem;\">Exclusivamente atrav\u00e9s do iOasis Premier Reseller, o Apple Vision Pro ser\u00e1 vendido a 4.499 euros com 256 GB de armazenamento. As pr\u00e9-encomendas j\u00e1 come\u00e7aram com um dep\u00f3sito de 100 euros, e o envio come\u00e7a a 2 de fevereiro.<\/span><\/h3><div><h3 style=\"caret-color: #000000; color: #1d1d1f; white-space: pre-wrap; border: 0px solid #d9d9e3; font-size: 1.25em; font-weight: 600; margin: 1rem 0px 0.5rem; line-height: 1.6; font-family: S\u00f6hne, ui-sans-serif, system-ui, -apple-system, 'Segoe UI', Roboto, Ubuntu, Cantarell, 'Noto Sans', sans-serif, 'Helvetica Neue', Arial, 'Apple Color Emoji', 'Segoe UI Emoji', 'Segoe UI Symbol', 'Noto Color Emoji';\">Porqu\u00ea escolher o iOasis?<\/h3><\/div><p>Como parceiro de confian\u00e7a, o iOasis Premier Reseller est\u00e1 empenhado em fornecer aos nossos clientes n\u00e3o apenas produtos revolucion\u00e1rios, mas tamb\u00e9m um servi\u00e7o e suporte excepcionais. A nossa equipa est\u00e1 pronta para o ajudar a explorar todo o potencial do Apple Vision Pro e a integrar esta tecnologia de ponta na sua vida.<\/p><h3 style=\"caret-color: #000000; color: #1d1d1f; white-space: pre-wrap; border: 0px solid #d9d9e3; font-size: 1.25em; font-weight: 600; margin: 1rem 0px 0.5rem; line-height: 1.6; font-family: S\u00f6hne, ui-sans-serif, system-ui, -apple-system, 'Segoe UI', Roboto, Ubuntu, Cantarell, 'Noto Sans', sans-serif, 'Helvetica Neue', Arial, 'Apple Color Emoji', 'Segoe UI Emoji', 'Segoe UI Symbol', 'Noto Color Emoji';\">O futuro est\u00e1 aqui<\/h3><p>Junte-se a n\u00f3s para dar as boas-vindas a uma nova era de computa\u00e7\u00e3o com o Apple Vision Pro. Visite o iOasis Premier Reseller para experimentar o futuro em primeira m\u00e3o.<\/p><h3 style=\"caret-color: #000000; color: #1d1d1f; white-space: pre-wrap; border: 0px solid #d9d9e3; font-size: 1.25em; font-weight: 600; margin: 1rem 0px 0.5rem; line-height: 1.6; font-family: S\u00f6hne, ui-sans-serif, system-ui, -apple-system, 'Segoe UI', Roboto, Ubuntu, Cantarell, 'Noto Sans', sans-serif, 'Helvetica Neue', Arial, 'Apple Color Emoji', 'Segoe UI Emoji', 'Segoe UI Symbol', 'Noto Color Emoji';\">Sobre o Apple<\/h3><p>L\u00edder em inova\u00e7\u00e3o, o Apple continua a revolucionar a tecnologia pessoal desde a introdu\u00e7\u00e3o do Macintosh em 1984. Com a sua gama de produtos e servi\u00e7os, a Apple dedica-se a criar o melhor do mundo e a deixar o mundo melhor do que o encontrou.<\/p><p><span style=\"text-decoration: underline;\"><a href=\"https:\/\/ioasis.eu\/pt\/blogue\/\">Voltar<\/a><\/span><\/p>\t\t\t\t\t\t<\/div>\n\t\t\t\t<\/div>\n\t\t\t\t\t<\/div>\n\t\t\t\t<\/div>\n\t\t\t\t\t\t\t<\/div>","protected":false},"excerpt":{"rendered":"<p>Como revendedor exclusivo do Apple Vision Pro na Europa, o iOasis Premier Reseller est\u00e1 entusiasmado por trazer este revolucion\u00e1rio computador espacial aos nossos clientes.<\/p>","protected":false},"author":1,"featured_media":221,"parent":415,"menu_order":0,"comment_status":"closed","ping_status":"closed","template":"","meta":{"footnotes":""},"class_list":["post-473","page","type-page","status-publish","has-post-thumbnail","hentry"],"jetpack_sharing_enabled":true,"_links":{"self":[{"href":"https:\/\/ioasis.eu\/pt\/wp-json\/wp\/v2\/pages\/473","targetHints":{"allow":["GET"]}}],"collection":[{"href":"https:\/\/ioasis.eu\/pt\/wp-json\/wp\/v2\/pages"}],"about":[{"href":"https:\/\/ioasis.eu\/pt\/wp-json\/wp\/v2\/types\/page"}],"author":[{"embeddable":true,"href":"https:\/\/ioasis.eu\/pt\/wp-json\/wp\/v2\/users\/1"}],"replies":[{"embeddable":true,"href":"https:\/\/ioasis.eu\/pt\/wp-json\/wp\/v2\/comments?post=473"}],"version-history":[{"count":5,"href":"https:\/\/ioasis.eu\/pt\/wp-json\/wp\/v2\/pages\/473\/revisions"}],"predecessor-version":[{"id":481,"href":"https:\/\/ioasis.eu\/pt\/wp-json\/wp\/v2\/pages\/473\/revisions\/481"}],"up":[{"embeddable":true,"href":"https:\/\/ioasis.eu\/pt\/wp-json\/wp\/v2\/pages\/415"}],"wp:featuredmedia":[{"embeddable":true,"href":"https:\/\/ioasis.eu\/pt\/wp-json\/wp\/v2\/media\/221"}],"wp:attachment":[{"href":"https:\/\/ioasis.eu\/pt\/wp-json\/wp\/v2\/media?parent=473"}],"curies":[{"name":"wp","href":"https:\/\/api.w.org\/{rel}","templated":true}]}}