{"id":715,"date":"2024-01-22T13:54:49","date_gmt":"2024-01-22T12:54:49","guid":{"rendered":"https:\/\/ioasis.eu\/?page_id=715"},"modified":"2024-01-22T13:57:08","modified_gmt":"2024-01-22T12:57:08","slug":"discover-visionos-revolutionizing-your-apple-vision-pro-experience","status":"publish","type":"page","link":"https:\/\/ioasis.eu\/pt\/blogue\/descubra-o-visionos-que-revoluciona-a-sua-experiencia-apple-vision-pro\/","title":{"rendered":"Descubra o VisionOS: Revolucionando sua experi\u00eancia Apple Vision Pro"},"content":{"rendered":"<div data-elementor-type=\"wp-page\" data-elementor-id=\"715\" class=\"elementor elementor-715\">\n\t\t\t\t\t\t\t<div class=\"elementor-element elementor-element-4ce6fdf1 e-con-boxed e-flex e-con\" data-id=\"4ce6fdf1\" data-element_type=\"container\" data-settings=\"{&quot;content_width&quot;:&quot;boxed&quot;}\">\n\t\t\t\t\t<div class=\"e-con-inner\">\n\t\t\t\t<div class=\"elementor-element elementor-element-77815985 elementor-widget elementor-widget-heading\" data-id=\"77815985\" data-element_type=\"widget\" data-widget_type=\"heading.default\">\n\t\t\t\t<div class=\"elementor-widget-container\">\n\t\t\t<style>\/*! elementor - v3.13.3 - 28-05-2023 *\/\n.elementor-heading-title{padding:0;margin:0;line-height:1}.elementor-widget-heading .elementor-heading-title[class*=elementor-size-]>a{color:inherit;font-size:inherit;line-height:inherit}.elementor-widget-heading .elementor-heading-title.elementor-size-small{font-size:15px}.elementor-widget-heading .elementor-heading-title.elementor-size-medium{font-size:19px}.elementor-widget-heading .elementor-heading-title.elementor-size-large{font-size:29px}.elementor-widget-heading .elementor-heading-title.elementor-size-xl{font-size:39px}.elementor-widget-heading .elementor-heading-title.elementor-size-xxl{font-size:59px}<\/style><h1 class=\"elementor-heading-title elementor-size-default\">\nDescubra o VisionOS: Revolucionando sua experi\u00eancia Apple Vision Pro<\/h1>\t\t<\/div>\n\t\t\t\t<\/div>\n\t\t\t\t<div class=\"elementor-element elementor-element-2c8475f elementor-skin-carousel elementor-arrows-yes elementor-pagination-type-bullets elementor-pagination-position-outside elementor-widget elementor-widget-media-carousel\" data-id=\"2c8475f\" data-element_type=\"widget\" data-settings=\"{&quot;skin&quot;:&quot;carousel&quot;,&quot;effect&quot;:&quot;slide&quot;,&quot;show_arrows&quot;:&quot;yes&quot;,&quot;pagination&quot;:&quot;bullets&quot;,&quot;speed&quot;:500,&quot;autoplay&quot;:&quot;yes&quot;,&quot;autoplay_speed&quot;:5000,&quot;loop&quot;:&quot;yes&quot;,&quot;pause_on_hover&quot;:&quot;yes&quot;,&quot;pause_on_interaction&quot;:&quot;yes&quot;,&quot;space_between&quot;:{&quot;unit&quot;:&quot;px&quot;,&quot;size&quot;:10,&quot;sizes&quot;:[]},&quot;space_between_tablet&quot;:{&quot;unit&quot;:&quot;px&quot;,&quot;size&quot;:10,&quot;sizes&quot;:[]},&quot;space_between_mobile&quot;:{&quot;unit&quot;:&quot;px&quot;,&quot;size&quot;:10,&quot;sizes&quot;:[]}}\" data-widget_type=\"media-carousel.default\">\n\t\t\t\t<div class=\"elementor-widget-container\">\n\t\t\t<link rel=\"stylesheet\" href=\"https:\/\/ioasis.eu\/wp-content\/plugins\/elementor-pro\/assets\/css\/widget-carousel.min.css\">\t\t<div class=\"elementor-swiper\">\n\t\t\t<div class=\"elementor-main-swiper swiper\">\n\t\t\t\t<div class=\"swiper-wrapper\">\n\t\t\t\t\t\t\t\t\t\t\t<div class=\"swiper-slide\">\n\t\t\t\t\t\t\t\t\t<div class=\"elementor-carousel-image\" role=\"img\" aria-label=\"Apple Vision Pro Europe - VisionOS - ol\u00e1\" style=\"background-image: url(&#039;https:\/\/ioasis.eu\/wp-content\/uploads\/2024\/01\/Apple-Vision-Pro-Europe-VisionOS-2.jpg&#039;)\">\n\n\t\t\t\n\t\t\t\t\t<\/div>\n\t\t\t\t\t\t\t\t<\/div>\n\t\t\t\t\t\t\t\t\t\t\t<div class=\"swiper-slide\">\n\t\t\t\t\t\t\t\t\t<div class=\"elementor-carousel-image\" role=\"img\" aria-label=\"Descobrir o VisionOS - Apple Vision Pro na Europa\" style=\"background-image: url(&#039;https:\/\/ioasis.eu\/wp-content\/uploads\/2024\/01\/session3_2x.jpg&#039;)\">\n\n\t\t\t\n\t\t\t\t\t<\/div>\n\t\t\t\t\t\t\t\t<\/div>\n\t\t\t\t\t\t\t\t\t\t\t<div class=\"swiper-slide\">\n\t\t\t\t\t\t\t\t\t<div class=\"elementor-carousel-image\" role=\"img\" aria-label=\"Apple Vision Pro Europa - Centro de controlo VisionOS\" style=\"background-image: url(&#039;https:\/\/ioasis.eu\/wp-content\/uploads\/2024\/01\/Apple-Vision-Pro-Europe-VisionOS-4.jpg&#039;)\">\n\n\t\t\t\n\t\t\t\t\t<\/div>\n\t\t\t\t\t\t\t\t<\/div>\n\t\t\t\t\t\t\t\t\t\t\t<div class=\"swiper-slide\">\n\t\t\t\t\t\t\t\t\t<div class=\"elementor-carousel-image\" role=\"img\" aria-label=\"Apple Vision Pro Europa - VisionOS demonstra\u00e7\u00e3o espacial\" style=\"background-image: url(&#039;https:\/\/ioasis.eu\/wp-content\/uploads\/2024\/01\/Apple-Vision-Pro-Europe-VisionOS-3.jpg&#039;)\">\n\n\t\t\t\n\t\t\t\t\t<\/div>\n\t\t\t\t\t\t\t\t<\/div>\n\t\t\t\t\t\t\t\t\t\t\t<div class=\"swiper-slide\">\n\t\t\t\t\t\t\t\t\t<div class=\"elementor-carousel-image\" role=\"img\" aria-label=\"Apple Vision Pro Europa - VisionOS aumentar o zoom\" style=\"background-image: url(&#039;https:\/\/ioasis.eu\/wp-content\/uploads\/2024\/01\/Apple-Vision-Pro-Europe-VisionOS-5.jpg&#039;)\">\n\n\t\t\t\n\t\t\t\t\t<\/div>\n\t\t\t\t\t\t\t\t<\/div>\n\t\t\t\t\t\t\t\t\t<\/div>\n\t\t\t\t\t\t\t\t\t\t\t\t\t\t\t<div class=\"swiper-pagination\"><\/div>\n\t\t\t\t\t\t\t\t\t\t\t\t\t\t\t\t<div class=\"elementor-swiper-button elementor-swiper-button-prev\" role=\"button\" tabindex=\"0\">\n\t\t\t\t\t\t\t<i aria-hidden=\"true\" class=\"eicon-chevron-left\"><\/i>\t\t\t\t\t\t\t<span class=\"elementor-screen-only\">Anterior<\/span>\n\t\t\t\t\t\t<\/div>\n\t\t\t\t\t\t<div class=\"elementor-swiper-button elementor-swiper-button-next\" role=\"button\" tabindex=\"0\">\n\t\t\t\t\t\t\t<i aria-hidden=\"true\" class=\"eicon-chevron-right\"><\/i>\t\t\t\t\t\t\t<span class=\"elementor-screen-only\">Seguinte<\/span>\n\t\t\t\t\t\t<\/div>\n\t\t\t\t\t\t\t\t\t\t\t\t<\/div>\n\t\t<\/div>\n\t\t\t\t<\/div>\n\t\t\t\t<\/div>\n\t\t\t\t\t<\/div>\n\t\t\t\t<\/div>\n\t\t<div class=\"elementor-element elementor-element-5e683ed1 e-con-boxed e-flex e-con\" data-id=\"5e683ed1\" data-element_type=\"container\" data-settings=\"{&quot;content_width&quot;:&quot;boxed&quot;}\">\n\t\t\t\t\t<div class=\"e-con-inner\">\n\t\t\t\t<div class=\"elementor-element elementor-element-5a81c8c4 elementor-widget elementor-widget-text-editor\" data-id=\"5a81c8c4\" data-element_type=\"widget\" data-widget_type=\"text-editor.default\">\n\t\t\t\t<div class=\"elementor-widget-container\">\n\t\t\t<style>\/*! elementor - v3.13.3 - 28-05-2023 *\/\n.elementor-widget-text-editor.elementor-drop-cap-view-stacked .elementor-drop-cap{background-color:#69727d;color:#fff}.elementor-widget-text-editor.elementor-drop-cap-view-framed .elementor-drop-cap{color:#69727d;border:3px solid;background-color:transparent}.elementor-widget-text-editor:not(.elementor-drop-cap-view-default) .elementor-drop-cap{margin-top:8px}.elementor-widget-text-editor:not(.elementor-drop-cap-view-default) .elementor-drop-cap-letter{width:1em;height:1em}.elementor-widget-text-editor .elementor-drop-cap{float:left;text-align:center;line-height:1;font-size:50px}.elementor-widget-text-editor .elementor-drop-cap-letter{display:inline-block}<\/style>\t\t\t\t<p>Bem-vindo ao mundo do VisionOS, o sistema operativo inovador que alimenta o Apple Vision Pro. Como futuros propriet\u00e1rios ou entusiastas deste dispositivo inovador, est\u00e3o a entrar num reino onde os mundos digital e f\u00edsico se fundem perfeitamente. O VisionOS \u00e9 mais do que apenas um sistema operativo; \u00e9 uma porta de entrada para experi\u00eancias e interac\u00e7\u00f5es que redefinem a nossa perce\u00e7\u00e3o da realidade. Vamos ver o que faz do VisionOS um elemento de mudan\u00e7a para os utilizadores regulares.<\/p><h2>O que \u00e9 o VisionOS?<\/h2><p>O VisionOS \u00e9 o motor por tr\u00e1s das capacidades de computa\u00e7\u00e3o espacial do Apple Vision Pro. Foi concebido para transformar a forma como interagimos com o conte\u00fado digital, integrando-o no nosso ambiente f\u00edsico. Imagine aplica\u00e7\u00f5es e jogos que n\u00e3o se limitam a um ecr\u00e3, mas que fazem parte da sua sala de estar, escrit\u00f3rio ou espa\u00e7os exteriores. \u00c9 essa a magia do VisionOS - criar uma \"tela infinita\" onde as linhas entre o mundo digital e o mundo f\u00edsico se esbatem.<\/p><h3>Uma nova dimens\u00e3o de interatividade<\/h3><p>Com o VisionOS, as suas interac\u00e7\u00f5es n\u00e3o se limitam \u00e0s interfaces 2D tradicionais. Em vez disso, ir\u00e1 interagir com aplica\u00e7\u00f5es e conte\u00fados num espa\u00e7o 3D \u00e0 sua volta. Isto significa que as janelas e as aplica\u00e7\u00f5es podem aparecer como se estivessem a flutuar na sua sala, ou que pode andar \u00e0 volta de um objeto digital para o ver de diferentes \u00e2ngulos. O n\u00edvel de imers\u00e3o e intera\u00e7\u00e3o \u00e9 inigual\u00e1vel.<\/p><h3>Espa\u00e7o completo: A derradeira experi\u00eancia imersiva<\/h3><p>Uma das caracter\u00edsticas mais interessantes do VisionOS \u00e9 a experi\u00eancia \"Full Space\". Quando uma aplica\u00e7\u00e3o utiliza o Full Space, pode tomar conta de todo o ambiente, transformando-o num mundo completamente diferente. Quer se trate de um jogo que o transporta para um reino de fantasia ou de uma aplica\u00e7\u00e3o educativa que o leva numa visita virtual a cidades antigas, o Full Space torna estas experi\u00eancias abrangentes e incrivelmente reais.<\/p><h2>A experi\u00eancia do utilizador no VisionOS<\/h2><p>Enquanto utilizador do Apple Vision Pro, o VisionOS oferece uma interface intuitiva e de f\u00e1cil utiliza\u00e7\u00e3o. Foi concebido para garantir que, quer esteja a jogar, a utilizar aplica\u00e7\u00f5es de produtividade ou a explorar novos conte\u00fados educativos, a experi\u00eancia seja perfeita e envolvente.<\/p><h3>Interac\u00e7\u00f5es intuitivas<\/h3><p>A intera\u00e7\u00e3o com o VisionOS \u00e9 natural e intuitiva. Quer esteja a redimensionar janelas no seu espa\u00e7o partilhado, a explorar objectos 3D ou a navegar em ambientes imersivos, o VisionOS foi concebido para ser de f\u00e1cil utiliza\u00e7\u00e3o. N\u00e3o \u00e9 necess\u00e1rio ser um especialista em tecnologia para navegar e desfrutar das maravilhas da computa\u00e7\u00e3o espacial.<\/p><h3>Acessibilidade e inclus\u00e3o<\/h3><p>O VisionOS foi desenvolvido tendo em conta a acessibilidade. Garante que as maravilhas da computa\u00e7\u00e3o espacial est\u00e3o dispon\u00edveis para todos, independentemente das suas capacidades f\u00edsicas. Este compromisso com a inclus\u00e3o significa que mais pessoas podem desfrutar, interagir e beneficiar das experi\u00eancias imersivas que o VisionOS oferece.<\/p><h2>Preparado para o futuro<\/h2><p>\u00c0 medida que nos aproximamos desta nova era da tecnologia, o VisionOS \u00e9 o seu bilhete para um mundo onde as experi\u00eancias digitais j\u00e1 n\u00e3o est\u00e3o confinadas aos ecr\u00e3s. \u00c9 um momento emocionante para fazer parte desta revolu\u00e7\u00e3o tecnol\u00f3gica, e o Apple Vision Pro, alimentado pelo VisionOS, est\u00e1 na vanguarda.<\/p><h2>Conclus\u00e3o<\/h2><p>O VisionOS no Apple Vision Pro n\u00e3o \u00e9 apenas um avan\u00e7o na tecnologia; \u00e9 uma nova forma de experienciar o mundo \u00e0 nossa volta. Promete provocar uma mudan\u00e7a na forma como interagimos com o conte\u00fado digital, tornando-o mais envolvente, intuitivo e acess\u00edvel. \u00c0 medida que avan\u00e7amos, as possibilidades s\u00e3o infinitas, e mal podemos esperar para ver como o VisionOS continuar\u00e1 a evoluir e a revolucionar as nossas experi\u00eancias digitais.<\/p><p>Fique atento a mais actualiza\u00e7\u00f5es e informa\u00e7\u00f5es sobre o Apple Vision Pro e o VisionOS. O futuro est\u00e1 aqui, e \u00e9 mais emocionante do que nunca!<\/p><p>&#8212;<\/p><p>Quer seja um entusiasta da tecnologia, um jogador, um educador ou apenas um curioso sobre o futuro da tecnologia, o VisionOS \u00e9 algo que o entusiasma. Fique atento a este espa\u00e7o para obter mais informa\u00e7\u00f5es \u00e0 medida que continuamos a explorar as incr\u00edveis capacidades do Apple Vision Pro e do VisionOS.<\/p><p><a href=\"https:\/\/ioasis.eu\/pt\/blogue\/\"><span style=\"text-decoration: underline;\">Voltar<\/span><\/a><\/p>\t\t\t\t\t\t<\/div>\n\t\t\t\t<\/div>\n\t\t\t\t\t<\/div>\n\t\t\t\t<\/div>\n\t\t\t\t\t\t\t<\/div>","protected":false},"excerpt":{"rendered":"<p>Bem-vindo ao mundo do VisionOS, o sistema operativo inovador que alimenta o Apple Vision Pro. Como futuros propriet\u00e1rios ou entusiastas deste dispositivo inovador, est\u00e3o a entrar num reino onde os mundos digital e f\u00edsico se fundem perfeitamente.<\/p>","protected":false},"author":1,"featured_media":724,"parent":415,"menu_order":0,"comment_status":"closed","ping_status":"closed","template":"","meta":{"footnotes":""},"class_list":["post-715","page","type-page","status-publish","has-post-thumbnail","hentry"],"jetpack_sharing_enabled":true,"_links":{"self":[{"href":"https:\/\/ioasis.eu\/pt\/wp-json\/wp\/v2\/pages\/715","targetHints":{"allow":["GET"]}}],"collection":[{"href":"https:\/\/ioasis.eu\/pt\/wp-json\/wp\/v2\/pages"}],"about":[{"href":"https:\/\/ioasis.eu\/pt\/wp-json\/wp\/v2\/types\/page"}],"author":[{"embeddable":true,"href":"https:\/\/ioasis.eu\/pt\/wp-json\/wp\/v2\/users\/1"}],"replies":[{"embeddable":true,"href":"https:\/\/ioasis.eu\/pt\/wp-json\/wp\/v2\/comments?post=715"}],"version-history":[{"count":13,"href":"https:\/\/ioasis.eu\/pt\/wp-json\/wp\/v2\/pages\/715\/revisions"}],"predecessor-version":[{"id":734,"href":"https:\/\/ioasis.eu\/pt\/wp-json\/wp\/v2\/pages\/715\/revisions\/734"}],"up":[{"embeddable":true,"href":"https:\/\/ioasis.eu\/pt\/wp-json\/wp\/v2\/pages\/415"}],"wp:featuredmedia":[{"embeddable":true,"href":"https:\/\/ioasis.eu\/pt\/wp-json\/wp\/v2\/media\/724"}],"wp:attachment":[{"href":"https:\/\/ioasis.eu\/pt\/wp-json\/wp\/v2\/media?parent=715"}],"curies":[{"name":"wp","href":"https:\/\/api.w.org\/{rel}","templated":true}]}}