{"id":735,"date":"2024-01-22T14:09:22","date_gmt":"2024-01-22T13:09:22","guid":{"rendered":"https:\/\/ioasis.eu\/?page_id=735"},"modified":"2024-01-22T14:13:24","modified_gmt":"2024-01-22T13:13:24","slug":"apps-available-at-launch-on-apple-vision-pro","status":"publish","type":"page","link":"https:\/\/ioasis.eu\/pt\/blogue\/aplicacoes-disponiveis-no-lancamento-no-apple-vision-pro\/","title":{"rendered":"Aplica\u00e7\u00f5es dispon\u00edveis no lan\u00e7amento do Apple Vision Pro"},"content":{"rendered":"<div data-elementor-type=\"wp-page\" data-elementor-id=\"735\" class=\"elementor elementor-735\">\n\t\t\t\t\t\t\t<div class=\"elementor-element elementor-element-6985dd02 e-con-boxed e-flex e-con\" data-id=\"6985dd02\" data-element_type=\"container\" data-settings=\"{&quot;content_width&quot;:&quot;boxed&quot;}\">\n\t\t\t\t\t<div class=\"e-con-inner\">\n\t\t\t\t<div class=\"elementor-element elementor-element-7a8b5baa elementor-widget elementor-widget-heading\" data-id=\"7a8b5baa\" data-element_type=\"widget\" data-widget_type=\"heading.default\">\n\t\t\t\t<div class=\"elementor-widget-container\">\n\t\t\t<style>\/*! elementor - v3.13.3 - 28-05-2023 *\/\n.elementor-heading-title{padding:0;margin:0;line-height:1}.elementor-widget-heading .elementor-heading-title[class*=elementor-size-]>a{color:inherit;font-size:inherit;line-height:inherit}.elementor-widget-heading .elementor-heading-title.elementor-size-small{font-size:15px}.elementor-widget-heading .elementor-heading-title.elementor-size-medium{font-size:19px}.elementor-widget-heading .elementor-heading-title.elementor-size-large{font-size:29px}.elementor-widget-heading .elementor-heading-title.elementor-size-xl{font-size:39px}.elementor-widget-heading .elementor-heading-title.elementor-size-xxl{font-size:59px}<\/style><h1 class=\"elementor-heading-title elementor-size-default\">\nAplica\u00e7\u00f5es dispon\u00edveis no lan\u00e7amento do Apple Vision Pro<\/h1>\t\t<\/div>\n\t\t\t\t<\/div>\n\t\t\t\t<div class=\"elementor-element elementor-element-3def60d8 elementor-skin-carousel elementor-arrows-yes elementor-pagination-type-bullets elementor-pagination-position-outside elementor-widget elementor-widget-media-carousel\" data-id=\"3def60d8\" data-element_type=\"widget\" data-settings=\"{&quot;skin&quot;:&quot;carousel&quot;,&quot;effect&quot;:&quot;slide&quot;,&quot;show_arrows&quot;:&quot;yes&quot;,&quot;pagination&quot;:&quot;bullets&quot;,&quot;speed&quot;:500,&quot;autoplay&quot;:&quot;yes&quot;,&quot;autoplay_speed&quot;:5000,&quot;loop&quot;:&quot;yes&quot;,&quot;pause_on_hover&quot;:&quot;yes&quot;,&quot;pause_on_interaction&quot;:&quot;yes&quot;,&quot;space_between&quot;:{&quot;unit&quot;:&quot;px&quot;,&quot;size&quot;:10,&quot;sizes&quot;:[]},&quot;space_between_tablet&quot;:{&quot;unit&quot;:&quot;px&quot;,&quot;size&quot;:10,&quot;sizes&quot;:[]},&quot;space_between_mobile&quot;:{&quot;unit&quot;:&quot;px&quot;,&quot;size&quot;:10,&quot;sizes&quot;:[]}}\" data-widget_type=\"media-carousel.default\">\n\t\t\t\t<div class=\"elementor-widget-container\">\n\t\t\t<link rel=\"stylesheet\" href=\"https:\/\/ioasis.eu\/wp-content\/plugins\/elementor-pro\/assets\/css\/widget-carousel.min.css\">\t\t<div class=\"elementor-swiper\">\n\t\t\t<div class=\"elementor-main-swiper swiper\">\n\t\t\t\t<div class=\"swiper-wrapper\">\n\t\t\t\t\t\t\t\t\t\t\t<div class=\"swiper-slide\">\n\t\t\t\t\t\t\t\t\t<div class=\"elementor-carousel-image\" role=\"img\" aria-label=\"Apple-Vision-Pro-Europe-entertainment-App-Store-Environments-Mount-Hood_big.jpg.large_2x\" style=\"background-image: url(&#039;https:\/\/ioasis.eu\/wp-content\/uploads\/2024\/01\/Apple-Vision-Pro-Europe-entertainment-App-Store-Environments-Mount-Hood_big.jpg.large_2x.jpg&#039;)\">\n\n\t\t\t\n\t\t\t\t\t<\/div>\n\t\t\t\t\t\t\t\t<\/div>\n\t\t\t\t\t\t\t\t\t\t\t<div class=\"swiper-slide\">\n\t\t\t\t\t\t\t\t\t<div class=\"elementor-carousel-image\" role=\"img\" aria-label=\"Apple-Vision-Pro-Europe-entertainment-Apple-Immersive-Video-Adventure_big.jpg.large_2x\" style=\"background-image: url(&#039;https:\/\/ioasis.eu\/wp-content\/uploads\/2024\/01\/Apple-Vision-Pro-Europe-entertainment-Apple-Immersive-Video-Adventure_big.jpg.large_2x.jpg&#039;)\">\n\n\t\t\t\n\t\t\t\t\t<\/div>\n\t\t\t\t\t\t\t\t<\/div>\n\t\t\t\t\t\t\t\t\t\t\t<div class=\"swiper-slide\">\n\t\t\t\t\t\t\t\t\t<div class=\"elementor-carousel-image\" role=\"img\" aria-label=\"Apple-Vision-Pro-Europe-entertainment-3D-movies-Dune_big.jpg.large_2x\" style=\"background-image: url(&#039;https:\/\/ioasis.eu\/wp-content\/uploads\/2024\/01\/Apple-Vision-Pro-Europe-entertainment-3D-movies-Dune_big.jpg.large_2x.jpg&#039;)\">\n\n\t\t\t\n\t\t\t\t\t<\/div>\n\t\t\t\t\t\t\t\t<\/div>\n\t\t\t\t\t\t\t\t\t\t\t<div class=\"swiper-slide\">\n\t\t\t\t\t\t\t\t\t<div class=\"elementor-carousel-image\" role=\"img\" aria-label=\"Apple-Vision-Pro-Europe-entertainment-Disney-Plus_big.jpg.large_2x\" style=\"background-image: url(&#039;https:\/\/ioasis.eu\/wp-content\/uploads\/2024\/01\/Apple-Vision-Pro-Europe-entertainment-Disney-Plus_big.jpg.large_2x.jpg&#039;)\">\n\n\t\t\t\n\t\t\t\t\t<\/div>\n\t\t\t\t\t\t\t\t<\/div>\n\t\t\t\t\t\t\t\t\t\t\t<div class=\"swiper-slide\">\n\t\t\t\t\t\t\t\t\t<div class=\"elementor-carousel-image\" role=\"img\" aria-label=\"Apple-Vision-Pro-Europe-entertainment-Apple-TV-Plus-The-Morning-Show_big.jpg.large_2x\" style=\"background-image: url(&#039;https:\/\/ioasis.eu\/wp-content\/uploads\/2024\/01\/Apple-Vision-Pro-Europe-entertainment-Apple-TV-Plus-The-Morning-Show_big.jpg.large_2x.jpg&#039;)\">\n\n\t\t\t\n\t\t\t\t\t<\/div>\n\t\t\t\t\t\t\t\t<\/div>\n\t\t\t\t\t\t\t\t\t\t\t<div class=\"swiper-slide\">\n\t\t\t\t\t\t\t\t\t<div class=\"elementor-carousel-image\" role=\"img\" aria-label=\"Apple-Vision-Pro-Europe-entertainment-MLS-Season-Pass_big.jpg.large_2x\" style=\"background-image: url(&#039;https:\/\/ioasis.eu\/wp-content\/uploads\/2024\/01\/Apple-Vision-Pro-Europe-entertainment-MLS-Season-Pass_big.jpg.large_2x.jpg&#039;)\">\n\n\t\t\t\n\t\t\t\t\t<\/div>\n\t\t\t\t\t\t\t\t<\/div>\n\t\t\t\t\t\t\t\t\t<\/div>\n\t\t\t\t\t\t\t\t\t\t\t\t\t\t\t<div class=\"swiper-pagination\"><\/div>\n\t\t\t\t\t\t\t\t\t\t\t\t\t\t\t\t<div class=\"elementor-swiper-button elementor-swiper-button-prev\" role=\"button\" tabindex=\"0\">\n\t\t\t\t\t\t\t<i aria-hidden=\"true\" class=\"eicon-chevron-left\"><\/i>\t\t\t\t\t\t\t<span class=\"elementor-screen-only\">Anterior<\/span>\n\t\t\t\t\t\t<\/div>\n\t\t\t\t\t\t<div class=\"elementor-swiper-button elementor-swiper-button-next\" role=\"button\" tabindex=\"0\">\n\t\t\t\t\t\t\t<i aria-hidden=\"true\" class=\"eicon-chevron-right\"><\/i>\t\t\t\t\t\t\t<span class=\"elementor-screen-only\">Seguinte<\/span>\n\t\t\t\t\t\t<\/div>\n\t\t\t\t\t\t\t\t\t\t\t\t<\/div>\n\t\t<\/div>\n\t\t\t\t<\/div>\n\t\t\t\t<\/div>\n\t\t\t\t\t<\/div>\n\t\t\t\t<\/div>\n\t\t<div class=\"elementor-element elementor-element-79660a15 e-con-boxed e-flex e-con\" data-id=\"79660a15\" data-element_type=\"container\" data-settings=\"{&quot;content_width&quot;:&quot;boxed&quot;}\">\n\t\t\t\t\t<div class=\"e-con-inner\">\n\t\t\t\t<div class=\"elementor-element elementor-element-13c8bc7d elementor-widget elementor-widget-text-editor\" data-id=\"13c8bc7d\" data-element_type=\"widget\" data-widget_type=\"text-editor.default\">\n\t\t\t\t<div class=\"elementor-widget-container\">\n\t\t\t<style>\/*! elementor - v3.13.3 - 28-05-2023 *\/\n.elementor-widget-text-editor.elementor-drop-cap-view-stacked .elementor-drop-cap{background-color:#69727d;color:#fff}.elementor-widget-text-editor.elementor-drop-cap-view-framed .elementor-drop-cap{color:#69727d;border:3px solid;background-color:transparent}.elementor-widget-text-editor:not(.elementor-drop-cap-view-default) .elementor-drop-cap{margin-top:8px}.elementor-widget-text-editor:not(.elementor-drop-cap-view-default) .elementor-drop-cap-letter{width:1em;height:1em}.elementor-widget-text-editor .elementor-drop-cap{float:left;text-align:center;line-height:1;font-size:50px}.elementor-widget-text-editor .elementor-drop-cap-letter{display:inline-block}<\/style>\t\t\t\t<p>\u00c0 medida que entramos na era do Apple Vision Pro, abre-se um novo horizonte de aplica\u00e7\u00f5es e experi\u00eancias de entretenimento. Este revolucion\u00e1rio auricular de realidade mista, equipado com o VisionOS, est\u00e1 pronto a transformar a nossa intera\u00e7\u00e3o com o mundo digital. Nesta publica\u00e7\u00e3o do blogue, vamos explorar a gama diversificada de aplica\u00e7\u00f5es e experi\u00eancias que estar\u00e3o dispon\u00edveis no lan\u00e7amento do Apple Vision Pro.<\/p><h2>Experi\u00eancias de entretenimento imersivo<\/h2><h3>Apple V\u00eddeo imersivo<\/h3><p>O Apple Vision Pro apresenta um novo formato de entretenimento chamado Apple Immersive Video. Este formato apresenta grava\u00e7\u00f5es 3D 8K de 180 graus com \u00e1udio espacial, transportando os espectadores para o cora\u00e7\u00e3o de hist\u00f3rias e experi\u00eancias. No lan\u00e7amento, os utilizadores podem desfrutar de uma sele\u00e7\u00e3o de filmes e s\u00e9ries imersivos na aplica\u00e7\u00e3o Apple TV, tais como Alicia Keys: Rehearsal Room, Adventure, Wild Life e Prehistoric Planet Immersive.<\/p><h3>Disney+ em 3D<\/h3><p>O Disney+ oferecer\u00e1 todo o seu cat\u00e1logo em 3D impressionante no Apple Vision Pro. Os utilizadores podem mergulhar em ambientes inspirados na Disney, incluindo o Disney+ Theater, o Scare Floor do filme Monsters Inc. da Pixar, a Torre dos Vingadores da Marvel e o cockpit do speedster de Luke Skywalker da Guerra das Estrelas. Estes ambientes ter\u00e3o anima\u00e7\u00f5es, sons e ovos de P\u00e1scoa para melhorar a experi\u00eancia de visionamento.<\/p><h3>Encontrar os dinossauros<\/h3><p>O Apple Vision Pro ser\u00e1 fornecido com a aplica\u00e7\u00e3o Encounter Dinosaurs, que permite aos utilizadores interagir com dinossauros gigantes e tridimensionais. Esta aplica\u00e7\u00e3o, inspirada no filme Prehistoric Planet de Jon Favreau, d\u00e1 vida a estas criaturas antigas no espa\u00e7o do utilizador.<\/p><h2>Filmes 3D e experi\u00eancias teatrais<\/h2><p>Os utilizadores do Apple Vision Pro ter\u00e3o acesso a mais de 150 filmes 3D dos principais est\u00fadios, incluindo \u00eaxitos recentes como Avatar: A Forma da \u00c1gua, Duna e Homem-Aranha: No Verso da Aranha. Estes filmes estar\u00e3o dispon\u00edveis para aluguer ou compra a partir da aplica\u00e7\u00e3o Apple TV, e os utilizadores podem v\u00ea-los com uma profundidade e nitidez not\u00e1veis utilizando Dolby Vision e Multiview High Efficiency Coding (MV-HEVC).<\/p><h2>Apple Arcade e App Store<\/h2><p>A nov\u00edssima App Store no Apple Vision Pro contar\u00e1 com mais de 1 milh\u00e3o de aplica\u00e7\u00f5es e mais de 250 jogos no Apple Arcade, oferecendo uma vasta gama de entretenimento interativo e experi\u00eancias espaciais criadas para o VisionOS. Os utilizadores podem esperar um mundo de entretenimento adaptado \u00e0s capacidades de computa\u00e7\u00e3o espacial do Apple Vision Pro.<\/p><h2>Conclus\u00e3o<\/h2><p>O lan\u00e7amento do Apple Vision Pro n\u00e3o \u00e9 apenas um marco na inova\u00e7\u00e3o do hardware; \u00e9 um salto para um futuro em que o entretenimento e as aplica\u00e7\u00f5es s\u00e3o mais imersivos, interactivos e realistas do que nunca. Desde filmes que o rodeiam a dinossauros que vagueiam pela sua sala de estar, o Apple Vision Pro est\u00e1 preparado para redefinir a nossa experi\u00eancia de entretenimento. \u00c0 medida que nos aproximamos da data de lan\u00e7amento, o entusiasmo \u00e9 palp\u00e1vel e as possibilidades parecem infinitas.<\/p><p>Fique atento a mais actualiza\u00e7\u00f5es sobre o Apple Vision Pro e o excitante mundo de aplica\u00e7\u00f5es e experi\u00eancias que ele traz. O futuro do entretenimento imersivo est\u00e1 mesmo ao virar da esquina e \u00e9 mais brilhante do que nunca!<\/p><p>&#8212;<\/p><p>Para mais informa\u00e7\u00f5es sobre as aplica\u00e7\u00f5es e experi\u00eancias de lan\u00e7amento no Apple Vision Pro, visite o s\u00edtio Web do Apple ou siga as not\u00edcias tecnol\u00f3gicas para obter as \u00faltimas actualiza\u00e7\u00f5es e an\u00e1lises.<\/p><p>\u00a0<\/p><p><a href=\"https:\/\/ioasis.eu\/pt\/blogue\/\"><span style=\"text-decoration: underline;\">Voltar<\/span><\/a><\/p>\t\t\t\t\t\t<\/div>\n\t\t\t\t<\/div>\n\t\t\t\t\t<\/div>\n\t\t\t\t<\/div>\n\t\t\t\t\t\t\t<\/div>","protected":false},"excerpt":{"rendered":"<p>\u00c0 medida que entramos na era do Apple Vision Pro, est\u00e1 a surgir um novo horizonte de aplica\u00e7\u00f5es e experi\u00eancias de entretenimento. Nesta publica\u00e7\u00e3o do blogue, vamos explorar a gama diversificada de aplica\u00e7\u00f5es e experi\u00eancias que estar\u00e3o dispon\u00edveis no lan\u00e7amento do Apple Vision Pro.<\/p>","protected":false},"author":1,"featured_media":737,"parent":415,"menu_order":0,"comment_status":"closed","ping_status":"closed","template":"","meta":{"footnotes":""},"class_list":["post-735","page","type-page","status-publish","has-post-thumbnail","hentry"],"jetpack_sharing_enabled":true,"_links":{"self":[{"href":"https:\/\/ioasis.eu\/pt\/wp-json\/wp\/v2\/pages\/735","targetHints":{"allow":["GET"]}}],"collection":[{"href":"https:\/\/ioasis.eu\/pt\/wp-json\/wp\/v2\/pages"}],"about":[{"href":"https:\/\/ioasis.eu\/pt\/wp-json\/wp\/v2\/types\/page"}],"author":[{"embeddable":true,"href":"https:\/\/ioasis.eu\/pt\/wp-json\/wp\/v2\/users\/1"}],"replies":[{"embeddable":true,"href":"https:\/\/ioasis.eu\/pt\/wp-json\/wp\/v2\/comments?post=735"}],"version-history":[{"count":4,"href":"https:\/\/ioasis.eu\/pt\/wp-json\/wp\/v2\/pages\/735\/revisions"}],"predecessor-version":[{"id":745,"href":"https:\/\/ioasis.eu\/pt\/wp-json\/wp\/v2\/pages\/735\/revisions\/745"}],"up":[{"embeddable":true,"href":"https:\/\/ioasis.eu\/pt\/wp-json\/wp\/v2\/pages\/415"}],"wp:featuredmedia":[{"embeddable":true,"href":"https:\/\/ioasis.eu\/pt\/wp-json\/wp\/v2\/media\/737"}],"wp:attachment":[{"href":"https:\/\/ioasis.eu\/pt\/wp-json\/wp\/v2\/media?parent=735"}],"curies":[{"name":"wp","href":"https:\/\/api.w.org\/{rel}","templated":true}]}}