{"id":47,"date":"2023-06-09T13:57:59","date_gmt":"2023-06-09T11:57:59","guid":{"rendered":"http:\/\/ioasis.eu\/?post_type=product&#038;p=47"},"modified":"2024-03-25T09:48:36","modified_gmt":"2024-03-25T08:48:36","slug":"apple-vision-pro","status":"publish","type":"product","link":"https:\/\/ioasis.eu\/pt\/produto\/apple-vision-pro\/","title":{"rendered":"Apple Vision Pro"},"content":{"rendered":"<h4><strong>Vis\u00e3o geral<\/strong><\/h4>\n<p>Bem-vindo \u00e0 era da computa\u00e7\u00e3o espacial com o Apple Vision Pro. Este dispositivo revolucion\u00e1rio combina na perfei\u00e7\u00e3o o conte\u00fado digital com o seu espa\u00e7o f\u00edsico, permitindo-lhe navegar simplesmente com os olhos, as m\u00e3os e a voz. O Apple Vision Pro transforma a forma como utiliza as aplica\u00e7\u00f5es que adora, tornando o espa\u00e7o de trabalho dos seus sonhos uma realidade - tudo isto enquanto se mant\u00e9m presente no mundo \u00e0 sua volta. \u00c9 uma experi\u00eancia sem precedentes que tem de ver para crer.<\/p>\n<h3><\/h3>\n<p>&nbsp;<\/p>\n<h4><strong>Destaques<\/strong><\/h4>\n<p><strong>Computa\u00e7\u00e3o espacial<\/strong>: O Apple Vision Pro introduz uma nova era de computa\u00e7\u00e3o espacial, em que o conte\u00fado digital se funde com o seu espa\u00e7o f\u00edsico. Pode navegar utilizando os olhos, as m\u00e3os e a voz, permitindo-lhe fazer coisas de que gosta de formas nunca antes poss\u00edveis.<\/p>\n<p><strong>Aplica\u00e7\u00f5es:<\/strong> As suas aplica\u00e7\u00f5es vivem no seu espa\u00e7o. Com o Vision Pro, tem uma tela infinita que transforma a forma como utiliza as suas aplica\u00e7\u00f5es favoritas. Pode organizar as aplica\u00e7\u00f5es em qualquer lugar e dimension\u00e1-las para o tamanho perfeito, criando o seu espa\u00e7o de trabalho de sonho enquanto se mant\u00e9m presente no mundo \u00e0 sua volta.<\/p>\n<p><strong>Entretenimento:<\/strong> O Vision Pro pode transformar qualquer sala no seu cinema pessoal. Expanda os seus filmes, programas e jogos at\u00e9 ao tamanho perfeito e sinta que faz parte da a\u00e7\u00e3o com o Spatial Audio. E com mais p\u00edxeis do que uma TV 4K para cada olho, pode desfrutar de conte\u00fados fant\u00e1sticos onde quer que esteja.<\/p>\n<p><strong>Fotos e v\u00eddeos:<\/strong> O Vision Pro \u00e9 a primeira c\u00e2mara 3D do Apple. Pode captar fotografias espaciais m\u00e1gicas e v\u00eddeos espaciais em 3D, e depois reviver esses momentos queridos como nunca antes com o \u00e1udio espacial envolvente. A sua biblioteca existente de fotografias e v\u00eddeos fica incr\u00edvel a uma escala extraordin\u00e1ria.<\/p>\n<p><strong>Liga\u00e7\u00e3o:<\/strong> O Vision Pro facilita a colabora\u00e7\u00e3o e a liga\u00e7\u00e3o onde quer que esteja. Os mosaicos de v\u00eddeo FaceTime s\u00e3o de tamanho real e, \u00e0 medida que novas pessoas se juntam, a chamada expande-se simplesmente na sua sala. No FaceTime, tamb\u00e9m pode utilizar aplica\u00e7\u00f5es para colaborar com colegas nos mesmos documentos em simult\u00e2neo.<\/p>\n<p><strong>Conce\u00e7\u00e3o:<\/strong> O Apple Vision Pro \u00e9 o resultado de d\u00e9cadas de experi\u00eancia na conce\u00e7\u00e3o de dispositivos de alto desempenho, m\u00f3veis e port\u00e1teis. Integra uma tecnologia incrivelmente avan\u00e7ada numa forma elegante e compacta, resultando numa experi\u00eancia fant\u00e1stica sempre que o coloca.<\/p>\n<p><strong>VisionOS:<\/strong> Constru\u00eddo sobre a base do macOS, iOS e iPadOS, o visionOS permite experi\u00eancias espaciais poderosas. Controle o Vision Pro com os seus olhos, m\u00e3os e voz - as interac\u00e7\u00f5es s\u00e3o intuitivas e m\u00e1gicas.<\/p>\n<p><strong>Tecnologia:<\/strong> As experi\u00eancias espaciais em Vision Pro s\u00f3 s\u00e3o poss\u00edveis atrav\u00e9s da inovadora tecnologia Apple. Ecr\u00e3s do tamanho de um selo postal fornecem mais pix\u00e9is do que uma TV 4K a cada olho. Avan\u00e7os incr\u00edveis em \u00e1udio espacial. Um design revolucion\u00e1rio de chip duplo com sil\u00edcio Apple personalizado. Um conjunto sofisticado de c\u00e2maras e sensores.<\/p>\n<p><strong>Privacidade e seguran\u00e7a:<\/strong> Tal como todos os produtos e servi\u00e7os Apple, o Vision Pro foi concebido para ajudar a proteger a sua privacidade e mant\u00ea-lo no controlo dos seus dados. Ele se baseia nos recursos existentes de privacidade e seguran\u00e7a do Apple com novas tecnologias, como o Optic ID, um sistema de autentica\u00e7\u00e3o seguro que usa a exclusividade da sua \u00edris.<\/p>","protected":false},"excerpt":{"rendered":"<p>O Apple Vision Pro \u00e9 um dispositivo de computa\u00e7\u00e3o espacial revolucion\u00e1rio que combina na perfei\u00e7\u00e3o o conte\u00fado digital com o seu espa\u00e7o f\u00edsico. Oferece uma experi\u00eancia de entretenimento envolvente, uma c\u00e2mara 3D para fotografias e v\u00eddeos espaciais e facilita liga\u00e7\u00f5es significativas atrav\u00e9s de mosaicos de v\u00eddeo FaceTime em tamanho real. O seu design integra tecnologia avan\u00e7ada num formato compacto e \u00e9 alimentado por um design exclusivo de dois chips para gr\u00e1ficos impressionantes e visualiza\u00e7\u00f5es em tempo real.<\/p>","protected":false},"featured_media":221,"template":"","meta":[],"product_cat":[31],"product_tag":[18,27,25,29,17,26,28,19],"class_list":["post-47","product","type-product","status-publish","has-post-thumbnail","hentry","product_cat-apple-vision-pro","product_tag-apple","product_tag-apple-ar","product_tag-apple-headset","product_tag-apple-vision","product_tag-apple-vision-pro","product_tag-apple-vr","product_tag-vision","product_tag-vision-pro"],"jetpack_sharing_enabled":true,"_links":{"self":[{"href":"https:\/\/ioasis.eu\/pt\/wp-json\/wp\/v2\/product\/47","targetHints":{"allow":["GET"]}}],"collection":[{"href":"https:\/\/ioasis.eu\/pt\/wp-json\/wp\/v2\/product"}],"about":[{"href":"https:\/\/ioasis.eu\/pt\/wp-json\/wp\/v2\/types\/product"}],"wp:featuredmedia":[{"embeddable":true,"href":"https:\/\/ioasis.eu\/pt\/wp-json\/wp\/v2\/media\/221"}],"wp:attachment":[{"href":"https:\/\/ioasis.eu\/pt\/wp-json\/wp\/v2\/media?parent=47"}],"wp:term":[{"taxonomy":"product_cat","embeddable":true,"href":"https:\/\/ioasis.eu\/pt\/wp-json\/wp\/v2\/product_cat?post=47"},{"taxonomy":"product_tag","embeddable":true,"href":"https:\/\/ioasis.eu\/pt\/wp-json\/wp\/v2\/product_tag?post=47"}],"curies":[{"name":"wp","href":"https:\/\/api.w.org\/{rel}","templated":true}]}}