{"id":923,"date":"2024-02-03T01:20:32","date_gmt":"2024-02-03T00:20:32","guid":{"rendered":"https:\/\/ioasis.eu\/?post_type=product&#038;p=923"},"modified":"2024-02-03T01:20:33","modified_gmt":"2024-02-03T00:20:33","slug":"belkin-battery-holder-for-apple-vision-pro","status":"publish","type":"product","link":"https:\/\/ioasis.eu\/pt\/produto\/suporte-de-bateria-belkin-para-apple-vision-pro\/","title":{"rendered":"Suporte de bateria Belkin para Apple Vision Pro"},"content":{"rendered":"<p>Concebido para manter a sua Bateria Apple Vision Pro segura e protegida, o Suporte de Bateria permite uma experi\u00eancia de m\u00e3os livres conveniente e vers\u00e1til. O Battery Holder oferece uma maneira r\u00e1pida e f\u00e1cil de prender a bateria no cinto ou nas cal\u00e7as, enquanto a al\u00e7a transversal para o corpo oferece \u00e0queles que n\u00e3o t\u00eam acesso ao clipe uma \u00f3tima maneira de ficar com as m\u00e3os livres enquanto experimentam o Apple Vision Pro.<\/p>\n<p>&nbsp;<\/p>\n<h3 class=\"rc-pdsection-title\" data-autom=\"sectionTitle\">Destaques<\/h3>\n<div class=\"para-list\">\n<p>Al\u00e7a para transportar a tiracolo para op\u00e7\u00f5es de utiliza\u00e7\u00e3o vers\u00e1teis<\/p>\n<\/div>\n<div class=\"para-list as-pdp-lastparalist\">\n<p>Clipe para cabos para uma gest\u00e3o c\u00f3moda dos cabos<\/p>\n<\/div>\n<p>&nbsp;<\/p>\n<div class=\"rc-pdsection-sidepanel column large-3 small-12\">\n<h3 class=\"rc-pdsection-title\" data-autom=\"sectionTitle\">O que est\u00e1 na caixa<\/h3>\n<\/div>\n<div class=\"rc-pdsection-mainpanel column large-9 small-12\">\n<div>\n<ul class=\"bulleted\">\n<li>Suporte de bateria para Apple Vision Pro<\/li>\n<li>Al\u00e7a para transportar a tiracolo<\/li>\n<li>Clipe de cabo<\/li>\n<li>Guia de instala\u00e7\u00e3o r\u00e1pida<\/li>\n<\/ul>\n<\/div>\n<\/div>","protected":false},"excerpt":{"rendered":"<p>Concebido para manter a sua Bateria Apple Vision Pro segura e protegida, o Suporte de Bateria permite uma experi\u00eancia de m\u00e3os livres conveniente e vers\u00e1til. O Battery Holder oferece uma maneira r\u00e1pida e f\u00e1cil de prender a bateria no cinto ou nas cal\u00e7as, enquanto a al\u00e7a transversal para o corpo oferece \u00e0queles que n\u00e3o t\u00eam acesso ao clipe uma \u00f3tima maneira de ficar com as m\u00e3os livres enquanto experimentam o Apple Vision Pro.<\/p>","protected":false},"featured_media":926,"template":"","meta":[],"product_cat":[43,31],"product_tag":[45,44],"class_list":["post-923","product","type-product","status-publish","has-post-thumbnail","hentry","product_cat-accessories","product_cat-apple-vision-pro","product_tag-battery-holder-for-apple-vision-pro","product_tag-belkin-battery-holder-for-apple-vision-pro"],"jetpack_sharing_enabled":true,"_links":{"self":[{"href":"https:\/\/ioasis.eu\/pt\/wp-json\/wp\/v2\/product\/923","targetHints":{"allow":["GET"]}}],"collection":[{"href":"https:\/\/ioasis.eu\/pt\/wp-json\/wp\/v2\/product"}],"about":[{"href":"https:\/\/ioasis.eu\/pt\/wp-json\/wp\/v2\/types\/product"}],"wp:featuredmedia":[{"embeddable":true,"href":"https:\/\/ioasis.eu\/pt\/wp-json\/wp\/v2\/media\/926"}],"wp:attachment":[{"href":"https:\/\/ioasis.eu\/pt\/wp-json\/wp\/v2\/media?parent=923"}],"wp:term":[{"taxonomy":"product_cat","embeddable":true,"href":"https:\/\/ioasis.eu\/pt\/wp-json\/wp\/v2\/product_cat?post=923"},{"taxonomy":"product_tag","embeddable":true,"href":"https:\/\/ioasis.eu\/pt\/wp-json\/wp\/v2\/product_tag?post=923"}],"curies":[{"name":"wp","href":"https:\/\/api.w.org\/{rel}","templated":true}]}}