{"id":927,"date":"2024-02-03T01:25:27","date_gmt":"2024-02-03T00:25:27","guid":{"rendered":"https:\/\/ioasis.eu\/?post_type=product&#038;p=927"},"modified":"2024-03-25T09:44:49","modified_gmt":"2024-03-25T08:44:49","slug":"apple-vision-pro-battery","status":"publish","type":"product","link":"https:\/\/ioasis.eu\/pt\/produto\/bateria-do-apple-vision-pro\/","title":{"rendered":"Bateria Apple Vision Pro"},"content":{"rendered":"<p>A bateria Apple Vision Pro de alto desempenho \u00e9 feita de alum\u00ednio liso e usinado e se conecta ao seu Apple Vision Pro usando um cabo USB-C tecido. Pode ser colocada no bolso para obter energia port\u00e1til e suporta at\u00e9 duas horas de uso geral, 2,5 horas de reprodu\u00e7\u00e3o de v\u00eddeo e uso durante todo o dia quando conectada.<\/p>\n<p>&nbsp;<\/p>\n<div class=\"rc-pdsection-sidepanel column large-3 small-12\">\n<h3 class=\"rc-pdsection-title\" data-autom=\"sectionTitle\">Destaques<\/h3>\n<\/div>\n<div class=\"rc-pdsection-mainpanel column large-9 small-12\">\n<div class=\"para-list\">\n<p>Porta USB-C para carregamento<\/p>\n<\/div>\n<div class=\"para-list as-pdp-lastparalist\">\n<p>Proporciona at\u00e9 duas horas de utiliza\u00e7\u00e3o geral<\/p>\n<div class=\"rc-pdsection-sidepanel column large-3 small-12\">\n<h3 class=\"rc-pdsection-title\" data-autom=\"sectionTitle\">O que est\u00e1 na caixa<\/h3>\n<\/div>\n<div class=\"rc-pdsection-mainpanel column large-9 small-12\">\n<div class=\"para-list as-pdp-lastparalist\">\n<p>Bateria Apple Vision Pro<\/p>\n<\/div>\n<\/div>\n<\/div>\n<\/div>","protected":false},"excerpt":{"rendered":"<p>A bateria Apple Vision Pro de alto desempenho \u00e9 feita de alum\u00ednio liso e usinado e se conecta ao seu Apple Vision Pro usando um cabo USB-C tecido. Pode ser colocada no bolso para obter energia port\u00e1til e suporta at\u00e9 duas horas de uso geral, 2,5 horas de reprodu\u00e7\u00e3o de v\u00eddeo e uso durante todo o dia quando conectada.<\/p>","protected":false},"featured_media":929,"template":"","meta":[],"product_cat":[43,31],"product_tag":[48,46,47,49],"class_list":["post-927","product","type-product","status-publish","has-post-thumbnail","hentry","product_cat-accessories","product_cat-apple-vision-pro","product_tag-apple-battery","product_tag-apple-vision-pro-battery","product_tag-battery","product_tag-vision-pro-battery"],"jetpack_sharing_enabled":true,"_links":{"self":[{"href":"https:\/\/ioasis.eu\/pt\/wp-json\/wp\/v2\/product\/927","targetHints":{"allow":["GET"]}}],"collection":[{"href":"https:\/\/ioasis.eu\/pt\/wp-json\/wp\/v2\/product"}],"about":[{"href":"https:\/\/ioasis.eu\/pt\/wp-json\/wp\/v2\/types\/product"}],"wp:featuredmedia":[{"embeddable":true,"href":"https:\/\/ioasis.eu\/pt\/wp-json\/wp\/v2\/media\/929"}],"wp:attachment":[{"href":"https:\/\/ioasis.eu\/pt\/wp-json\/wp\/v2\/media?parent=927"}],"wp:term":[{"taxonomy":"product_cat","embeddable":true,"href":"https:\/\/ioasis.eu\/pt\/wp-json\/wp\/v2\/product_cat?post=927"},{"taxonomy":"product_tag","embeddable":true,"href":"https:\/\/ioasis.eu\/pt\/wp-json\/wp\/v2\/product_tag?post=927"}],"curies":[{"name":"wp","href":"https:\/\/api.w.org\/{rel}","templated":true}]}}