{"id":938,"date":"2024-02-03T01:53:55","date_gmt":"2024-02-03T00:53:55","guid":{"rendered":"https:\/\/ioasis.eu\/?post_type=product&#038;p=938"},"modified":"2024-02-03T01:54:35","modified_gmt":"2024-02-03T00:54:35","slug":"apple-vision-pro-travel-case","status":"publish","type":"product","link":"https:\/\/ioasis.eu\/pt\/produto\/mala-de-viagem-apple-vision-pro\/","title":{"rendered":"Apple Vision Pro Mala de viagem"},"content":{"rendered":"<p>Concebida pela Apple para proteger o seu Apple Vision Pro quando est\u00e1 em viagem. O estojo de viagem do Apple Vision Pro tem uma pega retr\u00e1til e compartimentos especialmente concebidos para a bateria, os encaixes \u00f3pticos ZEISS, a tampa do Apple Vision Pro e acess\u00f3rios adicionais.<\/p>\n<p>&nbsp;<\/p>\n<div class=\"rc-pdsection-sidepanel column large-3 small-12\">\n<h3 class=\"rc-pdsection-title\" data-autom=\"sectionTitle\">Destaques<\/h3>\n<\/div>\n<div class=\"rc-pdsection-mainpanel column large-9 small-12\">\n<div class=\"para-list\">\n<p>Revestimento exterior Ripstop<\/p>\n<\/div>\n<div class=\"para-list\">\n<p>Estrutura de prote\u00e7\u00e3o em policarbonato<\/p>\n<\/div>\n<div class=\"para-list\">\n<p>Forro interior em microfibra<\/p>\n<\/div>\n<div class=\"para-list as-pdp-lastparalist\">\n<p>Pega retr\u00e1til<\/p>\n<\/div>\n<\/div>","protected":false},"excerpt":{"rendered":"<p>Concebida pela Apple para proteger o seu Apple Vision Pro quando est\u00e1 em viagem. O estojo de viagem do Apple Vision Pro tem uma pega retr\u00e1til e compartimentos especialmente concebidos para a bateria, os encaixes \u00f3pticos ZEISS, a tampa do Apple Vision Pro e acess\u00f3rios adicionais.<\/p>","protected":false},"featured_media":941,"template":"","meta":[],"product_cat":[43,31],"product_tag":[58,55,56,57],"class_list":["post-938","product","type-product","status-publish","has-post-thumbnail","hentry","product_cat-accessories","product_cat-apple-vision-pro","product_tag-apple-travel-case","product_tag-apple-vision-pro-travel-case","product_tag-travel-case","product_tag-vision-pro-travel-case"],"jetpack_sharing_enabled":true,"_links":{"self":[{"href":"https:\/\/ioasis.eu\/pt\/wp-json\/wp\/v2\/product\/938","targetHints":{"allow":["GET"]}}],"collection":[{"href":"https:\/\/ioasis.eu\/pt\/wp-json\/wp\/v2\/product"}],"about":[{"href":"https:\/\/ioasis.eu\/pt\/wp-json\/wp\/v2\/types\/product"}],"wp:featuredmedia":[{"embeddable":true,"href":"https:\/\/ioasis.eu\/pt\/wp-json\/wp\/v2\/media\/941"}],"wp:attachment":[{"href":"https:\/\/ioasis.eu\/pt\/wp-json\/wp\/v2\/media?parent=938"}],"wp:term":[{"taxonomy":"product_cat","embeddable":true,"href":"https:\/\/ioasis.eu\/pt\/wp-json\/wp\/v2\/product_cat?post=938"},{"taxonomy":"product_tag","embeddable":true,"href":"https:\/\/ioasis.eu\/pt\/wp-json\/wp\/v2\/product_tag?post=938"}],"curies":[{"name":"wp","href":"https:\/\/api.w.org\/{rel}","templated":true}]}}