{"id":942,"date":"2024-02-03T02:06:25","date_gmt":"2024-02-03T01:06:25","guid":{"rendered":"https:\/\/ioasis.eu\/?post_type=product&#038;p=942"},"modified":"2024-02-03T02:06:26","modified_gmt":"2024-02-03T01:06:26","slug":"apple-vision-pro-solo-knit-band","status":"publish","type":"product","link":"https:\/\/ioasis.eu\/pt\/produto\/apple-vision-pro-solo-knit-band\/","title":{"rendered":"Apple Vision Pro Solo Knit Banda"},"content":{"rendered":"<p>Concebida para o Apple Vision Pro, a banda Solo Knit \u00e9 tricotada em 3D como uma pe\u00e7a \u00fanica para criar uma estrutura de nervuras \u00fanica que proporciona amortecimento, respirabilidade e elasticidade. Possui um bot\u00e3o de ajuste f\u00e1cil de alcan\u00e7ar para permitir o ajuste do Apple Vision Pro \u00e0 sua cabe\u00e7a e permite micro-ajustes durante o uso. A banda Solo Knit liga-se \u00e0s correias de \u00e1udio atrav\u00e9s de um mecanismo simples e seguro, e as patilhas de liberta\u00e7\u00e3o permitem retir\u00e1-la quando necess\u00e1rio.<\/p>\n<p>&nbsp;<\/p>\n<div class=\"rc-pdsection-sidepanel column large-3 small-12\">\n<h3 class=\"rc-pdsection-title\" data-autom=\"sectionTitle\">O que est\u00e1 na caixa<\/h3>\n<\/div>\n<div class=\"rc-pdsection-mainpanel column large-9 small-12\">\n<div class=\"para-list as-pdp-lastparalist\">\n<p>Apple Vision Pro Solo Knit Banda<\/p>\n<\/div>\n<\/div>","protected":false},"excerpt":{"rendered":"<p>Concebida para o Apple Vision Pro, a faixa Solo Knit \u00e9 tricotada em 3D como uma pe\u00e7a \u00fanica para criar uma estrutura de nervuras \u00fanica que proporciona amortecimento, respirabilidade e elasticidade.<\/p>","protected":false},"featured_media":945,"template":"","meta":[],"product_cat":[43,31],"product_tag":[59,62,63,61,60],"class_list":["post-942","product","type-product","status-publish","has-post-thumbnail","hentry","product_cat-accessories","product_cat-apple-vision-pro","product_tag-apple-vision-pro-solo-knit-band","product_tag-band","product_tag-headband","product_tag-knit-band","product_tag-solo-knit-band"],"jetpack_sharing_enabled":true,"_links":{"self":[{"href":"https:\/\/ioasis.eu\/pt\/wp-json\/wp\/v2\/product\/942","targetHints":{"allow":["GET"]}}],"collection":[{"href":"https:\/\/ioasis.eu\/pt\/wp-json\/wp\/v2\/product"}],"about":[{"href":"https:\/\/ioasis.eu\/pt\/wp-json\/wp\/v2\/types\/product"}],"wp:featuredmedia":[{"embeddable":true,"href":"https:\/\/ioasis.eu\/pt\/wp-json\/wp\/v2\/media\/945"}],"wp:attachment":[{"href":"https:\/\/ioasis.eu\/pt\/wp-json\/wp\/v2\/media?parent=942"}],"wp:term":[{"taxonomy":"product_cat","embeddable":true,"href":"https:\/\/ioasis.eu\/pt\/wp-json\/wp\/v2\/product_cat?post=942"},{"taxonomy":"product_tag","embeddable":true,"href":"https:\/\/ioasis.eu\/pt\/wp-json\/wp\/v2\/product_tag?post=942"}],"curies":[{"name":"wp","href":"https:\/\/api.w.org\/{rel}","templated":true}]}}