{"id":949,"date":"2024-02-03T02:16:56","date_gmt":"2024-02-03T01:16:56","guid":{"rendered":"https:\/\/ioasis.eu\/?post_type=product&#038;p=949"},"modified":"2024-06-01T11:35:56","modified_gmt":"2024-06-01T09:35:56","slug":"apple-vision-pro-light-seal-cushion","status":"publish","type":"product","link":"https:\/\/ioasis.eu\/pt\/produto\/almofada-de-vedacao-apple-vision-pro-light\/","title":{"rendered":"Apple Vision Pro Almofada de veda\u00e7\u00e3o leve"},"content":{"rendered":"<p>A almofada da veda\u00e7\u00e3o de luz Apple Vision Pro prende-se magneticamente \u00e0 veda\u00e7\u00e3o de luz Apple Vision Pro e pode ser facilmente removida para limpeza.<\/p>\n<p>&nbsp;<\/p>\n<div class=\"rc-pdsection-sidepanel column large-3 small-12\">\n<h3 class=\"rc-pdsection-title\" data-autom=\"sectionTitle\">Destaques<\/h3>\n<\/div>\n<div class=\"rc-pdsection-mainpanel column large-9 small-12\">\n<div class=\"para-list\">\n<p>Fixa-se magneticamente<\/p>\n<\/div>\n<div class=\"para-list\">\n<p>Lav\u00e1vel \u00e0 m\u00e3o<\/p>\n<\/div>\n<div class=\"para-list as-pdp-lastparalist\">\n<p>Dispon\u00edvel em quatro tamanhos: N, N+, W, W+<\/p>\n<\/div>\n<\/div>","protected":false},"excerpt":{"rendered":"<p>A almofada da veda\u00e7\u00e3o de luz Apple Vision Pro prende-se magneticamente \u00e0 veda\u00e7\u00e3o de luz Apple Vision Pro e pode ser facilmente removida para limpeza.<\/p>","protected":false},"featured_media":952,"template":"","meta":[],"product_cat":[43,31],"product_tag":[64,66,65],"class_list":["post-949","product","type-product","status-publish","has-post-thumbnail","hentry","product_cat-accessories","product_cat-apple-vision-pro","product_tag-apple-vision-pro-light-seal-cushion","product_tag-cushion","product_tag-light-seal-cushion"],"jetpack_sharing_enabled":true,"_links":{"self":[{"href":"https:\/\/ioasis.eu\/pt\/wp-json\/wp\/v2\/product\/949","targetHints":{"allow":["GET"]}}],"collection":[{"href":"https:\/\/ioasis.eu\/pt\/wp-json\/wp\/v2\/product"}],"about":[{"href":"https:\/\/ioasis.eu\/pt\/wp-json\/wp\/v2\/types\/product"}],"wp:featuredmedia":[{"embeddable":true,"href":"https:\/\/ioasis.eu\/pt\/wp-json\/wp\/v2\/media\/952"}],"wp:attachment":[{"href":"https:\/\/ioasis.eu\/pt\/wp-json\/wp\/v2\/media?parent=949"}],"wp:term":[{"taxonomy":"product_cat","embeddable":true,"href":"https:\/\/ioasis.eu\/pt\/wp-json\/wp\/v2\/product_cat?post=949"},{"taxonomy":"product_tag","embeddable":true,"href":"https:\/\/ioasis.eu\/pt\/wp-json\/wp\/v2\/product_tag?post=949"}],"curies":[{"name":"wp","href":"https:\/\/api.w.org\/{rel}","templated":true}]}}