{"id":342,"date":"2023-06-10T18:25:04","date_gmt":"2023-06-10T16:25:04","guid":{"rendered":"http:\/\/ioasis.eu\/?page_id=342"},"modified":"2024-01-18T17:45:12","modified_gmt":"2024-01-18T16:45:12","slug":"privacy-policy","status":"publish","type":"page","link":"https:\/\/ioasis.eu\/sv\/integritetspolicy\/","title":{"rendered":"Integritetspolicy"},"content":{"rendered":"<div data-elementor-type=\"wp-page\" data-elementor-id=\"342\" class=\"elementor elementor-342\">\n\t\t\t\t\t\t\t<div class=\"elementor-element elementor-element-98f76c5 e-con-boxed e-flex e-con\" data-id=\"98f76c5\" data-element_type=\"container\" data-settings=\"{&quot;content_width&quot;:&quot;boxed&quot;}\">\n\t\t\t\t\t<div class=\"e-con-inner\">\n\t\t\t\t<div class=\"elementor-element elementor-element-17fc843 elementor-widget elementor-widget-heading\" data-id=\"17fc843\" data-element_type=\"widget\" data-widget_type=\"heading.default\">\n\t\t\t\t<div class=\"elementor-widget-container\">\n\t\t\t<style>\/*! elementor - v3.13.3 - 28-05-2023 *\/\n.elementor-heading-title{padding:0;margin:0;line-height:1}.elementor-widget-heading .elementor-heading-title[class*=elementor-size-]>a{color:inherit;font-size:inherit;line-height:inherit}.elementor-widget-heading .elementor-heading-title.elementor-size-small{font-size:15px}.elementor-widget-heading .elementor-heading-title.elementor-size-medium{font-size:19px}.elementor-widget-heading .elementor-heading-title.elementor-size-large{font-size:29px}.elementor-widget-heading .elementor-heading-title.elementor-size-xl{font-size:39px}.elementor-widget-heading .elementor-heading-title.elementor-size-xxl{font-size:59px}<\/style><h1 class=\"elementor-heading-title elementor-size-default\">Sekretesspolicy<\/h1>\t\t<\/div>\n\t\t\t\t<\/div>\n\t\t\t\t<div class=\"elementor-element elementor-element-7ed18c3 elementor-widget elementor-widget-text-editor\" data-id=\"7ed18c3\" data-element_type=\"widget\" data-widget_type=\"text-editor.default\">\n\t\t\t\t<div class=\"elementor-widget-container\">\n\t\t\t<style>\/*! elementor - v3.13.3 - 28-05-2023 *\/\n.elementor-widget-text-editor.elementor-drop-cap-view-stacked .elementor-drop-cap{background-color:#69727d;color:#fff}.elementor-widget-text-editor.elementor-drop-cap-view-framed .elementor-drop-cap{color:#69727d;border:3px solid;background-color:transparent}.elementor-widget-text-editor:not(.elementor-drop-cap-view-default) .elementor-drop-cap{margin-top:8px}.elementor-widget-text-editor:not(.elementor-drop-cap-view-default) .elementor-drop-cap-letter{width:1em;height:1em}.elementor-widget-text-editor .elementor-drop-cap{float:left;text-align:center;line-height:1;font-size:50px}.elementor-widget-text-editor .elementor-drop-cap-letter{display:inline-block}<\/style>\t\t\t\t<p><strong>Inledning<\/strong><\/p><p>iOasis (\"vi\", \"oss\", \"v\u00e5r\") respekterar din integritet och \u00e4r fast beslutna att skydda dina personuppgifter. Denna integritetspolicy informerar dig om hur vi hanterar dina personuppgifter, dina integritetsr\u00e4ttigheter och hur lagen skyddar dig.<\/p><p><strong>Vilka uppgifter vi samlar in<\/strong><\/p><p>Vi kan samla in, anv\u00e4nda, lagra och \u00f6verf\u00f6ra olika typer av personuppgifter om dig, inklusive:<\/p><ul><li>Identitetsuppgifter: Inkluderar f\u00f6rnamn, efternamn, anv\u00e4ndarnamn eller liknande identifierare.<\/li><li>Kontaktuppgifter: Inkluderar faktureringsadress, leveransadress, e-postadress och telefonnummer.<\/li><li>Finansiella uppgifter: Inkluderar bankkonto- och betalkortsuppgifter.<\/li><li>Transaktionsuppgifter: Inneh\u00e5ller uppgifter om betalningar till och fr\u00e5n dig och andra uppgifter om produkter som du har k\u00f6pt fr\u00e5n oss.<\/li><\/ul><p><strong>Hur vi anv\u00e4nder dina uppgifter<\/strong><\/p><p>Vi kommer endast att anv\u00e4nda dina personuppgifter n\u00e4r lagen till\u00e5ter oss att g\u00f6ra det. Vanligtvis kommer vi att anv\u00e4nda dina personuppgifter under f\u00f6ljande omst\u00e4ndigheter:<\/p><ul><li>F\u00f6r att behandla och leverera din best\u00e4llning.<\/li><li>F\u00f6r att hantera v\u00e5r relation med dig.<\/li><li>F\u00f6r att administrera och skydda v\u00e5r verksamhet och v\u00e5r webbplats.<\/li><\/ul><p><strong>Datas\u00e4kerhet<\/strong><\/p><p>Vi har vidtagit l\u00e4mpliga s\u00e4kerhets\u00e5tg\u00e4rder f\u00f6r att f\u00f6rhindra att dina personuppgifter oavsiktligt f\u00f6rloras, anv\u00e4nds eller n\u00e5s p\u00e5 ett obeh\u00f6rigt s\u00e4tt, \u00e4ndras eller avsl\u00f6jas.<\/p><p><strong>Lagring av uppgifter<\/strong><\/p><p>Vi kommer endast att lagra dina personuppgifter s\u00e5 l\u00e4nge som det \u00e4r n\u00f6dv\u00e4ndigt f\u00f6r att uppfylla de syften som vi samlade in dem f\u00f6r, inklusive f\u00f6r att uppfylla eventuella r\u00e4ttsliga krav, redovisningskrav eller rapporteringskrav.<\/p><p><strong>Dina juridiska r\u00e4ttigheter<\/strong><\/p><p>Under vissa omst\u00e4ndigheter har du r\u00e4ttigheter enligt dataskyddslagstiftningen i f\u00f6rh\u00e5llande till dina personuppgifter, inklusive r\u00e4tten att beg\u00e4ra tillg\u00e5ng till dina personuppgifter, beg\u00e4ra r\u00e4ttelse av dina personuppgifter, beg\u00e4ra radering av dina personuppgifter med mera.<\/p><p><strong>Kontakta oss<\/strong><\/p><p>Om du har n\u00e5gra fr\u00e5gor om denna sekretesspolicy eller v\u00e5ra sekretessrutiner, v\u00e4nligen kontakta oss p\u00e5 <a href=\"mailto:shop@ioasis.eu\">shop@ioasis.eu<\/a>.<\/p><p><strong>Friskrivningsklausul om icke-affiliation<\/strong><\/p><p>iOasis \u00e4r en oberoende detaljhandelsenhet och \u00e4r inte ansluten till, godk\u00e4nd av eller associerad med Apple Inc.<\/p><p>Alla Apple-produkter som s\u00e4ljs p\u00e5 v\u00e5r webbplats \u00e4r 100% original och \u00e4kta, f\u00f6rv\u00e4rvade genom lagliga kanaler.<\/p><p>Alla varum\u00e4rken, inklusive men inte begr\u00e4nsat till Apple:s varum\u00e4rken, tillh\u00f6r sina respektive \u00e4gare och anv\u00e4nds endast i identifieringssyfte.<\/p><p>V\u00e5r aff\u00e4rsverksamhet f\u00f6ljer lokala och regionala lagar och f\u00f6rordningar om f\u00f6rs\u00e4ljning av konsumentelektronik.<\/p><p>Det finns ingen anknytning, sponsring, rekommendation eller n\u00e5got underf\u00f6rst\u00e5tt partnerskap med Apple Inc.<\/p>\t\t\t\t\t\t<\/div>\n\t\t\t\t<\/div>\n\t\t\t\t\t<\/div>\n\t\t\t\t<\/div>\n\t\t\t\t\t\t\t<\/div>","protected":false},"excerpt":{"rendered":"<p>Integritetspolicy Inledning iOasis (\"vi\", \"oss\", \"v\u00e5r\") respekterar din integritet och \u00e5tar sig att skydda dina personuppgifter. Denna sekretesspolicy kommer att informera dig om hur vi hanterar dina personuppgifter, dina integritetsr\u00e4ttigheter och hur lagen skyddar dig. Vilka uppgifter vi samlar in Vi kan samla in, anv\u00e4nda, lagra och \u00f6verf\u00f6ra olika typer av personuppgifter [...]<\/p>","protected":false},"author":1,"featured_media":0,"parent":0,"menu_order":0,"comment_status":"closed","ping_status":"closed","template":"","meta":{"footnotes":""},"class_list":["post-342","page","type-page","status-publish","hentry"],"jetpack_sharing_enabled":true,"_links":{"self":[{"href":"https:\/\/ioasis.eu\/sv\/wp-json\/wp\/v2\/pages\/342","targetHints":{"allow":["GET"]}}],"collection":[{"href":"https:\/\/ioasis.eu\/sv\/wp-json\/wp\/v2\/pages"}],"about":[{"href":"https:\/\/ioasis.eu\/sv\/wp-json\/wp\/v2\/types\/page"}],"author":[{"embeddable":true,"href":"https:\/\/ioasis.eu\/sv\/wp-json\/wp\/v2\/users\/1"}],"replies":[{"embeddable":true,"href":"https:\/\/ioasis.eu\/sv\/wp-json\/wp\/v2\/comments?post=342"}],"version-history":[{"count":13,"href":"https:\/\/ioasis.eu\/sv\/wp-json\/wp\/v2\/pages\/342\/revisions"}],"predecessor-version":[{"id":540,"href":"https:\/\/ioasis.eu\/sv\/wp-json\/wp\/v2\/pages\/342\/revisions\/540"}],"wp:attachment":[{"href":"https:\/\/ioasis.eu\/sv\/wp-json\/wp\/v2\/media?parent=342"}],"curies":[{"name":"wp","href":"https:\/\/api.w.org\/{rel}","templated":true}]}}