{"id":415,"date":"2023-06-11T01:14:12","date_gmt":"2023-06-10T23:14:12","guid":{"rendered":"https:\/\/ioasis.eu\/?page_id=415"},"modified":"2024-01-22T14:19:17","modified_gmt":"2024-01-22T13:19:17","slug":"blog","status":"publish","type":"page","link":"https:\/\/ioasis.eu\/sv\/blogg\/","title":{"rendered":"Blogg"},"content":{"rendered":"<div data-elementor-type=\"wp-page\" data-elementor-id=\"415\" class=\"elementor elementor-415\">\n\t\t\t\t\t\t\t<div class=\"elementor-element elementor-element-c5f914f e-con-boxed e-flex e-con\" data-id=\"c5f914f\" data-element_type=\"container\" data-settings=\"{&quot;content_width&quot;:&quot;boxed&quot;}\">\n\t\t\t\t\t<div class=\"e-con-inner\">\n\t\t\t\t<div class=\"elementor-element elementor-element-a9c7d34 elementor-widget elementor-widget-heading\" data-id=\"a9c7d34\" data-element_type=\"widget\" data-widget_type=\"heading.default\">\n\t\t\t\t<div class=\"elementor-widget-container\">\n\t\t\t<style>\/*! elementor - v3.13.3 - 28-05-2023 *\/\n.elementor-heading-title{padding:0;margin:0;line-height:1}.elementor-widget-heading .elementor-heading-title[class*=elementor-size-]>a{color:inherit;font-size:inherit;line-height:inherit}.elementor-widget-heading .elementor-heading-title.elementor-size-small{font-size:15px}.elementor-widget-heading .elementor-heading-title.elementor-size-medium{font-size:19px}.elementor-widget-heading .elementor-heading-title.elementor-size-large{font-size:29px}.elementor-widget-heading .elementor-heading-title.elementor-size-xl{font-size:39px}.elementor-widget-heading .elementor-heading-title.elementor-size-xxl{font-size:59px}<\/style><h1 class=\"elementor-heading-title elementor-size-default\">Blogg<\/h1>\t\t<\/div>\n\t\t\t\t<\/div>\n\t\t\t\t\t<\/div>\n\t\t\t\t<\/div>\n\t\t<div class=\"elementor-element elementor-element-72e31ca e-con-boxed e-flex e-con\" data-id=\"72e31ca\" data-element_type=\"container\" data-settings=\"{&quot;content_width&quot;:&quot;boxed&quot;}\">\n\t\t\t\t\t<div class=\"e-con-inner\">\n\t\t\t\t<div class=\"elementor-element elementor-element-41219eb elementor-widget elementor-widget-heading\" data-id=\"41219eb\" data-element_type=\"widget\" data-widget_type=\"heading.default\">\n\t\t\t\t<div class=\"elementor-widget-container\">\n\t\t\t<h2 class=\"elementor-heading-title elementor-size-default\">Appar tillg\u00e4ngliga vid lansering p\u00e5 Apple Vision Pro<\/h2>\t\t<\/div>\n\t\t\t\t<\/div>\n\t\t\t\t<div class=\"elementor-element elementor-element-9c643ab elementor-widget elementor-widget-text-editor\" data-id=\"9c643ab\" data-element_type=\"widget\" data-widget_type=\"text-editor.default\">\n\t\t\t\t<div class=\"elementor-widget-container\">\n\t\t\t<style>\/*! elementor - v3.13.3 - 28-05-2023 *\/\n.elementor-widget-text-editor.elementor-drop-cap-view-stacked .elementor-drop-cap{background-color:#69727d;color:#fff}.elementor-widget-text-editor.elementor-drop-cap-view-framed .elementor-drop-cap{color:#69727d;border:3px solid;background-color:transparent}.elementor-widget-text-editor:not(.elementor-drop-cap-view-default) .elementor-drop-cap{margin-top:8px}.elementor-widget-text-editor:not(.elementor-drop-cap-view-default) .elementor-drop-cap-letter{width:1em;height:1em}.elementor-widget-text-editor .elementor-drop-cap{float:left;text-align:center;line-height:1;font-size:50px}.elementor-widget-text-editor .elementor-drop-cap-letter{display:inline-block}<\/style>\t\t\t\t<p>N\u00e4r vi nu kliver in i Apple Vision Pro-eran \u00f6ppnar sig en ny horisont av appar och underh\u00e5llningsupplevelser. Detta revolutionerande mixed reality-headset, som drivs av VisionOS, kommer att f\u00f6r\u00e4ndra v\u00e5r interaktion med den digitala v\u00e4rlden. I det h\u00e4r blogginl\u00e4gget ska vi utforska det stora utbudet av appar och upplevelser som kommer att finnas tillg\u00e4ngliga n\u00e4r Apple Vision Pro lanseras.<\/p><p><a href=\"https:\/\/ioasis.eu\/sv\/blogg\/appar-tillgangliga-vid-lansering-pa-apple-vision-pro\/\"><span style=\"text-decoration: underline;\">Forts\u00e4tt l\u00e4sa<\/span><\/a><\/p>\t\t\t\t\t\t<\/div>\n\t\t\t\t<\/div>\n\t\t\t\t\t<\/div>\n\t\t\t\t<\/div>\n\t\t<div class=\"elementor-element elementor-element-d25ce20 e-con-boxed e-flex e-con\" data-id=\"d25ce20\" data-element_type=\"container\" data-settings=\"{&quot;content_width&quot;:&quot;boxed&quot;}\">\n\t\t\t\t\t<div class=\"e-con-inner\">\n\t\t\t\t<div class=\"elementor-element elementor-element-0300716 elementor-widget elementor-widget-heading\" data-id=\"0300716\" data-element_type=\"widget\" data-widget_type=\"heading.default\">\n\t\t\t\t<div class=\"elementor-widget-container\">\n\t\t\t<h2 class=\"elementor-heading-title elementor-size-default\">Uppt\u00e4ck VisionOS: Revolutionera din Apple Vision Pro-upplevelse<\/h2>\t\t<\/div>\n\t\t\t\t<\/div>\n\t\t\t\t<div class=\"elementor-element elementor-element-12670de elementor-widget elementor-widget-text-editor\" data-id=\"12670de\" data-element_type=\"widget\" data-widget_type=\"text-editor.default\">\n\t\t\t\t<div class=\"elementor-widget-container\">\n\t\t\t\t\t\t\t<p>V\u00e4lkommen till v\u00e4rlden av VisionOS, det banbrytande operativsystemet som driver Apple Vision Pro. Som framtida \u00e4gare eller entusiaster av denna innovativa enhet kliver du in i en v\u00e4rld d\u00e4r den digitala och fysiska v\u00e4rlden sm\u00e4lter samman s\u00f6ml\u00f6st. VisionOS \u00e4r mer \u00e4n bara ett operativsystem - det \u00e4r en ink\u00f6rsport till upplevelser och interaktioner som omdefinierar v\u00e5r uppfattning av verkligheten. L\u00e5t oss titta n\u00e4rmare p\u00e5 vad det \u00e4r som g\u00f6r VisionOS till n\u00e5got helt nytt f\u00f6r vanliga anv\u00e4ndare.<\/p><p><a href=\"https:\/\/ioasis.eu\/sv\/blogg\/upptack-visionos-som-revolutionerar-din-upplevelse-av-apple-vision-pro\/\"><span style=\"text-decoration: underline;\">Forts\u00e4tt l\u00e4sa<\/span><\/a><\/p>\t\t\t\t\t\t<\/div>\n\t\t\t\t<\/div>\n\t\t\t\t\t<\/div>\n\t\t\t\t<\/div>\n\t\t<div class=\"elementor-element elementor-element-55a549d e-con-boxed e-flex e-con\" data-id=\"55a549d\" data-element_type=\"container\" data-settings=\"{&quot;content_width&quot;:&quot;boxed&quot;}\">\n\t\t\t\t\t<div class=\"e-con-inner\">\n\t\t\t\t<div class=\"elementor-element elementor-element-5e8c879 elementor-widget elementor-widget-heading\" data-id=\"5e8c879\" data-element_type=\"widget\" data-widget_type=\"heading.default\">\n\t\t\t\t<div class=\"elementor-widget-container\">\n\t\t\t<h2 class=\"elementor-heading-title elementor-size-default\">Maximera din Apple Vision Pro-upplevelse: En omfattande guide<\/h2>\t\t<\/div>\n\t\t\t\t<\/div>\n\t\t\t\t<div class=\"elementor-element elementor-element-d7841a8 elementor-widget elementor-widget-text-editor\" data-id=\"d7841a8\" data-element_type=\"widget\" data-widget_type=\"text-editor.default\">\n\t\t\t\t<div class=\"elementor-widget-container\">\n\t\t\t\t\t\t\t<p>V\u00e4lkommen till v\u00e5r djupg\u00e5ende guide om hur du f\u00e5r ut mesta m\u00f6jliga av din Apple Vision Pro. Denna banbrytande enhet erbjuder en m\u00e4ngd funktioner och m\u00f6jligheter, och vi \u00e4r h\u00e4r f\u00f6r att hj\u00e4lpa dig att navigera bland dem. Oavsett om du \u00e4r en ny anv\u00e4ndare eller vill f\u00f6rdjupa dina kunskaper kommer den h\u00e4r guiden att ge dig v\u00e4rdefulla insikter f\u00f6r en s\u00e4krare, roligare och mer produktiv upplevelse.<\/p><p><a href=\"https:\/\/ioasis.eu\/sv\/blogg\/maximera-din-upplevelse-av-apple-vision-pro-en-heltackande-guide\/\"><span style=\"text-decoration: underline;\">Forts\u00e4tt l\u00e4sa<\/span><\/a><\/p>\t\t\t\t\t\t<\/div>\n\t\t\t\t<\/div>\n\t\t\t\t\t<\/div>\n\t\t\t\t<\/div>\n\t\t<div class=\"elementor-element elementor-element-9760114 e-con-boxed e-flex e-con\" data-id=\"9760114\" data-element_type=\"container\" data-settings=\"{&quot;content_width&quot;:&quot;boxed&quot;}\">\n\t\t\t\t\t<div class=\"e-con-inner\">\n\t\t\t\t<div class=\"elementor-element elementor-element-c5f48db elementor-widget elementor-widget-heading\" data-id=\"c5f48db\" data-element_type=\"widget\" data-widget_type=\"heading.default\">\n\t\t\t\t<div class=\"elementor-widget-container\">\n\t\t\t<h2 class=\"elementor-heading-title elementor-size-default\">\nApple Vision Pro: Framtiden f\u00f6r rumsliga ber\u00e4kningar kommer till Europa med iOasis<\/h2>\t\t<\/div>\n\t\t\t\t<\/div>\n\t\t\t\t<div class=\"elementor-element elementor-element-1c7a04d elementor-widget elementor-widget-text-editor\" data-id=\"1c7a04d\" data-element_type=\"widget\" data-widget_type=\"text-editor.default\">\n\t\t\t\t<div class=\"elementor-widget-container\">\n\t\t\t\t\t\t\t<p>I en sp\u00e4nnande utveckling f\u00f6r teknikentusiaster och yrkesverksamma i hela Europa har Apple meddelat att den banbrytande Apple Vision Pro snart kommer att finnas tillg\u00e4nglig fr\u00e5n och med den 2 februari 2024. Som exklusiv \u00e5terf\u00f6rs\u00e4ljare i Europa \u00e4r iOasis Premier Reseller mycket glada \u00f6ver att kunna erbjuda v\u00e5ra kunder denna revolutionerande rumsliga dator.<\/p><p><a href=\"https:\/\/ioasis.eu\/sv\/blogg\/apple-vision-pro-nu-tillganglig-i-europa-med-ioasis\/\"><span style=\"text-decoration: underline;\">Forts\u00e4tt l\u00e4sa<\/span><\/a><\/p>\t\t\t\t\t\t<\/div>\n\t\t\t\t<\/div>\n\t\t\t\t\t<\/div>\n\t\t\t\t<\/div>\n\t\t<div class=\"elementor-element elementor-element-e7e5509 e-con-boxed e-flex e-con\" data-id=\"e7e5509\" data-element_type=\"container\" data-settings=\"{&quot;content_width&quot;:&quot;boxed&quot;}\">\n\t\t\t\t\t<div class=\"e-con-inner\">\n\t\t\t\t<div class=\"elementor-element elementor-element-bdc239c elementor-widget elementor-widget-heading\" data-id=\"bdc239c\" data-element_type=\"widget\" data-widget_type=\"heading.default\">\n\t\t\t\t<div class=\"elementor-widget-container\">\n\t\t\t<h2 class=\"elementor-heading-title elementor-size-default\">\nApple Vision Pro: Ett revolutionerande spr\u00e5ng inom rumslig databehandling<\/h2>\t\t<\/div>\n\t\t\t\t<\/div>\n\t\t\t\t<div class=\"elementor-element elementor-element-a8fffbb elementor-widget elementor-widget-text-editor\" data-id=\"a8fffbb\" data-element_type=\"widget\" data-widget_type=\"text-editor.default\">\n\t\t\t\t<div class=\"elementor-widget-container\">\n\t\t\t\t\t\t\t<p>Apple har alltid legat i framkant n\u00e4r det g\u00e4ller teknisk innovation, och deras senaste produkt, Apple Vision Pro, \u00e4r inget undantag. Denna banbrytande enhet kommer att omdefiniera hur vi interagerar med digitalt inneh\u00e5ll och erbjuder en s\u00f6ml\u00f6s blandning av den digitala och fysiska v\u00e4rlden. I det h\u00e4r blogginl\u00e4gget f\u00f6rdjupar vi oss i funktionerna och m\u00f6jligheterna hos Apple Vision Pro och f\u00f6rklarar varf\u00f6r den f\u00f6r\u00e4ndrar spelreglerna f\u00f6r spatial computing.<\/p><p><a href=\"https:\/\/ioasis.eu\/sv\/blogg\/apple-vision-pro-ett-revolutionerande-steg-inom-spatial-databehandling\/\"><span style=\"text-decoration: underline;\">Forts\u00e4tt l\u00e4sa<\/span><\/a><\/p>\t\t\t\t\t\t<\/div>\n\t\t\t\t<\/div>\n\t\t\t\t\t<\/div>\n\t\t\t\t<\/div>\n\t\t<div class=\"elementor-element elementor-element-b59809f e-con-boxed e-flex e-con\" data-id=\"b59809f\" data-element_type=\"container\" data-settings=\"{&quot;content_width&quot;:&quot;boxed&quot;}\">\n\t\t\t\t\t<div class=\"e-con-inner\">\n\t\t\t\t<div class=\"elementor-element elementor-element-b7ccb56 elementor-widget elementor-widget-heading\" data-id=\"b7ccb56\" data-element_type=\"widget\" data-widget_type=\"heading.default\">\n\t\t\t\t<div class=\"elementor-widget-container\">\n\t\t\t<h2 class=\"elementor-heading-title elementor-size-default\">Apple Vision Pro: Att f\u00f6r\u00e4ndra v\u00e4rlden en bild i taget<\/h2>\t\t<\/div>\n\t\t\t\t<\/div>\n\t\t\t\t<div class=\"elementor-element elementor-element-cc9cdec elementor-widget elementor-widget-text-editor\" data-id=\"cc9cdec\" data-element_type=\"widget\" data-widget_type=\"text-editor.default\">\n\t\t\t\t<div class=\"elementor-widget-container\">\n\t\t\t\t\t\t\t<p>I den st\u00e4ndigt f\u00f6r\u00e4nderliga teknikv\u00e4rlden har Apple konsekvent varit en banbrytare som t\u00e4njt p\u00e5 gr\u00e4nserna f\u00f6r vad som \u00e4r m\u00f6jligt och omdefinierat v\u00e5r interaktion med digitalt inneh\u00e5ll. Det senaste tillskottet i deras innovativa sortiment, Apple Vision Pro, kommer att revolutionera tekniklandskapet \u00e4nnu en g\u00e5ng. I det h\u00e4r blogginl\u00e4gget ber\u00e4ttar vi mer om hur Apple Vision Pro kommer att f\u00f6r\u00e4ndra v\u00e4rlden och hur du kan bli en av de f\u00f6rsta som f\u00e5r uppleva denna banbrytande enhet.<\/p><p><a href=\"https:\/\/ioasis.eu\/sv\/blogg\/apple-vision-pro-forandrar-varlden-en-bild-i-taget\/\"><span style=\"text-decoration: underline;\">Forts\u00e4tt l\u00e4sa<\/span><\/a><\/p>\t\t\t\t\t\t<\/div>\n\t\t\t\t<\/div>\n\t\t\t\t\t<\/div>\n\t\t\t\t<\/div>\n\t\t<div class=\"elementor-element elementor-element-d9f1a67 e-con-boxed e-flex e-con\" data-id=\"d9f1a67\" data-element_type=\"container\" data-settings=\"{&quot;content_width&quot;:&quot;boxed&quot;}\">\n\t\t\t\t\t<div class=\"e-con-inner\">\n\t\t\t\t<div class=\"elementor-element elementor-element-e19d2f2 elementor-widget elementor-widget-spacer\" data-id=\"e19d2f2\" data-element_type=\"widget\" data-widget_type=\"spacer.default\">\n\t\t\t\t<div class=\"elementor-widget-container\">\n\t\t\t<style>\/*! elementor - v3.13.3 - 28-05-2023 *\/\n.elementor-column .elementor-spacer-inner{height:var(--spacer-size)}.e-con{--container-widget-width:100%}.e-con-inner>.elementor-widget-spacer,.e-con>.elementor-widget-spacer{width:var(--container-widget-width,var(--spacer-size));--align-self:var(--container-widget-align-self,initial);--flex-shrink:0}.e-con-inner>.elementor-widget-spacer>.elementor-widget-container,.e-con-inner>.elementor-widget-spacer>.elementor-widget-container>.elementor-spacer,.e-con>.elementor-widget-spacer>.elementor-widget-container,.e-con>.elementor-widget-spacer>.elementor-widget-container>.elementor-spacer{height:100%}.e-con-inner>.elementor-widget-spacer>.elementor-widget-container>.elementor-spacer>.elementor-spacer-inner,.e-con>.elementor-widget-spacer>.elementor-widget-container>.elementor-spacer>.elementor-spacer-inner{height:var(--container-widget-height,var(--spacer-size))}<\/style>\t\t<div class=\"elementor-spacer\">\n\t\t\t<div class=\"elementor-spacer-inner\"><\/div>\n\t\t<\/div>\n\t\t\t\t<\/div>\n\t\t\t\t<\/div>\n\t\t\t\t\t<\/div>\n\t\t\t\t<\/div>\n\t\t\t\t\t\t\t<\/div>","protected":false},"excerpt":{"rendered":"<p>Bloggappar tillg\u00e4ngliga vid lanseringen p\u00e5 Apple Vision Pro N\u00e4r vi nu kliver in i Apple Vision Pro-eran \u00f6ppnar sig en ny horisont av appar och underh\u00e5llningsupplevelser. Detta revolutionerande mixed reality-headset, som drivs av VisionOS, kommer att f\u00f6r\u00e4ndra v\u00e5r interaktion med den digitala v\u00e4rlden. I det h\u00e4r blogginl\u00e4gget kommer vi att utforska [...]<\/p>","protected":false},"author":1,"featured_media":223,"parent":0,"menu_order":0,"comment_status":"closed","ping_status":"closed","template":"","meta":{"footnotes":""},"class_list":["post-415","page","type-page","status-publish","has-post-thumbnail","hentry"],"jetpack_sharing_enabled":true,"_links":{"self":[{"href":"https:\/\/ioasis.eu\/sv\/wp-json\/wp\/v2\/pages\/415","targetHints":{"allow":["GET"]}}],"collection":[{"href":"https:\/\/ioasis.eu\/sv\/wp-json\/wp\/v2\/pages"}],"about":[{"href":"https:\/\/ioasis.eu\/sv\/wp-json\/wp\/v2\/types\/page"}],"author":[{"embeddable":true,"href":"https:\/\/ioasis.eu\/sv\/wp-json\/wp\/v2\/users\/1"}],"replies":[{"embeddable":true,"href":"https:\/\/ioasis.eu\/sv\/wp-json\/wp\/v2\/comments?post=415"}],"version-history":[{"count":16,"href":"https:\/\/ioasis.eu\/sv\/wp-json\/wp\/v2\/pages\/415\/revisions"}],"predecessor-version":[{"id":748,"href":"https:\/\/ioasis.eu\/sv\/wp-json\/wp\/v2\/pages\/415\/revisions\/748"}],"wp:featuredmedia":[{"embeddable":true,"href":"https:\/\/ioasis.eu\/sv\/wp-json\/wp\/v2\/media\/223"}],"wp:attachment":[{"href":"https:\/\/ioasis.eu\/sv\/wp-json\/wp\/v2\/media?parent=415"}],"curies":[{"name":"wp","href":"https:\/\/api.w.org\/{rel}","templated":true}]}}