{"id":423,"date":"2023-06-11T01:21:47","date_gmt":"2023-06-10T23:21:47","guid":{"rendered":"https:\/\/ioasis.eu\/?page_id=423"},"modified":"2023-06-11T01:29:19","modified_gmt":"2023-06-10T23:29:19","slug":"apple-vision-pro-a-revolutionary-leap-in-spatial-computing","status":"publish","type":"page","link":"https:\/\/ioasis.eu\/sv\/blogg\/apple-vision-pro-ett-revolutionerande-steg-inom-spatial-databehandling\/","title":{"rendered":"Apple Vision Pro: Ett revolutionerande spr\u00e5ng inom rumslig databehandling"},"content":{"rendered":"<div data-elementor-type=\"wp-page\" data-elementor-id=\"423\" class=\"elementor elementor-423\">\n\t\t\t\t\t\t\t<div class=\"elementor-element elementor-element-ed8a82d e-con-boxed e-flex e-con\" data-id=\"ed8a82d\" data-element_type=\"container\" data-settings=\"{&quot;content_width&quot;:&quot;boxed&quot;}\">\n\t\t\t\t\t<div class=\"e-con-inner\">\n\t\t\t\t<div class=\"elementor-element elementor-element-12c54b24 elementor-widget elementor-widget-heading\" data-id=\"12c54b24\" data-element_type=\"widget\" data-widget_type=\"heading.default\">\n\t\t\t\t<div class=\"elementor-widget-container\">\n\t\t\t<style>\/*! elementor - v3.13.3 - 28-05-2023 *\/\n.elementor-heading-title{padding:0;margin:0;line-height:1}.elementor-widget-heading .elementor-heading-title[class*=elementor-size-]>a{color:inherit;font-size:inherit;line-height:inherit}.elementor-widget-heading .elementor-heading-title.elementor-size-small{font-size:15px}.elementor-widget-heading .elementor-heading-title.elementor-size-medium{font-size:19px}.elementor-widget-heading .elementor-heading-title.elementor-size-large{font-size:29px}.elementor-widget-heading .elementor-heading-title.elementor-size-xl{font-size:39px}.elementor-widget-heading .elementor-heading-title.elementor-size-xxl{font-size:59px}<\/style><h1 class=\"elementor-heading-title elementor-size-default\">Apple Vision Pro: Ett revolutionerande spr\u00e5ng inom rumslig databehandling<\/h1>\t\t<\/div>\n\t\t\t\t<\/div>\n\t\t\t\t\t<\/div>\n\t\t\t\t<\/div>\n\t\t<div class=\"elementor-element elementor-element-3aacda91 e-con-boxed e-flex e-con\" data-id=\"3aacda91\" data-element_type=\"container\" data-settings=\"{&quot;content_width&quot;:&quot;boxed&quot;}\">\n\t\t\t\t\t<div class=\"e-con-inner\">\n\t\t\t\t<div class=\"elementor-element elementor-element-25fe96a elementor-widget elementor-widget-text-editor\" data-id=\"25fe96a\" data-element_type=\"widget\" data-widget_type=\"text-editor.default\">\n\t\t\t\t<div class=\"elementor-widget-container\">\n\t\t\t<style>\/*! elementor - v3.13.3 - 28-05-2023 *\/\n.elementor-widget-text-editor.elementor-drop-cap-view-stacked .elementor-drop-cap{background-color:#69727d;color:#fff}.elementor-widget-text-editor.elementor-drop-cap-view-framed .elementor-drop-cap{color:#69727d;border:3px solid;background-color:transparent}.elementor-widget-text-editor:not(.elementor-drop-cap-view-default) .elementor-drop-cap{margin-top:8px}.elementor-widget-text-editor:not(.elementor-drop-cap-view-default) .elementor-drop-cap-letter{width:1em;height:1em}.elementor-widget-text-editor .elementor-drop-cap{float:left;text-align:center;line-height:1;font-size:50px}.elementor-widget-text-editor .elementor-drop-cap-letter{display:inline-block}<\/style>\t\t\t\t<p>Apple har alltid legat i framkant n\u00e4r det g\u00e4ller teknisk innovation, och deras senaste produkt, Apple Vision Pro, \u00e4r inget undantag. Denna banbrytande enhet kommer att omdefiniera hur vi interagerar med digitalt inneh\u00e5ll och erbjuder en s\u00f6ml\u00f6s blandning av den digitala och fysiska v\u00e4rlden. I det h\u00e4r blogginl\u00e4gget f\u00f6rdjupar vi oss i funktionerna och m\u00f6jligheterna hos Apple Vision Pro och f\u00f6rklarar varf\u00f6r den f\u00f6r\u00e4ndrar spelreglerna f\u00f6r spatial computing.<\/p><h6>Omdefiniering av rumslig databehandling<\/h6><p>Apple Vision Pro markerar b\u00f6rjan p\u00e5 en ny era inom spatial databehandling. Den g\u00f6r det m\u00f6jligt f\u00f6r anv\u00e4ndare att navigera i den digitala v\u00e4rlden helt enkelt genom att anv\u00e4nda sina \u00f6gon, h\u00e4nder och r\u00f6st. Detta intuitiva interaktionssystem f\u00f6r\u00e4ndrar hur vi g\u00f6r saker och ting och g\u00f6r det m\u00f6jligt f\u00f6r oss att interagera med digitalt inneh\u00e5ll p\u00e5 s\u00e4tt som aldrig tidigare varit m\u00f6jliga.<\/p><h2>\u00a0<\/h2><h6>Uppslukande underh\u00e5llningsupplevelse<\/h6><p>Apple Vision Pro \u00e4r inte bara ett verktyg, det \u00e4r ett kraftpaket f\u00f6r underh\u00e5llning. Den kan f\u00f6rvandla vilket rum som helst till din personliga biograf, expandera dina filmer, serier och spel till den perfekta storleken och f\u00e5 dig att k\u00e4nna att du \u00e4r en del av handlingen med Spatial Audio. Med fler pixlar \u00e4n en 4K-TV f\u00f6r varje \u00f6ga kan du njuta av fantastiskt inneh\u00e5ll var du \u00e4n befinner dig.<\/p><h6>\u00a0<\/h6><h6>F\u00e5nga minnen i 3D<\/h6><p>Vision Pro \u00e4r Apple:s f\u00f6rsta enhet med en 3D-kamera. Med den kan du ta spatiala foton och videor i 3D och sedan \u00e5teruppleva de d\u00e4r fina \u00f6gonblicken med uppslukande Spatial Audio. Ditt befintliga bibliotek med foton och videor kommer att se otroligt bra ut i en anm\u00e4rkningsv\u00e4rd skala, och panoramabilder kommer att omsluta dig s\u00e5 att det k\u00e4nns som om du st\u00e5r precis d\u00e4r du tog dem.<\/p><h6>\u00a0<\/h6><h6>Anslutningar i samma utrymme<\/h6><p>Vision Pro f\u00f6rb\u00e4ttrar dina m\u00f6jligheter att samarbeta och koppla upp dig var du \u00e4n \u00e4r. FaceTime-videobrickor \u00e4r i naturlig storlek, och n\u00e4r nya personer ansluter expanderar samtalet helt enkelt i rummet. I FaceTime kan du ocks\u00e5 anv\u00e4nda appar f\u00f6r att samarbeta med kollegor p\u00e5 samma dokument samtidigt.<\/p><h6>\u00a0<\/h6><h6>Elegant design och avancerad teknik<\/h6><p>Apple Vision Pro \u00e4r resultatet av \u00e5rtionden av erfarenhet av att designa h\u00f6gpresterande, mobila och b\u00e4rbara enheter. Den integrerar otroligt avancerad teknik i en elegant och kompakt form, vilket ger en fantastisk upplevelse varje g\u00e5ng du tar p\u00e5 dig den. Enheten best\u00e5r av en enda bit tredimensionellt format laminerat glas som flyter in i en ram av aluminiumlegering och b\u00f6jer sig runt ditt ansikte.<\/p><h6>\u00a0<\/h6><h6>Drivning av Vision Pro<\/h6><p>Vision Pro drivs av en unik design med dubbla chip. Det kraftfulla M2-chippet k\u00f6r samtidigt visionOS, exekverar avancerade algoritmer f\u00f6r datorseende och levererar fantastisk grafik, allt med otrolig effektivitet. Det helt nya R1-chippet \u00e4r s\u00e4rskilt avsett f\u00f6r bearbetning av indata fr\u00e5n kameror, sensorer och mikrofoner, och str\u00f6mmar bilder till sk\u00e4rmarna inom 12 millisekunder f\u00f6r en praktiskt taget f\u00f6rdr\u00f6jningsfri realtidsvy av v\u00e4rlden.<\/p><h6>\u00a0<\/h6><h6>Integritet och s\u00e4kerhet<\/h6><p>Precis som alla Apple-produkter och -tj\u00e4nster har Vision Pro utformats f\u00f6r att skydda din integritet och ge dig kontroll \u00f6ver dina data. Den bygger p\u00e5 grunden av befintliga Apple integritets- och s\u00e4kerhetsfunktioner med ny teknik som Optic ID, ett s\u00e4kert autentiseringssystem som anv\u00e4nder din unika iris.<\/p><h6>\u00a0<\/h6><h6>Slutsats<\/h6><p>Apple Vision Pro \u00e4r mer \u00e4n bara en enhet, det \u00e4r ett revolutionerande steg inom spatial computing. Den erbjuder en uppslukande, intuitiv och interaktiv upplevelse som s\u00f6ml\u00f6st blandar digitalt inneh\u00e5ll med ditt fysiska utrymme. Oavsett om du s\u00f6ker ett nytt s\u00e4tt att arbeta, spela eller kommunicera kommer Apple Vision Pro att f\u00f6r\u00e4ndra ditt digitala liv.<\/p><p>Med sina banbrytande funktioner och egenskaper \u00e4r det inte konstigt att Apple Vision Pro \u00e4r p\u00e5 v\u00e4g att bli n\u00e4sta stora grej i teknikv\u00e4rlden. S\u00e5, \u00e4r du redo att ta steget in i framtiden med Apple Vision Pro?<\/p><p><a href=\"https:\/\/ioasis.eu\/sv\/blogg\/\"><span style=\"text-decoration: underline;\">Tillbaka<\/span><\/a><\/p>\t\t\t\t\t\t<\/div>\n\t\t\t\t<\/div>\n\t\t\t\t\t<\/div>\n\t\t\t\t<\/div>\n\t\t\t\t\t\t\t<\/div>","protected":false},"excerpt":{"rendered":"<p>Apple har alltid legat i framkant n\u00e4r det g\u00e4ller teknisk innovation, och deras senaste produkt, Apple Vision Pro, \u00e4r inget undantag. Denna banbrytande enhet kommer att omdefiniera hur vi interagerar med digitalt inneh\u00e5ll och erbjuder en s\u00f6ml\u00f6s blandning av den digitala och fysiska v\u00e4rlden. I det h\u00e4r blogginl\u00e4gget f\u00f6rdjupar vi oss i funktionerna och m\u00f6jligheterna hos Apple Vision Pro och f\u00f6rklarar varf\u00f6r den f\u00f6r\u00e4ndrar spelreglerna f\u00f6r spatial computing.<\/p>","protected":false},"author":1,"featured_media":225,"parent":415,"menu_order":0,"comment_status":"closed","ping_status":"closed","template":"","meta":{"footnotes":""},"class_list":["post-423","page","type-page","status-publish","has-post-thumbnail","hentry"],"jetpack_sharing_enabled":true,"_links":{"self":[{"href":"https:\/\/ioasis.eu\/sv\/wp-json\/wp\/v2\/pages\/423","targetHints":{"allow":["GET"]}}],"collection":[{"href":"https:\/\/ioasis.eu\/sv\/wp-json\/wp\/v2\/pages"}],"about":[{"href":"https:\/\/ioasis.eu\/sv\/wp-json\/wp\/v2\/types\/page"}],"author":[{"embeddable":true,"href":"https:\/\/ioasis.eu\/sv\/wp-json\/wp\/v2\/users\/1"}],"replies":[{"embeddable":true,"href":"https:\/\/ioasis.eu\/sv\/wp-json\/wp\/v2\/comments?post=423"}],"version-history":[{"count":4,"href":"https:\/\/ioasis.eu\/sv\/wp-json\/wp\/v2\/pages\/423\/revisions"}],"predecessor-version":[{"id":427,"href":"https:\/\/ioasis.eu\/sv\/wp-json\/wp\/v2\/pages\/423\/revisions\/427"}],"up":[{"embeddable":true,"href":"https:\/\/ioasis.eu\/sv\/wp-json\/wp\/v2\/pages\/415"}],"wp:featuredmedia":[{"embeddable":true,"href":"https:\/\/ioasis.eu\/sv\/wp-json\/wp\/v2\/media\/225"}],"wp:attachment":[{"href":"https:\/\/ioasis.eu\/sv\/wp-json\/wp\/v2\/media?parent=423"}],"curies":[{"name":"wp","href":"https:\/\/api.w.org\/{rel}","templated":true}]}}