{"id":428,"date":"2023-06-11T12:24:25","date_gmt":"2023-06-11T10:24:25","guid":{"rendered":"https:\/\/ioasis.eu\/?page_id=428"},"modified":"2023-06-11T12:30:38","modified_gmt":"2023-06-11T10:30:38","slug":"about-us","status":"publish","type":"page","link":"https:\/\/ioasis.eu\/sv\/om-oss\/","title":{"rendered":"Om oss"},"content":{"rendered":"<div data-elementor-type=\"wp-page\" data-elementor-id=\"428\" class=\"elementor elementor-428\">\n\t\t\t\t\t\t\t<div class=\"elementor-element elementor-element-1b91b5a9 e-con-boxed e-flex e-con\" data-id=\"1b91b5a9\" data-element_type=\"container\" data-settings=\"{&quot;background_background&quot;:&quot;classic&quot;,&quot;content_width&quot;:&quot;boxed&quot;}\">\n\t\t\t\t\t<div class=\"e-con-inner\">\n\t\t\t\t\t<\/div>\n\t\t\t\t<\/div>\n\t\t<div class=\"elementor-element elementor-element-af282b4 e-con-boxed e-flex e-con\" data-id=\"af282b4\" data-element_type=\"container\" data-settings=\"{&quot;background_background&quot;:&quot;classic&quot;,&quot;content_width&quot;:&quot;boxed&quot;}\">\n\t\t\t\t\t<div class=\"e-con-inner\">\n\t\t\t\t<div class=\"elementor-element elementor-element-2ee83fa elementor-widget elementor-widget-heading\" data-id=\"2ee83fa\" data-element_type=\"widget\" data-widget_type=\"heading.default\">\n\t\t\t\t<div class=\"elementor-widget-container\">\n\t\t\t<style>\/*! elementor - v3.13.3 - 28-05-2023 *\/\n.elementor-heading-title{padding:0;margin:0;line-height:1}.elementor-widget-heading .elementor-heading-title[class*=elementor-size-]>a{color:inherit;font-size:inherit;line-height:inherit}.elementor-widget-heading .elementor-heading-title.elementor-size-small{font-size:15px}.elementor-widget-heading .elementor-heading-title.elementor-size-medium{font-size:19px}.elementor-widget-heading .elementor-heading-title.elementor-size-large{font-size:29px}.elementor-widget-heading .elementor-heading-title.elementor-size-xl{font-size:39px}.elementor-widget-heading .elementor-heading-title.elementor-size-xxl{font-size:59px}<\/style><h1 class=\"elementor-heading-title elementor-size-default\">Om oss<\/h1>\t\t<\/div>\n\t\t\t\t<\/div>\n\t\t\t\t\t<\/div>\n\t\t\t\t<\/div>\n\t\t<div class=\"elementor-element elementor-element-7b79ea19 e-con-boxed e-flex e-con\" data-id=\"7b79ea19\" data-element_type=\"container\" data-settings=\"{&quot;content_width&quot;:&quot;boxed&quot;}\">\n\t\t\t\t\t<div class=\"e-con-inner\">\n\t\t\t\t<div class=\"elementor-element elementor-element-5f8cc052 elementor-widget elementor-widget-text-editor\" data-id=\"5f8cc052\" data-element_type=\"widget\" data-widget_type=\"text-editor.default\">\n\t\t\t\t<div class=\"elementor-widget-container\">\n\t\t\t<style>\/*! elementor - v3.13.3 - 28-05-2023 *\/\n.elementor-widget-text-editor.elementor-drop-cap-view-stacked .elementor-drop-cap{background-color:#69727d;color:#fff}.elementor-widget-text-editor.elementor-drop-cap-view-framed .elementor-drop-cap{color:#69727d;border:3px solid;background-color:transparent}.elementor-widget-text-editor:not(.elementor-drop-cap-view-default) .elementor-drop-cap{margin-top:8px}.elementor-widget-text-editor:not(.elementor-drop-cap-view-default) .elementor-drop-cap-letter{width:1em;height:1em}.elementor-widget-text-editor .elementor-drop-cap{float:left;text-align:center;line-height:1;font-size:50px}.elementor-widget-text-editor .elementor-drop-cap-letter{display:inline-block}<\/style>\t\t\t\t<p>V\u00e4lkommen till iOasis, din fr\u00e4msta destination f\u00f6r de senaste och b\u00e4sta Apple-produkterna. Vi \u00e4r mer \u00e4n bara en \u00e5terf\u00f6rs\u00e4ljare; vi \u00e4r en gemenskap av Apple-entusiaster som har \u00e5tagit sig att ge dig den mest innovativa tekniken s\u00e5 snart den kommer ut p\u00e5 marknaden.<\/p><p>iOasis grundades 2007 i Hamburg, Tyskland, och f\u00f6ddes ur en djup passion f\u00f6r Apple:s banbrytande produkter och en \u00f6nskan att g\u00f6ra dem tillg\u00e4ngliga f\u00f6r alla, \u00f6verallt. V\u00e5r grundare, en m\u00e5ng\u00e5rig Apple-entusiast, s\u00e5g en lucka p\u00e5 marknaden f\u00f6r en dedikerad, kundfokuserad Apple-\u00e5terf\u00f6rs\u00e4ljare i Europa. Med en vision om att \u00f6verbrygga detta gap lanserades iOasis.<\/p><p>Under \u00e5rens lopp har vi vuxit fr\u00e5n ett litet nystartat f\u00f6retag till ett p\u00e5litligt namn inom Apple-branschen. V\u00e5rt engagemang f\u00f6r kundservice, i kombination med v\u00e5r f\u00f6rm\u00e5ga att leverera Apple-produkter f\u00f6re deras lokala lansering, har gjort att vi skiljer oss fr\u00e5n konkurrenterna. Vi har tidigare framg\u00e5ngsrikt p\u00e5skyndat tillg\u00e4ngligheten av Apple-produkter, inklusive den ursprungliga iPhone, iPad och Apple Watch, och vi ser fram emot att g\u00f6ra detsamma med den revolutionerande Apple Vision Pro.<\/p><p>P\u00e5 iOasis tror vi p\u00e5 teknikens omv\u00e4lvande kraft. Vi ser hur Apple-produkter f\u00f6r\u00e4ndrar hur m\u00e4nniskor arbetar, l\u00e4r sig, skapar och kommunicerar. V\u00e5rt uppdrag \u00e4r att leverera dessa banbrytande produkter till dig s\u00e5 snart de \u00e4r tillg\u00e4ngliga, s\u00e5 att du kan b\u00f6rja uppleva framtiden redan idag.<\/p><p>Men vi handlar inte bara om att s\u00e4lja produkter. Vi vill skapa en s\u00f6ml\u00f6s kundupplevelse. Fr\u00e5n det att du f\u00f6rbest\u00e4ller din Apple Vision Pro till dess att den anl\u00e4nder till din d\u00f6rr, \u00e4r vi med dig varje steg p\u00e5 v\u00e4gen. V\u00e5rt dedikerade team av Apple-experter \u00e4r alltid redo att hj\u00e4lpa till med eventuella fr\u00e5gor eller problem som du kan st\u00f6ta p\u00e5.<\/p><p>Vi vill ocks\u00e5 bygga en gemenskap. Vi \u00e4lskar att ha kontakt med v\u00e5ra kunder och h\u00f6ra deras ber\u00e4ttelser. Oavsett om du \u00e4r teknikentusiast, kreativ yrkesm\u00e4nniska eller bara \u00e4lskar Apple-produkter vill vi att du g\u00e5r med i v\u00e5r community och delar med dig av dina erfarenheter.<\/p><p>Tack f\u00f6r att du valde iOasis. Vi ser fram emot att inleda denna tekniska resa tillsammans med dig.<\/p>\t\t\t\t\t\t<\/div>\n\t\t\t\t<\/div>\n\t\t\t\t\t<\/div>\n\t\t\t\t<\/div>\n\t\t<div class=\"elementor-element elementor-element-298bdba9 e-con-boxed e-flex e-con\" data-id=\"298bdba9\" data-element_type=\"container\" data-settings=\"{&quot;content_width&quot;:&quot;boxed&quot;}\">\n\t\t\t\t\t<div class=\"e-con-inner\">\n\t\t\t\t<div class=\"elementor-element elementor-element-3ffab340 elementor-widget elementor-widget-spacer\" data-id=\"3ffab340\" data-element_type=\"widget\" data-widget_type=\"spacer.default\">\n\t\t\t\t<div class=\"elementor-widget-container\">\n\t\t\t<style>\/*! elementor - v3.13.3 - 28-05-2023 *\/\n.elementor-column .elementor-spacer-inner{height:var(--spacer-size)}.e-con{--container-widget-width:100%}.e-con-inner>.elementor-widget-spacer,.e-con>.elementor-widget-spacer{width:var(--container-widget-width,var(--spacer-size));--align-self:var(--container-widget-align-self,initial);--flex-shrink:0}.e-con-inner>.elementor-widget-spacer>.elementor-widget-container,.e-con-inner>.elementor-widget-spacer>.elementor-widget-container>.elementor-spacer,.e-con>.elementor-widget-spacer>.elementor-widget-container,.e-con>.elementor-widget-spacer>.elementor-widget-container>.elementor-spacer{height:100%}.e-con-inner>.elementor-widget-spacer>.elementor-widget-container>.elementor-spacer>.elementor-spacer-inner,.e-con>.elementor-widget-spacer>.elementor-widget-container>.elementor-spacer>.elementor-spacer-inner{height:var(--container-widget-height,var(--spacer-size))}<\/style>\t\t<div class=\"elementor-spacer\">\n\t\t\t<div class=\"elementor-spacer-inner\"><\/div>\n\t\t<\/div>\n\t\t\t\t<\/div>\n\t\t\t\t<\/div>\n\t\t\t\t\t<\/div>\n\t\t\t\t<\/div>\n\t\t\t\t\t\t\t<\/div>","protected":false},"excerpt":{"rendered":"<p>V\u00e4lkommen till iOasis, din fr\u00e4msta destination f\u00f6r de senaste och b\u00e4sta Apple-produkterna. Vi \u00e4r mer \u00e4n bara en \u00e5terf\u00f6rs\u00e4ljare; vi \u00e4r en gemenskap av Apple-entusiaster som har \u00e5tagit sig att ge dig den mest innovativa tekniken s\u00e5 snart den kommer ut p\u00e5 marknaden.<\/p>","protected":false},"author":1,"featured_media":442,"parent":0,"menu_order":0,"comment_status":"closed","ping_status":"closed","template":"","meta":{"footnotes":""},"class_list":["post-428","page","type-page","status-publish","has-post-thumbnail","hentry"],"jetpack_sharing_enabled":true,"_links":{"self":[{"href":"https:\/\/ioasis.eu\/sv\/wp-json\/wp\/v2\/pages\/428","targetHints":{"allow":["GET"]}}],"collection":[{"href":"https:\/\/ioasis.eu\/sv\/wp-json\/wp\/v2\/pages"}],"about":[{"href":"https:\/\/ioasis.eu\/sv\/wp-json\/wp\/v2\/types\/page"}],"author":[{"embeddable":true,"href":"https:\/\/ioasis.eu\/sv\/wp-json\/wp\/v2\/users\/1"}],"replies":[{"embeddable":true,"href":"https:\/\/ioasis.eu\/sv\/wp-json\/wp\/v2\/comments?post=428"}],"version-history":[{"count":4,"href":"https:\/\/ioasis.eu\/sv\/wp-json\/wp\/v2\/pages\/428\/revisions"}],"predecessor-version":[{"id":445,"href":"https:\/\/ioasis.eu\/sv\/wp-json\/wp\/v2\/pages\/428\/revisions\/445"}],"wp:featuredmedia":[{"embeddable":true,"href":"https:\/\/ioasis.eu\/sv\/wp-json\/wp\/v2\/media\/442"}],"wp:attachment":[{"href":"https:\/\/ioasis.eu\/sv\/wp-json\/wp\/v2\/media?parent=428"}],"curies":[{"name":"wp","href":"https:\/\/api.w.org\/{rel}","templated":true}]}}