{"id":433,"date":"2023-06-11T12:11:27","date_gmt":"2023-06-11T10:11:27","guid":{"rendered":"https:\/\/ioasis.eu\/?page_id=433"},"modified":"2023-06-11T12:16:07","modified_gmt":"2023-06-11T10:16:07","slug":"apple-vision-pro-transforming-the-world-one-view-at-a-time","status":"publish","type":"page","link":"https:\/\/ioasis.eu\/sv\/blogg\/apple-vision-pro-forandrar-varlden-en-bild-i-taget\/","title":{"rendered":"Apple Vision Pro: Att f\u00f6r\u00e4ndra v\u00e4rlden en bild i taget"},"content":{"rendered":"<div data-elementor-type=\"wp-page\" data-elementor-id=\"433\" class=\"elementor elementor-433\">\n\t\t\t\t\t\t\t<div class=\"elementor-element elementor-element-31d2be9 e-con-boxed e-flex e-con\" data-id=\"31d2be9\" data-element_type=\"container\" data-settings=\"{&quot;content_width&quot;:&quot;boxed&quot;}\">\n\t\t\t\t\t<div class=\"e-con-inner\">\n\t\t\t\t<div class=\"elementor-element elementor-element-184e767b elementor-widget elementor-widget-heading\" data-id=\"184e767b\" data-element_type=\"widget\" data-widget_type=\"heading.default\">\n\t\t\t\t<div class=\"elementor-widget-container\">\n\t\t\t<style>\/*! elementor - v3.13.3 - 28-05-2023 *\/\n.elementor-heading-title{padding:0;margin:0;line-height:1}.elementor-widget-heading .elementor-heading-title[class*=elementor-size-]>a{color:inherit;font-size:inherit;line-height:inherit}.elementor-widget-heading .elementor-heading-title.elementor-size-small{font-size:15px}.elementor-widget-heading .elementor-heading-title.elementor-size-medium{font-size:19px}.elementor-widget-heading .elementor-heading-title.elementor-size-large{font-size:29px}.elementor-widget-heading .elementor-heading-title.elementor-size-xl{font-size:39px}.elementor-widget-heading .elementor-heading-title.elementor-size-xxl{font-size:59px}<\/style><h1 class=\"elementor-heading-title elementor-size-default\">Apple Vision Pro: Att f\u00f6r\u00e4ndra v\u00e4rlden en bild i taget<\/h1>\t\t<\/div>\n\t\t\t\t<\/div>\n\t\t\t\t\t<\/div>\n\t\t\t\t<\/div>\n\t\t<div class=\"elementor-element elementor-element-56c124cc e-con-boxed e-flex e-con\" data-id=\"56c124cc\" data-element_type=\"container\" data-settings=\"{&quot;content_width&quot;:&quot;boxed&quot;}\">\n\t\t\t\t\t<div class=\"e-con-inner\">\n\t\t\t\t<div class=\"elementor-element elementor-element-96bf314 elementor-widget elementor-widget-text-editor\" data-id=\"96bf314\" data-element_type=\"widget\" data-widget_type=\"text-editor.default\">\n\t\t\t\t<div class=\"elementor-widget-container\">\n\t\t\t<style>\/*! elementor - v3.13.3 - 28-05-2023 *\/\n.elementor-widget-text-editor.elementor-drop-cap-view-stacked .elementor-drop-cap{background-color:#69727d;color:#fff}.elementor-widget-text-editor.elementor-drop-cap-view-framed .elementor-drop-cap{color:#69727d;border:3px solid;background-color:transparent}.elementor-widget-text-editor:not(.elementor-drop-cap-view-default) .elementor-drop-cap{margin-top:8px}.elementor-widget-text-editor:not(.elementor-drop-cap-view-default) .elementor-drop-cap-letter{width:1em;height:1em}.elementor-widget-text-editor .elementor-drop-cap{float:left;text-align:center;line-height:1;font-size:50px}.elementor-widget-text-editor .elementor-drop-cap-letter{display:inline-block}<\/style>\t\t\t\t<p>I den st\u00e4ndigt f\u00f6r\u00e4nderliga teknikv\u00e4rlden har Apple konsekvent varit en banbrytare som t\u00e4njt p\u00e5 gr\u00e4nserna f\u00f6r vad som \u00e4r m\u00f6jligt och omdefinierat v\u00e5r interaktion med digitalt inneh\u00e5ll. Det senaste tillskottet i deras innovativa sortiment, Apple Vision Pro, kommer att revolutionera tekniklandskapet \u00e4nnu en g\u00e5ng. I det h\u00e4r blogginl\u00e4gget ber\u00e4ttar vi mer om hur Apple Vision Pro kommer att f\u00f6r\u00e4ndra v\u00e4rlden och hur du kan bli en av de f\u00f6rsta som f\u00e5r uppleva denna banbrytande enhet.<\/p><p>\u00a0<\/p><h6>En ny era f\u00f6r rumsliga ber\u00e4kningar<\/h6><p>Apple Vision Pro markerar b\u00f6rjan p\u00e5 en ny era inom spatial computing. Den h\u00e4r enheten blandar s\u00f6ml\u00f6st digitalt inneh\u00e5ll med ditt fysiska utrymme, s\u00e5 att du kan navigera i den digitala v\u00e4rlden med hj\u00e4lp av dina \u00f6gon, h\u00e4nder och r\u00f6st. Detta intuitiva interaktionssystem kommer att revolutionera hur vi interagerar med digitalt inneh\u00e5ll och g\u00f6ra det m\u00f6jligt f\u00f6r oss att g\u00f6ra saker p\u00e5 s\u00e4tt som aldrig tidigare varit m\u00f6jliga.<\/p><p>\u00a0<\/p><p><strong>Omvandling av underh\u00e5llning<\/strong><\/p><p>Apple Vision Pro \u00e4r inte bara ett verktyg, det \u00e4r ett kraftpaket f\u00f6r underh\u00e5llning. Den kan f\u00f6rvandla vilket rum som helst till din personliga biograf, expandera dina filmer, serier och spel till den perfekta storleken och f\u00e5 dig att k\u00e4nna att du \u00e4r en del av handlingen med Spatial Audio. Med fler pixlar \u00e4n en 4K-TV f\u00f6r varje \u00f6ga kan du njuta av fantastiskt inneh\u00e5ll var du \u00e4n befinner dig. Denna uppslukande underh\u00e5llningsupplevelse kommer att omdefiniera hur vi konsumerar digitalt inneh\u00e5ll.<\/p><p>\u00a0<\/p><h6>F\u00e5nga och \u00e5teruppliva minnen<\/h6><p>Vision Pro \u00e4r Apple:s f\u00f6rsta enhet med en 3D-kamera. Med den kan du ta spatiala foton och videor i 3D och sedan \u00e5teruppleva de d\u00e4r fina \u00f6gonblicken med uppslukande Spatial Audio. Ditt befintliga bibliotek med foton och videor kommer att se otroligt bra ut i en anm\u00e4rkningsv\u00e4rd skala, och panoramabilder kommer att omsluta dig s\u00e5 att det k\u00e4nns som om du st\u00e5r precis d\u00e4r du tog dem. Det h\u00e4r kommer att f\u00f6r\u00e4ndra hur vi f\u00e5ngar och \u00e5terupplever v\u00e5ra minnen.<\/p><p>\u00a0<\/p><h6>F\u00f6rb\u00e4ttra samarbete och kontakter<\/h6><p>Vision Pro f\u00f6rb\u00e4ttrar dina m\u00f6jligheter att samarbeta och koppla upp dig var du \u00e4n \u00e4r. FaceTime-videobrickor \u00e4r i naturlig storlek, och n\u00e4r nya personer ansluter expanderar samtalet helt enkelt i rummet. I FaceTime kan du ocks\u00e5 anv\u00e4nda appar f\u00f6r att samarbeta med kollegor p\u00e5 samma dokument samtidigt. Det h\u00e4r kommer att revolutionera distansarbete och digitalt samarbete.<\/p><p>\u00a0<\/p><h6>Ett spr\u00e5ng inom design och teknik<\/h6><p>Apple Vision Pro \u00e4r resultatet av \u00e5rtionden av erfarenhet av att designa h\u00f6gpresterande, mobila och b\u00e4rbara enheter. Den integrerar otroligt avancerad teknik i en elegant och kompakt form, vilket ger en fantastisk upplevelse varje g\u00e5ng du tar p\u00e5 dig den. Enheten best\u00e5r av en enda bit tredimensionellt format laminerat glas som flyter in i en ram av aluminiumlegering och b\u00f6jer sig runt ditt ansikte. Detta spr\u00e5ng i design och teknik kommer att omdefiniera standarderna f\u00f6r b\u00e4rbar teknik.<\/p><p>\u00a0<\/p><h6>Slutsats<\/h6><p>Apple Vision Pro \u00e4r mer \u00e4n bara en enhet - det \u00e4r en revolution inom spatial computing. Den erbjuder en uppslukande, intuitiv och interaktiv upplevelse som s\u00f6ml\u00f6st blandar digitalt inneh\u00e5ll med ditt fysiska utrymme. Oavsett om du s\u00f6ker ett nytt s\u00e4tt att arbeta, spela eller kommunicera kommer Apple Vision Pro att f\u00f6r\u00e4ndra ditt digitala liv.<\/p><p>Med sina banbrytande funktioner och m\u00f6jligheter \u00e4r Apple Vision Pro redo att f\u00f6r\u00e4ndra v\u00e4rlden. Det handlar inte bara om vad enheten kan g\u00f6ra; det handlar om vad den g\u00f6r det m\u00f6jligt f\u00f6r oss att g\u00f6ra. Det handlar om hur den f\u00f6r\u00e4ndrar v\u00e5r interaktion med digitalt inneh\u00e5ll, hur den f\u00f6rb\u00e4ttrar v\u00e5r f\u00f6rm\u00e5ga att ansluta och samarbeta, och hur den omdefinierar v\u00e5ra underh\u00e5llningsupplevelser.<\/p><p>\u00a0<\/p><h6>F\u00f6rbest\u00e4ll nu<\/h6><p>Framtiden \u00e4r h\u00e4r, och den \u00e4r <a href=\"https:\/\/ioasis.eu\/sv\/produkt\/apple-vision-pro\/\">tillg\u00e4nglig f\u00f6r f\u00f6rhandsbest\u00e4llning<\/a>. Apple Vision Pro kommer att b\u00f6rja levereras i Europa samtidigt som den lanseras i USA, exklusivt via iOasis. Missa inte chansen att vara bland de f\u00f6rsta som f\u00e5r uppleva denna revolutionerande enhet. F\u00f6rbest\u00e4ll din Apple Vision Pro idag och ta steget in i framtiden med Apple.<\/p><p>\u00a0<\/p><p><a href=\"https:\/\/ioasis.eu\/sv\/blogg\/\"><span style=\"text-decoration: underline;\">Tillbaka<\/span><\/a><\/p>\t\t\t\t\t\t<\/div>\n\t\t\t\t<\/div>\n\t\t\t\t\t<\/div>\n\t\t\t\t<\/div>\n\t\t\t\t\t\t\t<\/div>","protected":false},"excerpt":{"rendered":"<p>I den st\u00e4ndigt f\u00f6r\u00e4nderliga teknikv\u00e4rlden har Apple alltid varit en f\u00f6reg\u00e5ngare som flyttat fram gr\u00e4nserna f\u00f6r vad som \u00e4r m\u00f6jligt och omdefinierat v\u00e5r interaktion med digitalt inneh\u00e5ll. Det senaste tillskottet i deras innovativa sortiment, Apple Vision Pro, kommer att revolutionera tekniklandskapet \u00e4nnu en g\u00e5ng.<\/p>","protected":false},"author":1,"featured_media":435,"parent":415,"menu_order":0,"comment_status":"closed","ping_status":"closed","template":"","meta":{"footnotes":""},"class_list":["post-433","page","type-page","status-publish","has-post-thumbnail","hentry"],"jetpack_sharing_enabled":true,"_links":{"self":[{"href":"https:\/\/ioasis.eu\/sv\/wp-json\/wp\/v2\/pages\/433","targetHints":{"allow":["GET"]}}],"collection":[{"href":"https:\/\/ioasis.eu\/sv\/wp-json\/wp\/v2\/pages"}],"about":[{"href":"https:\/\/ioasis.eu\/sv\/wp-json\/wp\/v2\/types\/page"}],"author":[{"embeddable":true,"href":"https:\/\/ioasis.eu\/sv\/wp-json\/wp\/v2\/users\/1"}],"replies":[{"embeddable":true,"href":"https:\/\/ioasis.eu\/sv\/wp-json\/wp\/v2\/comments?post=433"}],"version-history":[{"count":4,"href":"https:\/\/ioasis.eu\/sv\/wp-json\/wp\/v2\/pages\/433\/revisions"}],"predecessor-version":[{"id":438,"href":"https:\/\/ioasis.eu\/sv\/wp-json\/wp\/v2\/pages\/433\/revisions\/438"}],"up":[{"embeddable":true,"href":"https:\/\/ioasis.eu\/sv\/wp-json\/wp\/v2\/pages\/415"}],"wp:featuredmedia":[{"embeddable":true,"href":"https:\/\/ioasis.eu\/sv\/wp-json\/wp\/v2\/media\/435"}],"wp:attachment":[{"href":"https:\/\/ioasis.eu\/sv\/wp-json\/wp\/v2\/media?parent=433"}],"curies":[{"name":"wp","href":"https:\/\/api.w.org\/{rel}","templated":true}]}}