{"id":473,"date":"2024-01-08T22:36:36","date_gmt":"2024-01-08T21:36:36","guid":{"rendered":"https:\/\/ioasis.eu\/?page_id=473"},"modified":"2024-01-08T22:39:38","modified_gmt":"2024-01-08T21:39:38","slug":"apple-vision-pro-now-available-in-europe-with-ioasis","status":"publish","type":"page","link":"https:\/\/ioasis.eu\/sv\/blogg\/apple-vision-pro-nu-tillganglig-i-europa-med-ioasis\/","title":{"rendered":"Apple Vision Pro: Framtiden f\u00f6r rumsliga ber\u00e4kningar kommer till Europa med iOasis"},"content":{"rendered":"<div data-elementor-type=\"wp-page\" data-elementor-id=\"473\" class=\"elementor elementor-473\">\n\t\t\t\t\t\t\t<div class=\"elementor-element elementor-element-26544050 e-con-boxed e-flex e-con\" data-id=\"26544050\" data-element_type=\"container\" data-settings=\"{&quot;content_width&quot;:&quot;boxed&quot;}\">\n\t\t\t\t\t<div class=\"e-con-inner\">\n\t\t\t\t<div class=\"elementor-element elementor-element-1f4eafaf elementor-widget elementor-widget-heading\" data-id=\"1f4eafaf\" data-element_type=\"widget\" data-widget_type=\"heading.default\">\n\t\t\t\t<div class=\"elementor-widget-container\">\n\t\t\t<style>\/*! elementor - v3.13.3 - 28-05-2023 *\/\n.elementor-heading-title{padding:0;margin:0;line-height:1}.elementor-widget-heading .elementor-heading-title[class*=elementor-size-]>a{color:inherit;font-size:inherit;line-height:inherit}.elementor-widget-heading .elementor-heading-title.elementor-size-small{font-size:15px}.elementor-widget-heading .elementor-heading-title.elementor-size-medium{font-size:19px}.elementor-widget-heading .elementor-heading-title.elementor-size-large{font-size:29px}.elementor-widget-heading .elementor-heading-title.elementor-size-xl{font-size:39px}.elementor-widget-heading .elementor-heading-title.elementor-size-xxl{font-size:59px}<\/style><h1 class=\"elementor-heading-title elementor-size-default\">Apple Vision Pro: Framtiden f\u00f6r rumsliga ber\u00e4kningar kommer till Europa med iOasis<\/h1>\t\t<\/div>\n\t\t\t\t<\/div>\n\t\t\t\t\t<\/div>\n\t\t\t\t<\/div>\n\t\t<div class=\"elementor-element elementor-element-4d86fff7 e-con-boxed e-flex e-con\" data-id=\"4d86fff7\" data-element_type=\"container\" data-settings=\"{&quot;content_width&quot;:&quot;boxed&quot;}\">\n\t\t\t\t\t<div class=\"e-con-inner\">\n\t\t\t\t<div class=\"elementor-element elementor-element-d12e1c9 elementor-widget elementor-widget-text-editor\" data-id=\"d12e1c9\" data-element_type=\"widget\" data-widget_type=\"text-editor.default\">\n\t\t\t\t<div class=\"elementor-widget-container\">\n\t\t\t<style>\/*! elementor - v3.13.3 - 28-05-2023 *\/\n.elementor-widget-text-editor.elementor-drop-cap-view-stacked .elementor-drop-cap{background-color:#69727d;color:#fff}.elementor-widget-text-editor.elementor-drop-cap-view-framed .elementor-drop-cap{color:#69727d;border:3px solid;background-color:transparent}.elementor-widget-text-editor:not(.elementor-drop-cap-view-default) .elementor-drop-cap{margin-top:8px}.elementor-widget-text-editor:not(.elementor-drop-cap-view-default) .elementor-drop-cap-letter{width:1em;height:1em}.elementor-widget-text-editor .elementor-drop-cap{float:left;text-align:center;line-height:1;font-size:50px}.elementor-widget-text-editor .elementor-drop-cap-letter{display:inline-block}<\/style>\t\t\t\t<p>8 januari 2024<\/p>\t\t\t\t\t\t<\/div>\n\t\t\t\t<\/div>\n\t\t\t\t<div class=\"elementor-element elementor-element-7563d79 elementor-widget elementor-widget-heading\" data-id=\"7563d79\" data-element_type=\"widget\" data-widget_type=\"heading.default\">\n\t\t\t\t<div class=\"elementor-widget-container\">\n\t\t\t<h2 class=\"elementor-heading-title elementor-size-default\">En ny era inleds den 2 februari 2024<\/h2>\t\t<\/div>\n\t\t\t\t<\/div>\n\t\t\t\t<div class=\"elementor-element elementor-element-fe7f68d elementor-widget elementor-widget-text-editor\" data-id=\"fe7f68d\" data-element_type=\"widget\" data-widget_type=\"text-editor.default\">\n\t\t\t\t<div class=\"elementor-widget-container\">\n\t\t\t\t\t\t\t<p>I en sp\u00e4nnande utveckling f\u00f6r teknikentusiaster och yrkesverksamma i hela Europa har Apple meddelat att den banbrytande Apple Vision Pro snart kommer att finnas tillg\u00e4nglig fr\u00e5n och med den 2 februari 2024. Som exklusiv \u00e5terf\u00f6rs\u00e4ljare i Europa \u00e4r iOasis Premier Reseller mycket glada \u00f6ver att kunna erbjuda v\u00e5ra kunder denna revolutionerande rumsliga dator.<\/p><h3 style=\"caret-color: #000000; color: #1d1d1f; white-space: pre-wrap; border: 0px solid #d9d9e3; font-size: 1.25em; font-weight: 600; margin: 1rem 0px 0.5rem; line-height: 1.6; font-family: S\u00f6hne, ui-sans-serif, system-ui, -apple-system, 'Segoe UI', Roboto, Ubuntu, Cantarell, 'Noto Sans', sans-serif, 'Helvetica Neue', Arial, 'Apple Color Emoji', 'Segoe UI Emoji', 'Segoe UI Symbol', 'Noto Color Emoji';\">Vad \u00e4r Apple Vision Pro?<\/h3><p style=\"white-space: pre-wrap; border: 0px solid #d9d9e3; margin-right: 0px; margin-bottom: 1.25em; margin-left: 0px; caret-color: #d1d5db; color: ##1d1d1f; font-family: S\u00f6hne, ui-sans-serif, system-ui, -apple-system, 'Segoe UI', Roboto, Ubuntu, Cantarell, 'Noto Sans', sans-serif, 'Helvetica Neue', Arial, 'Apple Color Emoji', 'Segoe UI Emoji', 'Segoe UI Symbol', 'Noto Color Emoji';\">Apple Vision Pro \u00e4r mer \u00e4n bara en ny pryl - det \u00e4r en helt ny definition av hur vi interagerar med digitalt inneh\u00e5ll. Vision Pro sm\u00e4lter samman den fysiska och digitala v\u00e4rlden och erbjuder en uppslukande upplevelse som f\u00f6r\u00e4ndrar vardagliga uppgifter, underh\u00e5llning och kommunikation. Med sin avancerade spatiala databehandling, som drivs av visionOS, kan anv\u00e4ndarna styra enheten med \u00f6gon, h\u00e4nder och r\u00f6st, vilket g\u00f6r att interaktionen k\u00e4nns mer naturlig och intuitiv \u00e4n n\u00e5gonsin tidigare.<\/p><h3 style=\"caret-color: #000000; color: #1d1d1f; white-space: pre-wrap; border: 0px solid #d9d9e3; font-size: 1.25em; font-weight: 600; margin: 1rem 0px 0.5rem; line-height: 1.6; font-family: S\u00f6hne, ui-sans-serif, system-ui, -apple-system, 'Segoe UI', Roboto, Ubuntu, Cantarell, 'Noto Sans', sans-serif, 'Helvetica Neue', Arial, 'Apple Color Emoji', 'Segoe UI Emoji', 'Segoe UI Symbol', 'Noto Color Emoji';\">Viktiga egenskaper hos Apple Vision Pro<\/h3><ul><li><strong>Revolutionerande operativsystem<\/strong>: visionOS bygger p\u00e5 den robusta grunden i macOS, iOS och iPadOS och introducerar en ny dimension f\u00f6r anv\u00e4ndargr\u00e4nssnitt och inmatningssystem.<\/li><li><strong>Intuitiv navigering<\/strong>: \u00d6gon-, hand- och r\u00f6ststyrning g\u00f6r navigeringen s\u00f6ml\u00f6s och magisk.<\/li><li><strong>Dynamiska milj\u00f6er<\/strong>: Anv\u00e4ndarna kan f\u00f6rdjupa sig i fantastiska landskap eller till och med m\u00e5nens yta, vilket f\u00f6rb\u00e4ttrar fokus och minskar distraktioner.<\/li><li><strong>Extraordin\u00e4rt arbetsutrymme<\/strong>: Det tredimensionella gr\u00e4nssnittet ger en o\u00e4ndlig bildyta, perfekt f\u00f6r multitasking och samarbete.<\/li><li><strong>Kompatibilitet och nya appar<\/strong>: \u00d6ver 1 miljon v\u00e4lbekanta iOS- och iPadOS-appar, tillsammans med nya spatial computing-upplevelser, \u00e4r tillg\u00e4ngliga.<\/li><li><strong>Ultimat underh\u00e5llning och spel<\/strong>: H\u00f6guppl\u00f6sta sk\u00e4rmar, 3D-titlar och nya spelupplevelser omdefinierar hemunderh\u00e5llningen.<\/li><li><strong>Spatiala minnen och FaceTime<\/strong>: \u00c5terupplev minnen p\u00e5 ett nytt s\u00e4tt och njut av FaceTime-samtal i naturlig storlek.<\/li><li><strong>Banbrytande design<\/strong>: Ett modulsystem med bekv\u00e4m, personlig passform.<\/li><li><strong>O\u00f6vertr\u00e4ffad innovation<\/strong>: H\u00f6gpresterande \u00f6gonstyrning och avancerad displayteknik f\u00f6r en upplevelse utan motstycke.<\/li><li><strong>Integritet och s\u00e4kerhet<\/strong>: Med Optic ID f\u00f6r s\u00e4ker, privat anv\u00e4ndning.<\/li><li><strong>Tillg\u00e4nglighetsfunktioner<\/strong>: Inkluderande design med flera inmatningsalternativ f\u00f6r alla anv\u00e4ndare.<\/li><li><strong>Milj\u00f6engagemang<\/strong>: Milj\u00f6v\u00e4nlig design i linje med Apple:s h\u00e5llbarhetsm\u00e5l.<\/li><\/ul><h3 style=\"caret-color: #000000; color: #1d1d1f; white-space: pre-wrap; border: 0px solid #d9d9e3; font-size: 1.25em; font-weight: 600; margin: 1rem 0px 0.5rem; line-height: 1.6; font-family: S\u00f6hne, ui-sans-serif, system-ui, -apple-system, 'Segoe UI', Roboto, Ubuntu, Cantarell, 'Noto Sans', sans-serif, 'Helvetica Neue', Arial, 'Apple Color Emoji', 'Segoe UI Emoji', 'Segoe UI Symbol', 'Noto Color Emoji';\">Priser och tillg\u00e4nglighet<\/h3><h3 style=\"caret-color: #000000; color: #1d1d1f; white-space: pre-wrap; border: 0px solid #d9d9e3; font-size: 1.25em; font-weight: 600; margin: 1rem 0px 0.5rem; line-height: 1.6; font-family: S\u00f6hne, ui-sans-serif, system-ui, -apple-system, 'Segoe UI', Roboto, Ubuntu, Cantarell, 'Noto Sans', sans-serif, 'Helvetica Neue', Arial, 'Apple Color Emoji', 'Segoe UI Emoji', 'Segoe UI Symbol', 'Noto Color Emoji';\"><span style=\"font-family: Roboto, sans-serif; font-weight: 400; text-align: var(--text-align); font-size: 1rem;\">Apple Vision Pro s\u00e4ljs exklusivt via iOasis Premier Reseller och kommer att kosta 4 499 euro med 256 GB lagringsutrymme. F\u00f6rbest\u00e4llningar har b\u00f6rjat med en deposition p\u00e5 100 euro, och leveransen b\u00f6rjar den 2 februari.<\/span><\/h3><div><h3 style=\"caret-color: #000000; color: #1d1d1f; white-space: pre-wrap; border: 0px solid #d9d9e3; font-size: 1.25em; font-weight: 600; margin: 1rem 0px 0.5rem; line-height: 1.6; font-family: S\u00f6hne, ui-sans-serif, system-ui, -apple-system, 'Segoe UI', Roboto, Ubuntu, Cantarell, 'Noto Sans', sans-serif, 'Helvetica Neue', Arial, 'Apple Color Emoji', 'Segoe UI Emoji', 'Segoe UI Symbol', 'Noto Color Emoji';\">Varf\u00f6r v\u00e4lja iOasis?<\/h3><\/div><p>Som en p\u00e5litlig partner har iOasis Premier Reseller \u00e5tagit sig att f\u00f6rse v\u00e5ra kunder med inte bara revolutionerande produkter utan ocks\u00e5 exceptionell service och support. V\u00e5rt team \u00e4r redo att hj\u00e4lpa dig att utforska den fulla potentialen hos Apple Vision Pro och integrera denna banbrytande teknik i ditt liv.<\/p><h3 style=\"caret-color: #000000; color: #1d1d1f; white-space: pre-wrap; border: 0px solid #d9d9e3; font-size: 1.25em; font-weight: 600; margin: 1rem 0px 0.5rem; line-height: 1.6; font-family: S\u00f6hne, ui-sans-serif, system-ui, -apple-system, 'Segoe UI', Roboto, Ubuntu, Cantarell, 'Noto Sans', sans-serif, 'Helvetica Neue', Arial, 'Apple Color Emoji', 'Segoe UI Emoji', 'Segoe UI Symbol', 'Noto Color Emoji';\">Framtiden \u00e4r h\u00e4r<\/h3><p>Var med och v\u00e4lkomna en ny era av databehandling med Apple Vision Pro. Bes\u00f6k iOasis Premier Reseller f\u00f6r att uppleva framtiden p\u00e5 n\u00e4ra h\u00e5ll.<\/p><h3 style=\"caret-color: #000000; color: #1d1d1f; white-space: pre-wrap; border: 0px solid #d9d9e3; font-size: 1.25em; font-weight: 600; margin: 1rem 0px 0.5rem; line-height: 1.6; font-family: S\u00f6hne, ui-sans-serif, system-ui, -apple-system, 'Segoe UI', Roboto, Ubuntu, Cantarell, 'Noto Sans', sans-serif, 'Helvetica Neue', Arial, 'Apple Color Emoji', 'Segoe UI Emoji', 'Segoe UI Symbol', 'Noto Color Emoji';\">Om Apple<\/h3><p>Apple \u00e4r ledande inom innovation och forts\u00e4tter att revolutionera personlig teknik sedan introduktionen av Macintosh 1984. Med sitt utbud av produkter och tj\u00e4nster \u00e4r Apple fast besluten att skapa det b\u00e4sta p\u00e5 jorden och l\u00e4mna v\u00e4rlden b\u00e4ttre \u00e4n man fann den.<\/p><p><span style=\"text-decoration: underline;\"><a href=\"https:\/\/ioasis.eu\/sv\/blogg\/\">Tillbaka<\/a><\/span><\/p>\t\t\t\t\t\t<\/div>\n\t\t\t\t<\/div>\n\t\t\t\t\t<\/div>\n\t\t\t\t<\/div>\n\t\t\t\t\t\t\t<\/div>","protected":false},"excerpt":{"rendered":"<p>Som exklusiv \u00e5terf\u00f6rs\u00e4ljare av Apple Vision Pro i Europa \u00e4r iOasis Premier Reseller mycket glada \u00f6ver att kunna erbjuda v\u00e5ra kunder denna revolutionerande rumsliga dator.<\/p>","protected":false},"author":1,"featured_media":221,"parent":415,"menu_order":0,"comment_status":"closed","ping_status":"closed","template":"","meta":{"footnotes":""},"class_list":["post-473","page","type-page","status-publish","has-post-thumbnail","hentry"],"jetpack_sharing_enabled":true,"_links":{"self":[{"href":"https:\/\/ioasis.eu\/sv\/wp-json\/wp\/v2\/pages\/473","targetHints":{"allow":["GET"]}}],"collection":[{"href":"https:\/\/ioasis.eu\/sv\/wp-json\/wp\/v2\/pages"}],"about":[{"href":"https:\/\/ioasis.eu\/sv\/wp-json\/wp\/v2\/types\/page"}],"author":[{"embeddable":true,"href":"https:\/\/ioasis.eu\/sv\/wp-json\/wp\/v2\/users\/1"}],"replies":[{"embeddable":true,"href":"https:\/\/ioasis.eu\/sv\/wp-json\/wp\/v2\/comments?post=473"}],"version-history":[{"count":5,"href":"https:\/\/ioasis.eu\/sv\/wp-json\/wp\/v2\/pages\/473\/revisions"}],"predecessor-version":[{"id":481,"href":"https:\/\/ioasis.eu\/sv\/wp-json\/wp\/v2\/pages\/473\/revisions\/481"}],"up":[{"embeddable":true,"href":"https:\/\/ioasis.eu\/sv\/wp-json\/wp\/v2\/pages\/415"}],"wp:featuredmedia":[{"embeddable":true,"href":"https:\/\/ioasis.eu\/sv\/wp-json\/wp\/v2\/media\/221"}],"wp:attachment":[{"href":"https:\/\/ioasis.eu\/sv\/wp-json\/wp\/v2\/media?parent=473"}],"curies":[{"name":"wp","href":"https:\/\/api.w.org\/{rel}","templated":true}]}}