{"id":735,"date":"2024-01-22T14:09:22","date_gmt":"2024-01-22T13:09:22","guid":{"rendered":"https:\/\/ioasis.eu\/?page_id=735"},"modified":"2024-01-22T14:13:24","modified_gmt":"2024-01-22T13:13:24","slug":"apps-available-at-launch-on-apple-vision-pro","status":"publish","type":"page","link":"https:\/\/ioasis.eu\/sv\/blogg\/appar-tillgangliga-vid-lansering-pa-apple-vision-pro\/","title":{"rendered":"Appar tillg\u00e4ngliga vid lansering p\u00e5 Apple Vision Pro"},"content":{"rendered":"<div data-elementor-type=\"wp-page\" data-elementor-id=\"735\" class=\"elementor elementor-735\">\n\t\t\t\t\t\t\t<div class=\"elementor-element elementor-element-6985dd02 e-con-boxed e-flex e-con\" data-id=\"6985dd02\" data-element_type=\"container\" data-settings=\"{&quot;content_width&quot;:&quot;boxed&quot;}\">\n\t\t\t\t\t<div class=\"e-con-inner\">\n\t\t\t\t<div class=\"elementor-element elementor-element-7a8b5baa elementor-widget elementor-widget-heading\" data-id=\"7a8b5baa\" data-element_type=\"widget\" data-widget_type=\"heading.default\">\n\t\t\t\t<div class=\"elementor-widget-container\">\n\t\t\t<style>\/*! elementor - v3.13.3 - 28-05-2023 *\/\n.elementor-heading-title{padding:0;margin:0;line-height:1}.elementor-widget-heading .elementor-heading-title[class*=elementor-size-]>a{color:inherit;font-size:inherit;line-height:inherit}.elementor-widget-heading .elementor-heading-title.elementor-size-small{font-size:15px}.elementor-widget-heading .elementor-heading-title.elementor-size-medium{font-size:19px}.elementor-widget-heading .elementor-heading-title.elementor-size-large{font-size:29px}.elementor-widget-heading .elementor-heading-title.elementor-size-xl{font-size:39px}.elementor-widget-heading .elementor-heading-title.elementor-size-xxl{font-size:59px}<\/style><h1 class=\"elementor-heading-title elementor-size-default\">\nAppar tillg\u00e4ngliga vid lansering p\u00e5 Apple Vision Pro<\/h1>\t\t<\/div>\n\t\t\t\t<\/div>\n\t\t\t\t<div class=\"elementor-element elementor-element-3def60d8 elementor-skin-carousel elementor-arrows-yes elementor-pagination-type-bullets elementor-pagination-position-outside elementor-widget elementor-widget-media-carousel\" data-id=\"3def60d8\" data-element_type=\"widget\" data-settings=\"{&quot;skin&quot;:&quot;carousel&quot;,&quot;effect&quot;:&quot;slide&quot;,&quot;show_arrows&quot;:&quot;yes&quot;,&quot;pagination&quot;:&quot;bullets&quot;,&quot;speed&quot;:500,&quot;autoplay&quot;:&quot;yes&quot;,&quot;autoplay_speed&quot;:5000,&quot;loop&quot;:&quot;yes&quot;,&quot;pause_on_hover&quot;:&quot;yes&quot;,&quot;pause_on_interaction&quot;:&quot;yes&quot;,&quot;space_between&quot;:{&quot;unit&quot;:&quot;px&quot;,&quot;size&quot;:10,&quot;sizes&quot;:[]},&quot;space_between_tablet&quot;:{&quot;unit&quot;:&quot;px&quot;,&quot;size&quot;:10,&quot;sizes&quot;:[]},&quot;space_between_mobile&quot;:{&quot;unit&quot;:&quot;px&quot;,&quot;size&quot;:10,&quot;sizes&quot;:[]}}\" data-widget_type=\"media-carousel.default\">\n\t\t\t\t<div class=\"elementor-widget-container\">\n\t\t\t<link rel=\"stylesheet\" href=\"https:\/\/ioasis.eu\/wp-content\/plugins\/elementor-pro\/assets\/css\/widget-carousel.min.css\">\t\t<div class=\"elementor-swiper\">\n\t\t\t<div class=\"elementor-main-swiper swiper\">\n\t\t\t\t<div class=\"swiper-wrapper\">\n\t\t\t\t\t\t\t\t\t\t\t<div class=\"swiper-slide\">\n\t\t\t\t\t\t\t\t\t<div class=\"elementor-carousel-image\" role=\"img\" aria-label=\"Apple-Vision-Pro-Europe-entertainment-App-Store-Environments-Mount-Hood_big.jpg.large_2x\" style=\"background-image: url(&#039;https:\/\/ioasis.eu\/wp-content\/uploads\/2024\/01\/Apple-Vision-Pro-Europe-entertainment-App-Store-Environments-Mount-Hood_big.jpg.large_2x.jpg&#039;)\">\n\n\t\t\t\n\t\t\t\t\t<\/div>\n\t\t\t\t\t\t\t\t<\/div>\n\t\t\t\t\t\t\t\t\t\t\t<div class=\"swiper-slide\">\n\t\t\t\t\t\t\t\t\t<div class=\"elementor-carousel-image\" role=\"img\" aria-label=\"Apple-Vision-Pro-Europe-entertainment-Apple-Immersive-Video-Adventure_big.jpg.large_2x\" style=\"background-image: url(&#039;https:\/\/ioasis.eu\/wp-content\/uploads\/2024\/01\/Apple-Vision-Pro-Europe-entertainment-Apple-Immersive-Video-Adventure_big.jpg.large_2x.jpg&#039;)\">\n\n\t\t\t\n\t\t\t\t\t<\/div>\n\t\t\t\t\t\t\t\t<\/div>\n\t\t\t\t\t\t\t\t\t\t\t<div class=\"swiper-slide\">\n\t\t\t\t\t\t\t\t\t<div class=\"elementor-carousel-image\" role=\"img\" aria-label=\"Apple-Vision-Pro-Europe-underh\u00e5llning-3D-filmer-Dune_big.jpg.large_2x\" style=\"background-image: url(&#039;https:\/\/ioasis.eu\/wp-content\/uploads\/2024\/01\/Apple-Vision-Pro-Europe-entertainment-3D-movies-Dune_big.jpg.large_2x.jpg&#039;)\">\n\n\t\t\t\n\t\t\t\t\t<\/div>\n\t\t\t\t\t\t\t\t<\/div>\n\t\t\t\t\t\t\t\t\t\t\t<div class=\"swiper-slide\">\n\t\t\t\t\t\t\t\t\t<div class=\"elementor-carousel-image\" role=\"img\" aria-label=\"Apple-Vision-Pro-Europa-underh\u00e5llning-Disney-Plus_big.jpg.large_2x\" style=\"background-image: url(&#039;https:\/\/ioasis.eu\/wp-content\/uploads\/2024\/01\/Apple-Vision-Pro-Europe-entertainment-Disney-Plus_big.jpg.large_2x.jpg&#039;)\">\n\n\t\t\t\n\t\t\t\t\t<\/div>\n\t\t\t\t\t\t\t\t<\/div>\n\t\t\t\t\t\t\t\t\t\t\t<div class=\"swiper-slide\">\n\t\t\t\t\t\t\t\t\t<div class=\"elementor-carousel-image\" role=\"img\" aria-label=\"Apple-Vision-Pro-Europe-entertainment-Apple-TV-Plus-The-Morning-Show_big.jpg.large_2x\" style=\"background-image: url(&#039;https:\/\/ioasis.eu\/wp-content\/uploads\/2024\/01\/Apple-Vision-Pro-Europe-entertainment-Apple-TV-Plus-The-Morning-Show_big.jpg.large_2x.jpg&#039;)\">\n\n\t\t\t\n\t\t\t\t\t<\/div>\n\t\t\t\t\t\t\t\t<\/div>\n\t\t\t\t\t\t\t\t\t\t\t<div class=\"swiper-slide\">\n\t\t\t\t\t\t\t\t\t<div class=\"elementor-carousel-image\" role=\"img\" aria-label=\"Apple-Vision-Pro-Europe-entertainment-MLS-Season-Pass_big.jpg.large_2x\" style=\"background-image: url(&#039;https:\/\/ioasis.eu\/wp-content\/uploads\/2024\/01\/Apple-Vision-Pro-Europe-entertainment-MLS-Season-Pass_big.jpg.large_2x.jpg&#039;)\">\n\n\t\t\t\n\t\t\t\t\t<\/div>\n\t\t\t\t\t\t\t\t<\/div>\n\t\t\t\t\t\t\t\t\t<\/div>\n\t\t\t\t\t\t\t\t\t\t\t\t\t\t\t<div class=\"swiper-pagination\"><\/div>\n\t\t\t\t\t\t\t\t\t\t\t\t\t\t\t\t<div class=\"elementor-swiper-button elementor-swiper-button-prev\" role=\"button\" tabindex=\"0\">\n\t\t\t\t\t\t\t<i aria-hidden=\"true\" class=\"eicon-chevron-left\"><\/i>\t\t\t\t\t\t\t<span class=\"elementor-screen-only\">F\u00f6reg\u00e5ende<\/span>\n\t\t\t\t\t\t<\/div>\n\t\t\t\t\t\t<div class=\"elementor-swiper-button elementor-swiper-button-next\" role=\"button\" tabindex=\"0\">\n\t\t\t\t\t\t\t<i aria-hidden=\"true\" class=\"eicon-chevron-right\"><\/i>\t\t\t\t\t\t\t<span class=\"elementor-screen-only\">N\u00e4sta<\/span>\n\t\t\t\t\t\t<\/div>\n\t\t\t\t\t\t\t\t\t\t\t\t<\/div>\n\t\t<\/div>\n\t\t\t\t<\/div>\n\t\t\t\t<\/div>\n\t\t\t\t\t<\/div>\n\t\t\t\t<\/div>\n\t\t<div class=\"elementor-element elementor-element-79660a15 e-con-boxed e-flex e-con\" data-id=\"79660a15\" data-element_type=\"container\" data-settings=\"{&quot;content_width&quot;:&quot;boxed&quot;}\">\n\t\t\t\t\t<div class=\"e-con-inner\">\n\t\t\t\t<div class=\"elementor-element elementor-element-13c8bc7d elementor-widget elementor-widget-text-editor\" data-id=\"13c8bc7d\" data-element_type=\"widget\" data-widget_type=\"text-editor.default\">\n\t\t\t\t<div class=\"elementor-widget-container\">\n\t\t\t<style>\/*! elementor - v3.13.3 - 28-05-2023 *\/\n.elementor-widget-text-editor.elementor-drop-cap-view-stacked .elementor-drop-cap{background-color:#69727d;color:#fff}.elementor-widget-text-editor.elementor-drop-cap-view-framed .elementor-drop-cap{color:#69727d;border:3px solid;background-color:transparent}.elementor-widget-text-editor:not(.elementor-drop-cap-view-default) .elementor-drop-cap{margin-top:8px}.elementor-widget-text-editor:not(.elementor-drop-cap-view-default) .elementor-drop-cap-letter{width:1em;height:1em}.elementor-widget-text-editor .elementor-drop-cap{float:left;text-align:center;line-height:1;font-size:50px}.elementor-widget-text-editor .elementor-drop-cap-letter{display:inline-block}<\/style>\t\t\t\t<p>N\u00e4r vi nu kliver in i Apple Vision Pro-eran \u00f6ppnar sig en ny horisont av appar och underh\u00e5llningsupplevelser. Detta revolutionerande mixed reality-headset, som drivs av VisionOS, kommer att f\u00f6r\u00e4ndra v\u00e5r interaktion med den digitala v\u00e4rlden. I det h\u00e4r blogginl\u00e4gget ska vi utforska det stora utbudet av appar och upplevelser som kommer att finnas tillg\u00e4ngliga n\u00e4r Apple Vision Pro lanseras.<\/p><h2>Uppslukande underh\u00e5llningsupplevelser<\/h2><h3>Apple F\u00f6rdjupande video<\/h3><p>Apple Vision Pro introducerar ett nytt underh\u00e5llningsformat kallat Apple Immersive Video. Formatet inneh\u00e5ller 180-graders 3D 8K-inspelningar med Spatial Audio, som tar tittarna in i hj\u00e4rtat av ber\u00e4ttelser och upplevelser. Vid lanseringen kan anv\u00e4ndarna njuta av ett urval av filmer och serier i TV-appen Apple, till exempel Alicia Keys: Rehearsal Room, Adventure, Wild Life och Prehistoric Planet Immersive.<\/p><h3>Disney+ i 3D<\/h3><p>Disney+ kommer att erbjuda hela sin katalog i fantastisk 3D p\u00e5 Apple Vision Pro. Anv\u00e4ndarna kan f\u00f6rdjupa sig i Disney-inspirerade milj\u00f6er, inklusive Disney+ Theater, Scare Floor fr\u00e5n Pixars Monsters Inc, Marvel's Avengers Tower och cockpiten p\u00e5 Luke Skywalkers landspeeder fr\u00e5n Star Wars. Dessa milj\u00f6er kommer att inneh\u00e5lla animationer, ljud och p\u00e5sk\u00e4gg f\u00f6r att f\u00f6rb\u00e4ttra tittarupplevelsen.<\/p><h3>Tr\u00e4ffa dinosaurier<\/h3><p>Apple Vision Pro levereras med appen Encounter Dinosaurs, som g\u00f6r det m\u00f6jligt f\u00f6r anv\u00e4ndarna att interagera med gigantiska, tredimensionella dinosaurier. Appen, som inspirerats av Jon Favreaus Prehistoric Planet, v\u00e4cker dessa ur\u00e5ldriga varelser till liv i anv\u00e4ndarens eget utrymme.<\/p><h2>3D-filmer och teaterupplevelser<\/h2><p>Apple Vision Pro-anv\u00e4ndare kommer att ha tillg\u00e5ng till \u00f6ver 150 3D-filmer fr\u00e5n de b\u00e4sta studiorna, inklusive nya succ\u00e9er som Avatar: The Way of Water, Dune och Spider-Man: Into the Spider-Verse. Dessa filmer kommer att kunna hyras eller k\u00f6pas fr\u00e5n Apple TV-appen, och anv\u00e4ndarna kan titta p\u00e5 dem med anm\u00e4rkningsv\u00e4rt djup och klarhet med Dolby Vision och Multiview High Efficiency Coding (MV-HEVC).<\/p><h2>Apple Arkad och App Store<\/h2><p>Den helt nya App Store p\u00e5 Apple Vision Pro kommer att inneh\u00e5lla mer \u00e4n 1 miljon appar och \u00f6ver 250 spel p\u00e5 Apple Arcade, som erbjuder ett omfattande utbud av interaktiv underh\u00e5llning och rumsliga upplevelser byggda f\u00f6r VisionOS. Anv\u00e4ndarna kan f\u00f6rv\u00e4nta sig en v\u00e4rld av underh\u00e5llning som \u00e4r skr\u00e4ddarsydd f\u00f6r den spatiala datorkapaciteten hos Apple Vision Pro.<\/p><h2>Slutsats<\/h2><p>Lanseringen av Apple Vision Pro \u00e4r inte bara en milstolpe inom h\u00e5rdvaruinnovation, det \u00e4r ocks\u00e5 ett steg in i en framtid d\u00e4r underh\u00e5llning och appar \u00e4r mer uppslukande, interaktiva och verklighetstrogna \u00e4n n\u00e5gonsin tidigare. Fr\u00e5n filmer som omger dig till dinosaurier som r\u00f6r sig i ditt vardagsrum - Apple Vision Pro kommer att omdefiniera v\u00e5r underh\u00e5llningsupplevelse. N\u00e4r vi n\u00e4rmar oss lanseringsdatumet \u00e4r sp\u00e4nningen p\u00e5taglig och m\u00f6jligheterna verkar o\u00e4ndliga.<\/p><p>H\u00e5ll utkik efter fler uppdateringar om Apple Vision Pro och den sp\u00e4nnande v\u00e4rld av appar och upplevelser som den f\u00f6r med sig. Framtiden f\u00f6r uppslukande underh\u00e5llning \u00e4r precis runt h\u00f6rnet, och den \u00e4r ljusare \u00e4n n\u00e5gonsin!<\/p><p>&#8212;<\/p><p>F\u00f6r mer information om lanseringsapparna och upplevelserna p\u00e5 Apple Vision Pro, bes\u00f6k webbplatsen Apple eller f\u00f6lj Tech News f\u00f6r de senaste uppdateringarna och recensionerna.<\/p><p>\u00a0<\/p><p><a href=\"https:\/\/ioasis.eu\/sv\/blogg\/\"><span style=\"text-decoration: underline;\">Tillbaka<\/span><\/a><\/p>\t\t\t\t\t\t<\/div>\n\t\t\t\t<\/div>\n\t\t\t\t\t<\/div>\n\t\t\t\t<\/div>\n\t\t\t\t\t\t\t<\/div>","protected":false},"excerpt":{"rendered":"<p>N\u00e4r vi nu tar steget in i Apple Vision Pro-eran \u00f6ppnar sig en ny horisont av appar och underh\u00e5llningsupplevelser. I det h\u00e4r blogginl\u00e4gget kommer vi att utforska det stora utbudet av appar och upplevelser som kommer att finnas tillg\u00e4ngliga vid lanseringen av Apple Vision Pro.<\/p>","protected":false},"author":1,"featured_media":737,"parent":415,"menu_order":0,"comment_status":"closed","ping_status":"closed","template":"","meta":{"footnotes":""},"class_list":["post-735","page","type-page","status-publish","has-post-thumbnail","hentry"],"jetpack_sharing_enabled":true,"_links":{"self":[{"href":"https:\/\/ioasis.eu\/sv\/wp-json\/wp\/v2\/pages\/735","targetHints":{"allow":["GET"]}}],"collection":[{"href":"https:\/\/ioasis.eu\/sv\/wp-json\/wp\/v2\/pages"}],"about":[{"href":"https:\/\/ioasis.eu\/sv\/wp-json\/wp\/v2\/types\/page"}],"author":[{"embeddable":true,"href":"https:\/\/ioasis.eu\/sv\/wp-json\/wp\/v2\/users\/1"}],"replies":[{"embeddable":true,"href":"https:\/\/ioasis.eu\/sv\/wp-json\/wp\/v2\/comments?post=735"}],"version-history":[{"count":4,"href":"https:\/\/ioasis.eu\/sv\/wp-json\/wp\/v2\/pages\/735\/revisions"}],"predecessor-version":[{"id":745,"href":"https:\/\/ioasis.eu\/sv\/wp-json\/wp\/v2\/pages\/735\/revisions\/745"}],"up":[{"embeddable":true,"href":"https:\/\/ioasis.eu\/sv\/wp-json\/wp\/v2\/pages\/415"}],"wp:featuredmedia":[{"embeddable":true,"href":"https:\/\/ioasis.eu\/sv\/wp-json\/wp\/v2\/media\/737"}],"wp:attachment":[{"href":"https:\/\/ioasis.eu\/sv\/wp-json\/wp\/v2\/media?parent=735"}],"curies":[{"name":"wp","href":"https:\/\/api.w.org\/{rel}","templated":true}]}}